{"id":1388,"date":"2020-02-13T12:06:32","date_gmt":"2020-02-13T11:06:32","guid":{"rendered":"http:\/\/neuesweb.deltat.de\/?page_id=1388"},"modified":"2020-04-30T13:27:59","modified_gmt":"2020-04-30T11:27:59","slug":"aktuelles","status":"publish","type":"page","link":"https:\/\/www.deltat.info\/cn\/ueber-delta-t\/aktuelles\/","title":{"rendered":"\u6700\u65b0\u52a8\u6001"},"content":{"rendered":"<div data-elementor-type=\"wp-page\" data-elementor-id=\"1388\" class=\"elementor elementor-1388\" data-elementor-post-type=\"page\">\n\t\t\t\t\t\t<section class=\"elementor-section elementor-top-section elementor-element elementor-element-5729edc elementor-section-boxed elementor-section-height-default elementor-section-height-default\" data-id=\"5729edc\" data-element_type=\"section\" data-e-type=\"section\">\n\t\t\t\t\t\t<div class=\"elementor-container elementor-column-gap-default\">\n\t\t\t\t\t<div class=\"elementor-column elementor-col-100 elementor-top-column elementor-element elementor-element-76a39d9\" data-id=\"76a39d9\" data-element_type=\"column\" data-e-type=\"column\">\n\t\t\t<div class=\"elementor-widget-wrap elementor-element-populated\">\n\t\t\t\t\t\t<div class=\"elementor-element elementor-element-5f6f8af elementor-widget elementor-widget-heading\" data-id=\"5f6f8af\" data-element_type=\"widget\" data-e-type=\"widget\" data-widget_type=\"heading.default\">\n\t\t\t\t<div class=\"elementor-widget-container\">\n\t\t\t\t\t<h1 class=\"elementor-heading-title elementor-size-default\">delta T \u6700\u65b0\u52a8\u6001<\/h1>\t\t\t\t<\/div>\n\t\t\t\t<\/div>\n\t\t\t\t\t<\/div>\n\t\t<\/div>\n\t\t\t\t\t<\/div>\n\t\t<\/section>\n\t\t\t\t<section class=\"elementor-section elementor-top-section elementor-element elementor-element-d15822f elementor-section-boxed elementor-section-height-default elementor-section-height-default\" data-id=\"d15822f\" data-element_type=\"section\" data-e-type=\"section\">\n\t\t\t\t\t\t<div class=\"elementor-container elementor-column-gap-default\">\n\t\t\t\t\t<div class=\"elementor-column elementor-col-100 elementor-top-column elementor-element elementor-element-ff02bf9\" data-id=\"ff02bf9\" data-element_type=\"column\" data-e-type=\"column\">\n\t\t\t<div class=\"elementor-widget-wrap elementor-element-populated\">\n\t\t\t\t\t\t<div class=\"elementor-element elementor-element-e295d99 elementor-widget elementor-widget-text-editor\" data-id=\"e295d99\" data-element_type=\"widget\" data-e-type=\"widget\" data-widget_type=\"text-editor.default\">\n\t\t\t\t<div class=\"elementor-widget-container\">\n\t\t\t\t\t\t\t\t\t<p>\u5728\u8fd9\u91cc\uff0c\u60a8\u53ef\u4ee5\u627e\u5230\u5173\u4e8edelta T\u7684\u6700\u65b0\u6d88\u606f\uff0c\u5982\u65b0\u4ea7\u54c1\u3001\u5c55\u4f1a\u5c55\u793a\u3001\u4fe1\u606f\u53d1\u5e03\u7b49\u5185\u5bb9\u3002<\/p>\t\t\t\t\t\t\t\t<\/div>\n\t\t\t\t<\/div>\n\t\t\t\t\t<\/div>\n\t\t<\/div>\n\t\t\t\t\t<\/div>\n\t\t<\/section>\n\t\t\t\t<section class=\"elementor-section elementor-top-section elementor-element elementor-element-6b3006f elementor-section-boxed elementor-section-height-default elementor-section-height-default\" data-id=\"6b3006f\" data-element_type=\"section\" data-e-type=\"section\">\n\t\t\t\t\t\t<div class=\"elementor-container elementor-column-gap-default\">\n\t\t\t\t\t<div class=\"elementor-column elementor-col-100 elementor-top-column elementor-element elementor-element-1f37044\" data-id=\"1f37044\" data-element_type=\"column\" data-e-type=\"column\">\n\t\t\t<div class=\"elementor-widget-wrap elementor-element-populated\">\n\t\t\t\t\t\t<div class=\"elementor-element elementor-element-42fbf06 elementor-grid-2 elementor-grid-tablet-2 elementor-grid-mobile-1 elementor-posts--thumbnail-top elementor-card-shadow-yes elementor-posts__hover-gradient elementor-widget elementor-widget-posts\" data-id=\"42fbf06\" data-element_type=\"widget\" data-e-type=\"widget\" data-settings=\"{&quot;cards_columns&quot;:&quot;2&quot;,&quot;pagination_type&quot;:&quot;numbers_and_prev_next&quot;,&quot;cards_columns_tablet&quot;:&quot;2&quot;,&quot;cards_columns_mobile&quot;:&quot;1&quot;,&quot;cards_row_gap&quot;:{&quot;unit&quot;:&quot;px&quot;,&quot;size&quot;:35,&quot;sizes&quot;:[]},&quot;cards_row_gap_tablet&quot;:{&quot;unit&quot;:&quot;px&quot;,&quot;size&quot;:&quot;&quot;,&quot;sizes&quot;:[]},&quot;cards_row_gap_mobile&quot;:{&quot;unit&quot;:&quot;px&quot;,&quot;size&quot;:&quot;&quot;,&quot;sizes&quot;:[]}}\" data-widget_type=\"posts.cards\">\n\t\t\t\t<div class=\"elementor-widget-container\">\n\t\t\t\t\t\t\t<div class=\"elementor-posts-container elementor-posts elementor-posts--skin-cards elementor-grid\" role=\"list\">\n\t\t\t\t<article class=\"elementor-post elementor-grid-item post-5271 post type-post status-publish format-standard has-post-thumbnail hentry category-aktuelles\" role=\"listitem\">\n\t\t\t<div class=\"elementor-post__card\">\n\t\t\t\t<a class=\"elementor-post__thumbnail__link\" href=\"https:\/\/www.deltat.info\/cn\/2025\/06\/isbt-2025-cold-chain-solutions-von-delta-t-an-stand-46\/\" tabindex=\"-1\" ><div class=\"elementor-post__thumbnail\"><img fetchpriority=\"high\" decoding=\"async\" width=\"768\" height=\"337\" src=\"https:\/\/www.deltat.info\/wp-content\/uploads\/2025\/06\/Beitrag-ISBT-2025-768x337.png\" class=\"attachment-medium_large size-medium_large wp-image-5272\" alt=\"\" srcset=\"https:\/\/www.deltat.info\/wp-content\/uploads\/2025\/06\/Beitrag-ISBT-2025-768x337.png 768w, https:\/\/www.deltat.info\/wp-content\/uploads\/2025\/06\/Beitrag-ISBT-2025-300x132.png 300w, https:\/\/www.deltat.info\/wp-content\/uploads\/2025\/06\/Beitrag-ISBT-2025-1024x449.png 1024w, https:\/\/www.deltat.info\/wp-content\/uploads\/2025\/06\/Beitrag-ISBT-2025-18x8.png 18w, https:\/\/www.deltat.info\/wp-content\/uploads\/2025\/06\/Beitrag-ISBT-2025.png 1140w\" sizes=\"(max-width: 768px) 100vw, 768px\" \/><\/div><\/a>\n\t\t\t\t<div class=\"elementor-post__text\">\n\t\t\t\t<h3 class=\"elementor-post__title\">\n\t\t\t<a href=\"https:\/\/www.deltat.info\/cn\/2025\/06\/isbt-2025-cold-chain-solutions-von-delta-t-an-stand-46\/\" >\n\t\t\t\tISBT 2025 &#8211; Cold Chain Solutions von delta T an Stand #46\t\t\t<\/a>\n\t\t<\/h3>\n\t\t\t\t<div class=\"elementor-post__excerpt\">\n\t\t\t<p>delta T ist auch dieses Jahr auf der ISBT 2025 in Mailand vertreten. Kommt uns gerne bis zum 03. Juni an unserem Stand besuchen, wir<\/p>\n\t\t<\/div>\n\t\t\n\t\t<a class=\"elementor-post__read-more\" href=\"https:\/\/www.deltat.info\/cn\/2025\/06\/isbt-2025-cold-chain-solutions-von-delta-t-an-stand-46\/\" aria-label=\"Read more about ISBT 2025 &#8211; Cold Chain Solutions von delta T an Stand #46\" tabindex=\"-1\" >\n\t\t\t\u4e86\u89e3\u66f4\u591a  \u00bb\t\t<\/a>\n\n\t\t\t\t<\/div>\n\t\t\t\t<div class=\"elementor-post__meta-data\">\n\t\t\t\t\t<span class=\"elementor-post-date\">\n\t\t\t2. 6 \u6708 2025\t\t<\/span>\n\t\t\t\t<\/div>\n\t\t\t\t\t<\/div>\n\t\t<\/article>\n\t\t\t\t<article class=\"elementor-post elementor-grid-item post-5257 post type-post status-publish format-standard has-post-thumbnail hentry category-aktuelles\" role=\"listitem\">\n\t\t\t<div class=\"elementor-post__card\">\n\t\t\t\t<a class=\"elementor-post__thumbnail__link\" href=\"https:\/\/www.deltat.info\/cn\/2025\/05\/delta-t-auf-der-german-saudi-healthcare-conference-2025\/\" tabindex=\"-1\" ><div class=\"elementor-post__thumbnail\"><img decoding=\"async\" width=\"768\" height=\"337\" src=\"https:\/\/www.deltat.info\/wp-content\/uploads\/2025\/05\/Bernd-Saudi-Website-768x337.png\" class=\"attachment-medium_large size-medium_large wp-image-5259\" alt=\"\" srcset=\"https:\/\/www.deltat.info\/wp-content\/uploads\/2025\/05\/Bernd-Saudi-Website-768x337.png 768w, https:\/\/www.deltat.info\/wp-content\/uploads\/2025\/05\/Bernd-Saudi-Website-300x132.png 300w, https:\/\/www.deltat.info\/wp-content\/uploads\/2025\/05\/Bernd-Saudi-Website-1024x449.png 1024w, https:\/\/www.deltat.info\/wp-content\/uploads\/2025\/05\/Bernd-Saudi-Website-18x8.png 18w, https:\/\/www.deltat.info\/wp-content\/uploads\/2025\/05\/Bernd-Saudi-Website.png 1140w\" sizes=\"(max-width: 768px) 100vw, 768px\" \/><\/div><\/a>\n\t\t\t\t<div class=\"elementor-post__text\">\n\t\t\t\t<h3 class=\"elementor-post__title\">\n\t\t\t<a href=\"https:\/\/www.deltat.info\/cn\/2025\/05\/delta-t-auf-der-german-saudi-healthcare-conference-2025\/\" >\n\t\t\t\tdelta T auf der German Saudi Healthcare Conference 2025\t\t\t<\/a>\n\t\t<\/h3>\n\t\t\t\t<div class=\"elementor-post__excerpt\">\n\t\t\t<p>Wir m\u00f6chten uns ganz herzlich bei allen Teilnehmenden der German Saudi Healthcare Conference 2025 bedanken!<\/p>\n\t\t<\/div>\n\t\t\n\t\t<a class=\"elementor-post__read-more\" href=\"https:\/\/www.deltat.info\/cn\/2025\/05\/delta-t-auf-der-german-saudi-healthcare-conference-2025\/\" aria-label=\"Read more about delta T auf der German Saudi Healthcare Conference 2025\" tabindex=\"-1\" >\n\t\t\t\u4e86\u89e3\u66f4\u591a  \u00bb\t\t<\/a>\n\n\t\t\t\t<\/div>\n\t\t\t\t<div class=\"elementor-post__meta-data\">\n\t\t\t\t\t<span class=\"elementor-post-date\">\n\t\t\t14. 5 \u6708 2025\t\t<\/span>\n\t\t\t\t<\/div>\n\t\t\t\t\t<\/div>\n\t\t<\/article>\n\t\t\t\t<article class=\"elementor-post elementor-grid-item post-5252 post type-post status-publish format-standard has-post-thumbnail hentry category-aktuelles\" role=\"listitem\">\n\t\t\t<div class=\"elementor-post__card\">\n\t\t\t\t<a class=\"elementor-post__thumbnail__link\" href=\"https:\/\/www.deltat.info\/cn\/2025\/05\/delta-t-auf-der-isbt-2025-in-mailand\/\" tabindex=\"-1\" ><div class=\"elementor-post__thumbnail\"><img decoding=\"async\" width=\"768\" height=\"337\" src=\"https:\/\/www.deltat.info\/wp-content\/uploads\/2025\/05\/ISBT-2025-Invite-fuer-website-768x337.png\" class=\"attachment-medium_large size-medium_large wp-image-5253\" alt=\"ISBT 2025\" srcset=\"https:\/\/www.deltat.info\/wp-content\/uploads\/2025\/05\/ISBT-2025-Invite-fuer-website-768x337.png 768w, https:\/\/www.deltat.info\/wp-content\/uploads\/2025\/05\/ISBT-2025-Invite-fuer-website-300x132.png 300w, https:\/\/www.deltat.info\/wp-content\/uploads\/2025\/05\/ISBT-2025-Invite-fuer-website-1024x449.png 1024w, https:\/\/www.deltat.info\/wp-content\/uploads\/2025\/05\/ISBT-2025-Invite-fuer-website-18x8.png 18w, https:\/\/www.deltat.info\/wp-content\/uploads\/2025\/05\/ISBT-2025-Invite-fuer-website.png 1140w\" sizes=\"(max-width: 768px) 100vw, 768px\" \/><\/div><\/a>\n\t\t\t\t<div class=\"elementor-post__text\">\n\t\t\t\t<h3 class=\"elementor-post__title\">\n\t\t\t<a href=\"https:\/\/www.deltat.info\/cn\/2025\/05\/delta-t-auf-der-isbt-2025-in-mailand\/\" >\n\t\t\t\tdelta T auf der ISBT 2025 in Mailand\t\t\t<\/a>\n\t\t<\/h3>\n\t\t\t\t<div class=\"elementor-post__excerpt\">\n\t\t\t<p>Kommt uns gerne an unserem Stand Nr. 46 auf der ISBT 2025 in Mailand besuchen! Als Sponsor und Aussteller freuen wir uns darauf Neuheiten im<\/p>\n\t\t<\/div>\n\t\t\n\t\t<a class=\"elementor-post__read-more\" href=\"https:\/\/www.deltat.info\/cn\/2025\/05\/delta-t-auf-der-isbt-2025-in-mailand\/\" aria-label=\"Read more about delta T auf der ISBT 2025 in Mailand\" tabindex=\"-1\" >\n\t\t\t\u4e86\u89e3\u66f4\u591a  \u00bb\t\t<\/a>\n\n\t\t\t\t<\/div>\n\t\t\t\t<div class=\"elementor-post__meta-data\">\n\t\t\t\t\t<span class=\"elementor-post-date\">\n\t\t\t14. 5 \u6708 2025\t\t<\/span>\n\t\t\t\t<\/div>\n\t\t\t\t\t<\/div>\n\t\t<\/article>\n\t\t\t\t<article class=\"elementor-post elementor-grid-item post-5071 post type-post status-publish format-standard has-post-thumbnail hentry category-aktuelles\" role=\"listitem\">\n\t\t\t<div class=\"elementor-post__card\">\n\t\t\t\t<a class=\"elementor-post__thumbnail__link\" href=\"https:\/\/www.deltat.info\/cn\/2024\/11\/delta-t-auf-der-flypharma-2024-in-wien\/\" tabindex=\"-1\" ><div class=\"elementor-post__thumbnail\"><img loading=\"lazy\" decoding=\"async\" width=\"768\" height=\"337\" src=\"https:\/\/www.deltat.info\/wp-content\/uploads\/2024\/11\/FlyPharma-Wien-2024-768x337.png\" class=\"attachment-medium_large size-medium_large wp-image-5072\" alt=\"\" srcset=\"https:\/\/www.deltat.info\/wp-content\/uploads\/2024\/11\/FlyPharma-Wien-2024-768x337.png 768w, https:\/\/www.deltat.info\/wp-content\/uploads\/2024\/11\/FlyPharma-Wien-2024-300x132.png 300w, https:\/\/www.deltat.info\/wp-content\/uploads\/2024\/11\/FlyPharma-Wien-2024-1024x449.png 1024w, https:\/\/www.deltat.info\/wp-content\/uploads\/2024\/11\/FlyPharma-Wien-2024-18x8.png 18w, https:\/\/www.deltat.info\/wp-content\/uploads\/2024\/11\/FlyPharma-Wien-2024.png 1140w\" sizes=\"(max-width: 768px) 100vw, 768px\" \/><\/div><\/a>\n\t\t\t\t<div class=\"elementor-post__text\">\n\t\t\t\t<h3 class=\"elementor-post__title\">\n\t\t\t<a href=\"https:\/\/www.deltat.info\/cn\/2024\/11\/delta-t-auf-der-flypharma-2024-in-wien\/\" >\n\t\t\t\tdelta T auf der FlyPharma 2024 in Wien\t\t\t<\/a>\n\t\t<\/h3>\n\t\t\t\t<div class=\"elementor-post__excerpt\">\n\t\t\t<p>Wir bedanken uns ganz herzlich bei allen Teilnehmenden der FlyPharma 2024 in Wien! Es war uns eine Freude, mit Ihnen gemeinsam in die Welt der<\/p>\n\t\t<\/div>\n\t\t\n\t\t<a class=\"elementor-post__read-more\" href=\"https:\/\/www.deltat.info\/cn\/2024\/11\/delta-t-auf-der-flypharma-2024-in-wien\/\" aria-label=\"Read more about delta T auf der FlyPharma 2024 in Wien\" tabindex=\"-1\" >\n\t\t\t\u4e86\u89e3\u66f4\u591a  \u00bb\t\t<\/a>\n\n\t\t\t\t<\/div>\n\t\t\t\t<div class=\"elementor-post__meta-data\">\n\t\t\t\t\t<span class=\"elementor-post-date\">\n\t\t\t13. 11 \u6708 2024\t\t<\/span>\n\t\t\t\t<\/div>\n\t\t\t\t\t<\/div>\n\t\t<\/article>\n\t\t\t\t<\/div>\n\t\t\n\t\t\t\t<div class=\"e-load-more-anchor\" data-page=\"1\" data-max-page=\"4\" data-next-page=\"https:\/\/www.deltat.info\/cn\/wp-json\/wp\/v2\/pages\/1388\/page\/2\/\"><\/div>\n\t\t\t\t<nav class=\"elementor-pagination\" aria-label=\"Pagination\">\n\t\t\t<span class=\"page-numbers prev\">&laquo; zur\u00fcck<\/span>\n<span aria-current=\"page\" class=\"page-numbers current\"><span class=\"elementor-screen-only\">Page<\/span>1<\/span>\n<a class=\"page-numbers\" href=\"https:\/\/www.deltat.info\/cn\/wp-json\/wp\/v2\/pages\/1388\/page\/2\/\"><span class=\"elementor-screen-only\">Page<\/span>2<\/a>\n<a class=\"page-numbers\" href=\"https:\/\/www.deltat.info\/cn\/wp-json\/wp\/v2\/pages\/1388\/page\/3\/\"><span class=\"elementor-screen-only\">Page<\/span>3<\/a>\n<a class=\"page-numbers\" href=\"https:\/\/www.deltat.info\/cn\/wp-json\/wp\/v2\/pages\/1388\/page\/4\/\"><span class=\"elementor-screen-only\">Page<\/span>4<\/a>\n<a class=\"page-numbers next\" href=\"https:\/\/www.deltat.info\/cn\/wp-json\/wp\/v2\/pages\/1388\/page\/2\/\">vor &raquo;<\/a>\t\t<\/nav>\n\t\t\t\t\t\t<\/div>\n\t\t\t\t<\/div>\n\t\t\t\t\t<\/div>\n\t\t<\/div>\n\t\t\t\t\t<\/div>\n\t\t<\/section>\n\t\t\t\t<\/div>","protected":false},"excerpt":{"rendered":"<p>Aktuelles \u00fcber delta T Hier finden Sie aktuelle Meldungen \u00fcber delta T wie neue Produkte, Pr\u00e4sentationen auf Messen, Publikationen und vieles Andere.<\/p>","protected":false},"author":1,"featured_media":0,"parent":8,"menu_order":0,"comment_status":"closed","ping_status":"closed","template":"","meta":{"footnotes":""},"class_list":["post-1388","page","type-page","status-publish","hentry"],"yoast_head":"<!-- This site is optimized with the Yoast SEO plugin v27.4 - https:\/\/yoast.com\/product\/yoast-seo-wordpress\/ -->\n<title>Aktuelles - delta T<\/title>\n<meta name=\"description\" content=\"Hier finden Sie aktuelle Meldungen \u00fcber delta T wie neue Produkte, Pr\u00e4sentationen auf Messen, Publikationen und vieles Andere.\" \/>\n<meta name=\"robots\" content=\"index, follow, max-snippet:-1, max-image-preview:large, max-video-preview:-1\" \/>\n<link rel=\"canonical\" href=\"https:\/\/www.deltat.info\/cn\/ueber-delta-t\/aktuelles\/\" \/>\n<script type=\"application\/ld+json\" class=\"yoast-schema-graph\">{\"@context\":\"https:\\\/\\\/schema.org\",\"@graph\":[{\"@type\":\"WebPage\",\"@id\":\"https:\\\/\\\/www.deltat.info\\\/ueber-delta-t\\\/aktuelles\\\/\",\"url\":\"https:\\\/\\\/www.deltat.info\\\/ueber-delta-t\\\/aktuelles\\\/\",\"name\":\"Aktuelles - delta T\",\"isPartOf\":{\"@id\":\"https:\\\/\\\/www.deltat.info\\\/#website\"},\"datePublished\":\"2020-02-13T11:06:32+00:00\",\"dateModified\":\"2020-04-30T11:27:59+00:00\",\"description\":\"Hier finden Sie aktuelle Meldungen \u00fcber delta T wie neue Produkte, Pr\u00e4sentationen auf Messen, Publikationen und vieles Andere.\",\"breadcrumb\":{\"@id\":\"https:\\\/\\\/www.deltat.info\\\/ueber-delta-t\\\/aktuelles\\\/#breadcrumb\"},\"inLanguage\":\"zh-Hans\",\"potentialAction\":[{\"@type\":\"ReadAction\",\"target\":[\"https:\\\/\\\/www.deltat.info\\\/ueber-delta-t\\\/aktuelles\\\/\"]}]},{\"@type\":\"BreadcrumbList\",\"@id\":\"https:\\\/\\\/www.deltat.info\\\/ueber-delta-t\\\/aktuelles\\\/#breadcrumb\",\"itemListElement\":[{\"@type\":\"ListItem\",\"position\":1,\"name\":\"Startseite\",\"item\":\"https:\\\/\\\/www.deltat.info\\\/\"},{\"@type\":\"ListItem\",\"position\":2,\"name\":\"\u00dcber delta T\",\"item\":\"https:\\\/\\\/www.deltat.info\\\/ueber-delta-t\\\/\"},{\"@type\":\"ListItem\",\"position\":3,\"name\":\"Aktuelles\"}]},{\"@type\":\"WebSite\",\"@id\":\"https:\\\/\\\/www.deltat.info\\\/#website\",\"url\":\"https:\\\/\\\/www.deltat.info\\\/\",\"name\":\"delta T Gesellschaft f\u00fcr Medizintechnik mbH\",\"description\":\"Die delta T Gesellschaft f\u00fcr Medizintechnik mbH entwickelt und produziert Transportl\u00f6sungen f\u00fcr temperatursensible Produkte wie Arzneimittel, Blut, Organe oder andere K\u00fchlprodukte der Medizin.\",\"publisher\":{\"@id\":\"https:\\\/\\\/www.deltat.info\\\/#organization\"},\"potentialAction\":[{\"@type\":\"SearchAction\",\"target\":{\"@type\":\"EntryPoint\",\"urlTemplate\":\"https:\\\/\\\/www.deltat.info\\\/?s={search_term_string}\"},\"query-input\":{\"@type\":\"PropertyValueSpecification\",\"valueRequired\":true,\"valueName\":\"search_term_string\"}}],\"inLanguage\":\"zh-Hans\"},{\"@type\":\"Organization\",\"@id\":\"https:\\\/\\\/www.deltat.info\\\/#organization\",\"name\":\"delta T Gesellschaft f\u00fcr Medizintechnik mbH\",\"url\":\"https:\\\/\\\/www.deltat.info\\\/\",\"logo\":{\"@type\":\"ImageObject\",\"inLanguage\":\"zh-Hans\",\"@id\":\"https:\\\/\\\/www.deltat.info\\\/#\\\/schema\\\/logo\\\/image\\\/\",\"url\":\"https:\\\/\\\/www.deltat.info\\\/wp-content\\\/uploads\\\/2020\\\/02\\\/delta-t-logo-2020.png\",\"contentUrl\":\"https:\\\/\\\/www.deltat.info\\\/wp-content\\\/uploads\\\/2020\\\/02\\\/delta-t-logo-2020.png\",\"width\":202,\"height\":80,\"caption\":\"delta T Gesellschaft f\u00fcr Medizintechnik mbH\"},\"image\":{\"@id\":\"https:\\\/\\\/www.deltat.info\\\/#\\\/schema\\\/logo\\\/image\\\/\"},\"sameAs\":[\"https:\\\/\\\/www.facebook.com\\\/Delta-T-GmbH-1250957958263459\\\/\",\"https:\\\/\\\/x.com\\\/deltaT_global\",\"https:\\\/\\\/www.linkedin.com\\\/company\\\/delta-t-gmbh\",\"https:\\\/\\\/www.youtube.com\\\/channel\\\/UCu10jeTdpr6Mehzqe_QMK3Q\"]}]}<\/script>\n<!-- \/ Yoast SEO plugin. -->","yoast_head_json":{"title":"Aktuelles - delta T","description":"\u5728\u8fd9\u91cc\uff0c\u60a8\u53ef\u4ee5\u627e\u5230\u5173\u4e8edelta T\u7684\u6700\u65b0\u6d88\u606f\uff0c\u5982\u65b0\u4ea7\u54c1\u3001\u5c55\u4f1a\u5c55\u793a\u3001\u4fe1\u606f\u53d1\u5e03\u7b49\u5185\u5bb9\u3002","robots":{"index":"index","follow":"follow","max-snippet":"max-snippet:-1","max-image-preview":"max-image-preview:large","max-video-preview":"max-video-preview:-1"},"canonical":"https:\/\/www.deltat.info\/cn\/ueber-delta-t\/aktuelles\/","schema":{"@context":"https:\/\/schema.org","@graph":[{"@type":"WebPage","@id":"https:\/\/www.deltat.info\/ueber-delta-t\/aktuelles\/","url":"https:\/\/www.deltat.info\/ueber-delta-t\/aktuelles\/","name":"Aktuelles - delta T","isPartOf":{"@id":"https:\/\/www.deltat.info\/#website"},"datePublished":"2020-02-13T11:06:32+00:00","dateModified":"2020-04-30T11:27:59+00:00","description":"\u5728\u8fd9\u91cc\uff0c\u60a8\u53ef\u4ee5\u627e\u5230\u5173\u4e8edelta T\u7684\u6700\u65b0\u6d88\u606f\uff0c\u5982\u65b0\u4ea7\u54c1\u3001\u5c55\u4f1a\u5c55\u793a\u3001\u4fe1\u606f\u53d1\u5e03\u7b49\u5185\u5bb9\u3002","breadcrumb":{"@id":"https:\/\/www.deltat.info\/ueber-delta-t\/aktuelles\/#breadcrumb"},"inLanguage":"zh-Hans","potentialAction":[{"@type":"ReadAction","target":["https:\/\/www.deltat.info\/ueber-delta-t\/aktuelles\/"]}]},{"@type":"BreadcrumbList","@id":"https:\/\/www.deltat.info\/ueber-delta-t\/aktuelles\/#breadcrumb","itemListElement":[{"@type":"ListItem","position":1,"name":"Startseite","item":"https:\/\/www.deltat.info\/"},{"@type":"ListItem","position":2,"name":"\u00dcber delta T","item":"https:\/\/www.deltat.info\/ueber-delta-t\/"},{"@type":"ListItem","position":3,"name":"Aktuelles"}]},{"@type":"WebSite","@id":"https:\/\/www.deltat.info\/#website","url":"https:\/\/www.deltat.info\/","name":"delta T \u751f\u7269\u533b\u7597\u6709\u9650\u516c\u53f8","description":"Die delta T Gesellschaft f\u00fcr Medizintechnik mbH entwickelt und produziert Transportl\u00f6sungen f\u00fcr temperatursensible Produkte wie Arzneimittel, Blut, Organe oder andere K\u00fchlprodukte der Medizin.","publisher":{"@id":"https:\/\/www.deltat.info\/#organization"},"potentialAction":[{"@type":"SearchAction","target":{"@type":"EntryPoint","urlTemplate":"https:\/\/www.deltat.info\/?s={search_term_string}"},"query-input":{"@type":"PropertyValueSpecification","valueRequired":true,"valueName":"search_term_string"}}],"inLanguage":"zh-Hans"},{"@type":"Organization","@id":"https:\/\/www.deltat.info\/#organization","name":"delta T \u751f\u7269\u533b\u7597\u6709\u9650\u516c\u53f8","url":"https:\/\/www.deltat.info\/","logo":{"@type":"ImageObject","inLanguage":"zh-Hans","@id":"https:\/\/www.deltat.info\/#\/schema\/logo\/image\/","url":"https:\/\/www.deltat.info\/wp-content\/uploads\/2020\/02\/delta-t-logo-2020.png","contentUrl":"https:\/\/www.deltat.info\/wp-content\/uploads\/2020\/02\/delta-t-logo-2020.png","width":202,"height":80,"caption":"delta T Gesellschaft f\u00fcr Medizintechnik mbH"},"image":{"@id":"https:\/\/www.deltat.info\/#\/schema\/logo\/image\/"},"sameAs":["https:\/\/www.facebook.com\/Delta-T-GmbH-1250957958263459\/","https:\/\/x.com\/deltaT_global","https:\/\/www.linkedin.com\/company\/delta-t-gmbh","https:\/\/www.youtube.com\/channel\/UCu10jeTdpr6Mehzqe_QMK3Q"]}]}},"_links":{"self":[{"href":"https:\/\/www.deltat.info\/cn\/wp-json\/wp\/v2\/pages\/1388","targetHints":{"allow":["GET"]}}],"collection":[{"href":"https:\/\/www.deltat.info\/cn\/wp-json\/wp\/v2\/pages"}],"about":[{"href":"https:\/\/www.deltat.info\/cn\/wp-json\/wp\/v2\/types\/page"}],"author":[{"embeddable":true,"href":"https:\/\/www.deltat.info\/cn\/wp-json\/wp\/v2\/users\/1"}],"replies":[{"embeddable":true,"href":"https:\/\/www.deltat.info\/cn\/wp-json\/wp\/v2\/comments?post=1388"}],"version-history":[{"count":23,"href":"https:\/\/www.deltat.info\/cn\/wp-json\/wp\/v2\/pages\/1388\/revisions"}],"predecessor-version":[{"id":1455,"href":"https:\/\/www.deltat.info\/cn\/wp-json\/wp\/v2\/pages\/1388\/revisions\/1455"}],"up":[{"embeddable":true,"href":"https:\/\/www.deltat.info\/cn\/wp-json\/wp\/v2\/pages\/8"}],"wp:attachment":[{"href":"https:\/\/www.deltat.info\/cn\/wp-json\/wp\/v2\/media?parent=1388"}],"curies":[{"name":"wp","href":"https:\/\/api.w.org\/{rel}","templated":true}]}}