{"id":1608,"date":"2020-02-24T16:36:31","date_gmt":"2020-02-24T15:36:31","guid":{"rendered":"http:\/\/neuesweb.deltat.de\/?page_id=1608"},"modified":"2020-05-14T20:51:13","modified_gmt":"2020-05-14T18:51:13","slug":"entwicklung","status":"publish","type":"page","link":"https:\/\/www.deltat.info\/cn\/services\/entwicklung\/","title":{"rendered":"\u521b\u65b0\u4e0e\u53d1\u5c55"},"content":{"rendered":"<div data-elementor-type=\"wp-page\" data-elementor-id=\"1608\" class=\"elementor elementor-1608\" data-elementor-post-type=\"page\">\n\t\t\t\t\t\t<section class=\"elementor-section elementor-top-section elementor-element elementor-element-e22dafa elementor-section-boxed elementor-section-height-default elementor-section-height-default\" data-id=\"e22dafa\" data-element_type=\"section\" data-e-type=\"section\">\n\t\t\t\t\t\t<div class=\"elementor-container elementor-column-gap-default\">\n\t\t\t\t\t<div class=\"elementor-column elementor-col-100 elementor-top-column elementor-element elementor-element-04327d2\" data-id=\"04327d2\" data-element_type=\"column\" data-e-type=\"column\">\n\t\t\t<div class=\"elementor-widget-wrap elementor-element-populated\">\n\t\t\t\t\t\t<div class=\"elementor-element elementor-element-565eb56 elementor-widget elementor-widget-heading\" data-id=\"565eb56\" data-element_type=\"widget\" data-e-type=\"widget\" data-widget_type=\"heading.default\">\n\t\t\t\t<div class=\"elementor-widget-container\">\n\t\t\t\t\t<h1 class=\"elementor-heading-title elementor-size-default\">\u65b0\u9694\u70ed\u5305\u88c5\u7684\u7814\u53d1<\/h1>\t\t\t\t<\/div>\n\t\t\t\t<\/div>\n\t\t\t\t\t<\/div>\n\t\t<\/div>\n\t\t\t\t\t<\/div>\n\t\t<\/section>\n\t\t\t\t<section class=\"elementor-section elementor-top-section elementor-element elementor-element-7c28dc5 elementor-section-boxed elementor-section-height-default elementor-section-height-default\" data-id=\"7c28dc5\" data-element_type=\"section\" data-e-type=\"section\">\n\t\t\t\t\t\t<div class=\"elementor-container elementor-column-gap-default\">\n\t\t\t\t\t<div class=\"elementor-column elementor-col-50 elementor-top-column elementor-element elementor-element-0dbe084\" data-id=\"0dbe084\" data-element_type=\"column\" data-e-type=\"column\">\n\t\t\t<div class=\"elementor-widget-wrap elementor-element-populated\">\n\t\t\t\t\t\t<div class=\"elementor-element elementor-element-a82913d elementor-widget elementor-widget-text-editor\" data-id=\"a82913d\" data-element_type=\"widget\" data-e-type=\"widget\" data-widget_type=\"text-editor.default\">\n\t\t\t\t<div class=\"elementor-widget-container\">\n\t\t\t\t\t\t\t\t\t<p>\u51b7\u5374\u6216\u52a0\u70ed\u901a\u5e38\u4e0e\u4fdd\u6e29\u6027\u80fd\u6709\u5173\u3002\u5176\u4e2d\u5305\u542b\u4e86\u6709\u51b7\u5374\u6e90\u6216\u52a0\u70ed\u6e90\uff0c\u4fdd\u6e29\u6750\u6599\uff0c\u53ca\u8fd0\u8f93\u7684\u8d27\u7269\u4f53\u79ef\uff08\u5728\u6280\u672f\u672f\u8bed\u4e2d\u79f0\u4e3a\u201c\u6709\u6548\u8f7d\u8377\u201d\uff09\u3002<\/p><p>\u5728\u9694\u70ed\u8fd0\u8f93\u5305\u88c5\u7684\u5f00\u53d1\u4e2d\uff0c\u6211\u4eec\u9700\u8981\u51b7\u5374\u548c\u9694\u70ed\u7684\u6765\u6e90\u3002\u6839\u636e\u6e29\u5ea6\u8303\u56f4\u7684\u4e0d\u540c\uff0c\u53ef\u4ee5\u4f7f\u7528deltaT\u7684\u50a8\u80fd\u5143\u4ef6\u6765\u51b7\u5374\uff0c\u52a0\u70ed\u6765\u4fdd\u6301\u6052\u6e29\u3002<\/p><p>\u8bbe\u7f6e\u597d\u4ea7\u54c1\u6e29\u5ea6\uff0c\u8fd0\u8f93\u65f6\u95f4\u548c\u6240\u9700\u8fd0\u8f93\u7cfb\u7edf\u7684\u5c3a\u5bf8\u7b49\u6027\u80fd\u540e\uff0cdelta T\u53ef\u4ee5\u5728\u53ef\u53d8\u73af\u5883\u6e29\u5ea6\u6761\u4ef6\u4e0b\u5bf9\u6574\u4e2a\u8fd0\u8f93\u89e3\u51b3\u65b9\u6848\u7684\u70ed\u5bfc\u7387\u8fdb\u884c\u8f85\u52a9\u4eff\u771f\u6a21\u62df\u3002<\/p><p>\u5728\u5f00\u53d1\u6052\u6e29\u8fd0\u8f93\u5305\u88c5\u65f6\uff0cdelta T\u53ef\u4ee5\u4ece\u5927\u91cf\u73b0\u6709\u4ea7\u54c1\u548c\u5df2\u88ab\u5e7f\u6cdb\u4f7f\u7528\u7684\u5148\u524d\u9879\u76ee\u4e2d\u6c72\u53d6\u8d44\u6e90\u3002<\/p><p>\u4f5c\u4e3a\u5f00\u53d1\u4eba\u5458\uff0c\u6211\u4eec\u7684\u91cd\u8981\u5148\u51b3\u6761\u4ef6\u662f\u5ba2\u6237\u5bf9\u57fa\u672c\u53c2\u6570\u7684\u7edd\u5bf9\u7cbe\u786e\u5b9a\u4e49\u3002\u901a\u5e38\u8fdb\u884c\u7ea66-8\u5468\u7684\u5f00\u53d1\uff0c\u7136\u540e\u8fdb\u884c\u5927\u91cf\u7684\u6e29\u5ea6\u6d4b\u8bd5\uff0c\u4ee5\u4e3a\u8be5\u8fc7\u7a0b\u63d0\u4f9b\u5fc5\u8981\u7684\u5b89\u5168\u4fdd\u8bc1\u3002<\/p><p>Delta T\u4e0d\u4ec5\u6839\u636e\u5ba2\u6237\u9700\u6c42\u63d0\u4f9b\u5f00\u53d1\u670d\u52a1\uff0c\u8fd8\u6839\u636e\u5e02\u573a\u9700\u6c42\u63d0\u4f9b\u670d\u52a1\u3002\u6709\u5173\u66f4\u591a\u4fe1\u606f\uff0c\u8bf7\u67e5\u770b\u6211\u4eec\u7684\u4ea7\u54c1\u8be6\u60c5\u9875\u9762\u3002<\/p>\t\t\t\t\t\t\t\t<\/div>\n\t\t\t\t<\/div>\n\t\t\t\t\t<\/div>\n\t\t<\/div>\n\t\t\t\t<div class=\"elementor-column elementor-col-50 elementor-top-column elementor-element elementor-element-4a7e927\" data-id=\"4a7e927\" data-element_type=\"column\" data-e-type=\"column\">\n\t\t\t<div class=\"elementor-widget-wrap elementor-element-populated\">\n\t\t\t\t\t\t<div class=\"elementor-element elementor-element-e9a5ec1 elementor-widget elementor-widget-image\" data-id=\"e9a5ec1\" data-element_type=\"widget\" data-e-type=\"widget\" data-widget_type=\"image.default\">\n\t\t\t\t<div class=\"elementor-widget-container\">\n\t\t\t\t\t\t\t\t\t\t\t\t\t\t\t<img fetchpriority=\"high\" decoding=\"async\" width=\"494\" height=\"479\" src=\"https:\/\/www.deltat.info\/wp-content\/uploads\/2020\/02\/leistungen-entwicklung.jpg\" class=\"attachment-medium_large size-medium_large wp-image-1610\" alt=\"delta T K\u00fchlbox\" srcset=\"https:\/\/www.deltat.info\/wp-content\/uploads\/2020\/02\/leistungen-entwicklung.jpg 494w, https:\/\/www.deltat.info\/wp-content\/uploads\/2020\/02\/leistungen-entwicklung-300x291.jpg 300w\" sizes=\"(max-width: 494px) 100vw, 494px\" \/>\t\t\t\t\t\t\t\t\t\t\t\t\t\t\t<\/div>\n\t\t\t\t<\/div>\n\t\t\t\t\t<\/div>\n\t\t<\/div>\n\t\t\t\t\t<\/div>\n\t\t<\/section>\n\t\t\t\t<\/div>","protected":false},"excerpt":{"rendered":"<p>Entwicklung von K\u00fchltransportverpackungen K\u00fchlen oder Heizen ist i.d.R\u00a0mit Isolierung verbunden. Es gibt die K\u00fchl- oder Heizquelle, die Isolierung und das Transportgut (im Fachjargon \u201ePayload\u201c genannt). In der Entwicklung einer K\u00fchltransportverpackung brauchen wir also ein K\u00fchlquelle und eine Isolierung. Die K\u00fchlquelle sind je nach Temperaturbereich z.B. Spezialakkus von delta T. Die Isolierung wird darauf abgestimmt, wie &#8230; <a title=\"\u521b\u65b0\u4e0e\u53d1\u5c55\" class=\"read-more\" href=\"https:\/\/www.deltat.info\/cn\/services\/entwicklung\/\" aria-label=\"\u9605\u8bfb Entwicklung\">\u9605\u8bfb\u66f4\u591a<\/a><\/p>","protected":false},"author":1,"featured_media":0,"parent":1598,"menu_order":0,"comment_status":"closed","ping_status":"closed","template":"","meta":{"footnotes":""},"class_list":["post-1608","page","type-page","status-publish"],"yoast_head":"<!-- This site is optimized with the Yoast SEO plugin v27.4 - https:\/\/yoast.com\/product\/yoast-seo-wordpress\/ -->\n<title>Entwicklung von K\u00fchltransportverpackungen - delta T<\/title>\n<meta name=\"description\" content=\"In der Entwicklung einer K\u00fchltransportverpackung brauchen wir eine K\u00fchlquelle und eine Isolierung je nach Temperaturbereich z.B. Spezialakkus von delta T.\" \/>\n<meta name=\"robots\" content=\"index, follow, max-snippet:-1, max-image-preview:large, max-video-preview:-1\" \/>\n<link rel=\"canonical\" href=\"https:\/\/www.deltat.info\/cn\/services\/entwicklung\/\" \/>\n<meta name=\"twitter:label1\" content=\"\u9884\u8ba1\u9605\u8bfb\u65f6\u95f4\" \/>\n\t<meta name=\"twitter:data1\" content=\"1 \u5206\" \/>\n<script type=\"application\/ld+json\" class=\"yoast-schema-graph\">{\"@context\":\"https:\\\/\\\/schema.org\",\"@graph\":[{\"@type\":\"WebPage\",\"@id\":\"https:\\\/\\\/www.deltat.info\\\/services\\\/entwicklung\\\/\",\"url\":\"https:\\\/\\\/www.deltat.info\\\/services\\\/entwicklung\\\/\",\"name\":\"Entwicklung von K\u00fchltransportverpackungen - delta T\",\"isPartOf\":{\"@id\":\"https:\\\/\\\/www.deltat.info\\\/#website\"},\"primaryImageOfPage\":{\"@id\":\"https:\\\/\\\/www.deltat.info\\\/services\\\/entwicklung\\\/#primaryimage\"},\"image\":{\"@id\":\"https:\\\/\\\/www.deltat.info\\\/services\\\/entwicklung\\\/#primaryimage\"},\"thumbnailUrl\":\"https:\\\/\\\/www.deltat.info\\\/wp-content\\\/uploads\\\/2020\\\/02\\\/leistungen-entwicklung.jpg\",\"datePublished\":\"2020-02-24T15:36:31+00:00\",\"dateModified\":\"2020-05-14T18:51:13+00:00\",\"description\":\"In der Entwicklung einer K\u00fchltransportverpackung brauchen wir eine K\u00fchlquelle und eine Isolierung je nach Temperaturbereich z.B. Spezialakkus von delta T.\",\"breadcrumb\":{\"@id\":\"https:\\\/\\\/www.deltat.info\\\/services\\\/entwicklung\\\/#breadcrumb\"},\"inLanguage\":\"zh-Hans\",\"potentialAction\":[{\"@type\":\"ReadAction\",\"target\":[\"https:\\\/\\\/www.deltat.info\\\/services\\\/entwicklung\\\/\"]}]},{\"@type\":\"ImageObject\",\"inLanguage\":\"zh-Hans\",\"@id\":\"https:\\\/\\\/www.deltat.info\\\/services\\\/entwicklung\\\/#primaryimage\",\"url\":\"https:\\\/\\\/www.deltat.info\\\/wp-content\\\/uploads\\\/2020\\\/02\\\/leistungen-entwicklung.jpg\",\"contentUrl\":\"https:\\\/\\\/www.deltat.info\\\/wp-content\\\/uploads\\\/2020\\\/02\\\/leistungen-entwicklung.jpg\"},{\"@type\":\"BreadcrumbList\",\"@id\":\"https:\\\/\\\/www.deltat.info\\\/services\\\/entwicklung\\\/#breadcrumb\",\"itemListElement\":[{\"@type\":\"ListItem\",\"position\":1,\"name\":\"Startseite\",\"item\":\"https:\\\/\\\/www.deltat.info\\\/\"},{\"@type\":\"ListItem\",\"position\":2,\"name\":\"Services\",\"item\":\"https:\\\/\\\/www.deltat.info\\\/services\\\/\"},{\"@type\":\"ListItem\",\"position\":3,\"name\":\"Entwicklung\"}]},{\"@type\":\"WebSite\",\"@id\":\"https:\\\/\\\/www.deltat.info\\\/#website\",\"url\":\"https:\\\/\\\/www.deltat.info\\\/\",\"name\":\"delta T Gesellschaft f\u00fcr Medizintechnik mbH\",\"description\":\"Die delta T Gesellschaft f\u00fcr Medizintechnik mbH entwickelt und produziert Transportl\u00f6sungen f\u00fcr temperatursensible Produkte wie Arzneimittel, Blut, Organe oder andere K\u00fchlprodukte der Medizin.\",\"publisher\":{\"@id\":\"https:\\\/\\\/www.deltat.info\\\/#organization\"},\"potentialAction\":[{\"@type\":\"SearchAction\",\"target\":{\"@type\":\"EntryPoint\",\"urlTemplate\":\"https:\\\/\\\/www.deltat.info\\\/?s={search_term_string}\"},\"query-input\":{\"@type\":\"PropertyValueSpecification\",\"valueRequired\":true,\"valueName\":\"search_term_string\"}}],\"inLanguage\":\"zh-Hans\"},{\"@type\":\"Organization\",\"@id\":\"https:\\\/\\\/www.deltat.info\\\/#organization\",\"name\":\"delta T Gesellschaft f\u00fcr Medizintechnik mbH\",\"url\":\"https:\\\/\\\/www.deltat.info\\\/\",\"logo\":{\"@type\":\"ImageObject\",\"inLanguage\":\"zh-Hans\",\"@id\":\"https:\\\/\\\/www.deltat.info\\\/#\\\/schema\\\/logo\\\/image\\\/\",\"url\":\"https:\\\/\\\/www.deltat.info\\\/wp-content\\\/uploads\\\/2020\\\/02\\\/delta-t-logo-2020.png\",\"contentUrl\":\"https:\\\/\\\/www.deltat.info\\\/wp-content\\\/uploads\\\/2020\\\/02\\\/delta-t-logo-2020.png\",\"width\":202,\"height\":80,\"caption\":\"delta T Gesellschaft f\u00fcr Medizintechnik mbH\"},\"image\":{\"@id\":\"https:\\\/\\\/www.deltat.info\\\/#\\\/schema\\\/logo\\\/image\\\/\"},\"sameAs\":[\"https:\\\/\\\/www.facebook.com\\\/Delta-T-GmbH-1250957958263459\\\/\",\"https:\\\/\\\/x.com\\\/deltaT_global\",\"https:\\\/\\\/www.linkedin.com\\\/company\\\/delta-t-gmbh\",\"https:\\\/\\\/www.youtube.com\\\/channel\\\/UCu10jeTdpr6Mehzqe_QMK3Q\"]}]}<\/script>\n<!-- \/ Yoast SEO plugin. -->","yoast_head_json":{"title":"Entwicklung von K\u00fchltransportverpackungen - delta T","description":"In der Entwicklung einer K\u00fchltransportverpackung brauchen wir eine K\u00fchlquelle und eine Isolierung je nach Temperaturbereich z.B. Spezialakkus von delta T.","robots":{"index":"index","follow":"follow","max-snippet":"max-snippet:-1","max-image-preview":"max-image-preview:large","max-video-preview":"max-video-preview:-1"},"canonical":"https:\/\/www.deltat.info\/cn\/services\/entwicklung\/","twitter_misc":{"\u9884\u8ba1\u9605\u8bfb\u65f6\u95f4":"1 \u5206"},"schema":{"@context":"https:\/\/schema.org","@graph":[{"@type":"WebPage","@id":"https:\/\/www.deltat.info\/services\/entwicklung\/","url":"https:\/\/www.deltat.info\/services\/entwicklung\/","name":"Entwicklung von K\u00fchltransportverpackungen - delta T","isPartOf":{"@id":"https:\/\/www.deltat.info\/#website"},"primaryImageOfPage":{"@id":"https:\/\/www.deltat.info\/services\/entwicklung\/#primaryimage"},"image":{"@id":"https:\/\/www.deltat.info\/services\/entwicklung\/#primaryimage"},"thumbnailUrl":"https:\/\/www.deltat.info\/wp-content\/uploads\/2020\/02\/leistungen-entwicklung.jpg","datePublished":"2020-02-24T15:36:31+00:00","dateModified":"2020-05-14T18:51:13+00:00","description":"In der Entwicklung einer K\u00fchltransportverpackung brauchen wir eine K\u00fchlquelle und eine Isolierung je nach Temperaturbereich z.B. Spezialakkus von delta T.","breadcrumb":{"@id":"https:\/\/www.deltat.info\/services\/entwicklung\/#breadcrumb"},"inLanguage":"zh-Hans","potentialAction":[{"@type":"ReadAction","target":["https:\/\/www.deltat.info\/services\/entwicklung\/"]}]},{"@type":"ImageObject","inLanguage":"zh-Hans","@id":"https:\/\/www.deltat.info\/services\/entwicklung\/#primaryimage","url":"https:\/\/www.deltat.info\/wp-content\/uploads\/2020\/02\/leistungen-entwicklung.jpg","contentUrl":"https:\/\/www.deltat.info\/wp-content\/uploads\/2020\/02\/leistungen-entwicklung.jpg"},{"@type":"BreadcrumbList","@id":"https:\/\/www.deltat.info\/services\/entwicklung\/#breadcrumb","itemListElement":[{"@type":"ListItem","position":1,"name":"Startseite","item":"https:\/\/www.deltat.info\/"},{"@type":"ListItem","position":2,"name":"Services","item":"https:\/\/www.deltat.info\/services\/"},{"@type":"ListItem","position":3,"name":"Entwicklung"}]},{"@type":"WebSite","@id":"https:\/\/www.deltat.info\/#website","url":"https:\/\/www.deltat.info\/","name":"delta T \u751f\u7269\u533b\u7597\u6709\u9650\u516c\u53f8","description":"Die delta T Gesellschaft f\u00fcr Medizintechnik mbH entwickelt und produziert Transportl\u00f6sungen f\u00fcr temperatursensible Produkte wie Arzneimittel, Blut, Organe oder andere K\u00fchlprodukte der Medizin.","publisher":{"@id":"https:\/\/www.deltat.info\/#organization"},"potentialAction":[{"@type":"SearchAction","target":{"@type":"EntryPoint","urlTemplate":"https:\/\/www.deltat.info\/?s={search_term_string}"},"query-input":{"@type":"PropertyValueSpecification","valueRequired":true,"valueName":"search_term_string"}}],"inLanguage":"zh-Hans"},{"@type":"Organization","@id":"https:\/\/www.deltat.info\/#organization","name":"delta T \u751f\u7269\u533b\u7597\u6709\u9650\u516c\u53f8","url":"https:\/\/www.deltat.info\/","logo":{"@type":"ImageObject","inLanguage":"zh-Hans","@id":"https:\/\/www.deltat.info\/#\/schema\/logo\/image\/","url":"https:\/\/www.deltat.info\/wp-content\/uploads\/2020\/02\/delta-t-logo-2020.png","contentUrl":"https:\/\/www.deltat.info\/wp-content\/uploads\/2020\/02\/delta-t-logo-2020.png","width":202,"height":80,"caption":"delta T Gesellschaft f\u00fcr Medizintechnik mbH"},"image":{"@id":"https:\/\/www.deltat.info\/#\/schema\/logo\/image\/"},"sameAs":["https:\/\/www.facebook.com\/Delta-T-GmbH-1250957958263459\/","https:\/\/x.com\/deltaT_global","https:\/\/www.linkedin.com\/company\/delta-t-gmbh","https:\/\/www.youtube.com\/channel\/UCu10jeTdpr6Mehzqe_QMK3Q"]}]}},"_links":{"self":[{"href":"https:\/\/www.deltat.info\/cn\/wp-json\/wp\/v2\/pages\/1608","targetHints":{"allow":["GET"]}}],"collection":[{"href":"https:\/\/www.deltat.info\/cn\/wp-json\/wp\/v2\/pages"}],"about":[{"href":"https:\/\/www.deltat.info\/cn\/wp-json\/wp\/v2\/types\/page"}],"author":[{"embeddable":true,"href":"https:\/\/www.deltat.info\/cn\/wp-json\/wp\/v2\/users\/1"}],"replies":[{"embeddable":true,"href":"https:\/\/www.deltat.info\/cn\/wp-json\/wp\/v2\/comments?post=1608"}],"version-history":[{"count":4,"href":"https:\/\/www.deltat.info\/cn\/wp-json\/wp\/v2\/pages\/1608\/revisions"}],"predecessor-version":[{"id":1918,"href":"https:\/\/www.deltat.info\/cn\/wp-json\/wp\/v2\/pages\/1608\/revisions\/1918"}],"up":[{"embeddable":true,"href":"https:\/\/www.deltat.info\/cn\/wp-json\/wp\/v2\/pages\/1598"}],"wp:attachment":[{"href":"https:\/\/www.deltat.info\/cn\/wp-json\/wp\/v2\/media?parent=1608"}],"curies":[{"name":"wp","href":"https:\/\/api.w.org\/{rel}","templated":true}]}}