{"id":1613,"date":"2020-02-24T16:41:32","date_gmt":"2020-02-24T15:41:32","guid":{"rendered":"http:\/\/neuesweb.deltat.de\/?page_id=1613"},"modified":"2020-05-14T20:52:54","modified_gmt":"2020-05-14T18:52:54","slug":"herstellung","status":"publish","type":"page","link":"https:\/\/www.deltat.info\/cn\/services\/herstellung\/","title":{"rendered":"\u751f\u4ea7"},"content":{"rendered":"<div data-elementor-type=\"wp-page\" data-elementor-id=\"1613\" class=\"elementor elementor-1613\" data-elementor-post-type=\"page\">\n\t\t\t\t\t\t<section class=\"elementor-section elementor-top-section elementor-element elementor-element-5356aa5 elementor-section-boxed elementor-section-height-default elementor-section-height-default\" data-id=\"5356aa5\" data-element_type=\"section\" data-e-type=\"section\">\n\t\t\t\t\t\t<div class=\"elementor-container elementor-column-gap-default\">\n\t\t\t\t\t<div class=\"elementor-column elementor-col-100 elementor-top-column elementor-element elementor-element-eb9672e\" data-id=\"eb9672e\" data-element_type=\"column\" data-e-type=\"column\">\n\t\t\t<div class=\"elementor-widget-wrap elementor-element-populated\">\n\t\t\t\t\t\t<div class=\"elementor-element elementor-element-2a4b212 elementor-widget elementor-widget-heading\" data-id=\"2a4b212\" data-element_type=\"widget\" data-e-type=\"widget\" data-widget_type=\"heading.default\">\n\t\t\t\t<div class=\"elementor-widget-container\">\n\t\t\t\t\t<h1 class=\"elementor-heading-title elementor-size-default\">Konzeption &amp; Herstellung von K\u00fchl-Akkus<\/h1>\t\t\t\t<\/div>\n\t\t\t\t<\/div>\n\t\t\t\t\t<\/div>\n\t\t<\/div>\n\t\t\t\t\t<\/div>\n\t\t<\/section>\n\t\t\t\t<section class=\"elementor-section elementor-top-section elementor-element elementor-element-5f66e73 elementor-section-boxed elementor-section-height-default elementor-section-height-default\" data-id=\"5f66e73\" data-element_type=\"section\" data-e-type=\"section\">\n\t\t\t\t\t\t<div class=\"elementor-container elementor-column-gap-default\">\n\t\t\t\t\t<div class=\"elementor-column elementor-col-50 elementor-top-column elementor-element elementor-element-8d7877f\" data-id=\"8d7877f\" data-element_type=\"column\" data-e-type=\"column\">\n\t\t\t<div class=\"elementor-widget-wrap elementor-element-populated\">\n\t\t\t\t\t\t<div class=\"elementor-element elementor-element-d061f90 elementor-widget elementor-widget-text-editor\" data-id=\"d061f90\" data-element_type=\"widget\" data-e-type=\"widget\" data-widget_type=\"text-editor.default\">\n\t\t\t\t<div class=\"elementor-widget-container\">\n\t\t\t\t\t\t\t\t\t<p>delta T \u6d41\u4f53\u5143\u4ef6\u4ee3\u8868\u4e86\u5f53\u524d\u6280\u672f\u7684\u72b6\u6001\u3002\u5c3d\u7ba1\u4ee5\u524d\u4f7f\u7528\u7684\u662f\u5145\u6c34\u548c\u6df1\u51bb\u7684\u50a8\u80fd\u5143\u4ef6\uff0c\u4f46delta T\u73b0\u5728\u4f7f\u7528\u7531\u76f8\u53d8\u6750\u6599\u5236\u6210\u7684\u7279\u6b8a\u6db2\u4f53\u3002<\/p><p>\u6d41\u4f53\u586b\u5145\u7269\u5728\u5176\u5404\u81ea\u7684\u6e29\u5ea6\u8303\u56f4\u5185\u4ece\u56fa\u6001\u53d8\u4e3a\u6db2\u6001\u3002\u56e0\u6b64\uff0c\u5927\u91cf\u7684\u70ed\u91cf\u88ab\u5438\u6536\u6216\u91ca\u653e\u3002\u8fd9\u79cd\u975e\u5e38\u7f13\u6162\u7684\u76f8\u4f4d\u5347\u9ad8\u4f1a\u5f15\u8d77\u6e29\u5ea6\u53d8\u5316\u3002\u73b0\u5728\uff0cdelta T\u7684\u6d41\u4f53\u6e29\u5ea6\u8303\u56f4\u4ece-50\u00b0C\u5230+ 37\u00b0C\uff0c\u5e76\u63d0\u4f9b\u8bb8\u591a\u5957\u4ef6\u53ef\u4f9b\u9009\u62e9\u3002<\/p><p>\u4ea7\u54c1\u6848\u4f8b\u7684\u8bbe\u8ba1\u5f52delta T \u6240\u6709\u3002<\/p>\t\t\t\t\t\t\t\t<\/div>\n\t\t\t\t<\/div>\n\t\t\t\t\t<\/div>\n\t\t<\/div>\n\t\t\t\t<div class=\"elementor-column elementor-col-50 elementor-top-column elementor-element elementor-element-dcf8901\" data-id=\"dcf8901\" data-element_type=\"column\" data-e-type=\"column\">\n\t\t\t<div class=\"elementor-widget-wrap elementor-element-populated\">\n\t\t\t\t\t\t<div class=\"elementor-element elementor-element-093cd60 elementor-widget elementor-widget-image\" data-id=\"093cd60\" data-element_type=\"widget\" data-e-type=\"widget\" data-widget_type=\"image.default\">\n\t\t\t\t<div class=\"elementor-widget-container\">\n\t\t\t\t\t\t\t\t\t\t\t\t\t\t\t<img fetchpriority=\"high\" decoding=\"async\" width=\"494\" height=\"494\" src=\"https:\/\/www.deltat.info\/wp-content\/uploads\/2020\/02\/leistungen-herstellung.jpg\" class=\"attachment-large size-large wp-image-1615\" alt=\"Konzeption &amp; Herstellung von delta T K\u00fchl-Akkus\" srcset=\"https:\/\/www.deltat.info\/wp-content\/uploads\/2020\/02\/leistungen-herstellung.jpg 494w, https:\/\/www.deltat.info\/wp-content\/uploads\/2020\/02\/leistungen-herstellung-300x300.jpg 300w, https:\/\/www.deltat.info\/wp-content\/uploads\/2020\/02\/leistungen-herstellung-150x150.jpg 150w\" sizes=\"(max-width: 494px) 100vw, 494px\" \/>\t\t\t\t\t\t\t\t\t\t\t\t\t\t\t<\/div>\n\t\t\t\t<\/div>\n\t\t\t\t\t<\/div>\n\t\t<\/div>\n\t\t\t\t\t<\/div>\n\t\t<\/section>\n\t\t\t\t<\/div>","protected":false},"excerpt":{"rendered":"<p>Konzeption &#038; Herstellung von K\u00fchl-Akkus Bei der Herstellung von K\u00fchlakkus muss man zwei Gruppen unterscheiden: Einfache Wasserakkus und solche, die mit Spezialfluiden gef\u00fcllt sind. Generell wird in beiden F\u00e4llen eine H\u00fclle aus Kunststoff geblasen, die dann mit der ad\u00e4quaten Fl\u00fcssigkeit bef\u00fcllt wird. Die Bef\u00fcllung kann per Hand geschehen oder durch eine Maschine. Maschinen-Bef\u00fcllung nutzt man &#8230; <a title=\"\u751f\u4ea7\" class=\"read-more\" href=\"https:\/\/www.deltat.info\/cn\/services\/herstellung\/\" aria-label=\"\u9605\u8bfb Herstellung\">\u9605\u8bfb\u66f4\u591a<\/a><\/p>","protected":false},"author":1,"featured_media":0,"parent":1598,"menu_order":1,"comment_status":"closed","ping_status":"closed","template":"","meta":{"footnotes":""},"class_list":["post-1613","page","type-page","status-publish"],"yoast_head":"<!-- This site is optimized with the Yoast SEO plugin v27.4 - https:\/\/yoast.com\/product\/yoast-seo-wordpress\/ -->\n<title>Konzeption &amp; Herstellung von K\u00fchl-Akkus - delta T<\/title>\n<meta name=\"description\" content=\"Bei der Herstellung von K\u00fchlakkus muss man zwei Gruppen unterscheiden: Einfache Wasserakkus und solche, die mit Spezialfluiden gef\u00fcllt sind.\" \/>\n<meta name=\"robots\" content=\"index, follow, max-snippet:-1, max-image-preview:large, max-video-preview:-1\" \/>\n<link rel=\"canonical\" href=\"https:\/\/www.deltat.info\/cn\/services\/herstellung\/\" \/>\n<meta name=\"twitter:label1\" content=\"\u9884\u8ba1\u9605\u8bfb\u65f6\u95f4\" \/>\n\t<meta name=\"twitter:data1\" content=\"1 \u5206\" \/>\n<script type=\"application\/ld+json\" class=\"yoast-schema-graph\">{\"@context\":\"https:\\\/\\\/schema.org\",\"@graph\":[{\"@type\":\"WebPage\",\"@id\":\"https:\\\/\\\/www.deltat.info\\\/services\\\/herstellung\\\/\",\"url\":\"https:\\\/\\\/www.deltat.info\\\/services\\\/herstellung\\\/\",\"name\":\"Konzeption & Herstellung von K\u00fchl-Akkus - delta T\",\"isPartOf\":{\"@id\":\"https:\\\/\\\/www.deltat.info\\\/#website\"},\"primaryImageOfPage\":{\"@id\":\"https:\\\/\\\/www.deltat.info\\\/services\\\/herstellung\\\/#primaryimage\"},\"image\":{\"@id\":\"https:\\\/\\\/www.deltat.info\\\/services\\\/herstellung\\\/#primaryimage\"},\"thumbnailUrl\":\"https:\\\/\\\/www.deltat.info\\\/wp-content\\\/uploads\\\/2020\\\/02\\\/leistungen-herstellung.jpg\",\"datePublished\":\"2020-02-24T15:41:32+00:00\",\"dateModified\":\"2020-05-14T18:52:54+00:00\",\"description\":\"Bei der Herstellung von K\u00fchlakkus muss man zwei Gruppen unterscheiden: Einfache Wasserakkus und solche, die mit Spezialfluiden gef\u00fcllt sind.\",\"breadcrumb\":{\"@id\":\"https:\\\/\\\/www.deltat.info\\\/services\\\/herstellung\\\/#breadcrumb\"},\"inLanguage\":\"zh-Hans\",\"potentialAction\":[{\"@type\":\"ReadAction\",\"target\":[\"https:\\\/\\\/www.deltat.info\\\/services\\\/herstellung\\\/\"]}]},{\"@type\":\"ImageObject\",\"inLanguage\":\"zh-Hans\",\"@id\":\"https:\\\/\\\/www.deltat.info\\\/services\\\/herstellung\\\/#primaryimage\",\"url\":\"https:\\\/\\\/www.deltat.info\\\/wp-content\\\/uploads\\\/2020\\\/02\\\/leistungen-herstellung.jpg\",\"contentUrl\":\"https:\\\/\\\/www.deltat.info\\\/wp-content\\\/uploads\\\/2020\\\/02\\\/leistungen-herstellung.jpg\"},{\"@type\":\"BreadcrumbList\",\"@id\":\"https:\\\/\\\/www.deltat.info\\\/services\\\/herstellung\\\/#breadcrumb\",\"itemListElement\":[{\"@type\":\"ListItem\",\"position\":1,\"name\":\"Startseite\",\"item\":\"https:\\\/\\\/www.deltat.info\\\/\"},{\"@type\":\"ListItem\",\"position\":2,\"name\":\"Services\",\"item\":\"https:\\\/\\\/www.deltat.info\\\/services\\\/\"},{\"@type\":\"ListItem\",\"position\":3,\"name\":\"Herstellung\"}]},{\"@type\":\"WebSite\",\"@id\":\"https:\\\/\\\/www.deltat.info\\\/#website\",\"url\":\"https:\\\/\\\/www.deltat.info\\\/\",\"name\":\"delta T Gesellschaft f\u00fcr Medizintechnik mbH\",\"description\":\"Die delta T Gesellschaft f\u00fcr Medizintechnik mbH entwickelt und produziert Transportl\u00f6sungen f\u00fcr temperatursensible Produkte wie Arzneimittel, Blut, Organe oder andere K\u00fchlprodukte der Medizin.\",\"publisher\":{\"@id\":\"https:\\\/\\\/www.deltat.info\\\/#organization\"},\"potentialAction\":[{\"@type\":\"SearchAction\",\"target\":{\"@type\":\"EntryPoint\",\"urlTemplate\":\"https:\\\/\\\/www.deltat.info\\\/?s={search_term_string}\"},\"query-input\":{\"@type\":\"PropertyValueSpecification\",\"valueRequired\":true,\"valueName\":\"search_term_string\"}}],\"inLanguage\":\"zh-Hans\"},{\"@type\":\"Organization\",\"@id\":\"https:\\\/\\\/www.deltat.info\\\/#organization\",\"name\":\"delta T Gesellschaft f\u00fcr Medizintechnik mbH\",\"url\":\"https:\\\/\\\/www.deltat.info\\\/\",\"logo\":{\"@type\":\"ImageObject\",\"inLanguage\":\"zh-Hans\",\"@id\":\"https:\\\/\\\/www.deltat.info\\\/#\\\/schema\\\/logo\\\/image\\\/\",\"url\":\"https:\\\/\\\/www.deltat.info\\\/wp-content\\\/uploads\\\/2020\\\/02\\\/delta-t-logo-2020.png\",\"contentUrl\":\"https:\\\/\\\/www.deltat.info\\\/wp-content\\\/uploads\\\/2020\\\/02\\\/delta-t-logo-2020.png\",\"width\":202,\"height\":80,\"caption\":\"delta T Gesellschaft f\u00fcr Medizintechnik mbH\"},\"image\":{\"@id\":\"https:\\\/\\\/www.deltat.info\\\/#\\\/schema\\\/logo\\\/image\\\/\"},\"sameAs\":[\"https:\\\/\\\/www.facebook.com\\\/Delta-T-GmbH-1250957958263459\\\/\",\"https:\\\/\\\/x.com\\\/deltaT_global\",\"https:\\\/\\\/www.linkedin.com\\\/company\\\/delta-t-gmbh\",\"https:\\\/\\\/www.youtube.com\\\/channel\\\/UCu10jeTdpr6Mehzqe_QMK3Q\"]}]}<\/script>\n<!-- \/ Yoast SEO plugin. -->","yoast_head_json":{"title":"Konzeption & Herstellung von K\u00fchl-Akkus - delta T","description":"Bei der Herstellung von K\u00fchlakkus muss man zwei Gruppen unterscheiden: Einfache Wasserakkus und solche, die mit Spezialfluiden gef\u00fcllt sind.","robots":{"index":"index","follow":"follow","max-snippet":"max-snippet:-1","max-image-preview":"max-image-preview:large","max-video-preview":"max-video-preview:-1"},"canonical":"https:\/\/www.deltat.info\/cn\/services\/herstellung\/","twitter_misc":{"\u9884\u8ba1\u9605\u8bfb\u65f6\u95f4":"1 \u5206"},"schema":{"@context":"https:\/\/schema.org","@graph":[{"@type":"WebPage","@id":"https:\/\/www.deltat.info\/services\/herstellung\/","url":"https:\/\/www.deltat.info\/services\/herstellung\/","name":"Konzeption & Herstellung von K\u00fchl-Akkus - delta T","isPartOf":{"@id":"https:\/\/www.deltat.info\/#website"},"primaryImageOfPage":{"@id":"https:\/\/www.deltat.info\/services\/herstellung\/#primaryimage"},"image":{"@id":"https:\/\/www.deltat.info\/services\/herstellung\/#primaryimage"},"thumbnailUrl":"https:\/\/www.deltat.info\/wp-content\/uploads\/2020\/02\/leistungen-herstellung.jpg","datePublished":"2020-02-24T15:41:32+00:00","dateModified":"2020-05-14T18:52:54+00:00","description":"Bei der Herstellung von K\u00fchlakkus muss man zwei Gruppen unterscheiden: Einfache Wasserakkus und solche, die mit Spezialfluiden gef\u00fcllt sind.","breadcrumb":{"@id":"https:\/\/www.deltat.info\/services\/herstellung\/#breadcrumb"},"inLanguage":"zh-Hans","potentialAction":[{"@type":"ReadAction","target":["https:\/\/www.deltat.info\/services\/herstellung\/"]}]},{"@type":"ImageObject","inLanguage":"zh-Hans","@id":"https:\/\/www.deltat.info\/services\/herstellung\/#primaryimage","url":"https:\/\/www.deltat.info\/wp-content\/uploads\/2020\/02\/leistungen-herstellung.jpg","contentUrl":"https:\/\/www.deltat.info\/wp-content\/uploads\/2020\/02\/leistungen-herstellung.jpg"},{"@type":"BreadcrumbList","@id":"https:\/\/www.deltat.info\/services\/herstellung\/#breadcrumb","itemListElement":[{"@type":"ListItem","position":1,"name":"Startseite","item":"https:\/\/www.deltat.info\/"},{"@type":"ListItem","position":2,"name":"Services","item":"https:\/\/www.deltat.info\/services\/"},{"@type":"ListItem","position":3,"name":"Herstellung"}]},{"@type":"WebSite","@id":"https:\/\/www.deltat.info\/#website","url":"https:\/\/www.deltat.info\/","name":"delta T \u751f\u7269\u533b\u7597\u6709\u9650\u516c\u53f8","description":"Die delta T Gesellschaft f\u00fcr Medizintechnik mbH entwickelt und produziert Transportl\u00f6sungen f\u00fcr temperatursensible Produkte wie Arzneimittel, Blut, Organe oder andere K\u00fchlprodukte der Medizin.","publisher":{"@id":"https:\/\/www.deltat.info\/#organization"},"potentialAction":[{"@type":"SearchAction","target":{"@type":"EntryPoint","urlTemplate":"https:\/\/www.deltat.info\/?s={search_term_string}"},"query-input":{"@type":"PropertyValueSpecification","valueRequired":true,"valueName":"search_term_string"}}],"inLanguage":"zh-Hans"},{"@type":"Organization","@id":"https:\/\/www.deltat.info\/#organization","name":"delta T \u751f\u7269\u533b\u7597\u6709\u9650\u516c\u53f8","url":"https:\/\/www.deltat.info\/","logo":{"@type":"ImageObject","inLanguage":"zh-Hans","@id":"https:\/\/www.deltat.info\/#\/schema\/logo\/image\/","url":"https:\/\/www.deltat.info\/wp-content\/uploads\/2020\/02\/delta-t-logo-2020.png","contentUrl":"https:\/\/www.deltat.info\/wp-content\/uploads\/2020\/02\/delta-t-logo-2020.png","width":202,"height":80,"caption":"delta T Gesellschaft f\u00fcr Medizintechnik mbH"},"image":{"@id":"https:\/\/www.deltat.info\/#\/schema\/logo\/image\/"},"sameAs":["https:\/\/www.facebook.com\/Delta-T-GmbH-1250957958263459\/","https:\/\/x.com\/deltaT_global","https:\/\/www.linkedin.com\/company\/delta-t-gmbh","https:\/\/www.youtube.com\/channel\/UCu10jeTdpr6Mehzqe_QMK3Q"]}]}},"_links":{"self":[{"href":"https:\/\/www.deltat.info\/cn\/wp-json\/wp\/v2\/pages\/1613","targetHints":{"allow":["GET"]}}],"collection":[{"href":"https:\/\/www.deltat.info\/cn\/wp-json\/wp\/v2\/pages"}],"about":[{"href":"https:\/\/www.deltat.info\/cn\/wp-json\/wp\/v2\/types\/page"}],"author":[{"embeddable":true,"href":"https:\/\/www.deltat.info\/cn\/wp-json\/wp\/v2\/users\/1"}],"replies":[{"embeddable":true,"href":"https:\/\/www.deltat.info\/cn\/wp-json\/wp\/v2\/comments?post=1613"}],"version-history":[{"count":4,"href":"https:\/\/www.deltat.info\/cn\/wp-json\/wp\/v2\/pages\/1613\/revisions"}],"predecessor-version":[{"id":1921,"href":"https:\/\/www.deltat.info\/cn\/wp-json\/wp\/v2\/pages\/1613\/revisions\/1921"}],"up":[{"embeddable":true,"href":"https:\/\/www.deltat.info\/cn\/wp-json\/wp\/v2\/pages\/1598"}],"wp:attachment":[{"href":"https:\/\/www.deltat.info\/cn\/wp-json\/wp\/v2\/media?parent=1613"}],"curies":[{"name":"wp","href":"https:\/\/api.w.org\/{rel}","templated":true}]}}