{"id":1617,"date":"2020-02-24T16:45:58","date_gmt":"2020-02-24T15:45:58","guid":{"rendered":"http:\/\/neuesweb.deltat.de\/?page_id=1617"},"modified":"2020-06-08T14:49:07","modified_gmt":"2020-06-08T12:49:07","slug":"validierung-messung","status":"publish","type":"page","link":"https:\/\/www.deltat.info\/cn\/services\/validierung-messung\/","title":{"rendered":"\u9a8c\u8bc1\u4e0e\u6d4b\u91cf"},"content":{"rendered":"<div data-elementor-type=\"wp-page\" data-elementor-id=\"1617\" class=\"elementor elementor-1617\" data-elementor-post-type=\"page\">\n\t\t\t\t\t\t<section class=\"elementor-section elementor-top-section elementor-element elementor-element-923e515 elementor-section-boxed elementor-section-height-default elementor-section-height-default\" data-id=\"923e515\" data-element_type=\"section\" data-e-type=\"section\">\n\t\t\t\t\t\t<div class=\"elementor-container elementor-column-gap-default\">\n\t\t\t\t\t<div class=\"elementor-column elementor-col-100 elementor-top-column elementor-element elementor-element-7a09c57\" data-id=\"7a09c57\" data-element_type=\"column\" data-e-type=\"column\">\n\t\t\t<div class=\"elementor-widget-wrap elementor-element-populated\">\n\t\t\t\t\t\t<div class=\"elementor-element elementor-element-4f5e3d4 elementor-widget elementor-widget-global elementor-global-295 elementor-widget-heading\" data-id=\"4f5e3d4\" data-element_type=\"widget\" data-e-type=\"widget\" data-widget_type=\"heading.default\">\n\t\t\t\t<div class=\"elementor-widget-container\">\n\t\t\t\t\t<h1 class=\"elementor-heading-title elementor-size-default\">\u9a8c\u8bc1\u4e0e\u6d4b\u91cf<\/h1>\t\t\t\t<\/div>\n\t\t\t\t<\/div>\n\t\t\t\t\t<\/div>\n\t\t<\/div>\n\t\t\t\t\t<\/div>\n\t\t<\/section>\n\t\t\t\t<section class=\"elementor-section elementor-top-section elementor-element elementor-element-3c353e1 elementor-section-boxed elementor-section-height-default elementor-section-height-default\" data-id=\"3c353e1\" data-element_type=\"section\" data-e-type=\"section\">\n\t\t\t\t\t\t<div class=\"elementor-container elementor-column-gap-default\">\n\t\t\t\t\t<div class=\"elementor-column elementor-col-50 elementor-top-column elementor-element elementor-element-cd25657\" data-id=\"cd25657\" data-element_type=\"column\" data-e-type=\"column\">\n\t\t\t<div class=\"elementor-widget-wrap elementor-element-populated\">\n\t\t\t\t\t\t<div class=\"elementor-element elementor-element-d81e16f elementor-widget elementor-widget-text-editor\" data-id=\"d81e16f\" data-element_type=\"widget\" data-e-type=\"widget\" data-widget_type=\"text-editor.default\">\n\t\t\t\t<div class=\"elementor-widget-container\">\n\t\t\t\t\t\t\t\t\t<p>\u6d4b\u8bd5\u6bcf\u5929\u90fd\u5728deltaT\u8fdb\u884c\u7740\u3002\u6839\u636e\u5ba2\u6237\u6307\u5b9a\u8981\u6c42\u7684\u6e29\u5ea6\u6bb5\u5185\u7684\u8fd0\u8f93\u8981\u6c42\u53ca\u5728\u9884\u671f\u5916\u90e8\u6e29\u5ea6\u7684\u6781\u7aef\u60c5\u51b5\u4e0b\u4f1a\u8fdb\u884c\u6e29\u5ea6\u6d4b\u8bd5\uff0c\u6765\u4fdd\u8bc1\u6570\u636e\u7684\u51c6\u786e\u6027\u3002\u3000<\/p><p>\u8fd9\u4e9b\u6d4b\u91cf\u8fc7\u7a0b\u662f\u6781\u5176\u6807\u51c6\u5316\u7684\u3002delta T\u5728\u6a21\u62df\u771f\u5b9e\u7684\u8fd0\u8f93\u6216\u5b58\u50a8\u7684\u6e29\u5ea6\u73af\u5883\uff0c\u8fdb\u884c\u6e29\u5ea6\u6d4b\u8bd5\u3002<\/p><p>\u6211\u4eec\u4f7f\u7528\u81ea\u5df1\u7684ThermoScan\u7cfb\u7edf\u8fdb\u884c\u6d4b\u91cf-\u8fd9\u4e9b\u662f\u7ecf\u8fc7\u6821\u51c6\u7684\u6e29\u5ea6\u6570\u636e\u8bb0\u5f55\u5668\uff0c\u5b83\u4eec\u7684\u7cbe\u5ea6\u6781\u9ad8\uff0c\u80fd\u591f\u63d0\u4f9b\u6781\u5176\u51c6\u786e\u7684\u6570\u636e\u3002\u8be5\u9879\u76ee\u7531delta T\u5f00\u53d1\u90e8\u95e8Dipl.-Ing Bienert\u8d1f\u8d23\u3002<\/p><p>\u5f53\u4eba\u4eec\u8c08\u5230\u6e29\u5ea6\u9a8c\u8bc1\u65f6\uff0c\u5c31\u8c08\u5230\u4e86\u7acb\u6cd5\u8005\u89c4\u5b9a\u7684\u6846\u67b6\u6761\u4ef6\uff0c\u8fd9\u4e9b\u6761\u4ef6\u5fc5\u987b\u5728\u5b9e\u9645\u6761\u4ef6\u4e0b\u5f97\u5230\u8bc1\u5b9e\u3002<\/p><p>\u56e0\u6b64\uff0c\u6700\u597d\u80fd\u505a\u6709\u6548\u7684\u9a8c\u8bc1\u3002\u9a8c\u8bc1\u6bd4\u4e00\u822c\u7684\u6d4b\u91cf\u8981\u590d\u6742\u7684\u591a\u3002delta T\u3000\u53ef\u63d0\u4f9b\u6709\u6548\u7684\u9a8c\u8bc1\u670d\u52a1\u3002<\/p><p>\u7acb\u6cd5\u8005\u89c4\u5b9a\uff08\u4f8b\u5982\u5728GDP\u4e2d\uff09\u6709\u5fc5\u987b\u9700\u8981\u9075\u5b88\u7684\u8861\u91cf\u6807\u51c6\u548c\u6846\u67b6\u6761\u4ef6\u3002<\/p><p>\u53ea\u8981\u8fd0\u8f93\u7cfb\u7edf\uff08\u4fdd\u6e29\u5bb9\u5668\u548c\u50a8\u80fd\u5143\u4ef6\uff09\u6ca1\u6709\u53d8\u5316\u5e76\u4e14\u4e00\u5207\u90fd\u7b26\u5408\u6846\u67b6\u6761\u4ef6\uff08\u5305\u88c5\u4f4d\u7f6e\u7684\u5916\u90e8\u6e29\u5ea6\uff0c\u8fd0\u8f93\u8fc7\u7a0b\u4e2d\u7684\u5916\u90e8\u6e29\u5ea6\u7b49\uff09\u4fdd\u6301\u76f8\u5bf9\u4e0d\u53d8\uff0c\u5747\u53ef\u91c7\u7528\u76f8\u540c\u7684\u89e3\u51b3\u65b9\u6848\u3002<\/p><p>\u60a8\u53ef\u4ee5\u4ece\u60a8\u7684\u5730\u533a\u7acb\u6cd5\u8005\u90a3\u91cc\u83b7\u5f97\u8fdb\u884c\u9a8c\u8bc1\u7684\u6761\u4ef6\u53ca\u5176\u6587\u6863\u3002<\/p>\t\t\t\t\t\t\t\t<\/div>\n\t\t\t\t<\/div>\n\t\t\t\t\t<\/div>\n\t\t<\/div>\n\t\t\t\t<div class=\"elementor-column elementor-col-50 elementor-top-column elementor-element elementor-element-681f793\" data-id=\"681f793\" data-element_type=\"column\" data-e-type=\"column\">\n\t\t\t<div class=\"elementor-widget-wrap elementor-element-populated\">\n\t\t\t\t\t\t<div class=\"elementor-element elementor-element-93f5c84 elementor-widget elementor-widget-image\" data-id=\"93f5c84\" data-element_type=\"widget\" data-e-type=\"widget\" data-widget_type=\"image.default\">\n\t\t\t\t<div class=\"elementor-widget-container\">\n\t\t\t\t\t\t\t\t\t\t\t\t\t\t\t<img fetchpriority=\"high\" decoding=\"async\" width=\"494\" height=\"388\" src=\"https:\/\/www.deltat.info\/wp-content\/uploads\/2020\/02\/leistungen-validierung-messung.jpg\" class=\"attachment-large size-large wp-image-1619\" alt=\"delta T Validierung &amp; Messung mit delta T ThermoScan\" srcset=\"https:\/\/www.deltat.info\/wp-content\/uploads\/2020\/02\/leistungen-validierung-messung.jpg 494w, https:\/\/www.deltat.info\/wp-content\/uploads\/2020\/02\/leistungen-validierung-messung-300x236.jpg 300w\" sizes=\"(max-width: 494px) 100vw, 494px\" \/>\t\t\t\t\t\t\t\t\t\t\t\t\t\t\t<\/div>\n\t\t\t\t<\/div>\n\t\t\t\t\t<\/div>\n\t\t<\/div>\n\t\t\t\t\t<\/div>\n\t\t<\/section>\n\t\t\t\t<section class=\"elementor-section elementor-top-section elementor-element elementor-element-613b1c2 elementor-section-boxed elementor-section-height-default elementor-section-height-default\" data-id=\"613b1c2\" data-element_type=\"section\" data-e-type=\"section\">\n\t\t\t\t\t\t<div class=\"elementor-container elementor-column-gap-default\">\n\t\t\t\t\t<div class=\"elementor-column elementor-col-100 elementor-top-column elementor-element elementor-element-8bf9140\" data-id=\"8bf9140\" data-element_type=\"column\" data-e-type=\"column\">\n\t\t\t<div class=\"elementor-widget-wrap elementor-element-populated\">\n\t\t\t\t\t\t<div class=\"elementor-element elementor-element-5743417 elementor-widget elementor-widget-spacer\" data-id=\"5743417\" data-element_type=\"widget\" data-e-type=\"widget\" data-widget_type=\"spacer.default\">\n\t\t\t\t<div class=\"elementor-widget-container\">\n\t\t\t\t\t\t\t<div class=\"elementor-spacer\">\n\t\t\t<div class=\"elementor-spacer-inner\"><\/div>\n\t\t<\/div>\n\t\t\t\t\t\t<\/div>\n\t\t\t\t<\/div>\n\t\t\t\t\t<\/div>\n\t\t<\/div>\n\t\t\t\t\t<\/div>\n\t\t<\/section>\n\t\t\t\t<\/div>","protected":false},"excerpt":{"rendered":"<p>Die Messung ist ein Prozess, der t\u00e4glich bei delta T vorkommt. Messungen werden f\u00fcr alle Temperaturbereiche, f\u00fcr die delta T Spezialfluide anbietet, durchgef\u00fchrt, f\u00fcr Konstellationen, die Kunden vorgeben sowie f\u00fcr Extremf\u00e4lle von zu erwartenden Au\u00dfentemperaturen. Diese Messvorg\u00e4nge gleichen einem erarbeiteten wissenschaftlichen Standard, der in Ablauf und Dokumentation gleich ist. Bei delta T wird in Klimakammern &#8230; <a title=\"\u9a8c\u8bc1 &amp; \u68c0\u6d4b\" class=\"read-more\" href=\"https:\/\/www.deltat.info\/cn\/services\/validierung-messung\/\" aria-label=\"\u9605\u8bfb Validierung &#038; Messung\">\u9605\u8bfb\u66f4\u591a<\/a><\/p>","protected":false},"author":1,"featured_media":0,"parent":1598,"menu_order":2,"comment_status":"closed","ping_status":"closed","template":"","meta":{"footnotes":""},"class_list":["post-1617","page","type-page","status-publish"],"yoast_head":"<!-- This site is optimized with the Yoast SEO plugin v27.4 - https:\/\/yoast.com\/product\/yoast-seo-wordpress\/ -->\n<title>Validierung &amp; Messung - delta T<\/title>\n<meta name=\"description\" content=\"Messungen werden f\u00fcr alle Temperaturbereiche, f\u00fcr die delta T Spezialfluide in seinen K\u00fchl-Akkus anbietet, durchgef\u00fchrt.\" \/>\n<meta name=\"robots\" content=\"index, follow, max-snippet:-1, max-image-preview:large, max-video-preview:-1\" \/>\n<link rel=\"canonical\" href=\"https:\/\/www.deltat.info\/cn\/services\/validierung-messung\/\" \/>\n<meta name=\"twitter:label1\" content=\"\u9884\u8ba1\u9605\u8bfb\u65f6\u95f4\" \/>\n\t<meta name=\"twitter:data1\" content=\"1 \u5206\" \/>\n<script type=\"application\/ld+json\" class=\"yoast-schema-graph\">{\"@context\":\"https:\\\/\\\/schema.org\",\"@graph\":[{\"@type\":\"WebPage\",\"@id\":\"https:\\\/\\\/www.deltat.info\\\/services\\\/validierung-messung\\\/\",\"url\":\"https:\\\/\\\/www.deltat.info\\\/services\\\/validierung-messung\\\/\",\"name\":\"Validierung & Messung - delta T\",\"isPartOf\":{\"@id\":\"https:\\\/\\\/www.deltat.info\\\/#website\"},\"primaryImageOfPage\":{\"@id\":\"https:\\\/\\\/www.deltat.info\\\/services\\\/validierung-messung\\\/#primaryimage\"},\"image\":{\"@id\":\"https:\\\/\\\/www.deltat.info\\\/services\\\/validierung-messung\\\/#primaryimage\"},\"thumbnailUrl\":\"https:\\\/\\\/www.deltat.info\\\/wp-content\\\/uploads\\\/2020\\\/02\\\/leistungen-validierung-messung.jpg\",\"datePublished\":\"2020-02-24T15:45:58+00:00\",\"dateModified\":\"2020-06-08T12:49:07+00:00\",\"description\":\"Messungen werden f\u00fcr alle Temperaturbereiche, f\u00fcr die delta T Spezialfluide in seinen K\u00fchl-Akkus anbietet, durchgef\u00fchrt.\",\"breadcrumb\":{\"@id\":\"https:\\\/\\\/www.deltat.info\\\/services\\\/validierung-messung\\\/#breadcrumb\"},\"inLanguage\":\"zh-Hans\",\"potentialAction\":[{\"@type\":\"ReadAction\",\"target\":[\"https:\\\/\\\/www.deltat.info\\\/services\\\/validierung-messung\\\/\"]}]},{\"@type\":\"ImageObject\",\"inLanguage\":\"zh-Hans\",\"@id\":\"https:\\\/\\\/www.deltat.info\\\/services\\\/validierung-messung\\\/#primaryimage\",\"url\":\"https:\\\/\\\/www.deltat.info\\\/wp-content\\\/uploads\\\/2020\\\/02\\\/leistungen-validierung-messung.jpg\",\"contentUrl\":\"https:\\\/\\\/www.deltat.info\\\/wp-content\\\/uploads\\\/2020\\\/02\\\/leistungen-validierung-messung.jpg\"},{\"@type\":\"BreadcrumbList\",\"@id\":\"https:\\\/\\\/www.deltat.info\\\/services\\\/validierung-messung\\\/#breadcrumb\",\"itemListElement\":[{\"@type\":\"ListItem\",\"position\":1,\"name\":\"Startseite\",\"item\":\"https:\\\/\\\/www.deltat.info\\\/\"},{\"@type\":\"ListItem\",\"position\":2,\"name\":\"Services\",\"item\":\"https:\\\/\\\/www.deltat.info\\\/services\\\/\"},{\"@type\":\"ListItem\",\"position\":3,\"name\":\"Validierung &#038; Messung\"}]},{\"@type\":\"WebSite\",\"@id\":\"https:\\\/\\\/www.deltat.info\\\/#website\",\"url\":\"https:\\\/\\\/www.deltat.info\\\/\",\"name\":\"delta T Gesellschaft f\u00fcr Medizintechnik mbH\",\"description\":\"Die delta T Gesellschaft f\u00fcr Medizintechnik mbH entwickelt und produziert Transportl\u00f6sungen f\u00fcr temperatursensible Produkte wie Arzneimittel, Blut, Organe oder andere K\u00fchlprodukte der Medizin.\",\"publisher\":{\"@id\":\"https:\\\/\\\/www.deltat.info\\\/#organization\"},\"potentialAction\":[{\"@type\":\"SearchAction\",\"target\":{\"@type\":\"EntryPoint\",\"urlTemplate\":\"https:\\\/\\\/www.deltat.info\\\/?s={search_term_string}\"},\"query-input\":{\"@type\":\"PropertyValueSpecification\",\"valueRequired\":true,\"valueName\":\"search_term_string\"}}],\"inLanguage\":\"zh-Hans\"},{\"@type\":\"Organization\",\"@id\":\"https:\\\/\\\/www.deltat.info\\\/#organization\",\"name\":\"delta T Gesellschaft f\u00fcr Medizintechnik mbH\",\"url\":\"https:\\\/\\\/www.deltat.info\\\/\",\"logo\":{\"@type\":\"ImageObject\",\"inLanguage\":\"zh-Hans\",\"@id\":\"https:\\\/\\\/www.deltat.info\\\/#\\\/schema\\\/logo\\\/image\\\/\",\"url\":\"https:\\\/\\\/www.deltat.info\\\/wp-content\\\/uploads\\\/2020\\\/02\\\/delta-t-logo-2020.png\",\"contentUrl\":\"https:\\\/\\\/www.deltat.info\\\/wp-content\\\/uploads\\\/2020\\\/02\\\/delta-t-logo-2020.png\",\"width\":202,\"height\":80,\"caption\":\"delta T Gesellschaft f\u00fcr Medizintechnik mbH\"},\"image\":{\"@id\":\"https:\\\/\\\/www.deltat.info\\\/#\\\/schema\\\/logo\\\/image\\\/\"},\"sameAs\":[\"https:\\\/\\\/www.facebook.com\\\/Delta-T-GmbH-1250957958263459\\\/\",\"https:\\\/\\\/x.com\\\/deltaT_global\",\"https:\\\/\\\/www.linkedin.com\\\/company\\\/delta-t-gmbh\",\"https:\\\/\\\/www.youtube.com\\\/channel\\\/UCu10jeTdpr6Mehzqe_QMK3Q\"]}]}<\/script>\n<!-- \/ Yoast SEO plugin. -->","yoast_head_json":{"title":"Validierung & Messung - delta T","description":"Messungen werden f\u00fcr alle Temperaturbereiche, f\u00fcr die delta T Spezialfluide in seinen K\u00fchl-Akkus anbietet, durchgef\u00fchrt.","robots":{"index":"index","follow":"follow","max-snippet":"max-snippet:-1","max-image-preview":"max-image-preview:large","max-video-preview":"max-video-preview:-1"},"canonical":"https:\/\/www.deltat.info\/cn\/services\/validierung-messung\/","twitter_misc":{"\u9884\u8ba1\u9605\u8bfb\u65f6\u95f4":"1 \u5206"},"schema":{"@context":"https:\/\/schema.org","@graph":[{"@type":"WebPage","@id":"https:\/\/www.deltat.info\/services\/validierung-messung\/","url":"https:\/\/www.deltat.info\/services\/validierung-messung\/","name":"Validierung & Messung - delta T","isPartOf":{"@id":"https:\/\/www.deltat.info\/#website"},"primaryImageOfPage":{"@id":"https:\/\/www.deltat.info\/services\/validierung-messung\/#primaryimage"},"image":{"@id":"https:\/\/www.deltat.info\/services\/validierung-messung\/#primaryimage"},"thumbnailUrl":"https:\/\/www.deltat.info\/wp-content\/uploads\/2020\/02\/leistungen-validierung-messung.jpg","datePublished":"2020-02-24T15:45:58+00:00","dateModified":"2020-06-08T12:49:07+00:00","description":"Messungen werden f\u00fcr alle Temperaturbereiche, f\u00fcr die delta T Spezialfluide in seinen K\u00fchl-Akkus anbietet, durchgef\u00fchrt.","breadcrumb":{"@id":"https:\/\/www.deltat.info\/services\/validierung-messung\/#breadcrumb"},"inLanguage":"zh-Hans","potentialAction":[{"@type":"ReadAction","target":["https:\/\/www.deltat.info\/services\/validierung-messung\/"]}]},{"@type":"ImageObject","inLanguage":"zh-Hans","@id":"https:\/\/www.deltat.info\/services\/validierung-messung\/#primaryimage","url":"https:\/\/www.deltat.info\/wp-content\/uploads\/2020\/02\/leistungen-validierung-messung.jpg","contentUrl":"https:\/\/www.deltat.info\/wp-content\/uploads\/2020\/02\/leistungen-validierung-messung.jpg"},{"@type":"BreadcrumbList","@id":"https:\/\/www.deltat.info\/services\/validierung-messung\/#breadcrumb","itemListElement":[{"@type":"ListItem","position":1,"name":"Startseite","item":"https:\/\/www.deltat.info\/"},{"@type":"ListItem","position":2,"name":"Services","item":"https:\/\/www.deltat.info\/services\/"},{"@type":"ListItem","position":3,"name":"Validierung &#038; Messung"}]},{"@type":"WebSite","@id":"https:\/\/www.deltat.info\/#website","url":"https:\/\/www.deltat.info\/","name":"delta T \u751f\u7269\u533b\u7597\u6709\u9650\u516c\u53f8","description":"Die delta T Gesellschaft f\u00fcr Medizintechnik mbH entwickelt und produziert Transportl\u00f6sungen f\u00fcr temperatursensible Produkte wie Arzneimittel, Blut, Organe oder andere K\u00fchlprodukte der Medizin.","publisher":{"@id":"https:\/\/www.deltat.info\/#organization"},"potentialAction":[{"@type":"SearchAction","target":{"@type":"EntryPoint","urlTemplate":"https:\/\/www.deltat.info\/?s={search_term_string}"},"query-input":{"@type":"PropertyValueSpecification","valueRequired":true,"valueName":"search_term_string"}}],"inLanguage":"zh-Hans"},{"@type":"Organization","@id":"https:\/\/www.deltat.info\/#organization","name":"delta T \u751f\u7269\u533b\u7597\u6709\u9650\u516c\u53f8","url":"https:\/\/www.deltat.info\/","logo":{"@type":"ImageObject","inLanguage":"zh-Hans","@id":"https:\/\/www.deltat.info\/#\/schema\/logo\/image\/","url":"https:\/\/www.deltat.info\/wp-content\/uploads\/2020\/02\/delta-t-logo-2020.png","contentUrl":"https:\/\/www.deltat.info\/wp-content\/uploads\/2020\/02\/delta-t-logo-2020.png","width":202,"height":80,"caption":"delta T Gesellschaft f\u00fcr Medizintechnik mbH"},"image":{"@id":"https:\/\/www.deltat.info\/#\/schema\/logo\/image\/"},"sameAs":["https:\/\/www.facebook.com\/Delta-T-GmbH-1250957958263459\/","https:\/\/x.com\/deltaT_global","https:\/\/www.linkedin.com\/company\/delta-t-gmbh","https:\/\/www.youtube.com\/channel\/UCu10jeTdpr6Mehzqe_QMK3Q"]}]}},"_links":{"self":[{"href":"https:\/\/www.deltat.info\/cn\/wp-json\/wp\/v2\/pages\/1617","targetHints":{"allow":["GET"]}}],"collection":[{"href":"https:\/\/www.deltat.info\/cn\/wp-json\/wp\/v2\/pages"}],"about":[{"href":"https:\/\/www.deltat.info\/cn\/wp-json\/wp\/v2\/types\/page"}],"author":[{"embeddable":true,"href":"https:\/\/www.deltat.info\/cn\/wp-json\/wp\/v2\/users\/1"}],"replies":[{"embeddable":true,"href":"https:\/\/www.deltat.info\/cn\/wp-json\/wp\/v2\/comments?post=1617"}],"version-history":[{"count":4,"href":"https:\/\/www.deltat.info\/cn\/wp-json\/wp\/v2\/pages\/1617\/revisions"}],"predecessor-version":[{"id":1973,"href":"https:\/\/www.deltat.info\/cn\/wp-json\/wp\/v2\/pages\/1617\/revisions\/1973"}],"up":[{"embeddable":true,"href":"https:\/\/www.deltat.info\/cn\/wp-json\/wp\/v2\/pages\/1598"}],"wp:attachment":[{"href":"https:\/\/www.deltat.info\/cn\/wp-json\/wp\/v2\/media?parent=1617"}],"curies":[{"name":"wp","href":"https:\/\/api.w.org\/{rel}","templated":true}]}}