{"id":341,"date":"2020-01-23T16:38:13","date_gmt":"2020-01-23T15:38:13","guid":{"rendered":"http:\/\/neuesweb.deltat.de\/?page_id=341"},"modified":"2020-04-30T16:17:57","modified_gmt":"2020-04-30T14:17:57","slug":"philosophie","status":"publish","type":"page","link":"https:\/\/www.deltat.info\/cn\/ueber-delta-t\/philosophie\/","title":{"rendered":"\u7406\u5ff5"},"content":{"rendered":"<div data-elementor-type=\"wp-page\" data-elementor-id=\"341\" class=\"elementor elementor-341\" data-elementor-post-type=\"page\">\n\t\t\t\t\t\t<section class=\"elementor-section elementor-top-section elementor-element elementor-element-e116118 elementor-section-boxed elementor-section-height-default elementor-section-height-default\" data-id=\"e116118\" data-element_type=\"section\" data-e-type=\"section\">\n\t\t\t\t\t\t<div class=\"elementor-container elementor-column-gap-default\">\n\t\t\t\t\t<div class=\"elementor-column elementor-col-100 elementor-top-column elementor-element elementor-element-8943332\" data-id=\"8943332\" data-element_type=\"column\" data-e-type=\"column\">\n\t\t\t<div class=\"elementor-widget-wrap elementor-element-populated\">\n\t\t\t\t\t\t<div class=\"elementor-element elementor-element-8249dbd elementor-widget elementor-widget-global elementor-global-295 elementor-widget-heading\" data-id=\"8249dbd\" data-element_type=\"widget\" data-e-type=\"widget\" data-widget_type=\"heading.default\">\n\t\t\t\t<div class=\"elementor-widget-container\">\n\t\t\t\t\t<h1 class=\"elementor-heading-title elementor-size-default\">\u7406\u5ff5<\/h1>\t\t\t\t<\/div>\n\t\t\t\t<\/div>\n\t\t\t\t\t<\/div>\n\t\t<\/div>\n\t\t\t\t\t<\/div>\n\t\t<\/section>\n\t\t\t\t<section class=\"elementor-section elementor-top-section elementor-element elementor-element-6505da7e elementor-section-height-min-height elementor-section-boxed elementor-section-height-default elementor-section-items-middle\" data-id=\"6505da7e\" data-element_type=\"section\" data-e-type=\"section\">\n\t\t\t\t\t\t\t<div class=\"elementor-background-overlay\"><\/div>\n\t\t\t\t\t\t\t<div class=\"elementor-container elementor-column-gap-default\">\n\t\t\t\t\t<div class=\"elementor-column elementor-col-50 elementor-top-column elementor-element elementor-element-30e18ffd\" data-id=\"30e18ffd\" data-element_type=\"column\" data-e-type=\"column\">\n\t\t\t<div class=\"elementor-widget-wrap elementor-element-populated\">\n\t\t\t\t\t\t<div class=\"elementor-element elementor-element-40d5163a elementor-widget elementor-widget-text-editor\" data-id=\"40d5163a\" data-element_type=\"widget\" data-e-type=\"widget\" data-widget_type=\"text-editor.default\">\n\t\t\t\t<div class=\"elementor-widget-container\">\n\t\t\t\t\t\t\t\t\t<p style=\"font-weight: 400;\">delta T \u662f\u4e00\u5bb6\u751f\u4ea7\u70ed\u7a33\u5b9a\u50a8\u80fd\u5143\u4ef6\u548c\u9694\u70ed\u5305\u88c5\u7684\u751f\u7269\u533b\u7597\u79d1\u6280\u6709\u9650\u516c\u53f8\u3002\u6211\u4eec\u52aa\u529b\u4e0e\u5ba2\u6237\u5efa\u7acb\u5e76\u4fdd\u6301\u957f\u671f\u5408\u4f5c\u5173\u7cfb\u3002\u6211\u4eec\u6df1\u77e5\u5ba2\u6237\u662f\u6211\u4eec\u4e1a\u52a1\u7684\u6838\u5fc3\uff0c\u5e76\u7aed\u5c3d\u6240\u80fd\u4e3a\u4ed6\u4eec\u63d0\u4f9b\u50a8\u80fd\u5143\u4ef6\u548c\u9694\u70ed\u5305\u88c5\u7684\u6700\u4f73\u652f\u6301\u3002\n\u4e3a\u4e86\u5b9e\u73b0\u4e0e\u5ba2\u6237\u7684\u5353\u8d8a\u5408\u4f5c\uff0c\u6211\u4eec\u8fd8\u5fc5\u987b\u4e13\u6ce8\u4e8e\u5185\u90e8\u5408\u4f5c\u4ee5\u53ca\u4e0e\u4f9b\u5e94\u5546\u7684\u53d1\u5c55\u3002\u6211\u4eec\u5728\u53d1\u8d27\u524d\u5747\u5bf9\u4ea7\u54c1\u8fdb\u884c\u68c0\u6d4b\uff0c\u4ee5\u786e\u4fdd\u6211\u4eec\u7684\u5ba2\u6237\u6536\u5230\u6700\u4f18\u8d28\u7684\u4ea7\u54c1\u3002\u6211\u4eec\u8fd8\u4f1a\u5b9a\u671f\u5ba1\u6838\u548c\u6d4b\u8bd5\u4f9b\u5e94\u5546\uff0c\u200b\u200b\u4ee5\u786e\u4fdd\u6211\u4eec\u4f7f\u7528\u7684\u662f\u6700\u4f18\u8d28\u7684\u539f\u6599\u3002<\/p><p><strong>\u6211\u4eec\u7684\u76ee\u6807<\/strong><\/p><ul><li>\u81f4\u529b\u4e8e\u63d0\u4f9b\u6700\u4f18\u8d28\u7684\u4ea7\u54c1\u3002\u901a\u8fc7\u5bf9\u6211\u4eec\u6240\u6709\u4ea7\u54c1\u7684\u8d28\u91cf\u6d4b\u8bd5\u548c\u4f9b\u5e94\u5546\u5ba1\u6838\u5b9e\u73b0\u3002<\/li><li>\u65e0\u5fe7\u65e0\u5fe7\u7684\u5ba2\u6237\u670d\u52a1\u3002\u901a\u8fc7\u6df1\u5165\u57f9\u8bad\u5e76\u627e\u5230\u6700\u4f73\u5458\u5de5\u6765\u5b9e\u73b0\u3002<\/li><li>\u6211\u4eec\u7814\u53d1\u56e2\u961f\u4e0e\u65f6\u4ff1\u8fdb\uff0c\u5f00\u53d1\u5c16\u7aef\u4ea7\u54c1\u3002\u901a\u8fc7\u5236\u5b9a\u6570\u636e\u9a71\u52a8\u578b\u51b3\u7b56\u6765\u5b9e\u73b0\u3002<\/li><\/ul><p><strong>bestimmt.<\/strong><\/p>\t\t\t\t\t\t\t\t<\/div>\n\t\t\t\t<\/div>\n\t\t\t\t\t<\/div>\n\t\t<\/div>\n\t\t\t\t<div class=\"elementor-column elementor-col-50 elementor-top-column elementor-element elementor-element-5938b379\" data-id=\"5938b379\" data-element_type=\"column\" data-e-type=\"column\">\n\t\t\t<div class=\"elementor-widget-wrap\">\n\t\t\t\t\t\t\t<\/div>\n\t\t<\/div>\n\t\t\t\t\t<\/div>\n\t\t<\/section>\n\t\t\t\t<section class=\"elementor-section elementor-top-section elementor-element elementor-element-e9e167c elementor-section-boxed elementor-section-height-default elementor-section-height-default\" data-id=\"e9e167c\" data-element_type=\"section\" data-e-type=\"section\">\n\t\t\t\t\t\t<div class=\"elementor-container elementor-column-gap-default\">\n\t\t\t\t\t<div class=\"elementor-column elementor-col-50 elementor-top-column elementor-element elementor-element-e4959d1\" data-id=\"e4959d1\" data-element_type=\"column\" data-e-type=\"column\">\n\t\t\t<div class=\"elementor-widget-wrap elementor-element-populated\">\n\t\t\t\t\t\t<div class=\"elementor-element elementor-element-85442b6 elementor-widget elementor-widget-text-editor\" data-id=\"85442b6\" data-element_type=\"widget\" data-e-type=\"widget\" data-widget_type=\"text-editor.default\">\n\t\t\t\t<div class=\"elementor-widget-container\">\n\t\t\t\t\t\t\t\t\t<p>\u4e3a\u4e86\u6ee1\u8db3\u5ba2\u6237\u7684\u671f\u671b\u5e76\u786e\u4fdd\u4e1a\u52a1\u7684\u957f\u671f\u7a33\u6b65\u589e\u957f\uff0cdelta T \u751f\u7269\u533b\u7597\u79d1\u6280\u6709\u9650\u516c\u53f8\u9075\u5faa\u4ee5\u4e0b\u539f\u5219\uff1a<\/p><ul><li>\u4ee5\u5ba2\u6237\u7684\u8981\u6c42\u4e3a\u670d\u52a1\u5bfc\u5411\u3002<\/li><li>\u751f\u4ea7\u8fc7\u7a0b\u4e2d\u5bf9\u8d28\u91cf\u7684\u4e25\u683c\u628a\u63a7\u3002<\/li><li>\u4fdd\u8bc1\u516c\u53f8\u4e0d\u65ad\u521b\u6536\uff0c\u4ee5\u6b64\u786e\u4fdd\u957f\u671f\u5065\u5eb7\u7684\u5de5\u4f5c\u6c1b\u56f4\u3002<\/li><li>\u8fdb\u884c\u4ea7\u54c1\u8d28\u91cf\u76f8\u5173\u7684\u5458\u5de5\u57f9\u8bad\u3002<\/li><li>\u901a\u8fc7\u5ba2\u6237\u53cd\u9988\uff0c\u6765\u8fdb\u4e00\u6b65\u63d0\u5347\u4ea7\u54c1\u8d28\u91cf\u3002<\/li><\/ul>\t\t\t\t\t\t\t\t<\/div>\n\t\t\t\t<\/div>\n\t\t\t\t\t<\/div>\n\t\t<\/div>\n\t\t\t\t<div class=\"elementor-column elementor-col-50 elementor-top-column elementor-element elementor-element-d257c7b\" data-id=\"d257c7b\" data-element_type=\"column\" data-e-type=\"column\">\n\t\t\t<div class=\"elementor-widget-wrap elementor-element-populated\">\n\t\t\t\t\t\t<div class=\"elementor-element elementor-element-dc87cf1 elementor-widget elementor-widget-text-editor\" data-id=\"dc87cf1\" data-element_type=\"widget\" data-e-type=\"widget\" data-widget_type=\"text-editor.default\">\n\t\t\t\t<div class=\"elementor-widget-container\">\n\t\t\t\t\t\t\t\t\t<p>\u6301\u7eed\u521b\u65b0\uff0c\u5b9e\u73b0\u9ad8\u8d28\u91cf\u4ea7\u54c1\u7684\u7814\u53d1\u548c\u751f\u4ea7\uff0c\u8fbe\u5230\u4f01\u4e1a\u76ee\u6807\uff0c\u662f\u6211\u4eec\u7684\u804c\u8d23\uff1a<\/p><ul><li>\u53ea\u4e3a\u5ba2\u6237\u63d0\u4f9b\u4f18\u8d28\u7684\u4ea7\u54c1\u548c\u670d\u52a1\u3002<\/li><li>\u4e0d\u65ad\u5b8c\u5584\u4e1a\u52a1\u6d41\u7a0b\uff0c\u4ee5\u5b9e\u73b0\u9ad8\u6548,\u9ad8\u8d28,\u9ad8\u80fd\u3002<\/li><li>\u63d0\u9ad8\u5404\u7ea7\u7ba1\u7406\u90e8\u95e8\u7684\u8d28\u91cf\u610f\u8bc6\u3002<\/li><li>\u5728\u5404\u73af\u8282\uff0c\u907f\u514d\u9519\u8bef\u7684\u53d1\u751f\uff0c\u5b9e\u73b0\u8282\u6d41\u3002<\/li><li>\u5b8c\u5584\u516c\u53f8\u7ba1\u7406\u673a\u5236\u3002<\/li><\/ul><p><strong>\u8fd9\u4e9b\u76ee\u6807\u548c\u539f\u5219\u662f\u6240\u6709\u4e1a\u52a1\u6d41\u7a0b\u7684\u57fa\u51c6\u3002<\/strong><\/p>\t\t\t\t\t\t\t\t<\/div>\n\t\t\t\t<\/div>\n\t\t\t\t\t<\/div>\n\t\t<\/div>\n\t\t\t\t\t<\/div>\n\t\t<\/section>\n\t\t\t\t<\/div>","protected":false},"excerpt":{"rendered":"<p>Unternehmensziel der delta T Gesellschaft f\u00fcr Medizintechnik mbH ist die konsequente Bestandssicherung durch Pflege der langj\u00e4hrig erarbeiteten Kundenbeziehungen und Betreuung der Neukunden. Basis hierf\u00fcr ist die ausgepr\u00e4gte, zielgerichtete Kundenorientierung in allen Gesch\u00e4ftsabl\u00e4ufen. Durch konsequente Kundenorientierung, verbunden mit den daraus entstehenden Erfolgen, wird f\u00fcr jeden einzelnen Mitarbeiter sein pers\u00f6nliches Wertgef\u00fchl gesteigert, seine Identifikation mit den Firmenzielen &#8230; <a title=\"\u7406\u5ff5\" class=\"read-more\" href=\"https:\/\/www.deltat.info\/cn\/ueber-delta-t\/philosophie\/\" aria-label=\"\u9605\u8bfb Philosophie\">\u9605\u8bfb\u66f4\u591a<\/a><\/p>","protected":false},"author":1,"featured_media":0,"parent":8,"menu_order":0,"comment_status":"closed","ping_status":"closed","template":"","meta":{"footnotes":""},"class_list":["post-341","page","type-page","status-publish"],"yoast_head":"<!-- This site is optimized with the Yoast SEO plugin v27.5 - https:\/\/yoast.com\/product\/yoast-seo-wordpress\/ -->\n<title>Philosophie Gesellschaft f\u00fcr Medizintechnik mb - delta T<\/title>\n<meta name=\"description\" content=\"Philosophie - Unternehmensziel der delta T Gesellschaft f\u00fcr Medizintechnik mbH ist die konsequente Kundenbetreuung sowie zielgerichtete Kundenorientierung.\" \/>\n<meta name=\"robots\" content=\"index, follow, max-snippet:-1, max-image-preview:large, max-video-preview:-1\" \/>\n<link rel=\"canonical\" href=\"https:\/\/www.deltat.info\/cn\/ueber-delta-t\/philosophie\/\" \/>\n<meta name=\"twitter:label1\" content=\"\u9884\u8ba1\u9605\u8bfb\u65f6\u95f4\" \/>\n\t<meta name=\"twitter:data1\" content=\"1 \u5206\" \/>\n<script type=\"application\/ld+json\" class=\"yoast-schema-graph\">{\"@context\":\"https:\\\/\\\/schema.org\",\"@graph\":[{\"@type\":\"WebPage\",\"@id\":\"https:\\\/\\\/www.deltat.info\\\/ueber-delta-t\\\/philosophie\\\/\",\"url\":\"https:\\\/\\\/www.deltat.info\\\/ueber-delta-t\\\/philosophie\\\/\",\"name\":\"Philosophie Gesellschaft f\u00fcr Medizintechnik mb - delta T\",\"isPartOf\":{\"@id\":\"https:\\\/\\\/www.deltat.info\\\/#website\"},\"datePublished\":\"2020-01-23T15:38:13+00:00\",\"dateModified\":\"2020-04-30T14:17:57+00:00\",\"description\":\"Philosophie - Unternehmensziel der delta T Gesellschaft f\u00fcr Medizintechnik mbH ist die konsequente Kundenbetreuung sowie zielgerichtete Kundenorientierung.\",\"breadcrumb\":{\"@id\":\"https:\\\/\\\/www.deltat.info\\\/ueber-delta-t\\\/philosophie\\\/#breadcrumb\"},\"inLanguage\":\"zh-Hans\",\"potentialAction\":[{\"@type\":\"ReadAction\",\"target\":[\"https:\\\/\\\/www.deltat.info\\\/ueber-delta-t\\\/philosophie\\\/\"]}]},{\"@type\":\"BreadcrumbList\",\"@id\":\"https:\\\/\\\/www.deltat.info\\\/ueber-delta-t\\\/philosophie\\\/#breadcrumb\",\"itemListElement\":[{\"@type\":\"ListItem\",\"position\":1,\"name\":\"Startseite\",\"item\":\"https:\\\/\\\/www.deltat.info\\\/\"},{\"@type\":\"ListItem\",\"position\":2,\"name\":\"\u00dcber delta T\",\"item\":\"https:\\\/\\\/www.deltat.info\\\/ueber-delta-t\\\/\"},{\"@type\":\"ListItem\",\"position\":3,\"name\":\"Philosophie\"}]},{\"@type\":\"WebSite\",\"@id\":\"https:\\\/\\\/www.deltat.info\\\/#website\",\"url\":\"https:\\\/\\\/www.deltat.info\\\/\",\"name\":\"delta T Gesellschaft f\u00fcr Medizintechnik mbH\",\"description\":\"Die delta T Gesellschaft f\u00fcr Medizintechnik mbH entwickelt und produziert Transportl\u00f6sungen f\u00fcr temperatursensible Produkte wie Arzneimittel, Blut, Organe oder andere K\u00fchlprodukte der Medizin.\",\"publisher\":{\"@id\":\"https:\\\/\\\/www.deltat.info\\\/#organization\"},\"potentialAction\":[{\"@type\":\"SearchAction\",\"target\":{\"@type\":\"EntryPoint\",\"urlTemplate\":\"https:\\\/\\\/www.deltat.info\\\/?s={search_term_string}\"},\"query-input\":{\"@type\":\"PropertyValueSpecification\",\"valueRequired\":true,\"valueName\":\"search_term_string\"}}],\"inLanguage\":\"zh-Hans\"},{\"@type\":\"Organization\",\"@id\":\"https:\\\/\\\/www.deltat.info\\\/#organization\",\"name\":\"delta T Gesellschaft f\u00fcr Medizintechnik mbH\",\"url\":\"https:\\\/\\\/www.deltat.info\\\/\",\"logo\":{\"@type\":\"ImageObject\",\"inLanguage\":\"zh-Hans\",\"@id\":\"https:\\\/\\\/www.deltat.info\\\/#\\\/schema\\\/logo\\\/image\\\/\",\"url\":\"https:\\\/\\\/www.deltat.info\\\/wp-content\\\/uploads\\\/2020\\\/02\\\/delta-t-logo-2020.png\",\"contentUrl\":\"https:\\\/\\\/www.deltat.info\\\/wp-content\\\/uploads\\\/2020\\\/02\\\/delta-t-logo-2020.png\",\"width\":202,\"height\":80,\"caption\":\"delta T Gesellschaft f\u00fcr Medizintechnik mbH\"},\"image\":{\"@id\":\"https:\\\/\\\/www.deltat.info\\\/#\\\/schema\\\/logo\\\/image\\\/\"},\"sameAs\":[\"https:\\\/\\\/www.facebook.com\\\/Delta-T-GmbH-1250957958263459\\\/\",\"https:\\\/\\\/x.com\\\/deltaT_global\",\"https:\\\/\\\/www.linkedin.com\\\/company\\\/delta-t-gmbh\",\"https:\\\/\\\/www.youtube.com\\\/channel\\\/UCu10jeTdpr6Mehzqe_QMK3Q\"]}]}<\/script>\n<!-- \/ Yoast SEO plugin. -->","yoast_head_json":{"title":"Philosophie Gesellschaft f\u00fcr Medizintechnik mb - delta T","description":"Philosophie - Unternehmensziel der delta T Gesellschaft f\u00fcr Medizintechnik mbH ist die konsequente Kundenbetreuung sowie zielgerichtete Kundenorientierung.","robots":{"index":"index","follow":"follow","max-snippet":"max-snippet:-1","max-image-preview":"max-image-preview:large","max-video-preview":"max-video-preview:-1"},"canonical":"https:\/\/www.deltat.info\/cn\/ueber-delta-t\/philosophie\/","twitter_misc":{"\u9884\u8ba1\u9605\u8bfb\u65f6\u95f4":"1 \u5206"},"schema":{"@context":"https:\/\/schema.org","@graph":[{"@type":"WebPage","@id":"https:\/\/www.deltat.info\/ueber-delta-t\/philosophie\/","url":"https:\/\/www.deltat.info\/ueber-delta-t\/philosophie\/","name":"Philosophie Gesellschaft f\u00fcr Medizintechnik mb - delta T","isPartOf":{"@id":"https:\/\/www.deltat.info\/#website"},"datePublished":"2020-01-23T15:38:13+00:00","dateModified":"2020-04-30T14:17:57+00:00","description":"Philosophie - Unternehmensziel der delta T Gesellschaft f\u00fcr Medizintechnik mbH ist die konsequente Kundenbetreuung sowie zielgerichtete Kundenorientierung.","breadcrumb":{"@id":"https:\/\/www.deltat.info\/ueber-delta-t\/philosophie\/#breadcrumb"},"inLanguage":"zh-Hans","potentialAction":[{"@type":"ReadAction","target":["https:\/\/www.deltat.info\/ueber-delta-t\/philosophie\/"]}]},{"@type":"BreadcrumbList","@id":"https:\/\/www.deltat.info\/ueber-delta-t\/philosophie\/#breadcrumb","itemListElement":[{"@type":"ListItem","position":1,"name":"Startseite","item":"https:\/\/www.deltat.info\/"},{"@type":"ListItem","position":2,"name":"\u00dcber delta T","item":"https:\/\/www.deltat.info\/ueber-delta-t\/"},{"@type":"ListItem","position":3,"name":"Philosophie"}]},{"@type":"WebSite","@id":"https:\/\/www.deltat.info\/#website","url":"https:\/\/www.deltat.info\/","name":"delta T \u751f\u7269\u533b\u7597\u6709\u9650\u516c\u53f8","description":"Die delta T Gesellschaft f\u00fcr Medizintechnik mbH entwickelt und produziert Transportl\u00f6sungen f\u00fcr temperatursensible Produkte wie Arzneimittel, Blut, Organe oder andere K\u00fchlprodukte der Medizin.","publisher":{"@id":"https:\/\/www.deltat.info\/#organization"},"potentialAction":[{"@type":"SearchAction","target":{"@type":"EntryPoint","urlTemplate":"https:\/\/www.deltat.info\/?s={search_term_string}"},"query-input":{"@type":"PropertyValueSpecification","valueRequired":true,"valueName":"search_term_string"}}],"inLanguage":"zh-Hans"},{"@type":"Organization","@id":"https:\/\/www.deltat.info\/#organization","name":"delta T \u751f\u7269\u533b\u7597\u6709\u9650\u516c\u53f8","url":"https:\/\/www.deltat.info\/","logo":{"@type":"ImageObject","inLanguage":"zh-Hans","@id":"https:\/\/www.deltat.info\/#\/schema\/logo\/image\/","url":"https:\/\/www.deltat.info\/wp-content\/uploads\/2020\/02\/delta-t-logo-2020.png","contentUrl":"https:\/\/www.deltat.info\/wp-content\/uploads\/2020\/02\/delta-t-logo-2020.png","width":202,"height":80,"caption":"delta T Gesellschaft f\u00fcr Medizintechnik mbH"},"image":{"@id":"https:\/\/www.deltat.info\/#\/schema\/logo\/image\/"},"sameAs":["https:\/\/www.facebook.com\/Delta-T-GmbH-1250957958263459\/","https:\/\/x.com\/deltaT_global","https:\/\/www.linkedin.com\/company\/delta-t-gmbh","https:\/\/www.youtube.com\/channel\/UCu10jeTdpr6Mehzqe_QMK3Q"]}]}},"_links":{"self":[{"href":"https:\/\/www.deltat.info\/cn\/wp-json\/wp\/v2\/pages\/341","targetHints":{"allow":["GET"]}}],"collection":[{"href":"https:\/\/www.deltat.info\/cn\/wp-json\/wp\/v2\/pages"}],"about":[{"href":"https:\/\/www.deltat.info\/cn\/wp-json\/wp\/v2\/types\/page"}],"author":[{"embeddable":true,"href":"https:\/\/www.deltat.info\/cn\/wp-json\/wp\/v2\/users\/1"}],"replies":[{"embeddable":true,"href":"https:\/\/www.deltat.info\/cn\/wp-json\/wp\/v2\/comments?post=341"}],"version-history":[{"count":7,"href":"https:\/\/www.deltat.info\/cn\/wp-json\/wp\/v2\/pages\/341\/revisions"}],"predecessor-version":[{"id":1828,"href":"https:\/\/www.deltat.info\/cn\/wp-json\/wp\/v2\/pages\/341\/revisions\/1828"}],"up":[{"embeddable":true,"href":"https:\/\/www.deltat.info\/cn\/wp-json\/wp\/v2\/pages\/8"}],"wp:attachment":[{"href":"https:\/\/www.deltat.info\/cn\/wp-json\/wp\/v2\/media?parent=341"}],"curies":[{"name":"wp","href":"https:\/\/api.w.org\/{rel}","templated":true}]}}