{"id":347,"date":"2020-01-23T16:50:32","date_gmt":"2020-01-23T15:50:32","guid":{"rendered":"http:\/\/neuesweb.deltat.de\/?page_id=347"},"modified":"2020-04-30T16:17:03","modified_gmt":"2020-04-30T14:17:03","slug":"historie","status":"publish","type":"page","link":"https:\/\/www.deltat.info\/cn\/ueber-delta-t\/historie\/","title":{"rendered":"\u53d1\u5c55\u5386\u53f2"},"content":{"rendered":"<div data-elementor-type=\"wp-page\" data-elementor-id=\"347\" class=\"elementor elementor-347\" data-elementor-post-type=\"page\">\n\t\t\t\t\t\t<section class=\"elementor-section elementor-top-section elementor-element elementor-element-0051d63 elementor-section-boxed elementor-section-height-default elementor-section-height-default\" data-id=\"0051d63\" data-element_type=\"section\" data-e-type=\"section\">\n\t\t\t\t\t\t<div class=\"elementor-container elementor-column-gap-default\">\n\t\t\t\t\t<div class=\"elementor-column elementor-col-100 elementor-top-column elementor-element elementor-element-aee6b07\" data-id=\"aee6b07\" data-element_type=\"column\" data-e-type=\"column\">\n\t\t\t<div class=\"elementor-widget-wrap elementor-element-populated\">\n\t\t\t\t\t\t<div class=\"elementor-element elementor-element-8acab84 elementor-widget elementor-widget-global elementor-global-295 elementor-widget-heading\" data-id=\"8acab84\" data-element_type=\"widget\" data-e-type=\"widget\" data-widget_type=\"heading.default\">\n\t\t\t\t<div class=\"elementor-widget-container\">\n\t\t\t\t\t<h1 class=\"elementor-heading-title elementor-size-default\">\u53d1\u5c55\u5386\u53f2<\/h1>\t\t\t\t<\/div>\n\t\t\t\t<\/div>\n\t\t\t\t\t<\/div>\n\t\t<\/div>\n\t\t\t\t\t<\/div>\n\t\t<\/section>\n\t\t\t\t<section class=\"elementor-section elementor-top-section elementor-element elementor-element-55e0f1d0 elementor-section-height-min-height elementor-section-boxed elementor-section-height-default elementor-section-items-middle\" data-id=\"55e0f1d0\" data-element_type=\"section\" data-e-type=\"section\">\n\t\t\t\t\t\t\t<div class=\"elementor-background-overlay\"><\/div>\n\t\t\t\t\t\t\t<div class=\"elementor-container elementor-column-gap-default\">\n\t\t\t\t\t<div class=\"elementor-column elementor-col-50 elementor-top-column elementor-element elementor-element-3fcd921\" data-id=\"3fcd921\" data-element_type=\"column\" data-e-type=\"column\">\n\t\t\t<div class=\"elementor-widget-wrap elementor-element-populated\">\n\t\t\t\t\t\t<div class=\"elementor-element elementor-element-5fcf5c8c elementor-widget elementor-widget-text-editor\" data-id=\"5fcf5c8c\" data-element_type=\"widget\" data-e-type=\"widget\" data-widget_type=\"text-editor.default\">\n\t\t\t\t<div class=\"elementor-widget-container\">\n\t\t\t\t\t\t\t\t\t<p>delta T \u751f\u7269\u533b\u7597\u79d1\u6280\u6709\u9650\u516c\u53f8\u6210\u7acb\u4e8e2000\u5e74\uff0c\u603b\u90e8\u8bbe\u7acb\u5728\u5fb7\u56fd\u5409\u68ee(Gie\u00dfen)\u9644\u8fd1\u7684\u8d39\u6069\u74e6\u5c14\u5fb7\uff08Fernwald\uff09\uff08\u8ddd\u79bb\u6cd5\u5170\u514b\u798f60\u516c\u91cc\uff09\u3002 \u662f\u96c6\u76f8\u53d8\u50a8\u80fd\u6750\u6599\uff0c\u4fdd\u6e29\u7bb1\uff0c\u6e29\u5ea6\u8bb0\u5f55\u5668\u7b49\u4ea7\u54c1\u7684\u7814\u53d1\uff0c\u751f\u4ea7\u4e3a\u4e00\u4f53\u7684\u5236\u9020\u5546\u3002\u4e13\u6ce8\u4e8e\u751f\u547d\u79d1\u5b66\u3001\u751f\u7269\u533b\u836f\u9886\u57df\u7684\u7269\u6d41\u89e3\u51b3\u65b9\u6848\u3002delta T\u7684\u9694\u70ed\u5305\u88c5\u53ca\u50a8\u51b7\u65e8\u5728\u6ee1\u8db3\u7ea2\u7ec6\u80de\uff0c\u8840\u5236\u54c1\uff0c \u836f\u54c1\uff0c\u75ab\u82d7\uff0c\u533b\u836f\uff0c\u5b9e\u9a8c\u6837\u672c\uff0c\u751f\u7269\u5236\u54c1\u7b49\u6e29\u63a7\u4e25\u82db\u4ea7\u54c1\u7684\u8fd0\u8f93\u8981\u6c42\u3002<\/p><p>\u8fd1\u5e74\u6765\uff0cdelta T\u4e00\u76f4\u5728\u7a33\u6b65\u53d1\u5c55\u3002\u81ea2010\u5e74\u8d77\uff0c\u5728\u8d39\u6069\u74e6\u5c14\u5fb7\u7684\u57fa\u5730\u751f\u4ea7\u591a\u79cd\u50a8\u80fd\u5143\u4ef6\u548c\u9694\u70ed\u5305\u88c5\u3002\u5171\u670915\u540d\u5458\u5de5\u3002<\/p><p>\u6839\u636e\u5ba2\u6237\u5bf9\u8fd0\u8f93\u6e29\u5ea6\u7a33\u5b9a\u6027\u7684\u9700\u6c42\uff0cdelta T \u63d0\u4f9b\u4e00\u6b21\u6027\u53ca\u53ef\u5faa\u73af\u4f7f\u7528\u7684\u6e29\u63a7\u9694\u70ed\u6750\u6599\u4f9b\u5ba2\u6237\u9009\u62e9\u3002\u6211\u4eec\u4f7f\u7528\u7684\u9694\u7a7a\u70ed\u6750\u6599\u5305\u62ec\u805a\u6c28\u916f\uff0c\u805a\u82ef\u4e59\u70ef\u6ce1\u6cab\u5851\u6599\uff0c\u805a\u4e19\u70ef\u548c\u771f\u9694\u70ed\u677f\u7b49\uff0c\u7ed3\u5408\u65e0\u7eba\u5e03\u548c\u786c\u8d28\u9762\u677f\uff0c\u94dd\u7b94\u6216\u7eb8\u677f\uff0c\u6839\u636e\u4ea7\u54c1\u6027\u8d28\u53ca\u5916\u754c\u73af\u5883\uff0c \u9009\u62e9\u5408\u9002\u6750\u6599\u7684\u4fdd\u6e29\u6750\u6599\u3002\u6211\u4eec\u7684\u4ea7\u54c1\uff0c\u968f\u65f6\u5f85\u547d\u3002<\/p>\t\t\t\t\t\t\t\t<\/div>\n\t\t\t\t<\/div>\n\t\t\t\t\t<\/div>\n\t\t<\/div>\n\t\t\t\t<div class=\"elementor-column elementor-col-50 elementor-top-column elementor-element elementor-element-4623dd7c\" data-id=\"4623dd7c\" data-element_type=\"column\" data-e-type=\"column\">\n\t\t\t<div class=\"elementor-widget-wrap\">\n\t\t\t\t\t\t\t<\/div>\n\t\t<\/div>\n\t\t\t\t\t<\/div>\n\t\t<\/section>\n\t\t\t\t<section class=\"elementor-section elementor-top-section elementor-element elementor-element-3ff68c3 elementor-section-boxed elementor-section-height-default elementor-section-height-default\" data-id=\"3ff68c3\" data-element_type=\"section\" data-e-type=\"section\">\n\t\t\t\t\t\t<div class=\"elementor-container elementor-column-gap-default\">\n\t\t\t\t\t<div class=\"elementor-column elementor-col-50 elementor-top-column elementor-element elementor-element-88cc723\" data-id=\"88cc723\" data-element_type=\"column\" data-e-type=\"column\">\n\t\t\t<div class=\"elementor-widget-wrap elementor-element-populated\">\n\t\t\t\t\t\t<div class=\"elementor-element elementor-element-7a12c96 elementor-widget elementor-widget-text-editor\" data-id=\"7a12c96\" data-element_type=\"widget\" data-e-type=\"widget\" data-widget_type=\"text-editor.default\">\n\t\t\t\t<div class=\"elementor-widget-container\">\n\t\t\t\t\t\t\t\t\t<p>\u5728\u4ea7\u54c1\u8fd0\u8f93\u8fc7\u7a0b\u4e2d\uff0c\u53ef\u642d\u914d\u4f7f\u7528delta T\u7684\u6e29\u5ea6\u6570\u636e\u8bb0\u5f55\u5668\u6765\u5b9e\u73b0\u4ea7\u54c1\u8fd0\u8f93\u8fc7\u7a0b\u4e2d\u5bf9\u6e29\u5ea6\u7684\u76d1\u63a7\u3002 delta T\u7684\u6e29\u5ea6\u6570\u636e\u8bb0\u5f55\u5668\u4f53\u79ef\u5c0f\uff0c\u53ef\u4e0e\u4ea7\u54c1\u7d27\u5bc6\u8d34\u5728\u4e00\u8d77\uff0c\u8bb0\u5f55\u6e29\u5ea6\u7684\u7a33\u5b9a\u6027\u3002 \u5728\u7535\u8111\u7aef\u8fdb\u884c\u6570\u636e\u8bfb\u53d6\uff0c\u76d1\u63a7\u8fd0\u8f93\u65f6\u7684\u6e29\u5ea6\u53d8\u5316\u3002 \u4ee510\u5206\u949f\u8bb0\u5f55\u4e00\u6b21\u6570\u636e\u4e3a\u4f8b\uff0c\u6570\u636e\u8bb0\u5f55\u5668\u53ef\u50a8\u5b58\u4e09\u4e2a\u6708\u7684\u6570\u636e\u91cf\u3002<\/p>\t\t\t\t\t\t\t\t<\/div>\n\t\t\t\t<\/div>\n\t\t\t\t\t<\/div>\n\t\t<\/div>\n\t\t\t\t<div class=\"elementor-column elementor-col-50 elementor-top-column elementor-element elementor-element-403a15e\" data-id=\"403a15e\" data-element_type=\"column\" data-e-type=\"column\">\n\t\t\t<div class=\"elementor-widget-wrap elementor-element-populated\">\n\t\t\t\t\t\t<div class=\"elementor-element elementor-element-0ef2826 elementor-widget elementor-widget-text-editor\" data-id=\"0ef2826\" data-element_type=\"widget\" data-e-type=\"widget\" data-widget_type=\"text-editor.default\">\n\t\t\t\t<div class=\"elementor-widget-container\">\n\t\t\t\t\t\t\t\t\t<p>delta T\u53ef\u4ee5\u6839\u636e\u5ba2\u6237\u9700\u6c42\u8bbe\u8ba1\u548c\u751f\u4ea76\u81f3120\u5c0f\u65f6\u7684\u88ab\u52a8\u8fd0\u8f93\u7cfb\u7edf\uff0c\u5e76\u4fdd\u8bc1\u5728\u89c4\u5b9a\u7684\u6e29\u5ea6\u8303\u56f4\u5185\u8fd0\u8f93\u5404\u7c7b\u6e29\u63a7\u4ea7\u54c1\u3002<\/p>\t\t\t\t\t\t\t\t<\/div>\n\t\t\t\t<\/div>\n\t\t\t\t\t<\/div>\n\t\t<\/div>\n\t\t\t\t\t<\/div>\n\t\t<\/section>\n\t\t\t\t<\/div>","protected":false},"excerpt":{"rendered":"<p>Die delta T Gesellschaft f\u00fcr Medizintechnik mbH hat Ihren Sitz in Fernwald bei Gie\u00dfen und wurde im Jahr 2000 gegr\u00fcndet. Seitdem produzieren wir Isolierbeh\u00e4lter und Temperierelemente, um \u201eLife Science\u201c Produkte bei konstanten Temperaturen transportieren zu k\u00f6nnen. Unsere Produkte sichern lebensrettende Eigenschaften der Transportprodukte und werden zum Transport vom Blutprodukten, Organen und Arzneimitteln verwendet. In letzten &#8230; <a title=\"\u53d1\u5c55\u5386\u53f2\" class=\"read-more\" href=\"https:\/\/www.deltat.info\/cn\/ueber-delta-t\/historie\/\" aria-label=\"\u9605\u8bfb Historie\">\u9605\u8bfb\u66f4\u591a<\/a><\/p>","protected":false},"author":1,"featured_media":0,"parent":8,"menu_order":0,"comment_status":"closed","ping_status":"closed","template":"","meta":{"footnotes":""},"class_list":["post-347","page","type-page","status-publish"],"yoast_head":"<!-- This site is optimized with the Yoast SEO plugin v27.4 - https:\/\/yoast.com\/product\/yoast-seo-wordpress\/ -->\n<title>Historie - Gesellschaft f\u00fcr Medizintechnik mbH - delta T<\/title>\n<meta name=\"description\" content=\"delta T History - wir produzieren Isolierbeh\u00e4lter und Temperierelemente, um Life Science Produkte bei konstanten Temperaturen transportieren zu k\u00f6nnen.\" \/>\n<meta name=\"robots\" content=\"index, follow, max-snippet:-1, max-image-preview:large, max-video-preview:-1\" \/>\n<link rel=\"canonical\" href=\"https:\/\/www.deltat.info\/cn\/ueber-delta-t\/historie\/\" \/>\n<meta name=\"twitter:label1\" content=\"\u9884\u8ba1\u9605\u8bfb\u65f6\u95f4\" \/>\n\t<meta name=\"twitter:data1\" content=\"1 \u5206\" \/>\n<script type=\"application\/ld+json\" class=\"yoast-schema-graph\">{\"@context\":\"https:\\\/\\\/schema.org\",\"@graph\":[{\"@type\":\"WebPage\",\"@id\":\"https:\\\/\\\/www.deltat.info\\\/ueber-delta-t\\\/historie\\\/\",\"url\":\"https:\\\/\\\/www.deltat.info\\\/ueber-delta-t\\\/historie\\\/\",\"name\":\"Historie - Gesellschaft f\u00fcr Medizintechnik mbH - delta T\",\"isPartOf\":{\"@id\":\"https:\\\/\\\/www.deltat.info\\\/#website\"},\"datePublished\":\"2020-01-23T15:50:32+00:00\",\"dateModified\":\"2020-04-30T14:17:03+00:00\",\"description\":\"delta T History - wir produzieren Isolierbeh\u00e4lter und Temperierelemente, um Life Science Produkte bei konstanten Temperaturen transportieren zu k\u00f6nnen.\",\"breadcrumb\":{\"@id\":\"https:\\\/\\\/www.deltat.info\\\/ueber-delta-t\\\/historie\\\/#breadcrumb\"},\"inLanguage\":\"zh-Hans\",\"potentialAction\":[{\"@type\":\"ReadAction\",\"target\":[\"https:\\\/\\\/www.deltat.info\\\/ueber-delta-t\\\/historie\\\/\"]}]},{\"@type\":\"BreadcrumbList\",\"@id\":\"https:\\\/\\\/www.deltat.info\\\/ueber-delta-t\\\/historie\\\/#breadcrumb\",\"itemListElement\":[{\"@type\":\"ListItem\",\"position\":1,\"name\":\"Startseite\",\"item\":\"https:\\\/\\\/www.deltat.info\\\/\"},{\"@type\":\"ListItem\",\"position\":2,\"name\":\"\u00dcber delta T\",\"item\":\"https:\\\/\\\/www.deltat.info\\\/ueber-delta-t\\\/\"},{\"@type\":\"ListItem\",\"position\":3,\"name\":\"Historie\"}]},{\"@type\":\"WebSite\",\"@id\":\"https:\\\/\\\/www.deltat.info\\\/#website\",\"url\":\"https:\\\/\\\/www.deltat.info\\\/\",\"name\":\"delta T Gesellschaft f\u00fcr Medizintechnik mbH\",\"description\":\"Die delta T Gesellschaft f\u00fcr Medizintechnik mbH entwickelt und produziert Transportl\u00f6sungen f\u00fcr temperatursensible Produkte wie Arzneimittel, Blut, Organe oder andere K\u00fchlprodukte der Medizin.\",\"publisher\":{\"@id\":\"https:\\\/\\\/www.deltat.info\\\/#organization\"},\"potentialAction\":[{\"@type\":\"SearchAction\",\"target\":{\"@type\":\"EntryPoint\",\"urlTemplate\":\"https:\\\/\\\/www.deltat.info\\\/?s={search_term_string}\"},\"query-input\":{\"@type\":\"PropertyValueSpecification\",\"valueRequired\":true,\"valueName\":\"search_term_string\"}}],\"inLanguage\":\"zh-Hans\"},{\"@type\":\"Organization\",\"@id\":\"https:\\\/\\\/www.deltat.info\\\/#organization\",\"name\":\"delta T Gesellschaft f\u00fcr Medizintechnik mbH\",\"url\":\"https:\\\/\\\/www.deltat.info\\\/\",\"logo\":{\"@type\":\"ImageObject\",\"inLanguage\":\"zh-Hans\",\"@id\":\"https:\\\/\\\/www.deltat.info\\\/#\\\/schema\\\/logo\\\/image\\\/\",\"url\":\"https:\\\/\\\/www.deltat.info\\\/wp-content\\\/uploads\\\/2020\\\/02\\\/delta-t-logo-2020.png\",\"contentUrl\":\"https:\\\/\\\/www.deltat.info\\\/wp-content\\\/uploads\\\/2020\\\/02\\\/delta-t-logo-2020.png\",\"width\":202,\"height\":80,\"caption\":\"delta T Gesellschaft f\u00fcr Medizintechnik mbH\"},\"image\":{\"@id\":\"https:\\\/\\\/www.deltat.info\\\/#\\\/schema\\\/logo\\\/image\\\/\"},\"sameAs\":[\"https:\\\/\\\/www.facebook.com\\\/Delta-T-GmbH-1250957958263459\\\/\",\"https:\\\/\\\/x.com\\\/deltaT_global\",\"https:\\\/\\\/www.linkedin.com\\\/company\\\/delta-t-gmbh\",\"https:\\\/\\\/www.youtube.com\\\/channel\\\/UCu10jeTdpr6Mehzqe_QMK3Q\"]}]}<\/script>\n<!-- \/ Yoast SEO plugin. -->","yoast_head_json":{"title":"Historie - Gesellschaft f\u00fcr Medizintechnik mbH - delta T","description":"delta T History - wir produzieren Isolierbeh\u00e4lter und Temperierelemente, um Life Science Produkte bei konstanten Temperaturen transportieren zu k\u00f6nnen.","robots":{"index":"index","follow":"follow","max-snippet":"max-snippet:-1","max-image-preview":"max-image-preview:large","max-video-preview":"max-video-preview:-1"},"canonical":"https:\/\/www.deltat.info\/cn\/ueber-delta-t\/historie\/","twitter_misc":{"\u9884\u8ba1\u9605\u8bfb\u65f6\u95f4":"1 \u5206"},"schema":{"@context":"https:\/\/schema.org","@graph":[{"@type":"WebPage","@id":"https:\/\/www.deltat.info\/ueber-delta-t\/historie\/","url":"https:\/\/www.deltat.info\/ueber-delta-t\/historie\/","name":"Historie - Gesellschaft f\u00fcr Medizintechnik mbH - delta T","isPartOf":{"@id":"https:\/\/www.deltat.info\/#website"},"datePublished":"2020-01-23T15:50:32+00:00","dateModified":"2020-04-30T14:17:03+00:00","description":"delta T History - wir produzieren Isolierbeh\u00e4lter und Temperierelemente, um Life Science Produkte bei konstanten Temperaturen transportieren zu k\u00f6nnen.","breadcrumb":{"@id":"https:\/\/www.deltat.info\/ueber-delta-t\/historie\/#breadcrumb"},"inLanguage":"zh-Hans","potentialAction":[{"@type":"ReadAction","target":["https:\/\/www.deltat.info\/ueber-delta-t\/historie\/"]}]},{"@type":"BreadcrumbList","@id":"https:\/\/www.deltat.info\/ueber-delta-t\/historie\/#breadcrumb","itemListElement":[{"@type":"ListItem","position":1,"name":"Startseite","item":"https:\/\/www.deltat.info\/"},{"@type":"ListItem","position":2,"name":"\u00dcber delta T","item":"https:\/\/www.deltat.info\/ueber-delta-t\/"},{"@type":"ListItem","position":3,"name":"Historie"}]},{"@type":"WebSite","@id":"https:\/\/www.deltat.info\/#website","url":"https:\/\/www.deltat.info\/","name":"delta T \u751f\u7269\u533b\u7597\u6709\u9650\u516c\u53f8","description":"Die delta T Gesellschaft f\u00fcr Medizintechnik mbH entwickelt und produziert Transportl\u00f6sungen f\u00fcr temperatursensible Produkte wie Arzneimittel, Blut, Organe oder andere K\u00fchlprodukte der Medizin.","publisher":{"@id":"https:\/\/www.deltat.info\/#organization"},"potentialAction":[{"@type":"SearchAction","target":{"@type":"EntryPoint","urlTemplate":"https:\/\/www.deltat.info\/?s={search_term_string}"},"query-input":{"@type":"PropertyValueSpecification","valueRequired":true,"valueName":"search_term_string"}}],"inLanguage":"zh-Hans"},{"@type":"Organization","@id":"https:\/\/www.deltat.info\/#organization","name":"delta T \u751f\u7269\u533b\u7597\u6709\u9650\u516c\u53f8","url":"https:\/\/www.deltat.info\/","logo":{"@type":"ImageObject","inLanguage":"zh-Hans","@id":"https:\/\/www.deltat.info\/#\/schema\/logo\/image\/","url":"https:\/\/www.deltat.info\/wp-content\/uploads\/2020\/02\/delta-t-logo-2020.png","contentUrl":"https:\/\/www.deltat.info\/wp-content\/uploads\/2020\/02\/delta-t-logo-2020.png","width":202,"height":80,"caption":"delta T Gesellschaft f\u00fcr Medizintechnik mbH"},"image":{"@id":"https:\/\/www.deltat.info\/#\/schema\/logo\/image\/"},"sameAs":["https:\/\/www.facebook.com\/Delta-T-GmbH-1250957958263459\/","https:\/\/x.com\/deltaT_global","https:\/\/www.linkedin.com\/company\/delta-t-gmbh","https:\/\/www.youtube.com\/channel\/UCu10jeTdpr6Mehzqe_QMK3Q"]}]}},"_links":{"self":[{"href":"https:\/\/www.deltat.info\/cn\/wp-json\/wp\/v2\/pages\/347","targetHints":{"allow":["GET"]}}],"collection":[{"href":"https:\/\/www.deltat.info\/cn\/wp-json\/wp\/v2\/pages"}],"about":[{"href":"https:\/\/www.deltat.info\/cn\/wp-json\/wp\/v2\/types\/page"}],"author":[{"embeddable":true,"href":"https:\/\/www.deltat.info\/cn\/wp-json\/wp\/v2\/users\/1"}],"replies":[{"embeddable":true,"href":"https:\/\/www.deltat.info\/cn\/wp-json\/wp\/v2\/comments?post=347"}],"version-history":[{"count":6,"href":"https:\/\/www.deltat.info\/cn\/wp-json\/wp\/v2\/pages\/347\/revisions"}],"predecessor-version":[{"id":1827,"href":"https:\/\/www.deltat.info\/cn\/wp-json\/wp\/v2\/pages\/347\/revisions\/1827"}],"up":[{"embeddable":true,"href":"https:\/\/www.deltat.info\/cn\/wp-json\/wp\/v2\/pages\/8"}],"wp:attachment":[{"href":"https:\/\/www.deltat.info\/cn\/wp-json\/wp\/v2\/media?parent=347"}],"curies":[{"name":"wp","href":"https:\/\/api.w.org\/{rel}","templated":true}]}}