{"id":399,"date":"2020-01-24T13:06:49","date_gmt":"2020-01-24T12:06:49","guid":{"rendered":"http:\/\/neuesweb.deltat.de\/?page_id=399"},"modified":"2020-04-30T14:14:32","modified_gmt":"2020-04-30T12:14:32","slug":"sitemap","status":"publish","type":"page","link":"https:\/\/www.deltat.info\/cn\/sitemap\/","title":{"rendered":"Sitemap"},"content":{"rendered":"<div data-elementor-type=\"wp-page\" data-elementor-id=\"399\" class=\"elementor elementor-399\" data-elementor-post-type=\"page\">\n\t\t\t\t\t\t<section class=\"elementor-section elementor-top-section elementor-element elementor-element-c1c9e4e elementor-section-boxed elementor-section-height-default elementor-section-height-default\" data-id=\"c1c9e4e\" data-element_type=\"section\" data-e-type=\"section\">\n\t\t\t\t\t\t<div class=\"elementor-container elementor-column-gap-default\">\n\t\t\t\t\t<div class=\"elementor-column elementor-col-100 elementor-top-column elementor-element elementor-element-d9c7e35\" data-id=\"d9c7e35\" data-element_type=\"column\" data-e-type=\"column\">\n\t\t\t<div class=\"elementor-widget-wrap elementor-element-populated\">\n\t\t\t\t\t\t<div class=\"elementor-element elementor-element-2011ca7 elementor-widget elementor-widget-global elementor-global-295 elementor-widget-heading\" data-id=\"2011ca7\" data-element_type=\"widget\" data-e-type=\"widget\" data-widget_type=\"heading.default\">\n\t\t\t\t<div class=\"elementor-widget-container\">\n\t\t\t\t\t<h1 class=\"elementor-heading-title elementor-size-default\">Sitemap<\/h1>\t\t\t\t<\/div>\n\t\t\t\t<\/div>\n\t\t\t\t\t<\/div>\n\t\t<\/div>\n\t\t\t\t\t<\/div>\n\t\t<\/section>\n\t\t\t\t<section class=\"elementor-section elementor-top-section elementor-element elementor-element-f0ea121 elementor-section-boxed elementor-section-height-default elementor-section-height-default\" data-id=\"f0ea121\" data-element_type=\"section\" data-e-type=\"section\">\n\t\t\t\t\t\t<div class=\"elementor-container elementor-column-gap-default\">\n\t\t\t\t\t<div class=\"elementor-column elementor-col-100 elementor-top-column elementor-element elementor-element-87917ca\" data-id=\"87917ca\" data-element_type=\"column\" data-e-type=\"column\">\n\t\t\t<div class=\"elementor-widget-wrap elementor-element-populated\">\n\t\t\t\t\t\t<div class=\"elementor-element elementor-element-9dacf9d elementor-widget elementor-widget-sitemap\" data-id=\"9dacf9d\" data-element_type=\"widget\" data-e-type=\"widget\" data-widget_type=\"sitemap.default\">\n\t\t\t\t<div class=\"elementor-widget-container\">\n\t\t\t\t\t<div class=\"elementor-sitemap-wrap\"><div class=\"elementor-sitemap-section\"><h2 class=\"elementor-sitemap-title elementor-sitemap-page-title\">Seiten<\/h2><ul class=\"elementor-sitemap-list elementor-sitemap-page-list\"><li class=\"elementor-sitemap-item elementor-sitemap-item-page page_item page-item-2\"><a href=\"https:\/\/www.deltat.info\/cn\/\">\u4e3b\u9875<\/a><\/li><li class=\"elementor-sitemap-item elementor-sitemap-item-page page_item page-item-1285\"><a href=\"https:\/\/www.deltat.info\/cn\/cookie-einstellungen\/\">Cookie-Einstellungen<\/a><\/li><li class=\"elementor-sitemap-item elementor-sitemap-item-page page_item page-item-1598\"><a href=\"https:\/\/www.deltat.info\/cn\/services\/\">\u6211\u4eec\u7684\u670d\u52a1<\/a><ul class='children'><li class=\"elementor-sitemap-item elementor-sitemap-item-page page_item page-item-1608\"><a href=\"https:\/\/www.deltat.info\/cn\/services\/entwicklung\/\">\u521b\u65b0\u4e0e\u53d1\u5c55<\/a><\/li><li class=\"elementor-sitemap-item elementor-sitemap-item-page page_item page-item-1789\"><a href=\"https:\/\/www.deltat.info\/cn\/services\/downloads\/\">\u4e0b\u8f7d<\/a><\/li><li class=\"elementor-sitemap-item elementor-sitemap-item-page page_item page-item-1613\"><a href=\"https:\/\/www.deltat.info\/cn\/services\/herstellung\/\">\u751f\u4ea7<\/a><\/li><li class=\"elementor-sitemap-item elementor-sitemap-item-page page_item page-item-1617\"><a href=\"https:\/\/www.deltat.info\/cn\/services\/validierung-messung\/\">\u9a8c\u8bc1\u4e0e\u6d4b\u91cf<\/a><\/li><\/ul><\/li><li class=\"elementor-sitemap-item elementor-sitemap-item-page page_item page-item-2033\"><a href=\"https:\/\/www.deltat.info\/cn\/agb\/\">AGB<\/a><\/li><li class=\"elementor-sitemap-item elementor-sitemap-item-page page_item page-item-3\"><a href=\"https:\/\/www.deltat.info\/cn\/datenschutzerklaerung\/\">Datenschutzerkl\u00e4rung<\/a><\/li><li class=\"elementor-sitemap-item elementor-sitemap-item-page page_item page-item-8\"><a href=\"https:\/\/www.deltat.info\/cn\/ueber-delta-t\/\">\u5173\u4e8e\u6211\u4eec<\/a><ul class='children'><li class=\"elementor-sitemap-item elementor-sitemap-item-page page_item page-item-1388\"><a href=\"https:\/\/www.deltat.info\/cn\/ueber-delta-t\/aktuelles\/\">\u6700\u65b0\u52a8\u6001<\/a><\/li><li class=\"elementor-sitemap-item elementor-sitemap-item-page page_item page-item-341\"><a href=\"https:\/\/www.deltat.info\/cn\/ueber-delta-t\/philosophie\/\">\u7406\u5ff5<\/a><\/li><li class=\"elementor-sitemap-item elementor-sitemap-item-page page_item page-item-347\"><a href=\"https:\/\/www.deltat.info\/cn\/ueber-delta-t\/historie\/\">\u53d1\u5c55\u5386\u53f2<\/a><\/li><li class=\"elementor-sitemap-item elementor-sitemap-item-page page_item page-item-352\"><a href=\"https:\/\/www.deltat.info\/cn\/ueber-delta-t\/publication\/\">\u4fe1\u606f\u53d1\u5e03<\/a><\/li><\/ul><\/li><li class=\"elementor-sitemap-item elementor-sitemap-item-page page_item page-item-9\"><a href=\"https:\/\/www.deltat.info\/cn\/kontakt\/\">\u8054\u7cfb\u6211\u4eec<\/a><\/li><li class=\"elementor-sitemap-item elementor-sitemap-item-page page_item page-item-305\"><a href=\"https:\/\/www.deltat.info\/cn\/impressum\/\">Impressum<\/a><\/li><li class=\"elementor-sitemap-item elementor-sitemap-item-page page_item page-item-366\"><a href=\"https:\/\/www.deltat.info\/cn\/produkte\/\">\u4ea7\u54c1\u76ee\u5f55<\/a><ul class='children'><li class=\"elementor-sitemap-item elementor-sitemap-item-page page_item page-item-913\"><a href=\"https:\/\/www.deltat.info\/cn\/produkte\/isolierbehaelter\/\">\u4fdd\u6e29\u5305\u88c5<\/a><ul class='children'><li class=\"elementor-sitemap-item elementor-sitemap-item-page page_item page-item-927\"><a href=\"https:\/\/www.deltat.info\/cn\/produkte\/isolierbehaelter\/blueline-boxen\/\">TransporterBlueLine\u7cfb\u5217\u4fdd\u6e29\u7bb1<\/a><\/li><li class=\"elementor-sitemap-item elementor-sitemap-item-page page_item page-item-952\"><a href=\"https:\/\/www.deltat.info\/cn\/produkte\/isolierbehaelter\/isoliertaschen\/\">BlueLine\u7cfb\u5217\u4fdd\u6e29\u888b<\/a><\/li><li class=\"elementor-sitemap-item elementor-sitemap-item-page page_item page-item-964\"><a href=\"https:\/\/www.deltat.info\/cn\/produkte\/isolierbehaelter\/vakuum-boxen\/\">\u771f\u7a7a\u7bb1\u7cfb\u5217<\/a><\/li><li class=\"elementor-sitemap-item elementor-sitemap-item-page page_item page-item-985\"><a href=\"https:\/\/www.deltat.info\/cn\/produkte\/isolierbehaelter\/transportboxen\/\">\u751f\u7269\u5b89\u5168\u8f6c\u8fd0\u7bb1\u7cfb\u5217<\/a><\/li><li class=\"elementor-sitemap-item elementor-sitemap-item-page page_item page-item-992\"><a href=\"https:\/\/www.deltat.info\/cn\/produkte\/isolierbehaelter\/neopor-boxen\/\">Neopor\u4fdd\u6e29\u76d2\u7cfb\u5217<\/a><\/li><li class=\"elementor-sitemap-item elementor-sitemap-item-page page_item page-item-3888\"><a href=\"https:\/\/www.deltat.info\/cn\/produkte\/isolierbehaelter\/pharma-cases\/\">Pharma Cases \u7cfb\u5217\u4fdd\u6e29\u7bb1<\/a><\/li><li class=\"elementor-sitemap-item elementor-sitemap-item-page page_item page-item-3890\"><a href=\"https:\/\/www.deltat.info\/cn\/produkte\/isolierbehaelter\/einweg-vakuum-boxen\/\">DVB Vakuum Boxen<\/a><\/li><li class=\"elementor-sitemap-item elementor-sitemap-item-page page_item page-item-3892\"><a href=\"https:\/\/www.deltat.info\/cn\/produkte\/isolierbehaelter\/vakuum-taschen\/\">\u771f\u7a7a\u4fdd\u6e29\u888b<\/a><\/li><\/ul><\/li><li class=\"elementor-sitemap-item elementor-sitemap-item-page page_item page-item-3368\"><a href=\"https:\/\/www.deltat.info\/cn\/produkte\/pallet-shipper\/\">\u6258\u76d8\u6052\u6e29\u8fd0\u8f93\u5305\u88c5<\/a><ul class='children'><li class=\"elementor-sitemap-item elementor-sitemap-item-page page_item page-item-1014\"><a href=\"https:\/\/www.deltat.info\/cn\/produkte\/pallet-shipper\/eps-vip-pallet-shipper\/\">EPS VIP Pallet Shipper<\/a><\/li><li class=\"elementor-sitemap-item elementor-sitemap-item-page page_item page-item-3380\"><a href=\"https:\/\/www.deltat.info\/cn\/produkte\/pallet-shipper\/multi-use-vip-pallet-shipper\/\">Multi Use VIP Pallet Shipper<\/a><\/li><li class=\"elementor-sitemap-item elementor-sitemap-item-page page_item page-item-3385\"><a href=\"https:\/\/www.deltat.info\/cn\/produkte\/pallet-shipper\/eps-pallet-shipper\/\">EPS Pallet Shipper<\/a><\/li><li class=\"elementor-sitemap-item elementor-sitemap-item-page page_item page-item-3391\"><a href=\"https:\/\/www.deltat.info\/cn\/produkte\/pallet-shipper\/pallet-shipper-akkuboards\/\">Pallet Shipper Akkuboards<\/a><\/li><\/ul><\/li><li class=\"elementor-sitemap-item elementor-sitemap-item-page page_item page-item-453\"><a href=\"https:\/\/www.deltat.info\/cn\/produkte\/fluid-elemente\/\">\u6db2\u4f53\u50a8\u80fd\u5143\u4ef6<\/a><ul class='children'><li class=\"elementor-sitemap-item elementor-sitemap-item-page page_item page-item-2872\"><a href=\"https:\/\/www.deltat.info\/cn\/produkte\/fluid-elemente\/18c-akkus\/\">18 C Akkus<\/a><\/li><li class=\"elementor-sitemap-item elementor-sitemap-item-page page_item page-item-2878\"><a href=\"https:\/\/www.deltat.info\/cn\/produkte\/fluid-elemente\/minus-50c-freeze-elemente\/\">-50 C Freeze Elemente<\/a><\/li><li class=\"elementor-sitemap-item elementor-sitemap-item-page page_item page-item-4484\"><a href=\"https:\/\/www.deltat.info\/cn\/produkte\/fluid-elemente\/minus-12-c-freeze-elemente\/\">-12 C Freeze Elemente<\/a><\/li><li class=\"elementor-sitemap-item elementor-sitemap-item-page page_item page-item-851\"><a href=\"https:\/\/www.deltat.info\/cn\/produkte\/fluid-elemente\/minus-30c-freeze-elemente\/\">-30 C Freeze Elemente<\/a><\/li><li class=\"elementor-sitemap-item elementor-sitemap-item-page page_item page-item-519\"><a href=\"https:\/\/www.deltat.info\/cn\/produkte\/fluid-elemente\/4c-akkus\/\">4 C Akkus<\/a><\/li><li class=\"elementor-sitemap-item elementor-sitemap-item-page page_item page-item-576\"><a href=\"https:\/\/www.deltat.info\/cn\/produkte\/fluid-elemente\/22c-akkus\/\">22 C Akkus<\/a><\/li><li class=\"elementor-sitemap-item elementor-sitemap-item-page page_item page-item-629\"><a href=\"https:\/\/www.deltat.info\/cn\/produkte\/fluid-elemente\/37c-akkus\/\">37 C Akkus<\/a><\/li><li class=\"elementor-sitemap-item elementor-sitemap-item-page page_item page-item-788\"><a href=\"https:\/\/www.deltat.info\/cn\/produkte\/fluid-elemente\/ice-akkus\/\">\u51b0\u6392<\/a><\/li><li class=\"elementor-sitemap-item elementor-sitemap-item-page page_item page-item-814\"><a href=\"https:\/\/www.deltat.info\/cn\/produkte\/fluid-elemente\/minus-18c-freeze-elemente\/\">-18 C Freeze Elemente<\/a><\/li><li class=\"elementor-sitemap-item elementor-sitemap-item-page page_item page-item-841\"><a href=\"https:\/\/www.deltat.info\/cn\/produkte\/fluid-elemente\/minus-21c-freeze-elemente\/\">-21 C Freeze Elemente<\/a><\/li><li class=\"elementor-sitemap-item elementor-sitemap-item-page page_item page-item-854\"><a href=\"https:\/\/www.deltat.info\/cn\/produkte\/fluid-elemente\/gel-akkus\/\">\u80f6\u72b6\u50a8\u80fd\u5143\u4ef6<\/a><\/li><\/ul><\/li><li class=\"elementor-sitemap-item elementor-sitemap-item-page page_item page-item-606\"><a href=\"https:\/\/www.deltat.info\/cn\/produkte\/datenlogger\/\">\u6e29\u5ea6\u8bb0\u5f55\u5668<\/a><\/li><\/ul><\/li><li class=\"elementor-sitemap-item elementor-sitemap-item-page page_item page-item-399\"><a href=\"https:\/\/www.deltat.info\/cn\/sitemap\/\">Sitemap<\/a><\/li><li class=\"elementor-sitemap-item elementor-sitemap-item-page page_item page-item-436\"><a href=\"https:\/\/www.deltat.info\/cn\/fuer-haendler\/\">F\u00fcr H\u00e4ndler<\/a><\/li><li class=\"elementor-sitemap-item elementor-sitemap-item-page page_item page-item-676\"><a href=\"https:\/\/www.deltat.info\/cn\/fallstudien\/\">\u6848\u4f8b\u7814\u7a76<\/a><ul class='children'><li class=\"elementor-sitemap-item elementor-sitemap-item-page page_item page-item-1031\"><a href=\"https:\/\/www.deltat.info\/cn\/fallstudien\/blueline-vip-16l\/\">TransPorter BlueLine VIP 16\u5347 \u4fdd\u6e29\u7bb1<\/a><\/li><li class=\"elementor-sitemap-item elementor-sitemap-item-page page_item page-item-1038\"><a href=\"https:\/\/www.deltat.info\/cn\/fallstudien\/thermo-blanket-for-crt\/\">Thermo Blanket for CRT<\/a><\/li><li class=\"elementor-sitemap-item elementor-sitemap-item-page page_item page-item-692\"><a href=\"https:\/\/www.deltat.info\/cn\/fallstudien\/einweg-isolierbox-50l-2-bis-8-grad\/\">2\u00b0C-8\u00b0C 72\u5c0f\u65f6 \u6052\u6e29\u8fd0\u8f93\u7bb1<\/a><\/li><li class=\"elementor-sitemap-item elementor-sitemap-item-page page_item page-item-751\"><a href=\"https:\/\/www.deltat.info\/cn\/fallstudien\/mehrweg-isolierbox-fuer-2c-bis-8c-fuer-80-stunden\/\">\u4e13\u4e3a2 \u00b0C to 8 \u00b0C\u8fd0\u8f9380\u5c0f\u65f6\u7684\u4ea7\u54c1\u8bbe\u8ba1\u7684\u4fdd\u6e29\u7bb1<\/a><\/li><li class=\"elementor-sitemap-item elementor-sitemap-item-page page_item page-item-762\"><a href=\"https:\/\/www.deltat.info\/cn\/fallstudien\/isoliertasche-10l-2c-bis-8c-fuer-8-bis-12-stunden\/\">BlueLine\u4fdd\u6e29\u530510L,  \u5305\u51852\u00b0C \u5230 8\u00b0C \uff0c\u4fdd\u6e298\u523012\u5c0f\u65f6<\/a><\/li><li class=\"elementor-sitemap-item elementor-sitemap-item-page page_item page-item-771\"><a href=\"https:\/\/www.deltat.info\/cn\/fallstudien\/eps-pallet-shipper-1200l-fuer-crt\/\">EPS Pallet Shipper 1200L f\u00fcr CRT<\/a><\/li><\/ul><\/li><\/ul><\/div><div class=\"elementor-sitemap-section\"><h2 class=\"elementor-sitemap-title elementor-sitemap-category-title\">Kategorien<\/h2><ul class=\"elementor-sitemap-list elementor-sitemap-category-list\">\t<li class=\"elementor-sitemap-item elementor-sitemap-item-category cat-item cat-item-1\"><a href=\"https:\/\/www.deltat.info\/cn\/aktuelles\/\">\u6700\u65b0\u52a8\u6001<\/a>\n<\/li>\n<\/ul><\/div><\/div>\t\t\t\t<\/div>\n\t\t\t\t<\/div>\n\t\t\t\t\t<\/div>\n\t\t<\/div>\n\t\t\t\t\t<\/div>\n\t\t<\/section>\n\t\t\t\t<\/div>","protected":false},"excerpt":{"rendered":"","protected":false},"author":1,"featured_media":0,"parent":0,"menu_order":0,"comment_status":"closed","ping_status":"closed","template":"","meta":{"footnotes":""},"class_list":["post-399","page","type-page","status-publish"],"yoast_head":"<!-- This site is optimized with the Yoast SEO plugin v27.4 - https:\/\/yoast.com\/product\/yoast-seo-wordpress\/ -->\n<title>Sitemap - delta T<\/title>\n<meta name=\"description\" content=\"delta T Sitemap - Alle Seiten der delta T - Website in der \u00dcbersicht.\" \/>\n<meta name=\"robots\" content=\"index, follow, max-snippet:-1, max-image-preview:large, max-video-preview:-1\" \/>\n<link rel=\"canonical\" href=\"https:\/\/www.deltat.info\/cn\/sitemap\/\" \/>\n<script type=\"application\/ld+json\" class=\"yoast-schema-graph\">{\"@context\":\"https:\\\/\\\/schema.org\",\"@graph\":[{\"@type\":\"WebPage\",\"@id\":\"https:\\\/\\\/www.deltat.info\\\/sitemap\\\/\",\"url\":\"https:\\\/\\\/www.deltat.info\\\/sitemap\\\/\",\"name\":\"Sitemap - delta T\",\"isPartOf\":{\"@id\":\"https:\\\/\\\/www.deltat.info\\\/#website\"},\"datePublished\":\"2020-01-24T12:06:49+00:00\",\"dateModified\":\"2020-04-30T12:14:32+00:00\",\"description\":\"delta T Sitemap - Alle Seiten der delta T - Website in der \u00dcbersicht.\",\"breadcrumb\":{\"@id\":\"https:\\\/\\\/www.deltat.info\\\/sitemap\\\/#breadcrumb\"},\"inLanguage\":\"zh-Hans\",\"potentialAction\":[{\"@type\":\"ReadAction\",\"target\":[\"https:\\\/\\\/www.deltat.info\\\/sitemap\\\/\"]}]},{\"@type\":\"BreadcrumbList\",\"@id\":\"https:\\\/\\\/www.deltat.info\\\/sitemap\\\/#breadcrumb\",\"itemListElement\":[{\"@type\":\"ListItem\",\"position\":1,\"name\":\"Startseite\",\"item\":\"https:\\\/\\\/www.deltat.info\\\/\"},{\"@type\":\"ListItem\",\"position\":2,\"name\":\"Sitemap\"}]},{\"@type\":\"WebSite\",\"@id\":\"https:\\\/\\\/www.deltat.info\\\/#website\",\"url\":\"https:\\\/\\\/www.deltat.info\\\/\",\"name\":\"delta T Gesellschaft f\u00fcr Medizintechnik mbH\",\"description\":\"Die delta T Gesellschaft f\u00fcr Medizintechnik mbH entwickelt und produziert Transportl\u00f6sungen f\u00fcr temperatursensible Produkte wie Arzneimittel, Blut, Organe oder andere K\u00fchlprodukte der Medizin.\",\"publisher\":{\"@id\":\"https:\\\/\\\/www.deltat.info\\\/#organization\"},\"potentialAction\":[{\"@type\":\"SearchAction\",\"target\":{\"@type\":\"EntryPoint\",\"urlTemplate\":\"https:\\\/\\\/www.deltat.info\\\/?s={search_term_string}\"},\"query-input\":{\"@type\":\"PropertyValueSpecification\",\"valueRequired\":true,\"valueName\":\"search_term_string\"}}],\"inLanguage\":\"zh-Hans\"},{\"@type\":\"Organization\",\"@id\":\"https:\\\/\\\/www.deltat.info\\\/#organization\",\"name\":\"delta T Gesellschaft f\u00fcr Medizintechnik mbH\",\"url\":\"https:\\\/\\\/www.deltat.info\\\/\",\"logo\":{\"@type\":\"ImageObject\",\"inLanguage\":\"zh-Hans\",\"@id\":\"https:\\\/\\\/www.deltat.info\\\/#\\\/schema\\\/logo\\\/image\\\/\",\"url\":\"https:\\\/\\\/www.deltat.info\\\/wp-content\\\/uploads\\\/2020\\\/02\\\/delta-t-logo-2020.png\",\"contentUrl\":\"https:\\\/\\\/www.deltat.info\\\/wp-content\\\/uploads\\\/2020\\\/02\\\/delta-t-logo-2020.png\",\"width\":202,\"height\":80,\"caption\":\"delta T Gesellschaft f\u00fcr Medizintechnik mbH\"},\"image\":{\"@id\":\"https:\\\/\\\/www.deltat.info\\\/#\\\/schema\\\/logo\\\/image\\\/\"},\"sameAs\":[\"https:\\\/\\\/www.facebook.com\\\/Delta-T-GmbH-1250957958263459\\\/\",\"https:\\\/\\\/x.com\\\/deltaT_global\",\"https:\\\/\\\/www.linkedin.com\\\/company\\\/delta-t-gmbh\",\"https:\\\/\\\/www.youtube.com\\\/channel\\\/UCu10jeTdpr6Mehzqe_QMK3Q\"]}]}<\/script>\n<!-- \/ Yoast SEO plugin. -->","yoast_head_json":{"title":"Sitemap - delta T","description":"delta T Sitemap - Alle Seiten der delta T - Website in der \u00dcbersicht.","robots":{"index":"index","follow":"follow","max-snippet":"max-snippet:-1","max-image-preview":"max-image-preview:large","max-video-preview":"max-video-preview:-1"},"canonical":"https:\/\/www.deltat.info\/cn\/sitemap\/","schema":{"@context":"https:\/\/schema.org","@graph":[{"@type":"WebPage","@id":"https:\/\/www.deltat.info\/sitemap\/","url":"https:\/\/www.deltat.info\/sitemap\/","name":"Sitemap - delta T","isPartOf":{"@id":"https:\/\/www.deltat.info\/#website"},"datePublished":"2020-01-24T12:06:49+00:00","dateModified":"2020-04-30T12:14:32+00:00","description":"delta T Sitemap - Alle Seiten der delta T - Website in der \u00dcbersicht.","breadcrumb":{"@id":"https:\/\/www.deltat.info\/sitemap\/#breadcrumb"},"inLanguage":"zh-Hans","potentialAction":[{"@type":"ReadAction","target":["https:\/\/www.deltat.info\/sitemap\/"]}]},{"@type":"BreadcrumbList","@id":"https:\/\/www.deltat.info\/sitemap\/#breadcrumb","itemListElement":[{"@type":"ListItem","position":1,"name":"Startseite","item":"https:\/\/www.deltat.info\/"},{"@type":"ListItem","position":2,"name":"Sitemap"}]},{"@type":"WebSite","@id":"https:\/\/www.deltat.info\/#website","url":"https:\/\/www.deltat.info\/","name":"delta T \u751f\u7269\u533b\u7597\u6709\u9650\u516c\u53f8","description":"Die delta T Gesellschaft f\u00fcr Medizintechnik mbH entwickelt und produziert Transportl\u00f6sungen f\u00fcr temperatursensible Produkte wie Arzneimittel, Blut, Organe oder andere K\u00fchlprodukte der Medizin.","publisher":{"@id":"https:\/\/www.deltat.info\/#organization"},"potentialAction":[{"@type":"SearchAction","target":{"@type":"EntryPoint","urlTemplate":"https:\/\/www.deltat.info\/?s={search_term_string}"},"query-input":{"@type":"PropertyValueSpecification","valueRequired":true,"valueName":"search_term_string"}}],"inLanguage":"zh-Hans"},{"@type":"Organization","@id":"https:\/\/www.deltat.info\/#organization","name":"delta T \u751f\u7269\u533b\u7597\u6709\u9650\u516c\u53f8","url":"https:\/\/www.deltat.info\/","logo":{"@type":"ImageObject","inLanguage":"zh-Hans","@id":"https:\/\/www.deltat.info\/#\/schema\/logo\/image\/","url":"https:\/\/www.deltat.info\/wp-content\/uploads\/2020\/02\/delta-t-logo-2020.png","contentUrl":"https:\/\/www.deltat.info\/wp-content\/uploads\/2020\/02\/delta-t-logo-2020.png","width":202,"height":80,"caption":"delta T Gesellschaft f\u00fcr Medizintechnik mbH"},"image":{"@id":"https:\/\/www.deltat.info\/#\/schema\/logo\/image\/"},"sameAs":["https:\/\/www.facebook.com\/Delta-T-GmbH-1250957958263459\/","https:\/\/x.com\/deltaT_global","https:\/\/www.linkedin.com\/company\/delta-t-gmbh","https:\/\/www.youtube.com\/channel\/UCu10jeTdpr6Mehzqe_QMK3Q"]}]}},"_links":{"self":[{"href":"https:\/\/www.deltat.info\/cn\/wp-json\/wp\/v2\/pages\/399","targetHints":{"allow":["GET"]}}],"collection":[{"href":"https:\/\/www.deltat.info\/cn\/wp-json\/wp\/v2\/pages"}],"about":[{"href":"https:\/\/www.deltat.info\/cn\/wp-json\/wp\/v2\/types\/page"}],"author":[{"embeddable":true,"href":"https:\/\/www.deltat.info\/cn\/wp-json\/wp\/v2\/users\/1"}],"replies":[{"embeddable":true,"href":"https:\/\/www.deltat.info\/cn\/wp-json\/wp\/v2\/comments?post=399"}],"version-history":[{"count":4,"href":"https:\/\/www.deltat.info\/cn\/wp-json\/wp\/v2\/pages\/399\/revisions"}],"predecessor-version":[{"id":1756,"href":"https:\/\/www.deltat.info\/cn\/wp-json\/wp\/v2\/pages\/399\/revisions\/1756"}],"wp:attachment":[{"href":"https:\/\/www.deltat.info\/cn\/wp-json\/wp\/v2\/media?parent=399"}],"curies":[{"name":"wp","href":"https:\/\/api.w.org\/{rel}","templated":true}]}}