{"id":676,"date":"2020-01-27T15:13:11","date_gmt":"2020-01-27T14:13:11","guid":{"rendered":"http:\/\/neuesweb.deltat.de\/?page_id=676"},"modified":"2020-02-03T16:20:16","modified_gmt":"2020-02-03T15:20:16","slug":"fallstudien","status":"publish","type":"page","link":"https:\/\/www.deltat.info\/cn\/fallstudien\/","title":{"rendered":"\u6848\u4f8b\u7814\u7a76"},"content":{"rendered":"<div data-elementor-type=\"wp-page\" data-elementor-id=\"676\" class=\"elementor elementor-676\" data-elementor-post-type=\"page\">\n\t\t\t\t\t\t<section class=\"elementor-section elementor-top-section elementor-element elementor-element-08caf84 elementor-section-boxed elementor-section-height-default elementor-section-height-default\" data-id=\"08caf84\" data-element_type=\"section\" data-e-type=\"section\">\n\t\t\t\t\t\t<div class=\"elementor-container elementor-column-gap-default\">\n\t\t\t\t\t<div class=\"elementor-column elementor-col-100 elementor-top-column elementor-element elementor-element-8da7319\" data-id=\"8da7319\" data-element_type=\"column\" data-e-type=\"column\">\n\t\t\t<div class=\"elementor-widget-wrap elementor-element-populated\">\n\t\t\t\t\t\t<div class=\"elementor-element elementor-element-8eedd81 elementor-widget elementor-widget-global elementor-global-295 elementor-widget-heading\" data-id=\"8eedd81\" data-element_type=\"widget\" data-e-type=\"widget\" data-widget_type=\"heading.default\">\n\t\t\t\t<div class=\"elementor-widget-container\">\n\t\t\t\t\t<h1 class=\"elementor-heading-title elementor-size-default\">\u6848\u4f8b\u7814\u7a76<\/h1>\t\t\t\t<\/div>\n\t\t\t\t<\/div>\n\t\t\t\t<div class=\"elementor-element elementor-element-65d598d elementor-widget elementor-widget-text-editor\" data-id=\"65d598d\" data-element_type=\"widget\" data-e-type=\"widget\" data-widget_type=\"text-editor.default\">\n\t\t\t\t<div class=\"elementor-widget-container\">\n\t\t\t\t\t\t\t\t\t<p>\u5728\u6848\u4f8b\u7814\u7a76\u9875\u9762\u4e2d\u6240\u5c55\u793a\u7684\u5747\u4e3a\u6839\u636e\u5ba2\u6237\u5b9e\u9645\u4ea7\u54c1\u7684\u8fd0\u8f93\u7684\u9700\u6c42\u8bbe\u8ba1\u7684\u65b9\u6848\u3002\u6240\u6709\u4ea7\u54c1\u5747\u7ecf\u8fc7\u4e25\u683c\u7684\uff0c\u53cd\u590d\u7684\uff0c\u6d4b\u8bd5\u53ca\u9a8c\u8bc1\u3002 \u65b9\u6848\u5747\u53ef\u8fbe\u5230\u9884\u671f\u671f\u671b\u3002\u4ee5\u4e0b\u6240\u6709\u6848\u4f8b\u5206\u6790\u4e2d\u7684\u89e3\u51b3\u65b9\u6848\u5747\u5df2\u6295\u5165\u957f\u671f\u4f7f\u7528\u3002<\/p>\t\t\t\t\t\t\t\t<\/div>\n\t\t\t\t<\/div>\n\t\t\t\t\t<\/div>\n\t\t<\/div>\n\t\t\t\t\t<\/div>\n\t\t<\/section>\n\t\t\t\t<section class=\"elementor-section elementor-top-section elementor-element elementor-element-9d00d93 elementor-section-boxed elementor-section-height-default elementor-section-height-default\" data-id=\"9d00d93\" data-element_type=\"section\" data-e-type=\"section\">\n\t\t\t\t\t\t\t<div class=\"elementor-background-overlay\"><\/div>\n\t\t\t\t\t\t\t<div class=\"elementor-container elementor-column-gap-default\">\n\t\t\t\t\t<div class=\"elementor-column elementor-col-50 elementor-top-column elementor-element elementor-element-8686cf2\" data-id=\"8686cf2\" data-element_type=\"column\" data-e-type=\"column\" data-settings=\"{&quot;background_background&quot;:&quot;classic&quot;}\">\n\t\t\t<div class=\"elementor-widget-wrap elementor-element-populated\">\n\t\t\t\t\t<div class=\"elementor-background-overlay\"><\/div>\n\t\t\t\t\t\t<div class=\"elementor-element elementor-element-8b4b1de elementor-cta--skin-classic elementor-animated-content elementor-bg-transform elementor-bg-transform-zoom-in elementor-widget elementor-widget-call-to-action\" data-id=\"8b4b1de\" data-element_type=\"widget\" data-e-type=\"widget\" data-widget_type=\"call-to-action.default\">\n\t\t\t\t<div class=\"elementor-widget-container\">\n\t\t\t\t\t\t\t<a class=\"elementor-cta\" href=\"\/cn\/fallstudien\/einweg-isolierbox-50l-2-bis-8-grad\/\">\n\t\t\t\t\t<div class=\"elementor-cta__bg-wrapper\">\n\t\t\t\t<div class=\"elementor-cta__bg elementor-bg\" style=\"background-image: url(https:\/\/www.deltat.info\/wp-content\/uploads\/2020\/01\/fallstudie-eps-line-50l_boxes-768x317.jpg);\" role=\"img\" aria-label=\"fallstudie - delta T eps-line-50l_boxes\"><\/div>\n\t\t\t\t<div class=\"elementor-cta__bg-overlay\"><\/div>\n\t\t\t<\/div>\n\t\t\t\t\t\t\t<div class=\"elementor-cta__content\">\n\t\t\t\t\n\t\t\t\t\t\t\t\t\t<h2 class=\"elementor-cta__title elementor-cta__content-item elementor-content-item\">\n\t\t\t\t\t\t2\u00b0C-8\u00b0C 72\u5c0f\u65f6 \u6052\u6e29\u8fd0\u8f93\u7bb1\t\t\t\t\t<\/h2>\n\t\t\t\t\n\t\t\t\t\t\t\t\t\t<div class=\"elementor-cta__description elementor-cta__content-item elementor-content-item\">\n\t\t\t\t\t\tEin gro\u00dfer Hersteller von Pharmaceutica m\u00f6chte seine Produkte per Luftfracht weltweit bei 2\u00b0C bis 8\u00b0C versenden.\t\t\t\t\t<\/div>\n\t\t\t\t\n\t\t\t\t\t\t\t\t\t<div class=\"elementor-cta__button-wrapper elementor-cta__content-item elementor-content-item\">\n\t\t\t\t\t<span class=\"elementor-cta__button elementor-button elementor-size-\">\n\t\t\t\t\t\tZur Studie\t\t\t\t\t<\/span>\n\t\t\t\t\t<\/div>\n\t\t\t\t\t\t\t<\/div>\n\t\t\t\t\t\t<\/a>\n\t\t\t\t\t\t<\/div>\n\t\t\t\t<\/div>\n\t\t\t\t\t<\/div>\n\t\t<\/div>\n\t\t\t\t<div class=\"elementor-column elementor-col-50 elementor-top-column elementor-element elementor-element-fea2c9c\" data-id=\"fea2c9c\" data-element_type=\"column\" data-e-type=\"column\">\n\t\t\t<div class=\"elementor-widget-wrap elementor-element-populated\">\n\t\t\t\t\t\t<div class=\"elementor-element elementor-element-b431005 elementor-cta--skin-classic elementor-animated-content elementor-bg-transform elementor-bg-transform-zoom-in elementor-widget elementor-widget-call-to-action\" data-id=\"b431005\" data-element_type=\"widget\" data-e-type=\"widget\" data-widget_type=\"call-to-action.default\">\n\t\t\t\t<div class=\"elementor-widget-container\">\n\t\t\t\t\t\t\t<a class=\"elementor-cta\" href=\"\/cn\/fallstudien\/mehrweg-isolierbox-fuer-2c-bis-8c-fuer-80-stunden\/\">\n\t\t\t\t\t<div class=\"elementor-cta__bg-wrapper\">\n\t\t\t\t<div class=\"elementor-cta__bg elementor-bg\" style=\"background-image: url(https:\/\/www.deltat.info\/wp-content\/uploads\/2020\/01\/fallstudie-voigt-dispoboxes-768x317.jpg);\" role=\"img\" aria-label=\"fallstudie - voigt delta T dispoboxes\"><\/div>\n\t\t\t\t<div class=\"elementor-cta__bg-overlay\"><\/div>\n\t\t\t<\/div>\n\t\t\t\t\t\t\t<div class=\"elementor-cta__content\">\n\t\t\t\t\n\t\t\t\t\t\t\t\t\t<h2 class=\"elementor-cta__title elementor-cta__content-item elementor-content-item\">\n\t\t\t\t\t\t\u4e13\u4e3a2 \u00b0C to 8 \u00b0C\u8fd0\u8f9380\u5c0f\u65f6\u7684\u4ea7\u54c1\u8bbe\u8ba1\u7684\u4fdd\u6e29\u7bb1\t\t\t\t\t<\/h2>\n\t\t\t\t\n\t\t\t\t\t\t\t\t\t<div class=\"elementor-cta__description elementor-cta__content-item elementor-content-item\">\n\t\t\t\t\t\tEin Gro\u00dfh\u00e4ndler m\u00f6chte k\u00fchlpflichtige Medikamente \u00fcbers Wochenende an seine Kunden verschicken.\t\t\t\t\t<\/div>\n\t\t\t\t\n\t\t\t\t\t\t\t\t\t<div class=\"elementor-cta__button-wrapper elementor-cta__content-item elementor-content-item\">\n\t\t\t\t\t<span class=\"elementor-cta__button elementor-button elementor-size-\">\n\t\t\t\t\t\tZur Studie\t\t\t\t\t<\/span>\n\t\t\t\t\t<\/div>\n\t\t\t\t\t\t\t<\/div>\n\t\t\t\t\t\t<\/a>\n\t\t\t\t\t\t<\/div>\n\t\t\t\t<\/div>\n\t\t\t\t\t<\/div>\n\t\t<\/div>\n\t\t\t\t\t<\/div>\n\t\t<\/section>\n\t\t\t\t<section class=\"elementor-section elementor-top-section elementor-element elementor-element-c91620b elementor-section-boxed elementor-section-height-default elementor-section-height-default\" data-id=\"c91620b\" data-element_type=\"section\" data-e-type=\"section\">\n\t\t\t\t\t\t\t<div class=\"elementor-background-overlay\"><\/div>\n\t\t\t\t\t\t\t<div class=\"elementor-container elementor-column-gap-default\">\n\t\t\t\t\t<div class=\"elementor-column elementor-col-50 elementor-top-column elementor-element elementor-element-8dafb2d\" data-id=\"8dafb2d\" data-element_type=\"column\" data-e-type=\"column\" data-settings=\"{&quot;background_background&quot;:&quot;classic&quot;}\">\n\t\t\t<div class=\"elementor-widget-wrap elementor-element-populated\">\n\t\t\t\t\t<div class=\"elementor-background-overlay\"><\/div>\n\t\t\t\t\t\t<div class=\"elementor-element elementor-element-5df9d83 elementor-cta--skin-classic elementor-animated-content elementor-bg-transform elementor-bg-transform-zoom-in elementor-widget elementor-widget-call-to-action\" data-id=\"5df9d83\" data-element_type=\"widget\" data-e-type=\"widget\" data-widget_type=\"call-to-action.default\">\n\t\t\t\t<div class=\"elementor-widget-container\">\n\t\t\t\t\t\t\t<a class=\"elementor-cta\" href=\"\/cn\/fallstudien\/isoliertasche-10l-2c-bis-8c-fuer-8-bis-12-stunden\/\">\n\t\t\t\t\t<div class=\"elementor-cta__bg-wrapper\">\n\t\t\t\t<div class=\"elementor-cta__bg elementor-bg\" style=\"background-image: url(https:\/\/www.deltat.info\/wp-content\/uploads\/2020\/01\/fallstudie-prev-blueline-bag-10l-768x317.jpg);\" role=\"img\" aria-label=\"fallstudie - delta T prev-blueline bag 10l\"><\/div>\n\t\t\t\t<div class=\"elementor-cta__bg-overlay\"><\/div>\n\t\t\t<\/div>\n\t\t\t\t\t\t\t<div class=\"elementor-cta__content\">\n\t\t\t\t\n\t\t\t\t\t\t\t\t\t<h2 class=\"elementor-cta__title elementor-cta__content-item elementor-content-item\">\n\t\t\t\t\t\tBlueLine Bag Isoliertasche 10L, 2\u00b0C bis 8\u00b0C f\u00fcr 8 bis 12 Stunden\t\t\t\t\t<\/h2>\n\t\t\t\t\n\t\t\t\t\t\t\t\t\t<div class=\"elementor-cta__description elementor-cta__content-item elementor-content-item\">\n\t\t\t\t\t\tEin globaler Pharmariese ben\u00f6tigt f\u00fcr eine klinische Studie eine Transportl\u00f6sung mit 2 bis 8\u00b0C f\u00fcr den Transport der Medikamente zum Patienten.\t\t\t\t\t<\/div>\n\t\t\t\t\n\t\t\t\t\t\t\t\t\t<div class=\"elementor-cta__button-wrapper elementor-cta__content-item elementor-content-item\">\n\t\t\t\t\t<span class=\"elementor-cta__button elementor-button elementor-size-\">\n\t\t\t\t\t\tZur Studie\t\t\t\t\t<\/span>\n\t\t\t\t\t<\/div>\n\t\t\t\t\t\t\t<\/div>\n\t\t\t\t\t\t<\/a>\n\t\t\t\t\t\t<\/div>\n\t\t\t\t<\/div>\n\t\t\t\t\t<\/div>\n\t\t<\/div>\n\t\t\t\t<div class=\"elementor-column elementor-col-50 elementor-top-column elementor-element elementor-element-f915de5\" data-id=\"f915de5\" data-element_type=\"column\" data-e-type=\"column\">\n\t\t\t<div class=\"elementor-widget-wrap elementor-element-populated\">\n\t\t\t\t\t\t<div class=\"elementor-element elementor-element-0d3c515 elementor-cta--skin-classic elementor-animated-content elementor-bg-transform elementor-bg-transform-zoom-in elementor-widget elementor-widget-call-to-action\" data-id=\"0d3c515\" data-element_type=\"widget\" data-e-type=\"widget\" data-widget_type=\"call-to-action.default\">\n\t\t\t\t<div class=\"elementor-widget-container\">\n\t\t\t\t\t\t\t<a class=\"elementor-cta\" href=\"\/cn\/fallstudien\/eps-pallet-shipper-1200l-fuer-crt\/\">\n\t\t\t\t\t<div class=\"elementor-cta__bg-wrapper\">\n\t\t\t\t<div class=\"elementor-cta__bg elementor-bg\" style=\"background-image: url(https:\/\/www.deltat.info\/wp-content\/uploads\/2020\/01\/fallstudie-prev-euro-palette-768x317.jpg);\" role=\"img\" aria-label=\"fallstudie - delta T prev-euro-palette\"><\/div>\n\t\t\t\t<div class=\"elementor-cta__bg-overlay\"><\/div>\n\t\t\t<\/div>\n\t\t\t\t\t\t\t<div class=\"elementor-cta__content\">\n\t\t\t\t\n\t\t\t\t\t\t\t\t\t<h2 class=\"elementor-cta__title elementor-cta__content-item elementor-content-item\">\n\t\t\t\t\t\tTransport einer Euro-Palette Arzneimittel bei 15\u00b0C bis 25\u00b0C\t\t\t\t\t<\/h2>\n\t\t\t\t\n\t\t\t\t\t\t\t\t\t<div class=\"elementor-cta__description elementor-cta__content-item elementor-content-item\">\n\t\t\t\t\t\tEin gro\u00dfer Arzneimittelhersteller m\u00f6chte eine Euro-Palette bei Controlled Room Temperature an einen internationalen Kunden per Luftfracht schicken.\t\t\t\t\t<\/div>\n\t\t\t\t\n\t\t\t\t\t\t\t\t\t<div class=\"elementor-cta__button-wrapper elementor-cta__content-item elementor-content-item\">\n\t\t\t\t\t<span class=\"elementor-cta__button elementor-button elementor-size-\">\n\t\t\t\t\t\tZur Studie\t\t\t\t\t<\/span>\n\t\t\t\t\t<\/div>\n\t\t\t\t\t\t\t<\/div>\n\t\t\t\t\t\t<\/a>\n\t\t\t\t\t\t<\/div>\n\t\t\t\t<\/div>\n\t\t\t\t\t<\/div>\n\t\t<\/div>\n\t\t\t\t\t<\/div>\n\t\t<\/section>\n\t\t\t\t<\/div>","protected":false},"excerpt":{"rendered":"<p>In unseren Fallstudien m\u00f6chten wir einige Verwendungsm\u00f6glichkeiten unserer Produkte aufzeigen. Alle Produkte wurde ausgiebig getestet und erf\u00fcllten in jedem Fall die gew\u00fcnschten Anforderungen. Einweg Isolierbox f\u00fcr 50L 2\u00b0C bis 8\u00b0C f\u00fcr 72 Stunden Ein gro\u00dfer Hersteller von Pharmaceutica m\u00f6chte seine Produkte per Luftfracht weltweit bei 2\u00b0C bis 8\u00b0C versenden. Zur Studie Mehrweg Isolierbox f\u00fcr 2\u00b0C &#8230; <a title=\"\u6848\u4f8b\u7814\u7a76\" class=\"read-more\" href=\"https:\/\/www.deltat.info\/cn\/fallstudien\/\" aria-label=\"\u9605\u8bfb Fallstudien\">\u9605\u8bfb\u66f4\u591a<\/a><\/p>","protected":false},"author":1,"featured_media":0,"parent":0,"menu_order":0,"comment_status":"closed","ping_status":"closed","template":"","meta":{"footnotes":""},"class_list":["post-676","page","type-page","status-publish"],"yoast_head":"<!-- This site is optimized with the Yoast SEO plugin v27.4 - https:\/\/yoast.com\/product\/yoast-seo-wordpress\/ -->\n<title>Fallstudien, Verwendungsm\u00f6glichkeite und Test unserer Produkte - delta T<\/title>\n<meta name=\"description\" content=\"In unseren Fallstudien m\u00f6chten wir einige Verwendungsm\u00f6glichkeiten unserer Produkte aufzeigen. Alle delta T - Produkte wurde ausgiebig getestet.\" \/>\n<meta name=\"robots\" content=\"index, follow, max-snippet:-1, max-image-preview:large, max-video-preview:-1\" \/>\n<link rel=\"canonical\" href=\"https:\/\/www.deltat.info\/cn\/fallstudien\/\" \/>\n<meta name=\"twitter:label1\" content=\"\u9884\u8ba1\u9605\u8bfb\u65f6\u95f4\" \/>\n\t<meta name=\"twitter:data1\" content=\"1 \u5206\" \/>\n<script type=\"application\/ld+json\" class=\"yoast-schema-graph\">{\"@context\":\"https:\\\/\\\/schema.org\",\"@graph\":[{\"@type\":\"WebPage\",\"@id\":\"https:\\\/\\\/www.deltat.info\\\/fallstudien\\\/\",\"url\":\"https:\\\/\\\/www.deltat.info\\\/fallstudien\\\/\",\"name\":\"Fallstudien, Verwendungsm\u00f6glichkeite und Test unserer Produkte - delta T\",\"isPartOf\":{\"@id\":\"https:\\\/\\\/www.deltat.info\\\/#website\"},\"datePublished\":\"2020-01-27T14:13:11+00:00\",\"dateModified\":\"2020-02-03T15:20:16+00:00\",\"description\":\"In unseren Fallstudien m\u00f6chten wir einige Verwendungsm\u00f6glichkeiten unserer Produkte aufzeigen. Alle delta T - Produkte wurde ausgiebig getestet.\",\"breadcrumb\":{\"@id\":\"https:\\\/\\\/www.deltat.info\\\/fallstudien\\\/#breadcrumb\"},\"inLanguage\":\"zh-Hans\",\"potentialAction\":[{\"@type\":\"ReadAction\",\"target\":[\"https:\\\/\\\/www.deltat.info\\\/fallstudien\\\/\"]}]},{\"@type\":\"BreadcrumbList\",\"@id\":\"https:\\\/\\\/www.deltat.info\\\/fallstudien\\\/#breadcrumb\",\"itemListElement\":[{\"@type\":\"ListItem\",\"position\":1,\"name\":\"Startseite\",\"item\":\"https:\\\/\\\/www.deltat.info\\\/\"},{\"@type\":\"ListItem\",\"position\":2,\"name\":\"Fallstudien\"}]},{\"@type\":\"WebSite\",\"@id\":\"https:\\\/\\\/www.deltat.info\\\/#website\",\"url\":\"https:\\\/\\\/www.deltat.info\\\/\",\"name\":\"delta T Gesellschaft f\u00fcr Medizintechnik mbH\",\"description\":\"Die delta T Gesellschaft f\u00fcr Medizintechnik mbH entwickelt und produziert Transportl\u00f6sungen f\u00fcr temperatursensible Produkte wie Arzneimittel, Blut, Organe oder andere K\u00fchlprodukte der Medizin.\",\"publisher\":{\"@id\":\"https:\\\/\\\/www.deltat.info\\\/#organization\"},\"potentialAction\":[{\"@type\":\"SearchAction\",\"target\":{\"@type\":\"EntryPoint\",\"urlTemplate\":\"https:\\\/\\\/www.deltat.info\\\/?s={search_term_string}\"},\"query-input\":{\"@type\":\"PropertyValueSpecification\",\"valueRequired\":true,\"valueName\":\"search_term_string\"}}],\"inLanguage\":\"zh-Hans\"},{\"@type\":\"Organization\",\"@id\":\"https:\\\/\\\/www.deltat.info\\\/#organization\",\"name\":\"delta T Gesellschaft f\u00fcr Medizintechnik mbH\",\"url\":\"https:\\\/\\\/www.deltat.info\\\/\",\"logo\":{\"@type\":\"ImageObject\",\"inLanguage\":\"zh-Hans\",\"@id\":\"https:\\\/\\\/www.deltat.info\\\/#\\\/schema\\\/logo\\\/image\\\/\",\"url\":\"https:\\\/\\\/www.deltat.info\\\/wp-content\\\/uploads\\\/2020\\\/02\\\/delta-t-logo-2020.png\",\"contentUrl\":\"https:\\\/\\\/www.deltat.info\\\/wp-content\\\/uploads\\\/2020\\\/02\\\/delta-t-logo-2020.png\",\"width\":202,\"height\":80,\"caption\":\"delta T Gesellschaft f\u00fcr Medizintechnik mbH\"},\"image\":{\"@id\":\"https:\\\/\\\/www.deltat.info\\\/#\\\/schema\\\/logo\\\/image\\\/\"},\"sameAs\":[\"https:\\\/\\\/www.facebook.com\\\/Delta-T-GmbH-1250957958263459\\\/\",\"https:\\\/\\\/x.com\\\/deltaT_global\",\"https:\\\/\\\/www.linkedin.com\\\/company\\\/delta-t-gmbh\",\"https:\\\/\\\/www.youtube.com\\\/channel\\\/UCu10jeTdpr6Mehzqe_QMK3Q\"]}]}<\/script>\n<!-- \/ Yoast SEO plugin. -->","yoast_head_json":{"title":"Fallstudien, Verwendungsm\u00f6glichkeite und Test unserer Produkte - delta T","description":"In unseren Fallstudien m\u00f6chten wir einige Verwendungsm\u00f6glichkeiten unserer Produkte aufzeigen. Alle delta T - Produkte wurde ausgiebig getestet.","robots":{"index":"index","follow":"follow","max-snippet":"max-snippet:-1","max-image-preview":"max-image-preview:large","max-video-preview":"max-video-preview:-1"},"canonical":"https:\/\/www.deltat.info\/cn\/fallstudien\/","twitter_misc":{"\u9884\u8ba1\u9605\u8bfb\u65f6\u95f4":"1 \u5206"},"schema":{"@context":"https:\/\/schema.org","@graph":[{"@type":"WebPage","@id":"https:\/\/www.deltat.info\/fallstudien\/","url":"https:\/\/www.deltat.info\/fallstudien\/","name":"Fallstudien, Verwendungsm\u00f6glichkeite und Test unserer Produkte - delta T","isPartOf":{"@id":"https:\/\/www.deltat.info\/#website"},"datePublished":"2020-01-27T14:13:11+00:00","dateModified":"2020-02-03T15:20:16+00:00","description":"In unseren Fallstudien m\u00f6chten wir einige Verwendungsm\u00f6glichkeiten unserer Produkte aufzeigen. Alle delta T - Produkte wurde ausgiebig getestet.","breadcrumb":{"@id":"https:\/\/www.deltat.info\/fallstudien\/#breadcrumb"},"inLanguage":"zh-Hans","potentialAction":[{"@type":"ReadAction","target":["https:\/\/www.deltat.info\/fallstudien\/"]}]},{"@type":"BreadcrumbList","@id":"https:\/\/www.deltat.info\/fallstudien\/#breadcrumb","itemListElement":[{"@type":"ListItem","position":1,"name":"Startseite","item":"https:\/\/www.deltat.info\/"},{"@type":"ListItem","position":2,"name":"Fallstudien"}]},{"@type":"WebSite","@id":"https:\/\/www.deltat.info\/#website","url":"https:\/\/www.deltat.info\/","name":"delta T \u751f\u7269\u533b\u7597\u6709\u9650\u516c\u53f8","description":"Die delta T Gesellschaft f\u00fcr Medizintechnik mbH entwickelt und produziert Transportl\u00f6sungen f\u00fcr temperatursensible Produkte wie Arzneimittel, Blut, Organe oder andere K\u00fchlprodukte der Medizin.","publisher":{"@id":"https:\/\/www.deltat.info\/#organization"},"potentialAction":[{"@type":"SearchAction","target":{"@type":"EntryPoint","urlTemplate":"https:\/\/www.deltat.info\/?s={search_term_string}"},"query-input":{"@type":"PropertyValueSpecification","valueRequired":true,"valueName":"search_term_string"}}],"inLanguage":"zh-Hans"},{"@type":"Organization","@id":"https:\/\/www.deltat.info\/#organization","name":"delta T \u751f\u7269\u533b\u7597\u6709\u9650\u516c\u53f8","url":"https:\/\/www.deltat.info\/","logo":{"@type":"ImageObject","inLanguage":"zh-Hans","@id":"https:\/\/www.deltat.info\/#\/schema\/logo\/image\/","url":"https:\/\/www.deltat.info\/wp-content\/uploads\/2020\/02\/delta-t-logo-2020.png","contentUrl":"https:\/\/www.deltat.info\/wp-content\/uploads\/2020\/02\/delta-t-logo-2020.png","width":202,"height":80,"caption":"delta T Gesellschaft f\u00fcr Medizintechnik mbH"},"image":{"@id":"https:\/\/www.deltat.info\/#\/schema\/logo\/image\/"},"sameAs":["https:\/\/www.facebook.com\/Delta-T-GmbH-1250957958263459\/","https:\/\/x.com\/deltaT_global","https:\/\/www.linkedin.com\/company\/delta-t-gmbh","https:\/\/www.youtube.com\/channel\/UCu10jeTdpr6Mehzqe_QMK3Q"]}]}},"_links":{"self":[{"href":"https:\/\/www.deltat.info\/cn\/wp-json\/wp\/v2\/pages\/676","targetHints":{"allow":["GET"]}}],"collection":[{"href":"https:\/\/www.deltat.info\/cn\/wp-json\/wp\/v2\/pages"}],"about":[{"href":"https:\/\/www.deltat.info\/cn\/wp-json\/wp\/v2\/types\/page"}],"author":[{"embeddable":true,"href":"https:\/\/www.deltat.info\/cn\/wp-json\/wp\/v2\/users\/1"}],"replies":[{"embeddable":true,"href":"https:\/\/www.deltat.info\/cn\/wp-json\/wp\/v2\/comments?post=676"}],"version-history":[{"count":21,"href":"https:\/\/www.deltat.info\/cn\/wp-json\/wp\/v2\/pages\/676\/revisions"}],"predecessor-version":[{"id":1162,"href":"https:\/\/www.deltat.info\/cn\/wp-json\/wp\/v2\/pages\/676\/revisions\/1162"}],"wp:attachment":[{"href":"https:\/\/www.deltat.info\/cn\/wp-json\/wp\/v2\/media?parent=676"}],"curies":[{"name":"wp","href":"https:\/\/api.w.org\/{rel}","templated":true}]}}