{"id":8,"date":"2020-01-18T12:16:07","date_gmt":"2020-01-18T11:16:07","guid":{"rendered":"http:\/\/neuesweb.deltat.de\/?page_id=8"},"modified":"2020-04-30T19:36:17","modified_gmt":"2020-04-30T17:36:17","slug":"ueber-delta-t","status":"publish","type":"page","link":"https:\/\/www.deltat.info\/cn\/ueber-delta-t\/","title":{"rendered":"\u5173\u4e8e\u6211\u4eec"},"content":{"rendered":"<div data-elementor-type=\"wp-page\" data-elementor-id=\"8\" class=\"elementor elementor-8\" data-elementor-post-type=\"page\">\n\t\t\t\t\t\t<section class=\"elementor-section elementor-top-section elementor-element elementor-element-40db561 elementor-section-boxed elementor-section-height-default elementor-section-height-default\" data-id=\"40db561\" data-element_type=\"section\" data-e-type=\"section\">\n\t\t\t\t\t\t<div class=\"elementor-container elementor-column-gap-default\">\n\t\t\t\t\t<div class=\"elementor-column elementor-col-100 elementor-top-column elementor-element elementor-element-dc18769\" data-id=\"dc18769\" data-element_type=\"column\" data-e-type=\"column\">\n\t\t\t<div class=\"elementor-widget-wrap elementor-element-populated\">\n\t\t\t\t\t\t<div class=\"elementor-element elementor-element-0060c33 elementor-widget elementor-widget-global elementor-global-295 elementor-widget-heading\" data-id=\"0060c33\" data-element_type=\"widget\" data-e-type=\"widget\" data-widget_type=\"heading.default\">\n\t\t\t\t<div class=\"elementor-widget-container\">\n\t\t\t\t\t<h1 class=\"elementor-heading-title elementor-size-default\">\u5173\u4e8e\u6211\u4eec<\/h1>\t\t\t\t<\/div>\n\t\t\t\t<\/div>\n\t\t\t\t\t<\/div>\n\t\t<\/div>\n\t\t\t\t\t<\/div>\n\t\t<\/section>\n\t\t\t\t<section class=\"elementor-section elementor-top-section elementor-element elementor-element-04b96ce elementor-section-height-min-height elementor-section-boxed elementor-section-height-default elementor-section-items-middle\" data-id=\"04b96ce\" data-element_type=\"section\" data-e-type=\"section\">\n\t\t\t\t\t\t\t<div class=\"elementor-background-overlay\"><\/div>\n\t\t\t\t\t\t\t<div class=\"elementor-container elementor-column-gap-default\">\n\t\t\t\t\t<div class=\"elementor-column elementor-col-50 elementor-top-column elementor-element elementor-element-ba65467\" data-id=\"ba65467\" data-element_type=\"column\" data-e-type=\"column\">\n\t\t\t<div class=\"elementor-widget-wrap elementor-element-populated\">\n\t\t\t\t\t\t<div class=\"elementor-element elementor-element-2020fb0 elementor-widget elementor-widget-text-editor\" data-id=\"2020fb0\" data-element_type=\"widget\" data-e-type=\"widget\" data-widget_type=\"text-editor.default\">\n\t\t\t\t<div class=\"elementor-widget-container\">\n\t\t\t\t\t\t\t\t\t<p style=\"font-weight: 400;\">delta T \u4e3a\u751f\u547d\u79d1\u5b66\u9886\u57df\u7684\u6e29\u5ea6\u654f\u611f\u4ea7\u54c1\u5f00\u53d1\u548c\u5236\u9020\u8fd0\u8f93\u89e3\u51b3\u65b9\u6848\u3002<\/p>\n<p style=\"font-weight: 400;\">\u6211\u4eec\u7279\u6b8a\u7684\u50a8\u80fd\u5143\u4ef6\u548c\u4fdd\u6e29\u7bb1\uff0c\u4fdd\u6e29\u888b\uff0c CRT\u5305\u88c5\u8fd0\u8f93\u5305\u88c5\uff0c\u53ef\u4ee5\u4f7f\u5f97\u4ea7\u54c1\u5728\u957f\u8fbe120\u5c0f\u65f6\u7684\u6052\u5b9a\u6e29\u5ea6\u4e0b\u8fd0\u8f93\u3002<br \/>delta T \u6210\u7acb\u4e8e2000\u5e74\uff0c\u603b\u90e8\u8bbe\u7acb\u5728\u5fb7\u56fd\u7684\u8d39\u74e6\u5c14\u5fb7\uff08Fernwald\uff09\u3002<\/p>\n<p style=\"font-weight: 400;\">\u4ea7\u54c1\u9002\u7528\u7684\u5ba2\u6237\u7fa4\u4f53\uff1a\n1.\u732e\u8840\u4e2d\u5fc3\u3002\u53ef\u7528delta T \u4fdd\u6e29\u7bb1\u53ca\u50a8\u80fd\u5143\u4ef6\u6765\u5b58\u653e\u8840\u888b\u3001\u8bd5\u7ba1\u3001\u8840\u6d46\u7b49\u3002\n2. \u836f\u54c1\u5236\u9020\u5546\u548c\u6279\u53d1\u5546\u3002delta T \u63d0\u4f9b\u5bf9\u6709\u7279\u5b9a\u6e29\u5ea6\u8fd0\u8f93\u9700\u6c42\u7684\u836f\u54c1\u548c\u6837\u54c1\u4fdd\u6e29\u76d2\u53ca\u50a8\u80fd\u5143\u4ef6\u3002 3. \u5b9e\u9a8c\u5ba4\u53ca\u836f\u623f\u3002deltaT \u53ef\u6839\u636e\u5b9e\u9645\u9700\u6c42\uff0c\u6709\u9488\u5bf9\u6027\u7684\u89e3\u51b3\u836f\u54c1\u8fd0\u8f93\u95ee\u9898\u3002<\/p>\t\t\t\t\t\t\t\t<\/div>\n\t\t\t\t<\/div>\n\t\t\t\t\t<\/div>\n\t\t<\/div>\n\t\t\t\t<div class=\"elementor-column elementor-col-50 elementor-top-column elementor-element elementor-element-7d3fed8\" data-id=\"7d3fed8\" data-element_type=\"column\" data-e-type=\"column\">\n\t\t\t<div class=\"elementor-widget-wrap\">\n\t\t\t\t\t\t\t<\/div>\n\t\t<\/div>\n\t\t\t\t\t<\/div>\n\t\t<\/section>\n\t\t\t\t<\/div>","protected":false},"excerpt":{"rendered":"<p>delta T entwickelt und produziert Transportl\u00f6sungen f\u00fcr temperatursensible Produkte im \u201eLife Science sector\u201c. Unsere speziellen Temperierelemente und Isolier-Beh\u00e4lter und Taschen erm\u00f6glichen es, bis zu 120 Stunden bei konstanter Temperatur zu transportieren.delta T wurde 2000 gegr\u00fcndet und hat Ihren Hauptsitz in Fernwald. Unsere Kunden sind die Guten &#8211; Ob Blutspendedienste, die Isolierboxen und Akkus f\u00fcr ihre &#8230; <a title=\"\u5173\u4e8e\u6211\u4eec\" class=\"read-more\" href=\"https:\/\/www.deltat.info\/cn\/ueber-delta-t\/\" aria-label=\"\u9605\u8bfb \u00dcber delta T\">\u9605\u8bfb\u66f4\u591a<\/a><\/p>","protected":false},"author":1,"featured_media":0,"parent":0,"menu_order":0,"comment_status":"closed","ping_status":"closed","template":"","meta":{"footnotes":""},"class_list":["post-8","page","type-page","status-publish"],"yoast_head":"<!-- This site is optimized with the Yoast SEO plugin v27.4 - https:\/\/yoast.com\/product\/yoast-seo-wordpress\/ -->\n<title>\u00dcber delta T - Transportl\u00f6sungen f\u00fcr temperatursensible Produkte - delta T<\/title>\n<meta name=\"description\" content=\"delta T entwickelt und produziert Transportl\u00f6sungen f\u00fcr temperatursensible Produkte im \u201eLife Science sector\u201c (Pharma-Industrie).\" \/>\n<meta name=\"robots\" content=\"index, follow, max-snippet:-1, max-image-preview:large, max-video-preview:-1\" \/>\n<link rel=\"canonical\" href=\"https:\/\/www.deltat.info\/cn\/ueber-delta-t\/\" \/>\n<meta name=\"twitter:label1\" content=\"\u9884\u8ba1\u9605\u8bfb\u65f6\u95f4\" \/>\n\t<meta name=\"twitter:data1\" content=\"1 \u5206\" \/>\n<script type=\"application\/ld+json\" class=\"yoast-schema-graph\">{\"@context\":\"https:\\\/\\\/schema.org\",\"@graph\":[{\"@type\":\"WebPage\",\"@id\":\"https:\\\/\\\/www.deltat.info\\\/ueber-delta-t\\\/\",\"url\":\"https:\\\/\\\/www.deltat.info\\\/ueber-delta-t\\\/\",\"name\":\"\u00dcber delta T - Transportl\u00f6sungen f\u00fcr temperatursensible Produkte - delta T\",\"isPartOf\":{\"@id\":\"https:\\\/\\\/www.deltat.info\\\/#website\"},\"datePublished\":\"2020-01-18T11:16:07+00:00\",\"dateModified\":\"2020-04-30T17:36:17+00:00\",\"description\":\"delta T entwickelt und produziert Transportl\u00f6sungen f\u00fcr temperatursensible Produkte im \u201eLife Science sector\u201c (Pharma-Industrie).\",\"breadcrumb\":{\"@id\":\"https:\\\/\\\/www.deltat.info\\\/ueber-delta-t\\\/#breadcrumb\"},\"inLanguage\":\"zh-Hans\",\"potentialAction\":[{\"@type\":\"ReadAction\",\"target\":[\"https:\\\/\\\/www.deltat.info\\\/ueber-delta-t\\\/\"]}]},{\"@type\":\"BreadcrumbList\",\"@id\":\"https:\\\/\\\/www.deltat.info\\\/ueber-delta-t\\\/#breadcrumb\",\"itemListElement\":[{\"@type\":\"ListItem\",\"position\":1,\"name\":\"Startseite\",\"item\":\"https:\\\/\\\/www.deltat.info\\\/\"},{\"@type\":\"ListItem\",\"position\":2,\"name\":\"\u00dcber delta T\"}]},{\"@type\":\"WebSite\",\"@id\":\"https:\\\/\\\/www.deltat.info\\\/#website\",\"url\":\"https:\\\/\\\/www.deltat.info\\\/\",\"name\":\"delta T Gesellschaft f\u00fcr Medizintechnik mbH\",\"description\":\"Die delta T Gesellschaft f\u00fcr Medizintechnik mbH entwickelt und produziert Transportl\u00f6sungen f\u00fcr temperatursensible Produkte wie Arzneimittel, Blut, Organe oder andere K\u00fchlprodukte der Medizin.\",\"publisher\":{\"@id\":\"https:\\\/\\\/www.deltat.info\\\/#organization\"},\"potentialAction\":[{\"@type\":\"SearchAction\",\"target\":{\"@type\":\"EntryPoint\",\"urlTemplate\":\"https:\\\/\\\/www.deltat.info\\\/?s={search_term_string}\"},\"query-input\":{\"@type\":\"PropertyValueSpecification\",\"valueRequired\":true,\"valueName\":\"search_term_string\"}}],\"inLanguage\":\"zh-Hans\"},{\"@type\":\"Organization\",\"@id\":\"https:\\\/\\\/www.deltat.info\\\/#organization\",\"name\":\"delta T Gesellschaft f\u00fcr Medizintechnik mbH\",\"url\":\"https:\\\/\\\/www.deltat.info\\\/\",\"logo\":{\"@type\":\"ImageObject\",\"inLanguage\":\"zh-Hans\",\"@id\":\"https:\\\/\\\/www.deltat.info\\\/#\\\/schema\\\/logo\\\/image\\\/\",\"url\":\"https:\\\/\\\/www.deltat.info\\\/wp-content\\\/uploads\\\/2020\\\/02\\\/delta-t-logo-2020.png\",\"contentUrl\":\"https:\\\/\\\/www.deltat.info\\\/wp-content\\\/uploads\\\/2020\\\/02\\\/delta-t-logo-2020.png\",\"width\":202,\"height\":80,\"caption\":\"delta T Gesellschaft f\u00fcr Medizintechnik mbH\"},\"image\":{\"@id\":\"https:\\\/\\\/www.deltat.info\\\/#\\\/schema\\\/logo\\\/image\\\/\"},\"sameAs\":[\"https:\\\/\\\/www.facebook.com\\\/Delta-T-GmbH-1250957958263459\\\/\",\"https:\\\/\\\/x.com\\\/deltaT_global\",\"https:\\\/\\\/www.linkedin.com\\\/company\\\/delta-t-gmbh\",\"https:\\\/\\\/www.youtube.com\\\/channel\\\/UCu10jeTdpr6Mehzqe_QMK3Q\"]}]}<\/script>\n<!-- \/ Yoast SEO plugin. -->","yoast_head_json":{"title":"\u00dcber delta T - Transportl\u00f6sungen f\u00fcr temperatursensible Produkte - delta T","description":"delta T entwickelt und produziert Transportl\u00f6sungen f\u00fcr temperatursensible Produkte im \u201eLife Science sector\u201c (Pharma-Industrie).","robots":{"index":"index","follow":"follow","max-snippet":"max-snippet:-1","max-image-preview":"max-image-preview:large","max-video-preview":"max-video-preview:-1"},"canonical":"https:\/\/www.deltat.info\/cn\/ueber-delta-t\/","twitter_misc":{"\u9884\u8ba1\u9605\u8bfb\u65f6\u95f4":"1 \u5206"},"schema":{"@context":"https:\/\/schema.org","@graph":[{"@type":"WebPage","@id":"https:\/\/www.deltat.info\/ueber-delta-t\/","url":"https:\/\/www.deltat.info\/ueber-delta-t\/","name":"\u00dcber delta T - Transportl\u00f6sungen f\u00fcr temperatursensible Produkte - delta T","isPartOf":{"@id":"https:\/\/www.deltat.info\/#website"},"datePublished":"2020-01-18T11:16:07+00:00","dateModified":"2020-04-30T17:36:17+00:00","description":"delta T entwickelt und produziert Transportl\u00f6sungen f\u00fcr temperatursensible Produkte im \u201eLife Science sector\u201c (Pharma-Industrie).","breadcrumb":{"@id":"https:\/\/www.deltat.info\/ueber-delta-t\/#breadcrumb"},"inLanguage":"zh-Hans","potentialAction":[{"@type":"ReadAction","target":["https:\/\/www.deltat.info\/ueber-delta-t\/"]}]},{"@type":"BreadcrumbList","@id":"https:\/\/www.deltat.info\/ueber-delta-t\/#breadcrumb","itemListElement":[{"@type":"ListItem","position":1,"name":"Startseite","item":"https:\/\/www.deltat.info\/"},{"@type":"ListItem","position":2,"name":"\u00dcber delta T"}]},{"@type":"WebSite","@id":"https:\/\/www.deltat.info\/#website","url":"https:\/\/www.deltat.info\/","name":"delta T \u751f\u7269\u533b\u7597\u6709\u9650\u516c\u53f8","description":"Die delta T Gesellschaft f\u00fcr Medizintechnik mbH entwickelt und produziert Transportl\u00f6sungen f\u00fcr temperatursensible Produkte wie Arzneimittel, Blut, Organe oder andere K\u00fchlprodukte der Medizin.","publisher":{"@id":"https:\/\/www.deltat.info\/#organization"},"potentialAction":[{"@type":"SearchAction","target":{"@type":"EntryPoint","urlTemplate":"https:\/\/www.deltat.info\/?s={search_term_string}"},"query-input":{"@type":"PropertyValueSpecification","valueRequired":true,"valueName":"search_term_string"}}],"inLanguage":"zh-Hans"},{"@type":"Organization","@id":"https:\/\/www.deltat.info\/#organization","name":"delta T \u751f\u7269\u533b\u7597\u6709\u9650\u516c\u53f8","url":"https:\/\/www.deltat.info\/","logo":{"@type":"ImageObject","inLanguage":"zh-Hans","@id":"https:\/\/www.deltat.info\/#\/schema\/logo\/image\/","url":"https:\/\/www.deltat.info\/wp-content\/uploads\/2020\/02\/delta-t-logo-2020.png","contentUrl":"https:\/\/www.deltat.info\/wp-content\/uploads\/2020\/02\/delta-t-logo-2020.png","width":202,"height":80,"caption":"delta T Gesellschaft f\u00fcr Medizintechnik mbH"},"image":{"@id":"https:\/\/www.deltat.info\/#\/schema\/logo\/image\/"},"sameAs":["https:\/\/www.facebook.com\/Delta-T-GmbH-1250957958263459\/","https:\/\/x.com\/deltaT_global","https:\/\/www.linkedin.com\/company\/delta-t-gmbh","https:\/\/www.youtube.com\/channel\/UCu10jeTdpr6Mehzqe_QMK3Q"]}]}},"_links":{"self":[{"href":"https:\/\/www.deltat.info\/cn\/wp-json\/wp\/v2\/pages\/8","targetHints":{"allow":["GET"]}}],"collection":[{"href":"https:\/\/www.deltat.info\/cn\/wp-json\/wp\/v2\/pages"}],"about":[{"href":"https:\/\/www.deltat.info\/cn\/wp-json\/wp\/v2\/types\/page"}],"author":[{"embeddable":true,"href":"https:\/\/www.deltat.info\/cn\/wp-json\/wp\/v2\/users\/1"}],"replies":[{"embeddable":true,"href":"https:\/\/www.deltat.info\/cn\/wp-json\/wp\/v2\/comments?post=8"}],"version-history":[{"count":13,"href":"https:\/\/www.deltat.info\/cn\/wp-json\/wp\/v2\/pages\/8\/revisions"}],"predecessor-version":[{"id":1834,"href":"https:\/\/www.deltat.info\/cn\/wp-json\/wp\/v2\/pages\/8\/revisions\/1834"}],"wp:attachment":[{"href":"https:\/\/www.deltat.info\/cn\/wp-json\/wp\/v2\/media?parent=8"}],"curies":[{"name":"wp","href":"https:\/\/api.w.org\/{rel}","templated":true}]}}