{"id":1285,"date":"2020-02-06T13:31:12","date_gmt":"2020-02-06T12:31:12","guid":{"rendered":"http:\/\/neuesweb.deltat.de\/?page_id=1285"},"modified":"2020-04-30T14:13:41","modified_gmt":"2020-04-30T12:13:41","slug":"cookie-settings","status":"publish","type":"page","link":"https:\/\/www.deltat.info\/en\/cookie-einstellungen\/","title":{"rendered":"Cookie settings"},"content":{"rendered":"<div data-elementor-type=\"wp-page\" data-elementor-id=\"1285\" class=\"elementor elementor-1285\" data-elementor-post-type=\"page\">\n\t\t\t\t\t\t<section class=\"elementor-section elementor-top-section elementor-element elementor-element-116555d elementor-section-boxed elementor-section-height-default elementor-section-height-default\" data-id=\"116555d\" data-element_type=\"section\" data-e-type=\"section\">\n\t\t\t\t\t\t<div class=\"elementor-container elementor-column-gap-default\">\n\t\t\t\t\t<div class=\"elementor-column elementor-col-100 elementor-top-column elementor-element elementor-element-0cc8819\" data-id=\"0cc8819\" data-element_type=\"column\" data-e-type=\"column\">\n\t\t\t<div class=\"elementor-widget-wrap elementor-element-populated\">\n\t\t\t\t\t\t<div class=\"elementor-element elementor-element-60c646f elementor-widget elementor-widget-global elementor-global-295 elementor-widget-heading\" data-id=\"60c646f\" data-element_type=\"widget\" data-e-type=\"widget\" data-widget_type=\"heading.default\">\n\t\t\t\t<div class=\"elementor-widget-container\">\n\t\t\t\t\t<h1 class=\"elementor-heading-title elementor-size-default\">Cookie settings<\/h1>\t\t\t\t<\/div>\n\t\t\t\t<\/div>\n\t\t\t\t\t<\/div>\n\t\t<\/div>\n\t\t\t\t\t<\/div>\n\t\t<\/section>\n\t\t\t\t<section class=\"elementor-section elementor-top-section elementor-element elementor-element-039fb6d elementor-section-boxed elementor-section-height-default elementor-section-height-default\" data-id=\"039fb6d\" data-element_type=\"section\" data-e-type=\"section\">\n\t\t\t\t\t\t<div class=\"elementor-container elementor-column-gap-default\">\n\t\t\t\t\t<div class=\"elementor-column elementor-col-100 elementor-top-column elementor-element elementor-element-17860ee\" data-id=\"17860ee\" data-element_type=\"column\" data-e-type=\"column\">\n\t\t\t<div class=\"elementor-widget-wrap elementor-element-populated\">\n\t\t\t\t\t\t<div class=\"elementor-element elementor-element-741034c elementor-widget elementor-widget-text-editor\" data-id=\"741034c\" data-element_type=\"widget\" data-e-type=\"widget\" data-widget_type=\"text-editor.default\">\n\t\t\t\t<div class=\"elementor-widget-container\">\n\t\t\t\t\t\t\t\t\t<p>Here you can view and save the settings for storing cookies from various services. Please note that the \"General Cookies\" will be required for the proper operation of the website. You can find out more in <a href=\"http:\/\/neuesweb.deltat.de\/datenschutzerklaerung\/\">Data Privacy<\/a>.<\/p>\t\t\t\t\t\t\t\t<\/div>\n\t\t\t\t<\/div>\n\t\t\t\t\t<\/div>\n\t\t<\/div>\n\t\t\t\t\t<\/div>\n\t\t<\/section>\n\t\t\t\t<section class=\"elementor-section elementor-top-section elementor-element elementor-element-610643f elementor-section-boxed elementor-section-height-default elementor-section-height-default\" data-id=\"610643f\" data-element_type=\"section\" data-e-type=\"section\">\n\t\t\t\t\t\t<div class=\"elementor-container elementor-column-gap-default\">\n\t\t\t\t\t<div class=\"elementor-column elementor-col-100 elementor-top-column elementor-element elementor-element-39bb596\" data-id=\"39bb596\" data-element_type=\"column\" data-e-type=\"column\">\n\t\t\t<div class=\"elementor-widget-wrap elementor-element-populated\">\n\t\t\t\t\t\t<div class=\"elementor-element elementor-element-590f880 elementor-widget elementor-widget-shortcode\" data-id=\"590f880\" data-element_type=\"widget\" data-e-type=\"widget\" data-widget_type=\"shortcode.default\">\n\t\t\t\t<div class=\"elementor-widget-container\">\n\t\t\t\t\t\t\t<div class=\"elementor-shortcode\"><style>#tarteaucitronAlertSmall, #tarteaucitronManager { display: none !important;} #dsgvo_service_control #tarteaucitronServices {position: relative; float: left; width: 100%;}  #tarteaucitronBack, #tarteaucitronAlertBig { display: none !important;}<\/style><div id=\"dsgvo_service_control\"><\/div><\/div>\n\t\t\t\t\t\t<\/div>\n\t\t\t\t<\/div>\n\t\t\t\t\t<\/div>\n\t\t<\/div>\n\t\t\t\t\t<\/div>\n\t\t<\/section>\n\t\t\t\t<section class=\"elementor-section elementor-top-section elementor-element elementor-element-a5afa99 clear elementor-section-boxed elementor-section-height-default elementor-section-height-default\" data-id=\"a5afa99\" data-element_type=\"section\" data-e-type=\"section\">\n\t\t\t\t\t\t<div class=\"elementor-container elementor-column-gap-default\">\n\t\t\t\t\t<div class=\"elementor-column elementor-col-100 elementor-top-column elementor-element elementor-element-6989618\" data-id=\"6989618\" data-element_type=\"column\" data-e-type=\"column\">\n\t\t\t<div class=\"elementor-widget-wrap elementor-element-populated\">\n\t\t\t\t\t\t\t<\/div>\n\t\t<\/div>\n\t\t\t\t\t<\/div>\n\t\t<\/section>\n\t\t\t\t<section class=\"elementor-section elementor-top-section elementor-element elementor-element-014a36f elementor-section-boxed elementor-section-height-default elementor-section-height-default\" data-id=\"014a36f\" data-element_type=\"section\" data-e-type=\"section\">\n\t\t\t\t\t\t<div class=\"elementor-container elementor-column-gap-default\">\n\t\t\t\t\t<div class=\"elementor-column elementor-col-100 elementor-top-column elementor-element elementor-element-5fe260c\" data-id=\"5fe260c\" data-element_type=\"column\" data-e-type=\"column\">\n\t\t\t<div class=\"elementor-widget-wrap\">\n\t\t\t\t\t\t\t<\/div>\n\t\t<\/div>\n\t\t\t\t\t<\/div>\n\t\t<\/section>\n\t\t\t\t<\/div>","protected":false},"excerpt":{"rendered":"<p>Hier k\u00f6nnen Sie die Einstellung zur Speicherung von Cookies verschiedener Dienste einsehen und speichern. Beachten Sie bitte, dass die &#8222;Allgemeinen Cookies&#8220; zwingen f\u00fcr den ordnungsgem\u00e4\u00dfen Betrieb der Website ben\u00f6tigen werden. N\u00e4heres dazu erfahren Sie in unserer Datenschutzerkl\u00e4rung.<\/p>","protected":false},"author":1,"featured_media":0,"parent":0,"menu_order":0,"comment_status":"closed","ping_status":"closed","template":"","meta":{"footnotes":""},"class_list":["post-1285","page","type-page","status-publish"],"yoast_head":"<!-- This site is optimized with the Yoast SEO plugin v27.4 - https:\/\/yoast.com\/product\/yoast-seo-wordpress\/ -->\n<title>Cookie-Einstellungen - delta T<\/title>\n<meta name=\"robots\" content=\"index, follow, max-snippet:-1, max-image-preview:large, max-video-preview:-1\" \/>\n<link rel=\"canonical\" href=\"https:\/\/www.deltat.info\/en\/cookie-settings\/\" \/>\n<script type=\"application\/ld+json\" class=\"yoast-schema-graph\">{\"@context\":\"https:\\\/\\\/schema.org\",\"@graph\":[{\"@type\":\"WebPage\",\"@id\":\"https:\\\/\\\/www.deltat.info\\\/cookie-einstellungen\\\/\",\"url\":\"https:\\\/\\\/www.deltat.info\\\/cookie-einstellungen\\\/\",\"name\":\"Cookie-Einstellungen - delta T\",\"isPartOf\":{\"@id\":\"https:\\\/\\\/www.deltat.info\\\/#website\"},\"datePublished\":\"2020-02-06T12:31:12+00:00\",\"dateModified\":\"2020-04-30T12:13:41+00:00\",\"breadcrumb\":{\"@id\":\"https:\\\/\\\/www.deltat.info\\\/cookie-einstellungen\\\/#breadcrumb\"},\"inLanguage\":\"en-GB\",\"potentialAction\":[{\"@type\":\"ReadAction\",\"target\":[\"https:\\\/\\\/www.deltat.info\\\/cookie-einstellungen\\\/\"]}]},{\"@type\":\"BreadcrumbList\",\"@id\":\"https:\\\/\\\/www.deltat.info\\\/cookie-einstellungen\\\/#breadcrumb\",\"itemListElement\":[{\"@type\":\"ListItem\",\"position\":1,\"name\":\"Startseite\",\"item\":\"https:\\\/\\\/www.deltat.info\\\/\"},{\"@type\":\"ListItem\",\"position\":2,\"name\":\"Cookie-Einstellungen\"}]},{\"@type\":\"WebSite\",\"@id\":\"https:\\\/\\\/www.deltat.info\\\/#website\",\"url\":\"https:\\\/\\\/www.deltat.info\\\/\",\"name\":\"delta T Gesellschaft f\u00fcr Medizintechnik mbH\",\"description\":\"Die delta T Gesellschaft f\u00fcr Medizintechnik mbH entwickelt und produziert Transportl\u00f6sungen f\u00fcr temperatursensible Produkte wie Arzneimittel, Blut, Organe oder andere K\u00fchlprodukte der Medizin.\",\"publisher\":{\"@id\":\"https:\\\/\\\/www.deltat.info\\\/#organization\"},\"potentialAction\":[{\"@type\":\"SearchAction\",\"target\":{\"@type\":\"EntryPoint\",\"urlTemplate\":\"https:\\\/\\\/www.deltat.info\\\/?s={search_term_string}\"},\"query-input\":{\"@type\":\"PropertyValueSpecification\",\"valueRequired\":true,\"valueName\":\"search_term_string\"}}],\"inLanguage\":\"en-GB\"},{\"@type\":\"Organization\",\"@id\":\"https:\\\/\\\/www.deltat.info\\\/#organization\",\"name\":\"delta T Gesellschaft f\u00fcr Medizintechnik mbH\",\"url\":\"https:\\\/\\\/www.deltat.info\\\/\",\"logo\":{\"@type\":\"ImageObject\",\"inLanguage\":\"en-GB\",\"@id\":\"https:\\\/\\\/www.deltat.info\\\/#\\\/schema\\\/logo\\\/image\\\/\",\"url\":\"https:\\\/\\\/www.deltat.info\\\/wp-content\\\/uploads\\\/2020\\\/02\\\/delta-t-logo-2020.png\",\"contentUrl\":\"https:\\\/\\\/www.deltat.info\\\/wp-content\\\/uploads\\\/2020\\\/02\\\/delta-t-logo-2020.png\",\"width\":202,\"height\":80,\"caption\":\"delta T Gesellschaft f\u00fcr Medizintechnik mbH\"},\"image\":{\"@id\":\"https:\\\/\\\/www.deltat.info\\\/#\\\/schema\\\/logo\\\/image\\\/\"},\"sameAs\":[\"https:\\\/\\\/www.facebook.com\\\/Delta-T-GmbH-1250957958263459\\\/\",\"https:\\\/\\\/x.com\\\/deltaT_global\",\"https:\\\/\\\/www.linkedin.com\\\/company\\\/delta-t-gmbh\",\"https:\\\/\\\/www.youtube.com\\\/channel\\\/UCu10jeTdpr6Mehzqe_QMK3Q\"]}]}<\/script>\n<!-- \/ Yoast SEO plugin. -->","yoast_head_json":{"title":"Cookie settings - delta T","robots":{"index":"index","follow":"follow","max-snippet":"max-snippet:-1","max-image-preview":"max-image-preview:large","max-video-preview":"max-video-preview:-1"},"canonical":"https:\/\/www.deltat.info\/en\/cookie-settings\/","schema":{"@context":"https:\/\/schema.org","@graph":[{"@type":"WebPage","@id":"https:\/\/www.deltat.info\/cookie-einstellungen\/","url":"https:\/\/www.deltat.info\/cookie-einstellungen\/","name":"Cookie settings - delta T","isPartOf":{"@id":"https:\/\/www.deltat.info\/#website"},"datePublished":"2020-02-06T12:31:12+00:00","dateModified":"2020-04-30T12:13:41+00:00","breadcrumb":{"@id":"https:\/\/www.deltat.info\/cookie-einstellungen\/#breadcrumb"},"inLanguage":"en-GB","potentialAction":[{"@type":"ReadAction","target":["https:\/\/www.deltat.info\/cookie-einstellungen\/"]}]},{"@type":"BreadcrumbList","@id":"https:\/\/www.deltat.info\/cookie-einstellungen\/#breadcrumb","itemListElement":[{"@type":"ListItem","position":1,"name":"Startseite","item":"https:\/\/www.deltat.info\/"},{"@type":"ListItem","position":2,"name":"Cookie-Einstellungen"}]},{"@type":"WebSite","@id":"https:\/\/www.deltat.info\/#website","url":"https:\/\/www.deltat.info\/","name":"delta T Gesellschaft f\u00fcr Medizintechnik mbH","description":"Delta T Gesellschaft f\u00fcr Medizintechnik mbH develops and produces transport solutions for temperature-sensitive products such as drugs, blood, organs or other medical cooling products.","publisher":{"@id":"https:\/\/www.deltat.info\/#organization"},"potentialAction":[{"@type":"SearchAction","target":{"@type":"EntryPoint","urlTemplate":"https:\/\/www.deltat.info\/?s={search_term_string}"},"query-input":{"@type":"PropertyValueSpecification","valueRequired":true,"valueName":"search_term_string"}}],"inLanguage":"en-GB"},{"@type":"Organization","@id":"https:\/\/www.deltat.info\/#organization","name":"delta T Gesellschaft f\u00fcr Medizintechnik mbH","url":"https:\/\/www.deltat.info\/","logo":{"@type":"ImageObject","inLanguage":"en-GB","@id":"https:\/\/www.deltat.info\/#\/schema\/logo\/image\/","url":"https:\/\/www.deltat.info\/wp-content\/uploads\/2020\/02\/delta-t-logo-2020.png","contentUrl":"https:\/\/www.deltat.info\/wp-content\/uploads\/2020\/02\/delta-t-logo-2020.png","width":202,"height":80,"caption":"delta T Gesellschaft f\u00fcr Medizintechnik mbH"},"image":{"@id":"https:\/\/www.deltat.info\/#\/schema\/logo\/image\/"},"sameAs":["https:\/\/www.facebook.com\/Delta-T-GmbH-1250957958263459\/","https:\/\/x.com\/deltaT_global","https:\/\/www.linkedin.com\/company\/delta-t-gmbh","https:\/\/www.youtube.com\/channel\/UCu10jeTdpr6Mehzqe_QMK3Q"]}]}},"_links":{"self":[{"href":"https:\/\/www.deltat.info\/en\/wp-json\/wp\/v2\/pages\/1285","targetHints":{"allow":["GET"]}}],"collection":[{"href":"https:\/\/www.deltat.info\/en\/wp-json\/wp\/v2\/pages"}],"about":[{"href":"https:\/\/www.deltat.info\/en\/wp-json\/wp\/v2\/types\/page"}],"author":[{"embeddable":true,"href":"https:\/\/www.deltat.info\/en\/wp-json\/wp\/v2\/users\/1"}],"replies":[{"embeddable":true,"href":"https:\/\/www.deltat.info\/en\/wp-json\/wp\/v2\/comments?post=1285"}],"version-history":[{"count":20,"href":"https:\/\/www.deltat.info\/en\/wp-json\/wp\/v2\/pages\/1285\/revisions"}],"predecessor-version":[{"id":1431,"href":"https:\/\/www.deltat.info\/en\/wp-json\/wp\/v2\/pages\/1285\/revisions\/1431"}],"wp:attachment":[{"href":"https:\/\/www.deltat.info\/en\/wp-json\/wp\/v2\/media?parent=1285"}],"curies":[{"name":"wp","href":"https:\/\/api.w.org\/{rel}","templated":true}]}}