{"id":3380,"date":"2022-01-26T14:07:58","date_gmt":"2022-01-26T13:07:58","guid":{"rendered":"https:\/\/www.deltat.info\/?page_id=3380"},"modified":"2025-10-28T14:42:32","modified_gmt":"2025-10-28T13:42:32","slug":"multi-use-vip-pallet-shipper","status":"publish","type":"page","link":"https:\/\/www.deltat.info\/en\/produkte\/pallet-shipper\/multi-use-vip-pallet-shipper\/","title":{"rendered":"Multi Use VIP Pallet Shipper"},"content":{"rendered":"<div data-elementor-type=\"wp-page\" data-elementor-id=\"3380\" class=\"elementor elementor-3380\" data-elementor-post-type=\"page\">\n\t\t\t\t\t\t<section class=\"elementor-section elementor-top-section elementor-element elementor-element-5b1389a elementor-section-boxed elementor-section-height-default elementor-section-height-default\" data-id=\"5b1389a\" data-element_type=\"section\" data-e-type=\"section\">\n\t\t\t\t\t\t<div class=\"elementor-container elementor-column-gap-default\">\n\t\t\t\t\t<div class=\"elementor-column elementor-col-100 elementor-top-column elementor-element elementor-element-2f4a9d3\" data-id=\"2f4a9d3\" data-element_type=\"column\" data-e-type=\"column\">\n\t\t\t<div class=\"elementor-widget-wrap elementor-element-populated\">\n\t\t\t\t\t\t<div class=\"elementor-element elementor-element-2fb444b elementor-widget elementor-widget-global elementor-global-295 elementor-widget-heading\" data-id=\"2fb444b\" data-element_type=\"widget\" data-e-type=\"widget\" data-widget_type=\"heading.default\">\n\t\t\t\t<div class=\"elementor-widget-container\">\n\t\t\t\t\t<h1 class=\"elementor-heading-title elementor-size-default\">Multi Use VIP Pallet Shipper<\/h1>\t\t\t\t<\/div>\n\t\t\t\t<\/div>\n\t\t\t\t<div class=\"elementor-element elementor-element-b6a04b0 elementor-widget elementor-widget-text-editor\" data-id=\"b6a04b0\" data-element_type=\"widget\" data-e-type=\"widget\" data-widget_type=\"text-editor.default\">\n\t\t\t\t<div class=\"elementor-widget-container\">\n\t\t\t\t\t\t\t\t\t<p>These robust systems are modular and equipped with state-of-the-art vacuum insulation. They are validated for up to 200 hours of transport time and are used on intercontinental routes.<\/p><p>With the appropriate Accus, they can be used for cold chain from 2 to 8\u00b0C or 15 to 15C applications, as well as for -80\u00b0C (dry ice) or below -18\u00b0C (frozen goods). Even at extreme outside temperatures the prescribed internal temperature is guaranteed. delta T offers pre-tempering and configuration for these systems.<\/p>\t\t\t\t\t\t\t\t<\/div>\n\t\t\t\t<\/div>\n\t\t\t\t<div class=\"elementor-element elementor-element-25a4c35 elementor-widget-divider--view-line elementor-widget elementor-widget-global elementor-global-719 elementor-widget-divider\" data-id=\"25a4c35\" data-element_type=\"widget\" data-e-type=\"widget\" data-widget_type=\"divider.default\">\n\t\t\t\t<div class=\"elementor-widget-container\">\n\t\t\t\t\t\t\t<div class=\"elementor-divider\">\n\t\t\t<span class=\"elementor-divider-separator\">\n\t\t\t\t\t\t<\/span>\n\t\t<\/div>\n\t\t\t\t\t\t<\/div>\n\t\t\t\t<\/div>\n\t\t\t\t\t<\/div>\n\t\t<\/div>\n\t\t\t\t\t<\/div>\n\t\t<\/section>\n\t\t\t\t<section class=\"elementor-section elementor-top-section elementor-element elementor-element-baa3fc1 elementor-section-boxed elementor-section-height-default elementor-section-height-default\" data-id=\"baa3fc1\" data-element_type=\"section\" data-e-type=\"section\">\n\t\t\t\t\t\t<div class=\"elementor-container elementor-column-gap-default\">\n\t\t\t\t\t<div class=\"elementor-column elementor-col-100 elementor-top-column elementor-element elementor-element-e267527\" data-id=\"e267527\" data-element_type=\"column\" data-e-type=\"column\">\n\t\t\t<div class=\"elementor-widget-wrap elementor-element-populated\">\n\t\t\t\t\t\t<div class=\"elementor-element elementor-element-2a5fc8e elementor-widget elementor-widget-heading\" data-id=\"2a5fc8e\" data-element_type=\"widget\" data-e-type=\"widget\" data-widget_type=\"heading.default\">\n\t\t\t\t<div class=\"elementor-widget-container\">\n\t\t\t\t\t<h2 class=\"elementor-heading-title elementor-size-default\">HD VIP Pallet Insulator EPAL  1200L<\/h2>\t\t\t\t<\/div>\n\t\t\t\t<\/div>\n\t\t\t\t\t<\/div>\n\t\t<\/div>\n\t\t\t\t\t<\/div>\n\t\t<\/section>\n\t\t\t\t<section class=\"elementor-section elementor-top-section elementor-element elementor-element-2caa567 elementor-section-boxed elementor-section-height-default elementor-section-height-default\" data-id=\"2caa567\" data-element_type=\"section\" data-e-type=\"section\">\n\t\t\t\t\t\t<div class=\"elementor-container elementor-column-gap-default\">\n\t\t\t\t\t<div class=\"elementor-column elementor-col-33 elementor-top-column elementor-element elementor-element-78c29ed\" data-id=\"78c29ed\" data-element_type=\"column\" data-e-type=\"column\">\n\t\t\t<div class=\"elementor-widget-wrap elementor-element-populated\">\n\t\t\t\t\t\t<div class=\"elementor-element elementor-element-b710c7c elementor-widget elementor-widget-image\" data-id=\"b710c7c\" data-element_type=\"widget\" data-e-type=\"widget\" data-widget_type=\"image.default\">\n\t\t\t\t<div class=\"elementor-widget-container\">\n\t\t\t\t\t\t\t\t\t\t\t\t\t\t\t\t<a href=\"https:\/\/www.deltat.info\/wp-content\/uploads\/2021\/11\/B100910_300px.jpg\" data-elementor-open-lightbox=\"yes\" data-elementor-lightbox-title=\"B100910_Pallet Insulator 1200L\" data-e-action-hash=\"#elementor-action%3Aaction%3Dlightbox%26settings%3DeyJpZCI6MzIxNSwidXJsIjoiaHR0cHM6XC9cL3d3dy5kZWx0YXQuaW5mb1wvd3AtY29udGVudFwvdXBsb2Fkc1wvMjAyMVwvMTFcL0IxMDA5MTBfMzAwcHguanBnIn0%3D\">\n\t\t\t\t\t\t\t<img fetchpriority=\"high\" decoding=\"async\" width=\"300\" height=\"300\" src=\"https:\/\/www.deltat.info\/wp-content\/uploads\/2021\/11\/B100910_300px.jpg\" class=\"attachment-medium size-medium wp-image-3215\" alt=\"B 1009 10 Pallet Insulator 1200L\" srcset=\"https:\/\/www.deltat.info\/wp-content\/uploads\/2021\/11\/B100910_300px.jpg 300w, https:\/\/www.deltat.info\/wp-content\/uploads\/2021\/11\/B100910_300px-150x150.jpg 150w, https:\/\/www.deltat.info\/wp-content\/uploads\/2021\/11\/B100910_300px-12x12.jpg 12w\" sizes=\"(max-width: 300px) 100vw, 300px\" \/>\t\t\t\t\t\t\t\t<\/a>\n\t\t\t\t\t\t\t\t\t\t\t\t\t\t\t<\/div>\n\t\t\t\t<\/div>\n\t\t\t\t\t<\/div>\n\t\t<\/div>\n\t\t\t\t<div class=\"elementor-column elementor-col-33 elementor-top-column elementor-element elementor-element-a8f082c\" data-id=\"a8f082c\" data-element_type=\"column\" data-e-type=\"column\">\n\t\t\t<div class=\"elementor-widget-wrap elementor-element-populated\">\n\t\t\t\t\t\t<div class=\"elementor-element elementor-element-a667777 elementor-widget elementor-widget-text-editor\" data-id=\"a667777\" data-element_type=\"widget\" data-e-type=\"widget\" data-widget_type=\"text-editor.default\">\n\t\t\t\t<div class=\"elementor-widget-container\">\n\t\t\t\t\t\t\t\t\t<p>Order No: <b>B 1009 10<\/b><br \/><strong><br \/><\/strong><strong>Dimensions:<\/strong><br \/><strong>Outer:<\/strong> 1420 x 1000 x 1580 mm<br \/><strong>Inner (Payload): <\/strong>1200 x 800 x 1300 mm<br \/><strong>Weight: <\/strong>77 kg<\/p><p>Fits 19 pieces of Accu S1L x3 Boards or\n57 pieces Accu S1L\u00a0<\/p><p><strong>Quick and easy assembly<\/strong><\/p><p>Multiple use<\/p>\t\t\t\t\t\t\t\t<\/div>\n\t\t\t\t<\/div>\n\t\t\t\t\t<\/div>\n\t\t<\/div>\n\t\t\t\t<div class=\"elementor-column elementor-col-33 elementor-top-column elementor-element elementor-element-2eea6a4\" data-id=\"2eea6a4\" data-element_type=\"column\" data-e-type=\"column\">\n\t\t\t<div class=\"elementor-widget-wrap elementor-element-populated\">\n\t\t\t\t\t\t<div class=\"elementor-element elementor-element-d0a7eeb elementor-widget elementor-widget-text-editor\" data-id=\"d0a7eeb\" data-element_type=\"widget\" data-e-type=\"widget\" data-widget_type=\"text-editor.default\">\n\t\t\t\t<div class=\"elementor-widget-container\">\n\t\t\t\t\t\t\t\t\t<p>Specifically designed for temperature sensitive shipments of complete pallets of life science products, the HD [VIP] Pallet Insulator Transport System is manufactured from high density particle foam and vacuum insulation.  Typical transport temperature ranges required by the pharmaceutical industry (2 to 8\u00b0C \/ 15 to 25\u00b0C \/ 2 to 25\u00b0C or deep frozen) can be achieved when the transport system is used in combination with delta T\u2019s range of temperature stabilizing elements.  A transport time of up to 240 hours can be achieved depending on the configuration of delta T temperature stabilizing elements within the pallet insulator transport system.<\/p>\t\t\t\t\t\t\t\t<\/div>\n\t\t\t\t<\/div>\n\t\t\t\t\t<\/div>\n\t\t<\/div>\n\t\t\t\t\t<\/div>\n\t\t<\/section>\n\t\t\t\t<section class=\"elementor-section elementor-top-section elementor-element elementor-element-9393768 elementor-section-boxed elementor-section-height-default elementor-section-height-default\" data-id=\"9393768\" data-element_type=\"section\" data-e-type=\"section\">\n\t\t\t\t\t\t<div class=\"elementor-container elementor-column-gap-default\">\n\t\t\t\t\t<div class=\"elementor-column elementor-col-100 elementor-top-column elementor-element elementor-element-47dfdfa\" data-id=\"47dfdfa\" data-element_type=\"column\" data-e-type=\"column\">\n\t\t\t<div class=\"elementor-widget-wrap elementor-element-populated\">\n\t\t\t\t\t\t<div class=\"elementor-element elementor-element-de0b2e1 elementor-widget-divider--view-line elementor-widget elementor-widget-global elementor-global-719 elementor-widget-divider\" data-id=\"de0b2e1\" data-element_type=\"widget\" data-e-type=\"widget\" data-widget_type=\"divider.default\">\n\t\t\t\t<div class=\"elementor-widget-container\">\n\t\t\t\t\t\t\t<div class=\"elementor-divider\">\n\t\t\t<span class=\"elementor-divider-separator\">\n\t\t\t\t\t\t<\/span>\n\t\t<\/div>\n\t\t\t\t\t\t<\/div>\n\t\t\t\t<\/div>\n\t\t\t\t\t<\/div>\n\t\t<\/div>\n\t\t\t\t\t<\/div>\n\t\t<\/section>\n\t\t\t\t<section class=\"elementor-section elementor-top-section elementor-element elementor-element-b89f055 elementor-section-boxed elementor-section-height-default elementor-section-height-default\" data-id=\"b89f055\" data-element_type=\"section\" data-e-type=\"section\">\n\t\t\t\t\t\t<div class=\"elementor-container elementor-column-gap-default\">\n\t\t\t\t\t<div class=\"elementor-column elementor-col-100 elementor-top-column elementor-element elementor-element-1753d56\" data-id=\"1753d56\" data-element_type=\"column\" data-e-type=\"column\">\n\t\t\t<div class=\"elementor-widget-wrap elementor-element-populated\">\n\t\t\t\t\t\t<div class=\"elementor-element elementor-element-485fc9c elementor-widget elementor-widget-heading\" data-id=\"485fc9c\" data-element_type=\"widget\" data-e-type=\"widget\" data-widget_type=\"heading.default\">\n\t\t\t\t<div class=\"elementor-widget-container\">\n\t\t\t\t\t<h2 class=\"elementor-heading-title elementor-size-default\">HD VIP Pallet Insulator GMA 1440L<\/h2>\t\t\t\t<\/div>\n\t\t\t\t<\/div>\n\t\t\t\t\t<\/div>\n\t\t<\/div>\n\t\t\t\t\t<\/div>\n\t\t<\/section>\n\t\t\t\t<section class=\"elementor-section elementor-top-section elementor-element elementor-element-3f83cd4 elementor-section-boxed elementor-section-height-default elementor-section-height-default\" data-id=\"3f83cd4\" data-element_type=\"section\" data-e-type=\"section\">\n\t\t\t\t\t\t<div class=\"elementor-container elementor-column-gap-default\">\n\t\t\t\t\t<div class=\"elementor-column elementor-col-33 elementor-top-column elementor-element elementor-element-2f34ef8\" data-id=\"2f34ef8\" data-element_type=\"column\" data-e-type=\"column\">\n\t\t\t<div class=\"elementor-widget-wrap elementor-element-populated\">\n\t\t\t\t\t\t<div class=\"elementor-element elementor-element-ba4b0d5 elementor-widget elementor-widget-image\" data-id=\"ba4b0d5\" data-element_type=\"widget\" data-e-type=\"widget\" data-widget_type=\"image.default\">\n\t\t\t\t<div class=\"elementor-widget-container\">\n\t\t\t\t\t\t\t\t\t\t\t\t\t\t\t\t<a href=\"https:\/\/www.deltat.info\/wp-content\/uploads\/2025\/10\/HD-VIP-Pallet-Insulator-GMA-1440L-Website.png\" data-elementor-open-lightbox=\"yes\" data-elementor-lightbox-title=\"HD VIP Pallet Insulator GMA 1440L Website\" data-e-action-hash=\"#elementor-action%3Aaction%3Dlightbox%26settings%3DeyJpZCI6NTI5NCwidXJsIjoiaHR0cHM6XC9cL3d3dy5kZWx0YXQuaW5mb1wvd3AtY29udGVudFwvdXBsb2Fkc1wvMjAyNVwvMTBcL0hELVZJUC1QYWxsZXQtSW5zdWxhdG9yLUdNQS0xNDQwTC1XZWJzaXRlLnBuZyJ9\">\n\t\t\t\t\t\t\t<img decoding=\"async\" width=\"300\" height=\"271\" src=\"https:\/\/www.deltat.info\/wp-content\/uploads\/2025\/10\/HD-VIP-Pallet-Insulator-GMA-1440L-Website-300x271.png\" class=\"attachment-medium size-medium wp-image-5294\" alt=\"\" srcset=\"https:\/\/www.deltat.info\/wp-content\/uploads\/2025\/10\/HD-VIP-Pallet-Insulator-GMA-1440L-Website-300x271.png 300w, https:\/\/www.deltat.info\/wp-content\/uploads\/2025\/10\/HD-VIP-Pallet-Insulator-GMA-1440L-Website-13x12.png 13w, https:\/\/www.deltat.info\/wp-content\/uploads\/2025\/10\/HD-VIP-Pallet-Insulator-GMA-1440L-Website.png 512w\" sizes=\"(max-width: 300px) 100vw, 300px\" \/>\t\t\t\t\t\t\t\t<\/a>\n\t\t\t\t\t\t\t\t\t\t\t\t\t\t\t<\/div>\n\t\t\t\t<\/div>\n\t\t\t\t\t<\/div>\n\t\t<\/div>\n\t\t\t\t<div class=\"elementor-column elementor-col-33 elementor-top-column elementor-element elementor-element-320a6d4\" data-id=\"320a6d4\" data-element_type=\"column\" data-e-type=\"column\">\n\t\t\t<div class=\"elementor-widget-wrap elementor-element-populated\">\n\t\t\t\t\t\t<div class=\"elementor-element elementor-element-c6dfc69 elementor-widget elementor-widget-text-editor\" data-id=\"c6dfc69\" data-element_type=\"widget\" data-e-type=\"widget\" data-widget_type=\"text-editor.default\">\n\t\t\t\t<div class=\"elementor-widget-container\">\n\t\t\t\t\t\t\t\t\t<p>Order No: <b>B 1009 30<\/b><br \/><strong><br \/><\/strong><strong>Dimensions:<\/strong><br \/><strong>Outer:<\/strong> 1420 x 1210 x 1580 mm<br \/><strong>Inner (Payload): <\/strong>1200 x 1000 x 1300 mm<br \/><strong>Weight: <\/strong>88\u00a0kg<\/p><p>Fits 24 pieces of Accu S1L x3 Boards or 72 pieces Accu S1L\u00a0<\/p><p><strong>Quick and easy assembly<\/strong><\/p><p>Multiple use<\/p>\t\t\t\t\t\t\t\t<\/div>\n\t\t\t\t<\/div>\n\t\t\t\t\t<\/div>\n\t\t<\/div>\n\t\t\t\t<div class=\"elementor-column elementor-col-33 elementor-top-column elementor-element elementor-element-9950ecd\" data-id=\"9950ecd\" data-element_type=\"column\" data-e-type=\"column\">\n\t\t\t<div class=\"elementor-widget-wrap elementor-element-populated\">\n\t\t\t\t\t\t<div class=\"elementor-element elementor-element-38ac644 elementor-widget elementor-widget-text-editor\" data-id=\"38ac644\" data-element_type=\"widget\" data-e-type=\"widget\" data-widget_type=\"text-editor.default\">\n\t\t\t\t<div class=\"elementor-widget-container\">\n\t\t\t\t\t\t\t\t\t<p>Specifically designed for temperature sensitive shipments of complete pallets of life science products, the HD [VIP] Pallet Insulator Transport System is manufactured from high density particle foam and vacuum insulation.  Typical transport temperature ranges required by the pharmaceutical industry (2 to 8\u00b0C \/ 15 to 25\u00b0C \/ 2 to 25\u00b0C or deep frozen) can be achieved when the transport system is used in combination with delta T\u2019s range of temperature stabilizing elements.  A transport time of up to 240 hours can be achieved depending on the configuration of delta T temperature stabilizing elements within the pallet insulator transport system.<\/p>\t\t\t\t\t\t\t\t<\/div>\n\t\t\t\t<\/div>\n\t\t\t\t\t<\/div>\n\t\t<\/div>\n\t\t\t\t\t<\/div>\n\t\t<\/section>\n\t\t\t\t<section class=\"elementor-section elementor-top-section elementor-element elementor-element-edf6eeb elementor-section-boxed elementor-section-height-default elementor-section-height-default\" data-id=\"edf6eeb\" data-element_type=\"section\" data-e-type=\"section\">\n\t\t\t\t\t\t<div class=\"elementor-container elementor-column-gap-default\">\n\t\t\t\t\t<div class=\"elementor-column elementor-col-100 elementor-top-column elementor-element elementor-element-f5e823a\" data-id=\"f5e823a\" data-element_type=\"column\" data-e-type=\"column\">\n\t\t\t<div class=\"elementor-widget-wrap elementor-element-populated\">\n\t\t\t\t\t\t<div class=\"elementor-element elementor-element-5bf51e8 elementor-widget-divider--view-line elementor-widget elementor-widget-global elementor-global-719 elementor-widget-divider\" data-id=\"5bf51e8\" data-element_type=\"widget\" data-e-type=\"widget\" data-widget_type=\"divider.default\">\n\t\t\t\t<div class=\"elementor-widget-container\">\n\t\t\t\t\t\t\t<div class=\"elementor-divider\">\n\t\t\t<span class=\"elementor-divider-separator\">\n\t\t\t\t\t\t<\/span>\n\t\t<\/div>\n\t\t\t\t\t\t<\/div>\n\t\t\t\t<\/div>\n\t\t\t\t\t<\/div>\n\t\t<\/div>\n\t\t\t\t\t<\/div>\n\t\t<\/section>\n\t\t\t\t<\/div>","protected":false},"excerpt":{"rendered":"<p>Diese robusten Systeme sind modular aufgebaut und mit modernster Vakuumisolation ausgestattet. Sie sind f\u00fcr bis zu 200 Stunden Transportzeit validiert und werden auf interkontinentalen Routen eingesetzt. Mit den entsprechenden Akkus k\u00f6nnen Sie f\u00fcr die K\u00fchlkette von 2 bis 8\u00b0C oder 15 bis 15C Anwendungen sowie f\u00fcr -80\u00b0C (Trockeneis) oder unter -18\u00b0C (Tiefk\u00fchlware) genutzt werden. Auch &#8230; <a title=\"Multi Use VIP Pallet Shipper\" class=\"read-more\" href=\"https:\/\/www.deltat.info\/en\/produkte\/pallet-shipper\/multi-use-vip-pallet-shipper\/\" aria-label=\"Read more about Multi Use VIP Pallet Shipper\">Read more<\/a><\/p>","protected":false},"author":2,"featured_media":0,"parent":3368,"menu_order":0,"comment_status":"closed","ping_status":"closed","template":"","meta":{"footnotes":""},"class_list":["post-3380","page","type-page","status-publish"],"yoast_head":"<!-- This site is optimized with the Yoast SEO plugin v27.4 - https:\/\/yoast.com\/product\/yoast-seo-wordpress\/ -->\n<title>Multi Use VIP Pallet Shipper - delta T<\/title>\n<meta name=\"description\" content=\"Unsere delta T Multi Use Pallet Shipper sind ideal f\u00fcr alle Produkte, die w\u00e4hrend des Transports konstante Temperatur ben\u00f6tigen.\" \/>\n<meta name=\"robots\" content=\"index, follow, max-snippet:-1, max-image-preview:large, max-video-preview:-1\" \/>\n<link rel=\"canonical\" href=\"https:\/\/www.deltat.info\/en\/products\/pallet-shipper\/multi-use-vip-pallet-shipper\/\" \/>\n<meta name=\"twitter:label1\" content=\"Estimated reading time\" \/>\n\t<meta name=\"twitter:data1\" content=\"3 minutes\" \/>\n<script type=\"application\/ld+json\" class=\"yoast-schema-graph\">{\"@context\":\"https:\\\/\\\/schema.org\",\"@graph\":[{\"@type\":\"WebPage\",\"@id\":\"https:\\\/\\\/www.deltat.info\\\/produkte\\\/pallet-shipper\\\/multi-use-vip-pallet-shipper\\\/\",\"url\":\"https:\\\/\\\/www.deltat.info\\\/produkte\\\/pallet-shipper\\\/multi-use-vip-pallet-shipper\\\/\",\"name\":\"Multi Use VIP Pallet Shipper - delta T\",\"isPartOf\":{\"@id\":\"https:\\\/\\\/www.deltat.info\\\/#website\"},\"primaryImageOfPage\":{\"@id\":\"https:\\\/\\\/www.deltat.info\\\/produkte\\\/pallet-shipper\\\/multi-use-vip-pallet-shipper\\\/#primaryimage\"},\"image\":{\"@id\":\"https:\\\/\\\/www.deltat.info\\\/produkte\\\/pallet-shipper\\\/multi-use-vip-pallet-shipper\\\/#primaryimage\"},\"thumbnailUrl\":\"https:\\\/\\\/www.deltat.info\\\/wp-content\\\/uploads\\\/2021\\\/11\\\/B100910_300px.jpg\",\"datePublished\":\"2022-01-26T13:07:58+00:00\",\"dateModified\":\"2025-10-28T13:42:32+00:00\",\"description\":\"Unsere delta T Multi Use Pallet Shipper sind ideal f\u00fcr alle Produkte, die w\u00e4hrend des Transports konstante Temperatur ben\u00f6tigen.\",\"breadcrumb\":{\"@id\":\"https:\\\/\\\/www.deltat.info\\\/produkte\\\/pallet-shipper\\\/multi-use-vip-pallet-shipper\\\/#breadcrumb\"},\"inLanguage\":\"en-GB\",\"potentialAction\":[{\"@type\":\"ReadAction\",\"target\":[\"https:\\\/\\\/www.deltat.info\\\/produkte\\\/pallet-shipper\\\/multi-use-vip-pallet-shipper\\\/\"]}]},{\"@type\":\"ImageObject\",\"inLanguage\":\"en-GB\",\"@id\":\"https:\\\/\\\/www.deltat.info\\\/produkte\\\/pallet-shipper\\\/multi-use-vip-pallet-shipper\\\/#primaryimage\",\"url\":\"https:\\\/\\\/www.deltat.info\\\/wp-content\\\/uploads\\\/2021\\\/11\\\/B100910_300px.jpg\",\"contentUrl\":\"https:\\\/\\\/www.deltat.info\\\/wp-content\\\/uploads\\\/2021\\\/11\\\/B100910_300px.jpg\"},{\"@type\":\"BreadcrumbList\",\"@id\":\"https:\\\/\\\/www.deltat.info\\\/produkte\\\/pallet-shipper\\\/multi-use-vip-pallet-shipper\\\/#breadcrumb\",\"itemListElement\":[{\"@type\":\"ListItem\",\"position\":1,\"name\":\"Startseite\",\"item\":\"https:\\\/\\\/www.deltat.info\\\/\"},{\"@type\":\"ListItem\",\"position\":2,\"name\":\"Produkte\",\"item\":\"https:\\\/\\\/www.deltat.info\\\/produkte\\\/\"},{\"@type\":\"ListItem\",\"position\":3,\"name\":\"Pallet Shipper\",\"item\":\"https:\\\/\\\/www.deltat.info\\\/produkte\\\/pallet-shipper\\\/\"},{\"@type\":\"ListItem\",\"position\":4,\"name\":\"Multi Use VIP Pallet Shipper\"}]},{\"@type\":\"WebSite\",\"@id\":\"https:\\\/\\\/www.deltat.info\\\/#website\",\"url\":\"https:\\\/\\\/www.deltat.info\\\/\",\"name\":\"delta T Gesellschaft f\u00fcr Medizintechnik mbH\",\"description\":\"Die delta T Gesellschaft f\u00fcr Medizintechnik mbH entwickelt und produziert Transportl\u00f6sungen f\u00fcr temperatursensible Produkte wie Arzneimittel, Blut, Organe oder andere K\u00fchlprodukte der Medizin.\",\"publisher\":{\"@id\":\"https:\\\/\\\/www.deltat.info\\\/#organization\"},\"potentialAction\":[{\"@type\":\"SearchAction\",\"target\":{\"@type\":\"EntryPoint\",\"urlTemplate\":\"https:\\\/\\\/www.deltat.info\\\/?s={search_term_string}\"},\"query-input\":{\"@type\":\"PropertyValueSpecification\",\"valueRequired\":true,\"valueName\":\"search_term_string\"}}],\"inLanguage\":\"en-GB\"},{\"@type\":\"Organization\",\"@id\":\"https:\\\/\\\/www.deltat.info\\\/#organization\",\"name\":\"delta T Gesellschaft f\u00fcr Medizintechnik mbH\",\"url\":\"https:\\\/\\\/www.deltat.info\\\/\",\"logo\":{\"@type\":\"ImageObject\",\"inLanguage\":\"en-GB\",\"@id\":\"https:\\\/\\\/www.deltat.info\\\/#\\\/schema\\\/logo\\\/image\\\/\",\"url\":\"https:\\\/\\\/www.deltat.info\\\/wp-content\\\/uploads\\\/2020\\\/02\\\/delta-t-logo-2020.png\",\"contentUrl\":\"https:\\\/\\\/www.deltat.info\\\/wp-content\\\/uploads\\\/2020\\\/02\\\/delta-t-logo-2020.png\",\"width\":202,\"height\":80,\"caption\":\"delta T Gesellschaft f\u00fcr Medizintechnik mbH\"},\"image\":{\"@id\":\"https:\\\/\\\/www.deltat.info\\\/#\\\/schema\\\/logo\\\/image\\\/\"},\"sameAs\":[\"https:\\\/\\\/www.facebook.com\\\/Delta-T-GmbH-1250957958263459\\\/\",\"https:\\\/\\\/x.com\\\/deltaT_global\",\"https:\\\/\\\/www.linkedin.com\\\/company\\\/delta-t-gmbh\",\"https:\\\/\\\/www.youtube.com\\\/channel\\\/UCu10jeTdpr6Mehzqe_QMK3Q\"]}]}<\/script>\n<!-- \/ Yoast SEO plugin. -->","yoast_head_json":{"title":"Multi Use VIP Pallet Shipper - delta T","description":"Unsere delta T Multi Use Pallet Shipper sind ideal f\u00fcr alle Produkte, die w\u00e4hrend des Transports konstante Temperatur ben\u00f6tigen.","robots":{"index":"index","follow":"follow","max-snippet":"max-snippet:-1","max-image-preview":"max-image-preview:large","max-video-preview":"max-video-preview:-1"},"canonical":"https:\/\/www.deltat.info\/en\/products\/pallet-shipper\/multi-use-vip-pallet-shipper\/","twitter_misc":{"Estimated reading time":"3 minutes"},"schema":{"@context":"https:\/\/schema.org","@graph":[{"@type":"WebPage","@id":"https:\/\/www.deltat.info\/produkte\/pallet-shipper\/multi-use-vip-pallet-shipper\/","url":"https:\/\/www.deltat.info\/produkte\/pallet-shipper\/multi-use-vip-pallet-shipper\/","name":"Multi Use VIP Pallet Shipper - delta T","isPartOf":{"@id":"https:\/\/www.deltat.info\/#website"},"primaryImageOfPage":{"@id":"https:\/\/www.deltat.info\/produkte\/pallet-shipper\/multi-use-vip-pallet-shipper\/#primaryimage"},"image":{"@id":"https:\/\/www.deltat.info\/produkte\/pallet-shipper\/multi-use-vip-pallet-shipper\/#primaryimage"},"thumbnailUrl":"https:\/\/www.deltat.info\/wp-content\/uploads\/2021\/11\/B100910_300px.jpg","datePublished":"2022-01-26T13:07:58+00:00","dateModified":"2025-10-28T13:42:32+00:00","description":"Unsere delta T Multi Use Pallet Shipper sind ideal f\u00fcr alle Produkte, die w\u00e4hrend des Transports konstante Temperatur ben\u00f6tigen.","breadcrumb":{"@id":"https:\/\/www.deltat.info\/produkte\/pallet-shipper\/multi-use-vip-pallet-shipper\/#breadcrumb"},"inLanguage":"en-GB","potentialAction":[{"@type":"ReadAction","target":["https:\/\/www.deltat.info\/produkte\/pallet-shipper\/multi-use-vip-pallet-shipper\/"]}]},{"@type":"ImageObject","inLanguage":"en-GB","@id":"https:\/\/www.deltat.info\/produkte\/pallet-shipper\/multi-use-vip-pallet-shipper\/#primaryimage","url":"https:\/\/www.deltat.info\/wp-content\/uploads\/2021\/11\/B100910_300px.jpg","contentUrl":"https:\/\/www.deltat.info\/wp-content\/uploads\/2021\/11\/B100910_300px.jpg"},{"@type":"BreadcrumbList","@id":"https:\/\/www.deltat.info\/produkte\/pallet-shipper\/multi-use-vip-pallet-shipper\/#breadcrumb","itemListElement":[{"@type":"ListItem","position":1,"name":"Startseite","item":"https:\/\/www.deltat.info\/"},{"@type":"ListItem","position":2,"name":"Produkte","item":"https:\/\/www.deltat.info\/produkte\/"},{"@type":"ListItem","position":3,"name":"Pallet Shipper","item":"https:\/\/www.deltat.info\/produkte\/pallet-shipper\/"},{"@type":"ListItem","position":4,"name":"Multi Use VIP Pallet Shipper"}]},{"@type":"WebSite","@id":"https:\/\/www.deltat.info\/#website","url":"https:\/\/www.deltat.info\/","name":"delta T Gesellschaft f\u00fcr Medizintechnik mbH","description":"Delta T Gesellschaft f\u00fcr Medizintechnik mbH develops and produces transport solutions for temperature-sensitive products such as drugs, blood, organs or other medical cooling products.","publisher":{"@id":"https:\/\/www.deltat.info\/#organization"},"potentialAction":[{"@type":"SearchAction","target":{"@type":"EntryPoint","urlTemplate":"https:\/\/www.deltat.info\/?s={search_term_string}"},"query-input":{"@type":"PropertyValueSpecification","valueRequired":true,"valueName":"search_term_string"}}],"inLanguage":"en-GB"},{"@type":"Organization","@id":"https:\/\/www.deltat.info\/#organization","name":"delta T Gesellschaft f\u00fcr Medizintechnik mbH","url":"https:\/\/www.deltat.info\/","logo":{"@type":"ImageObject","inLanguage":"en-GB","@id":"https:\/\/www.deltat.info\/#\/schema\/logo\/image\/","url":"https:\/\/www.deltat.info\/wp-content\/uploads\/2020\/02\/delta-t-logo-2020.png","contentUrl":"https:\/\/www.deltat.info\/wp-content\/uploads\/2020\/02\/delta-t-logo-2020.png","width":202,"height":80,"caption":"delta T Gesellschaft f\u00fcr Medizintechnik mbH"},"image":{"@id":"https:\/\/www.deltat.info\/#\/schema\/logo\/image\/"},"sameAs":["https:\/\/www.facebook.com\/Delta-T-GmbH-1250957958263459\/","https:\/\/x.com\/deltaT_global","https:\/\/www.linkedin.com\/company\/delta-t-gmbh","https:\/\/www.youtube.com\/channel\/UCu10jeTdpr6Mehzqe_QMK3Q"]}]}},"_links":{"self":[{"href":"https:\/\/www.deltat.info\/en\/wp-json\/wp\/v2\/pages\/3380","targetHints":{"allow":["GET"]}}],"collection":[{"href":"https:\/\/www.deltat.info\/en\/wp-json\/wp\/v2\/pages"}],"about":[{"href":"https:\/\/www.deltat.info\/en\/wp-json\/wp\/v2\/types\/page"}],"author":[{"embeddable":true,"href":"https:\/\/www.deltat.info\/en\/wp-json\/wp\/v2\/users\/2"}],"replies":[{"embeddable":true,"href":"https:\/\/www.deltat.info\/en\/wp-json\/wp\/v2\/comments?post=3380"}],"version-history":[{"count":43,"href":"https:\/\/www.deltat.info\/en\/wp-json\/wp\/v2\/pages\/3380\/revisions"}],"predecessor-version":[{"id":5297,"href":"https:\/\/www.deltat.info\/en\/wp-json\/wp\/v2\/pages\/3380\/revisions\/5297"}],"up":[{"embeddable":true,"href":"https:\/\/www.deltat.info\/en\/wp-json\/wp\/v2\/pages\/3368"}],"wp:attachment":[{"href":"https:\/\/www.deltat.info\/en\/wp-json\/wp\/v2\/media?parent=3380"}],"curies":[{"name":"wp","href":"https:\/\/api.w.org\/{rel}","templated":true}]}}