{"id":341,"date":"2020-01-23T16:38:13","date_gmt":"2020-01-23T15:38:13","guid":{"rendered":"http:\/\/neuesweb.deltat.de\/?page_id=341"},"modified":"2020-04-30T16:17:57","modified_gmt":"2020-04-30T14:17:57","slug":"philosophy","status":"publish","type":"page","link":"https:\/\/www.deltat.info\/en\/ueber-delta-t\/philosophie\/","title":{"rendered":"Philosophy"},"content":{"rendered":"<div data-elementor-type=\"wp-page\" data-elementor-id=\"341\" class=\"elementor elementor-341\" data-elementor-post-type=\"page\">\n\t\t\t\t\t\t<section class=\"elementor-section elementor-top-section elementor-element elementor-element-e116118 elementor-section-boxed elementor-section-height-default elementor-section-height-default\" data-id=\"e116118\" data-element_type=\"section\" data-e-type=\"section\">\n\t\t\t\t\t\t<div class=\"elementor-container elementor-column-gap-default\">\n\t\t\t\t\t<div class=\"elementor-column elementor-col-100 elementor-top-column elementor-element elementor-element-8943332\" data-id=\"8943332\" data-element_type=\"column\" data-e-type=\"column\">\n\t\t\t<div class=\"elementor-widget-wrap elementor-element-populated\">\n\t\t\t\t\t\t<div class=\"elementor-element elementor-element-8249dbd elementor-widget elementor-widget-global elementor-global-295 elementor-widget-heading\" data-id=\"8249dbd\" data-element_type=\"widget\" data-e-type=\"widget\" data-widget_type=\"heading.default\">\n\t\t\t\t<div class=\"elementor-widget-container\">\n\t\t\t\t\t<h1 class=\"elementor-heading-title elementor-size-default\">Philosophy<\/h1>\t\t\t\t<\/div>\n\t\t\t\t<\/div>\n\t\t\t\t\t<\/div>\n\t\t<\/div>\n\t\t\t\t\t<\/div>\n\t\t<\/section>\n\t\t\t\t<section class=\"elementor-section elementor-top-section elementor-element elementor-element-6505da7e elementor-section-height-min-height elementor-section-boxed elementor-section-height-default elementor-section-items-middle\" data-id=\"6505da7e\" data-element_type=\"section\" data-e-type=\"section\">\n\t\t\t\t\t\t\t<div class=\"elementor-background-overlay\"><\/div>\n\t\t\t\t\t\t\t<div class=\"elementor-container elementor-column-gap-default\">\n\t\t\t\t\t<div class=\"elementor-column elementor-col-50 elementor-top-column elementor-element elementor-element-30e18ffd\" data-id=\"30e18ffd\" data-element_type=\"column\" data-e-type=\"column\">\n\t\t\t<div class=\"elementor-widget-wrap elementor-element-populated\">\n\t\t\t\t\t\t<div class=\"elementor-element elementor-element-40d5163a elementor-widget elementor-widget-text-editor\" data-id=\"40d5163a\" data-element_type=\"widget\" data-e-type=\"widget\" data-widget_type=\"text-editor.default\">\n\t\t\t\t<div class=\"elementor-widget-container\">\n\t\t\t\t\t\t\t\t\t<p style=\"font-weight: 400;\">The corporate objective of delta T Gesellschaft f\u00fcr Medizintechnik mbH is to produce thermal stabilizing elements and insulated containers. We strive to create and maintain long term relationships with our customers. We deeply understand that our customers are at the heart of our business and will do everything to give them the best support for our thermal stabilizing elements and insulated containers.  \nTo achieve excellence with our customers, we must also focus on working internally and with our suppliers to innovate. We thoroughly test our new and currently shipping hardware to make sure our customers are receiving the highest quality equipment. We regularly audit and test our suppliers to make sure we are using the highest quality components.<\/p><p><strong>delta T\u2019s Objectives<\/strong><\/p><ul><li>Committed to providing the highest-quality products. Achieved through quality testing all of our products and auditing suppliers.<\/li><li>Worry free and hassle free customer service. Achieved through in-depth training and finding the best employees.<\/li><li>Cutting edge products created by our innovative R&amp;D team. Achieved through making data driven decisions.<\/li><\/ul><p><strong>bestimmt.<\/strong><\/p>\t\t\t\t\t\t\t\t<\/div>\n\t\t\t\t<\/div>\n\t\t\t\t\t<\/div>\n\t\t<\/div>\n\t\t\t\t<div class=\"elementor-column elementor-col-50 elementor-top-column elementor-element elementor-element-5938b379\" data-id=\"5938b379\" data-element_type=\"column\" data-e-type=\"column\">\n\t\t\t<div class=\"elementor-widget-wrap\">\n\t\t\t\t\t\t\t<\/div>\n\t\t<\/div>\n\t\t\t\t\t<\/div>\n\t\t<\/section>\n\t\t\t\t<section class=\"elementor-section elementor-top-section elementor-element elementor-element-e9e167c elementor-section-boxed elementor-section-height-default elementor-section-height-default\" data-id=\"e9e167c\" data-element_type=\"section\" data-e-type=\"section\">\n\t\t\t\t\t\t<div class=\"elementor-container elementor-column-gap-default\">\n\t\t\t\t\t<div class=\"elementor-column elementor-col-50 elementor-top-column elementor-element elementor-element-e4959d1\" data-id=\"e4959d1\" data-element_type=\"column\" data-e-type=\"column\">\n\t\t\t<div class=\"elementor-widget-wrap elementor-element-populated\">\n\t\t\t\t\t\t<div class=\"elementor-element elementor-element-85442b6 elementor-widget elementor-widget-text-editor\" data-id=\"85442b6\" data-element_type=\"widget\" data-e-type=\"widget\" data-widget_type=\"text-editor.default\">\n\t\t\t\t<div class=\"elementor-widget-container\">\n\t\t\t\t\t\t\t\t\t<p>In order to meet customer expectations and ensure long-term business success, the following principles apply to delta T Gesellschaft f\u00fcr Medizintechnik mbH:<\/p><ul><li>The standard for the quality of our service is determined by the customer. His judgment is crucial<\/li><li>Quality can only be ensured through controlled processes<\/li><li>our work must be profitable to develop our company further and to secure our jobs in the long term<\/li><li>Quality through constant employee training within the company<\/li><li>Quality through customer proximity<\/li><\/ul>\t\t\t\t\t\t\t\t<\/div>\n\t\t\t\t<\/div>\n\t\t\t\t\t<\/div>\n\t\t<\/div>\n\t\t\t\t<div class=\"elementor-column elementor-col-50 elementor-top-column elementor-element elementor-element-d257c7b\" data-id=\"d257c7b\" data-element_type=\"column\" data-e-type=\"column\">\n\t\t\t<div class=\"elementor-widget-wrap elementor-element-populated\">\n\t\t\t\t\t\t<div class=\"elementor-element elementor-element-dc87cf1 elementor-widget elementor-widget-text-editor\" data-id=\"dc87cf1\" data-element_type=\"widget\" data-e-type=\"widget\" data-widget_type=\"text-editor.default\">\n\t\t\t\t<div class=\"elementor-widget-container\">\n\t\t\t\t\t\t\t\t\t<p>Continuous improvements to achieve the quality and corporate goals are a special obligation for us:<\/p><ul><li>Only supply customers with flawless products and services<\/li><li>continuous improvement of business processes to ensure quality and productivity<\/li><li>Promotion of quality awareness at all levels by management<\/li><li>Cost optimization by avoiding errors<\/li><li>continuously develop our management system<\/li><\/ul><p><strong>These goals and principles are the benchmark for all business processes.<\/strong><\/p>\t\t\t\t\t\t\t\t<\/div>\n\t\t\t\t<\/div>\n\t\t\t\t\t<\/div>\n\t\t<\/div>\n\t\t\t\t\t<\/div>\n\t\t<\/section>\n\t\t\t\t<\/div>","protected":false},"excerpt":{"rendered":"<p>Unternehmensziel der delta T Gesellschaft f\u00fcr Medizintechnik mbH ist die konsequente Bestandssicherung durch Pflege der langj\u00e4hrig erarbeiteten Kundenbeziehungen und Betreuung der Neukunden. Basis hierf\u00fcr ist die ausgepr\u00e4gte, zielgerichtete Kundenorientierung in allen Gesch\u00e4ftsabl\u00e4ufen. Durch konsequente Kundenorientierung, verbunden mit den daraus entstehenden Erfolgen, wird f\u00fcr jeden einzelnen Mitarbeiter sein pers\u00f6nliches Wertgef\u00fchl gesteigert, seine Identifikation mit den Firmenzielen &#8230; <a title=\"Philosophy\" class=\"read-more\" href=\"https:\/\/www.deltat.info\/en\/ueber-delta-t\/philosophie\/\" aria-label=\"Read more about Philosophie\">Read more<\/a><\/p>","protected":false},"author":1,"featured_media":0,"parent":8,"menu_order":0,"comment_status":"closed","ping_status":"closed","template":"","meta":{"footnotes":""},"class_list":["post-341","page","type-page","status-publish"],"yoast_head":"<!-- This site is optimized with the Yoast SEO plugin v27.4 - https:\/\/yoast.com\/product\/yoast-seo-wordpress\/ -->\n<title>Philosophie Gesellschaft f\u00fcr Medizintechnik mb - delta T<\/title>\n<meta name=\"description\" content=\"Philosophie - Unternehmensziel der delta T Gesellschaft f\u00fcr Medizintechnik mbH ist die konsequente Kundenbetreuung sowie zielgerichtete Kundenorientierung.\" \/>\n<meta name=\"robots\" content=\"index, follow, max-snippet:-1, max-image-preview:large, max-video-preview:-1\" \/>\n<link rel=\"canonical\" href=\"https:\/\/www.deltat.info\/en\/about-delta-t\/philosophy\/\" \/>\n<meta name=\"twitter:label1\" content=\"Estimated reading time\" \/>\n\t<meta name=\"twitter:data1\" content=\"1 minute\" \/>\n<script type=\"application\/ld+json\" class=\"yoast-schema-graph\">{\"@context\":\"https:\\\/\\\/schema.org\",\"@graph\":[{\"@type\":\"WebPage\",\"@id\":\"https:\\\/\\\/www.deltat.info\\\/ueber-delta-t\\\/philosophie\\\/\",\"url\":\"https:\\\/\\\/www.deltat.info\\\/ueber-delta-t\\\/philosophie\\\/\",\"name\":\"Philosophie Gesellschaft f\u00fcr Medizintechnik mb - delta T\",\"isPartOf\":{\"@id\":\"https:\\\/\\\/www.deltat.info\\\/#website\"},\"datePublished\":\"2020-01-23T15:38:13+00:00\",\"dateModified\":\"2020-04-30T14:17:57+00:00\",\"description\":\"Philosophie - Unternehmensziel der delta T Gesellschaft f\u00fcr Medizintechnik mbH ist die konsequente Kundenbetreuung sowie zielgerichtete Kundenorientierung.\",\"breadcrumb\":{\"@id\":\"https:\\\/\\\/www.deltat.info\\\/ueber-delta-t\\\/philosophie\\\/#breadcrumb\"},\"inLanguage\":\"en-GB\",\"potentialAction\":[{\"@type\":\"ReadAction\",\"target\":[\"https:\\\/\\\/www.deltat.info\\\/ueber-delta-t\\\/philosophie\\\/\"]}]},{\"@type\":\"BreadcrumbList\",\"@id\":\"https:\\\/\\\/www.deltat.info\\\/ueber-delta-t\\\/philosophie\\\/#breadcrumb\",\"itemListElement\":[{\"@type\":\"ListItem\",\"position\":1,\"name\":\"Startseite\",\"item\":\"https:\\\/\\\/www.deltat.info\\\/\"},{\"@type\":\"ListItem\",\"position\":2,\"name\":\"\u00dcber delta T\",\"item\":\"https:\\\/\\\/www.deltat.info\\\/ueber-delta-t\\\/\"},{\"@type\":\"ListItem\",\"position\":3,\"name\":\"Philosophie\"}]},{\"@type\":\"WebSite\",\"@id\":\"https:\\\/\\\/www.deltat.info\\\/#website\",\"url\":\"https:\\\/\\\/www.deltat.info\\\/\",\"name\":\"delta T Gesellschaft f\u00fcr Medizintechnik mbH\",\"description\":\"Die delta T Gesellschaft f\u00fcr Medizintechnik mbH entwickelt und produziert Transportl\u00f6sungen f\u00fcr temperatursensible Produkte wie Arzneimittel, Blut, Organe oder andere K\u00fchlprodukte der Medizin.\",\"publisher\":{\"@id\":\"https:\\\/\\\/www.deltat.info\\\/#organization\"},\"potentialAction\":[{\"@type\":\"SearchAction\",\"target\":{\"@type\":\"EntryPoint\",\"urlTemplate\":\"https:\\\/\\\/www.deltat.info\\\/?s={search_term_string}\"},\"query-input\":{\"@type\":\"PropertyValueSpecification\",\"valueRequired\":true,\"valueName\":\"search_term_string\"}}],\"inLanguage\":\"en-GB\"},{\"@type\":\"Organization\",\"@id\":\"https:\\\/\\\/www.deltat.info\\\/#organization\",\"name\":\"delta T Gesellschaft f\u00fcr Medizintechnik mbH\",\"url\":\"https:\\\/\\\/www.deltat.info\\\/\",\"logo\":{\"@type\":\"ImageObject\",\"inLanguage\":\"en-GB\",\"@id\":\"https:\\\/\\\/www.deltat.info\\\/#\\\/schema\\\/logo\\\/image\\\/\",\"url\":\"https:\\\/\\\/www.deltat.info\\\/wp-content\\\/uploads\\\/2020\\\/02\\\/delta-t-logo-2020.png\",\"contentUrl\":\"https:\\\/\\\/www.deltat.info\\\/wp-content\\\/uploads\\\/2020\\\/02\\\/delta-t-logo-2020.png\",\"width\":202,\"height\":80,\"caption\":\"delta T Gesellschaft f\u00fcr Medizintechnik mbH\"},\"image\":{\"@id\":\"https:\\\/\\\/www.deltat.info\\\/#\\\/schema\\\/logo\\\/image\\\/\"},\"sameAs\":[\"https:\\\/\\\/www.facebook.com\\\/Delta-T-GmbH-1250957958263459\\\/\",\"https:\\\/\\\/x.com\\\/deltaT_global\",\"https:\\\/\\\/www.linkedin.com\\\/company\\\/delta-t-gmbh\",\"https:\\\/\\\/www.youtube.com\\\/channel\\\/UCu10jeTdpr6Mehzqe_QMK3Q\"]}]}<\/script>\n<!-- \/ Yoast SEO plugin. -->","yoast_head_json":{"title":"Philosophy Gesellschaft f\u00fcr Medizintechnik mb - delta T","description":"Philosophy - The corporate goal of delta T Gesellschaft f\u00fcr Medizintechnik mbH is consistent customer care and targeted customer orientation.","robots":{"index":"index","follow":"follow","max-snippet":"max-snippet:-1","max-image-preview":"max-image-preview:large","max-video-preview":"max-video-preview:-1"},"canonical":"https:\/\/www.deltat.info\/en\/about-delta-t\/philosophy\/","twitter_misc":{"Estimated reading time":"1 minute"},"schema":{"@context":"https:\/\/schema.org","@graph":[{"@type":"WebPage","@id":"https:\/\/www.deltat.info\/ueber-delta-t\/philosophie\/","url":"https:\/\/www.deltat.info\/ueber-delta-t\/philosophie\/","name":"Philosophy Gesellschaft f\u00fcr Medizintechnik mb - delta T","isPartOf":{"@id":"https:\/\/www.deltat.info\/#website"},"datePublished":"2020-01-23T15:38:13+00:00","dateModified":"2020-04-30T14:17:57+00:00","description":"Philosophy - The corporate goal of delta T Gesellschaft f\u00fcr Medizintechnik mbH is consistent customer care and targeted customer orientation.","breadcrumb":{"@id":"https:\/\/www.deltat.info\/ueber-delta-t\/philosophie\/#breadcrumb"},"inLanguage":"en-GB","potentialAction":[{"@type":"ReadAction","target":["https:\/\/www.deltat.info\/ueber-delta-t\/philosophie\/"]}]},{"@type":"BreadcrumbList","@id":"https:\/\/www.deltat.info\/ueber-delta-t\/philosophie\/#breadcrumb","itemListElement":[{"@type":"ListItem","position":1,"name":"Startseite","item":"https:\/\/www.deltat.info\/"},{"@type":"ListItem","position":2,"name":"\u00dcber delta T","item":"https:\/\/www.deltat.info\/ueber-delta-t\/"},{"@type":"ListItem","position":3,"name":"Philosophie"}]},{"@type":"WebSite","@id":"https:\/\/www.deltat.info\/#website","url":"https:\/\/www.deltat.info\/","name":"delta T Gesellschaft f\u00fcr Medizintechnik mbH","description":"Delta T Gesellschaft f\u00fcr Medizintechnik mbH develops and produces transport solutions for temperature-sensitive products such as drugs, blood, organs or other medical cooling products.","publisher":{"@id":"https:\/\/www.deltat.info\/#organization"},"potentialAction":[{"@type":"SearchAction","target":{"@type":"EntryPoint","urlTemplate":"https:\/\/www.deltat.info\/?s={search_term_string}"},"query-input":{"@type":"PropertyValueSpecification","valueRequired":true,"valueName":"search_term_string"}}],"inLanguage":"en-GB"},{"@type":"Organization","@id":"https:\/\/www.deltat.info\/#organization","name":"delta T Gesellschaft f\u00fcr Medizintechnik mbH","url":"https:\/\/www.deltat.info\/","logo":{"@type":"ImageObject","inLanguage":"en-GB","@id":"https:\/\/www.deltat.info\/#\/schema\/logo\/image\/","url":"https:\/\/www.deltat.info\/wp-content\/uploads\/2020\/02\/delta-t-logo-2020.png","contentUrl":"https:\/\/www.deltat.info\/wp-content\/uploads\/2020\/02\/delta-t-logo-2020.png","width":202,"height":80,"caption":"delta T Gesellschaft f\u00fcr Medizintechnik mbH"},"image":{"@id":"https:\/\/www.deltat.info\/#\/schema\/logo\/image\/"},"sameAs":["https:\/\/www.facebook.com\/Delta-T-GmbH-1250957958263459\/","https:\/\/x.com\/deltaT_global","https:\/\/www.linkedin.com\/company\/delta-t-gmbh","https:\/\/www.youtube.com\/channel\/UCu10jeTdpr6Mehzqe_QMK3Q"]}]}},"_links":{"self":[{"href":"https:\/\/www.deltat.info\/en\/wp-json\/wp\/v2\/pages\/341","targetHints":{"allow":["GET"]}}],"collection":[{"href":"https:\/\/www.deltat.info\/en\/wp-json\/wp\/v2\/pages"}],"about":[{"href":"https:\/\/www.deltat.info\/en\/wp-json\/wp\/v2\/types\/page"}],"author":[{"embeddable":true,"href":"https:\/\/www.deltat.info\/en\/wp-json\/wp\/v2\/users\/1"}],"replies":[{"embeddable":true,"href":"https:\/\/www.deltat.info\/en\/wp-json\/wp\/v2\/comments?post=341"}],"version-history":[{"count":7,"href":"https:\/\/www.deltat.info\/en\/wp-json\/wp\/v2\/pages\/341\/revisions"}],"predecessor-version":[{"id":1828,"href":"https:\/\/www.deltat.info\/en\/wp-json\/wp\/v2\/pages\/341\/revisions\/1828"}],"up":[{"embeddable":true,"href":"https:\/\/www.deltat.info\/en\/wp-json\/wp\/v2\/pages\/8"}],"wp:attachment":[{"href":"https:\/\/www.deltat.info\/en\/wp-json\/wp\/v2\/media?parent=341"}],"curies":[{"name":"wp","href":"https:\/\/api.w.org\/{rel}","templated":true}]}}