{"id":352,"date":"2020-01-23T17:03:16","date_gmt":"2020-01-23T16:03:16","guid":{"rendered":"http:\/\/neuesweb.deltat.de\/?page_id=352"},"modified":"2020-02-24T21:09:11","modified_gmt":"2020-02-24T20:09:11","slug":"publication","status":"publish","type":"page","link":"https:\/\/www.deltat.info\/en\/ueber-delta-t\/publication\/","title":{"rendered":"Publication"},"content":{"rendered":"<div data-elementor-type=\"wp-page\" data-elementor-id=\"352\" class=\"elementor elementor-352\" data-elementor-post-type=\"page\">\n\t\t\t\t\t\t<section class=\"elementor-section elementor-top-section elementor-element elementor-element-e4d20d5 elementor-section-boxed elementor-section-height-default elementor-section-height-default\" data-id=\"e4d20d5\" data-element_type=\"section\" data-e-type=\"section\">\n\t\t\t\t\t\t<div class=\"elementor-container elementor-column-gap-default\">\n\t\t\t\t\t<div class=\"elementor-column elementor-col-100 elementor-top-column elementor-element elementor-element-2520abe\" data-id=\"2520abe\" data-element_type=\"column\" data-e-type=\"column\">\n\t\t\t<div class=\"elementor-widget-wrap elementor-element-populated\">\n\t\t\t\t\t\t<div class=\"elementor-element elementor-element-7e82397 elementor-widget elementor-widget-global elementor-global-295 elementor-widget-heading\" data-id=\"7e82397\" data-element_type=\"widget\" data-e-type=\"widget\" data-widget_type=\"heading.default\">\n\t\t\t\t<div class=\"elementor-widget-container\">\n\t\t\t\t\t<h1 class=\"elementor-heading-title elementor-size-default\">Publication<\/h1>\t\t\t\t<\/div>\n\t\t\t\t<\/div>\n\t\t\t\t\t<\/div>\n\t\t<\/div>\n\t\t\t\t\t<\/div>\n\t\t<\/section>\n\t\t\t\t<section class=\"elementor-section elementor-top-section elementor-element elementor-element-c6a3c32 elementor-section-boxed elementor-section-height-default elementor-section-height-default\" data-id=\"c6a3c32\" data-element_type=\"section\" data-e-type=\"section\">\n\t\t\t\t\t\t<div class=\"elementor-container elementor-column-gap-default\">\n\t\t\t\t\t<div class=\"elementor-column elementor-col-100 elementor-top-column elementor-element elementor-element-3409800\" data-id=\"3409800\" data-element_type=\"column\" data-e-type=\"column\">\n\t\t\t<div class=\"elementor-widget-wrap elementor-element-populated\">\n\t\t\t\t\t\t<div class=\"elementor-element elementor-element-4367616 elementor-widget-divider--view-line elementor-widget elementor-widget-divider\" data-id=\"4367616\" data-element_type=\"widget\" data-e-type=\"widget\" data-widget_type=\"divider.default\">\n\t\t\t\t<div class=\"elementor-widget-container\">\n\t\t\t\t\t\t\t<div class=\"elementor-divider\">\n\t\t\t<span class=\"elementor-divider-separator\">\n\t\t\t\t\t\t<\/span>\n\t\t<\/div>\n\t\t\t\t\t\t<\/div>\n\t\t\t\t<\/div>\n\t\t\t\t\t<\/div>\n\t\t<\/div>\n\t\t\t\t\t<\/div>\n\t\t<\/section>\n\t\t\t\t<section class=\"elementor-section elementor-top-section elementor-element elementor-element-034932b elementor-section-boxed elementor-section-height-default elementor-section-height-default\" data-id=\"034932b\" data-element_type=\"section\" data-e-type=\"section\">\n\t\t\t\t\t\t<div class=\"elementor-container elementor-column-gap-default\">\n\t\t\t\t\t<div class=\"elementor-column elementor-col-100 elementor-top-column elementor-element elementor-element-e4eaeb3\" data-id=\"e4eaeb3\" data-element_type=\"column\" data-e-type=\"column\">\n\t\t\t<div class=\"elementor-widget-wrap elementor-element-populated\">\n\t\t\t\t\t\t<div class=\"elementor-element elementor-element-f3753e2 elementor-widget elementor-widget-text-editor\" data-id=\"f3753e2\" data-element_type=\"widget\" data-e-type=\"widget\" data-widget_type=\"text-editor.default\">\n\t\t\t\t<div class=\"elementor-widget-container\">\n\t\t\t\t\t\t\t\t\t<h2>Introducing our latest product: ThermoScan NFC Datalogger<\/h2><p>Measuring temperature via smartphone<\/p>\t\t\t\t\t\t\t\t<\/div>\n\t\t\t\t<\/div>\n\t\t\t\t<div class=\"elementor-element elementor-element-79dc9ff elementor-icon-list--layout-traditional elementor-list-item-link-full_width elementor-widget elementor-widget-icon-list\" data-id=\"79dc9ff\" data-element_type=\"widget\" data-e-type=\"widget\" data-widget_type=\"icon-list.default\">\n\t\t\t\t<div class=\"elementor-widget-container\">\n\t\t\t\t\t\t\t<ul class=\"elementor-icon-list-items\">\n\t\t\t\t\t\t\t<li class=\"elementor-icon-list-item\">\n\t\t\t\t\t\t\t\t\t\t\t<a href=\"\/en\/pdf-nfc-kw-3-en\/\" target=\"_blank\">\n\n\t\t\t\t\t\t\t\t\t\t\t\t<span class=\"elementor-icon-list-icon\">\n\t\t\t\t\t\t\t<i aria-hidden=\"true\" class=\"fas fa-file-pdf\"><\/i>\t\t\t\t\t\t<\/span>\n\t\t\t\t\t\t\t\t\t\t<span class=\"elementor-icon-list-text\">More information<\/span>\n\t\t\t\t\t\t\t\t\t\t\t<\/a>\n\t\t\t\t\t\t\t\t\t<\/li>\n\t\t\t\t\t\t<\/ul>\n\t\t\t\t\t\t<\/div>\n\t\t\t\t<\/div>\n\t\t\t\t\t<\/div>\n\t\t<\/div>\n\t\t\t\t\t<\/div>\n\t\t<\/section>\n\t\t\t\t<section class=\"elementor-section elementor-top-section elementor-element elementor-element-b78b494 elementor-section-boxed elementor-section-height-default elementor-section-height-default\" data-id=\"b78b494\" data-element_type=\"section\" data-e-type=\"section\">\n\t\t\t\t\t\t<div class=\"elementor-container elementor-column-gap-default\">\n\t\t\t\t\t<div class=\"elementor-column elementor-col-100 elementor-top-column elementor-element elementor-element-d1c2312\" data-id=\"d1c2312\" data-element_type=\"column\" data-e-type=\"column\">\n\t\t\t<div class=\"elementor-widget-wrap elementor-element-populated\">\n\t\t\t\t\t\t<div class=\"elementor-element elementor-element-45d6e04 elementor-widget-divider--view-line elementor-widget elementor-widget-divider\" data-id=\"45d6e04\" data-element_type=\"widget\" data-e-type=\"widget\" data-widget_type=\"divider.default\">\n\t\t\t\t<div class=\"elementor-widget-container\">\n\t\t\t\t\t\t\t<div class=\"elementor-divider\">\n\t\t\t<span class=\"elementor-divider-separator\">\n\t\t\t\t\t\t<\/span>\n\t\t<\/div>\n\t\t\t\t\t\t<\/div>\n\t\t\t\t<\/div>\n\t\t\t\t\t<\/div>\n\t\t<\/div>\n\t\t\t\t\t<\/div>\n\t\t<\/section>\n\t\t\t\t<section class=\"elementor-section elementor-top-section elementor-element elementor-element-72ec95c elementor-section-boxed elementor-section-height-default elementor-section-height-default\" data-id=\"72ec95c\" data-element_type=\"section\" data-e-type=\"section\">\n\t\t\t\t\t\t<div class=\"elementor-container elementor-column-gap-default\">\n\t\t\t\t\t<div class=\"elementor-column elementor-col-100 elementor-top-column elementor-element elementor-element-c5339be\" data-id=\"c5339be\" data-element_type=\"column\" data-e-type=\"column\">\n\t\t\t<div class=\"elementor-widget-wrap elementor-element-populated\">\n\t\t\t\t\t\t<div class=\"elementor-element elementor-element-b8ce601 elementor-widget elementor-widget-text-editor\" data-id=\"b8ce601\" data-element_type=\"widget\" data-e-type=\"widget\" data-widget_type=\"text-editor.default\">\n\t\t\t\t<div class=\"elementor-widget-container\">\n\t\t\t\t\t\t\t\t\t<h2>Industry News<\/h2><div><p>Global validated cold chain transport (2\u00b0C\u22128\u00b0C) of clinical trials and drugs: challenge for the novel GDP guideline from 2013<\/p><\/div>\t\t\t\t\t\t\t\t<\/div>\n\t\t\t\t<\/div>\n\t\t\t\t<div class=\"elementor-element elementor-element-63c6839 elementor-icon-list--layout-traditional elementor-list-item-link-full_width elementor-widget elementor-widget-icon-list\" data-id=\"63c6839\" data-element_type=\"widget\" data-e-type=\"widget\" data-widget_type=\"icon-list.default\">\n\t\t\t\t<div class=\"elementor-widget-container\">\n\t\t\t\t\t\t\t<ul class=\"elementor-icon-list-items\">\n\t\t\t\t\t\t\t<li class=\"elementor-icon-list-item\">\n\t\t\t\t\t\t\t\t\t\t\t<a href=\"\/en\/pdf-ejop4_ind_sci_klose_v14l10vk\/\" target=\"_blank\">\n\n\t\t\t\t\t\t\t\t\t\t\t\t<span class=\"elementor-icon-list-icon\">\n\t\t\t\t\t\t\t<i aria-hidden=\"true\" class=\"fas fa-file-pdf\"><\/i>\t\t\t\t\t\t<\/span>\n\t\t\t\t\t\t\t\t\t\t<span class=\"elementor-icon-list-text\">More information<\/span>\n\t\t\t\t\t\t\t\t\t\t\t<\/a>\n\t\t\t\t\t\t\t\t\t<\/li>\n\t\t\t\t\t\t<\/ul>\n\t\t\t\t\t\t<\/div>\n\t\t\t\t<\/div>\n\t\t\t\t\t<\/div>\n\t\t<\/div>\n\t\t\t\t\t<\/div>\n\t\t<\/section>\n\t\t\t\t<\/div>","protected":false},"excerpt":{"rendered":"<p>Introducing our latest product: ThermoScan NFC Datalogger Measuring temperature via smartphone More information Industry Science Global validated cold chain transport (2\u00b0C\u22128\u00b0C) of clinical trials and drugs: challenge for the novel GDP guideline from 2013 More information<\/p>","protected":false},"author":1,"featured_media":0,"parent":8,"menu_order":0,"comment_status":"closed","ping_status":"closed","template":"","meta":{"footnotes":""},"class_list":["post-352","page","type-page","status-publish"],"yoast_head":"<!-- This site is optimized with the Yoast SEO plugin v27.4 - https:\/\/yoast.com\/product\/yoast-seo-wordpress\/ -->\n<title>Publication Gesellschaft f\u00fcr Medizintechnik mbH - delta T<\/title>\n<meta name=\"description\" content=\"Hier stellen wir den Interessenten \u00e4ltere und aktuelle Publikationen vor, welche die delta T Gesellschaft f\u00fcr Medizintechnik mbH betreffen.\" \/>\n<meta name=\"robots\" content=\"index, follow, max-snippet:-1, max-image-preview:large, max-video-preview:-1\" \/>\n<link rel=\"canonical\" href=\"https:\/\/www.deltat.info\/en\/about-delta-t\/publication\/\" \/>\n<script type=\"application\/ld+json\" class=\"yoast-schema-graph\">{\"@context\":\"https:\\\/\\\/schema.org\",\"@graph\":[{\"@type\":\"WebPage\",\"@id\":\"https:\\\/\\\/www.deltat.info\\\/en\\\/about-delta-t\\\/publication\\\/\",\"url\":\"https:\\\/\\\/www.deltat.info\\\/en\\\/about-delta-t\\\/publication\\\/\",\"name\":\"Publication Gesellschaft f\u00fcr Medizintechnik mbH - delta T\",\"isPartOf\":{\"@id\":\"https:\\\/\\\/www.deltat.info\\\/#website\"},\"datePublished\":\"2020-01-23T16:03:16+00:00\",\"dateModified\":\"2020-02-24T20:09:11+00:00\",\"description\":\"Hier stellen wir den Interessenten \u00e4ltere und aktuelle Publikationen vor, welche die delta T Gesellschaft f\u00fcr Medizintechnik mbH betreffen.\",\"breadcrumb\":{\"@id\":\"https:\\\/\\\/www.deltat.info\\\/en\\\/about-delta-t\\\/publication\\\/#breadcrumb\"},\"inLanguage\":\"en-GB\",\"potentialAction\":[{\"@type\":\"ReadAction\",\"target\":[\"https:\\\/\\\/www.deltat.info\\\/en\\\/about-delta-t\\\/publication\\\/\"]}]},{\"@type\":\"BreadcrumbList\",\"@id\":\"https:\\\/\\\/www.deltat.info\\\/en\\\/about-delta-t\\\/publication\\\/#breadcrumb\",\"itemListElement\":[{\"@type\":\"ListItem\",\"position\":1,\"name\":\"Startseite\",\"item\":\"https:\\\/\\\/www.deltat.info\\\/\"},{\"@type\":\"ListItem\",\"position\":2,\"name\":\"\u00dcber delta T\",\"item\":\"https:\\\/\\\/www.deltat.info\\\/ueber-delta-t\\\/\"},{\"@type\":\"ListItem\",\"position\":3,\"name\":\"Publication\"}]},{\"@type\":\"WebSite\",\"@id\":\"https:\\\/\\\/www.deltat.info\\\/#website\",\"url\":\"https:\\\/\\\/www.deltat.info\\\/\",\"name\":\"delta T Gesellschaft f\u00fcr Medizintechnik mbH\",\"description\":\"Die delta T Gesellschaft f\u00fcr Medizintechnik mbH entwickelt und produziert Transportl\u00f6sungen f\u00fcr temperatursensible Produkte wie Arzneimittel, Blut, Organe oder andere K\u00fchlprodukte der Medizin.\",\"publisher\":{\"@id\":\"https:\\\/\\\/www.deltat.info\\\/#organization\"},\"potentialAction\":[{\"@type\":\"SearchAction\",\"target\":{\"@type\":\"EntryPoint\",\"urlTemplate\":\"https:\\\/\\\/www.deltat.info\\\/?s={search_term_string}\"},\"query-input\":{\"@type\":\"PropertyValueSpecification\",\"valueRequired\":true,\"valueName\":\"search_term_string\"}}],\"inLanguage\":\"en-GB\"},{\"@type\":\"Organization\",\"@id\":\"https:\\\/\\\/www.deltat.info\\\/#organization\",\"name\":\"delta T Gesellschaft f\u00fcr Medizintechnik mbH\",\"url\":\"https:\\\/\\\/www.deltat.info\\\/\",\"logo\":{\"@type\":\"ImageObject\",\"inLanguage\":\"en-GB\",\"@id\":\"https:\\\/\\\/www.deltat.info\\\/#\\\/schema\\\/logo\\\/image\\\/\",\"url\":\"https:\\\/\\\/www.deltat.info\\\/wp-content\\\/uploads\\\/2020\\\/02\\\/delta-t-logo-2020.png\",\"contentUrl\":\"https:\\\/\\\/www.deltat.info\\\/wp-content\\\/uploads\\\/2020\\\/02\\\/delta-t-logo-2020.png\",\"width\":202,\"height\":80,\"caption\":\"delta T Gesellschaft f\u00fcr Medizintechnik mbH\"},\"image\":{\"@id\":\"https:\\\/\\\/www.deltat.info\\\/#\\\/schema\\\/logo\\\/image\\\/\"},\"sameAs\":[\"https:\\\/\\\/www.facebook.com\\\/Delta-T-GmbH-1250957958263459\\\/\",\"https:\\\/\\\/x.com\\\/deltaT_global\",\"https:\\\/\\\/www.linkedin.com\\\/company\\\/delta-t-gmbh\",\"https:\\\/\\\/www.youtube.com\\\/channel\\\/UCu10jeTdpr6Mehzqe_QMK3Q\"]}]}<\/script>\n<!-- \/ Yoast SEO plugin. -->","yoast_head_json":{"title":"Publication Gesellschaft f\u00fcr Medizintechnik mbH - delta T","description":"Here we present older and current publications to those interested in the delta T Gesellschaft f\u00fcr Medizintechnik mbH.","robots":{"index":"index","follow":"follow","max-snippet":"max-snippet:-1","max-image-preview":"max-image-preview:large","max-video-preview":"max-video-preview:-1"},"canonical":"https:\/\/www.deltat.info\/en\/about-delta-t\/publication\/","schema":{"@context":"https:\/\/schema.org","@graph":[{"@type":"WebPage","@id":"https:\/\/www.deltat.info\/en\/about-delta-t\/publication\/","url":"https:\/\/www.deltat.info\/en\/about-delta-t\/publication\/","name":"Publication Gesellschaft f\u00fcr Medizintechnik mbH - delta T","isPartOf":{"@id":"https:\/\/www.deltat.info\/#website"},"datePublished":"2020-01-23T16:03:16+00:00","dateModified":"2020-02-24T20:09:11+00:00","description":"Here we present older and current publications to those interested in the delta T Gesellschaft f\u00fcr Medizintechnik mbH.","breadcrumb":{"@id":"https:\/\/www.deltat.info\/en\/about-delta-t\/publication\/#breadcrumb"},"inLanguage":"en-GB","potentialAction":[{"@type":"ReadAction","target":["https:\/\/www.deltat.info\/en\/about-delta-t\/publication\/"]}]},{"@type":"BreadcrumbList","@id":"https:\/\/www.deltat.info\/en\/about-delta-t\/publication\/#breadcrumb","itemListElement":[{"@type":"ListItem","position":1,"name":"Startseite","item":"https:\/\/www.deltat.info\/"},{"@type":"ListItem","position":2,"name":"\u00dcber delta T","item":"https:\/\/www.deltat.info\/ueber-delta-t\/"},{"@type":"ListItem","position":3,"name":"Publication"}]},{"@type":"WebSite","@id":"https:\/\/www.deltat.info\/#website","url":"https:\/\/www.deltat.info\/","name":"delta T Gesellschaft f\u00fcr Medizintechnik mbH","description":"Delta T Gesellschaft f\u00fcr Medizintechnik mbH develops and produces transport solutions for temperature-sensitive products such as drugs, blood, organs or other medical cooling products.","publisher":{"@id":"https:\/\/www.deltat.info\/#organization"},"potentialAction":[{"@type":"SearchAction","target":{"@type":"EntryPoint","urlTemplate":"https:\/\/www.deltat.info\/?s={search_term_string}"},"query-input":{"@type":"PropertyValueSpecification","valueRequired":true,"valueName":"search_term_string"}}],"inLanguage":"en-GB"},{"@type":"Organization","@id":"https:\/\/www.deltat.info\/#organization","name":"delta T Gesellschaft f\u00fcr Medizintechnik mbH","url":"https:\/\/www.deltat.info\/","logo":{"@type":"ImageObject","inLanguage":"en-GB","@id":"https:\/\/www.deltat.info\/#\/schema\/logo\/image\/","url":"https:\/\/www.deltat.info\/wp-content\/uploads\/2020\/02\/delta-t-logo-2020.png","contentUrl":"https:\/\/www.deltat.info\/wp-content\/uploads\/2020\/02\/delta-t-logo-2020.png","width":202,"height":80,"caption":"delta T Gesellschaft f\u00fcr Medizintechnik mbH"},"image":{"@id":"https:\/\/www.deltat.info\/#\/schema\/logo\/image\/"},"sameAs":["https:\/\/www.facebook.com\/Delta-T-GmbH-1250957958263459\/","https:\/\/x.com\/deltaT_global","https:\/\/www.linkedin.com\/company\/delta-t-gmbh","https:\/\/www.youtube.com\/channel\/UCu10jeTdpr6Mehzqe_QMK3Q"]}]}},"_links":{"self":[{"href":"https:\/\/www.deltat.info\/en\/wp-json\/wp\/v2\/pages\/352","targetHints":{"allow":["GET"]}}],"collection":[{"href":"https:\/\/www.deltat.info\/en\/wp-json\/wp\/v2\/pages"}],"about":[{"href":"https:\/\/www.deltat.info\/en\/wp-json\/wp\/v2\/types\/page"}],"author":[{"embeddable":true,"href":"https:\/\/www.deltat.info\/en\/wp-json\/wp\/v2\/users\/1"}],"replies":[{"embeddable":true,"href":"https:\/\/www.deltat.info\/en\/wp-json\/wp\/v2\/comments?post=352"}],"version-history":[{"count":11,"href":"https:\/\/www.deltat.info\/en\/wp-json\/wp\/v2\/pages\/352\/revisions"}],"predecessor-version":[{"id":1633,"href":"https:\/\/www.deltat.info\/en\/wp-json\/wp\/v2\/pages\/352\/revisions\/1633"}],"up":[{"embeddable":true,"href":"https:\/\/www.deltat.info\/en\/wp-json\/wp\/v2\/pages\/8"}],"wp:attachment":[{"href":"https:\/\/www.deltat.info\/en\/wp-json\/wp\/v2\/media?parent=352"}],"curies":[{"name":"wp","href":"https:\/\/api.w.org\/{rel}","templated":true}]}}