{"id":399,"date":"2020-01-24T13:06:49","date_gmt":"2020-01-24T12:06:49","guid":{"rendered":"http:\/\/neuesweb.deltat.de\/?page_id=399"},"modified":"2020-04-30T14:14:32","modified_gmt":"2020-04-30T12:14:32","slug":"sitemap","status":"publish","type":"page","link":"https:\/\/www.deltat.info\/en\/sitemap\/","title":{"rendered":"Sitemap"},"content":{"rendered":"<div data-elementor-type=\"wp-page\" data-elementor-id=\"399\" class=\"elementor elementor-399\" data-elementor-post-type=\"page\">\n\t\t\t\t\t\t<section class=\"elementor-section elementor-top-section elementor-element elementor-element-c1c9e4e elementor-section-boxed elementor-section-height-default elementor-section-height-default\" data-id=\"c1c9e4e\" data-element_type=\"section\" data-e-type=\"section\">\n\t\t\t\t\t\t<div class=\"elementor-container elementor-column-gap-default\">\n\t\t\t\t\t<div class=\"elementor-column elementor-col-100 elementor-top-column elementor-element elementor-element-d9c7e35\" data-id=\"d9c7e35\" data-element_type=\"column\" data-e-type=\"column\">\n\t\t\t<div class=\"elementor-widget-wrap elementor-element-populated\">\n\t\t\t\t\t\t<div class=\"elementor-element elementor-element-2011ca7 elementor-widget elementor-widget-global elementor-global-295 elementor-widget-heading\" data-id=\"2011ca7\" data-element_type=\"widget\" data-e-type=\"widget\" data-widget_type=\"heading.default\">\n\t\t\t\t<div class=\"elementor-widget-container\">\n\t\t\t\t\t<h1 class=\"elementor-heading-title elementor-size-default\">Sitemap<\/h1>\t\t\t\t<\/div>\n\t\t\t\t<\/div>\n\t\t\t\t\t<\/div>\n\t\t<\/div>\n\t\t\t\t\t<\/div>\n\t\t<\/section>\n\t\t\t\t<section class=\"elementor-section elementor-top-section elementor-element elementor-element-f0ea121 elementor-section-boxed elementor-section-height-default elementor-section-height-default\" data-id=\"f0ea121\" data-element_type=\"section\" data-e-type=\"section\">\n\t\t\t\t\t\t<div class=\"elementor-container elementor-column-gap-default\">\n\t\t\t\t\t<div class=\"elementor-column elementor-col-100 elementor-top-column elementor-element elementor-element-87917ca\" data-id=\"87917ca\" data-element_type=\"column\" data-e-type=\"column\">\n\t\t\t<div class=\"elementor-widget-wrap elementor-element-populated\">\n\t\t\t\t\t\t<div class=\"elementor-element elementor-element-9dacf9d elementor-widget elementor-widget-sitemap\" data-id=\"9dacf9d\" data-element_type=\"widget\" data-e-type=\"widget\" data-widget_type=\"sitemap.default\">\n\t\t\t\t<div class=\"elementor-widget-container\">\n\t\t\t\t\t<div class=\"elementor-sitemap-wrap\"><div class=\"elementor-sitemap-section\"><h2 class=\"elementor-sitemap-title elementor-sitemap-page-title\">Pages<\/h2><ul class=\"elementor-sitemap-list elementor-sitemap-page-list\"><li class=\"elementor-sitemap-item elementor-sitemap-item-page page_item page-item-2\"><a href=\"https:\/\/www.deltat.info\/en\/\">Home<\/a><\/li><li class=\"elementor-sitemap-item elementor-sitemap-item-page page_item page-item-1285\"><a href=\"https:\/\/www.deltat.info\/en\/cookie-einstellungen\/\">Cookie settings<\/a><\/li><li class=\"elementor-sitemap-item elementor-sitemap-item-page page_item page-item-1598\"><a href=\"https:\/\/www.deltat.info\/en\/services\/\">Services<\/a><ul class='children'><li class=\"elementor-sitemap-item elementor-sitemap-item-page page_item page-item-1608\"><a href=\"https:\/\/www.deltat.info\/en\/services\/entwicklung\/\">Development<\/a><\/li><li class=\"elementor-sitemap-item elementor-sitemap-item-page page_item page-item-1789\"><a href=\"https:\/\/www.deltat.info\/en\/services\/downloads\/\">Downloads<\/a><\/li><li class=\"elementor-sitemap-item elementor-sitemap-item-page page_item page-item-1613\"><a href=\"https:\/\/www.deltat.info\/en\/services\/herstellung\/\">Production<\/a><\/li><li class=\"elementor-sitemap-item elementor-sitemap-item-page page_item page-item-1617\"><a href=\"https:\/\/www.deltat.info\/en\/services\/validierung-messung\/\">Validation &amp; Measurement<\/a><\/li><\/ul><\/li><li class=\"elementor-sitemap-item elementor-sitemap-item-page page_item page-item-2033\"><a href=\"https:\/\/www.deltat.info\/en\/agb\/\">General Terms &amp; Conditions<\/a><\/li><li class=\"elementor-sitemap-item elementor-sitemap-item-page page_item page-item-3\"><a href=\"https:\/\/www.deltat.info\/en\/datenschutzerklaerung\/\">Data Privacy<\/a><\/li><li class=\"elementor-sitemap-item elementor-sitemap-item-page page_item page-item-8\"><a href=\"https:\/\/www.deltat.info\/en\/ueber-delta-t\/\">About delta T<\/a><ul class='children'><li class=\"elementor-sitemap-item elementor-sitemap-item-page page_item page-item-1388\"><a href=\"https:\/\/www.deltat.info\/en\/ueber-delta-t\/aktuelles\/\">Latest News<\/a><\/li><li class=\"elementor-sitemap-item elementor-sitemap-item-page page_item page-item-341\"><a href=\"https:\/\/www.deltat.info\/en\/ueber-delta-t\/philosophie\/\">Philosophy<\/a><\/li><li class=\"elementor-sitemap-item elementor-sitemap-item-page page_item page-item-347\"><a href=\"https:\/\/www.deltat.info\/en\/ueber-delta-t\/historie\/\">History<\/a><\/li><li class=\"elementor-sitemap-item elementor-sitemap-item-page page_item page-item-352\"><a href=\"https:\/\/www.deltat.info\/en\/ueber-delta-t\/publication\/\">Publication<\/a><\/li><\/ul><\/li><li class=\"elementor-sitemap-item elementor-sitemap-item-page page_item page-item-9\"><a href=\"https:\/\/www.deltat.info\/en\/kontakt\/\">Contact<\/a><\/li><li class=\"elementor-sitemap-item elementor-sitemap-item-page page_item page-item-305\"><a href=\"https:\/\/www.deltat.info\/en\/impressum\/\">Imprint<\/a><\/li><li class=\"elementor-sitemap-item elementor-sitemap-item-page page_item page-item-366\"><a href=\"https:\/\/www.deltat.info\/en\/produkte\/\">Products<\/a><ul class='children'><li class=\"elementor-sitemap-item elementor-sitemap-item-page page_item page-item-913\"><a href=\"https:\/\/www.deltat.info\/en\/produkte\/isolierbehaelter\/\">Insulated Boxes<\/a><ul class='children'><li class=\"elementor-sitemap-item elementor-sitemap-item-page page_item page-item-927\"><a href=\"https:\/\/www.deltat.info\/en\/produkte\/isolierbehaelter\/blueline-boxen\/\">BlueLine Boxes<\/a><\/li><li class=\"elementor-sitemap-item elementor-sitemap-item-page page_item page-item-952\"><a href=\"https:\/\/www.deltat.info\/en\/produkte\/isolierbehaelter\/isoliertaschen\/\">BlueLine Bags<\/a><\/li><li class=\"elementor-sitemap-item elementor-sitemap-item-page page_item page-item-964\"><a href=\"https:\/\/www.deltat.info\/en\/produkte\/isolierbehaelter\/vakuum-boxen\/\">Vacuum Boxes<\/a><\/li><li class=\"elementor-sitemap-item elementor-sitemap-item-page page_item page-item-985\"><a href=\"https:\/\/www.deltat.info\/en\/produkte\/isolierbehaelter\/transportboxen\/\">Aluminium and Hard Plastic Passive Boxes<\/a><\/li><li class=\"elementor-sitemap-item elementor-sitemap-item-page page_item page-item-992\"><a href=\"https:\/\/www.deltat.info\/en\/produkte\/isolierbehaelter\/neopor-boxen\/\">Neopor Boxes<\/a><\/li><li class=\"elementor-sitemap-item elementor-sitemap-item-page page_item page-item-3888\"><a href=\"https:\/\/www.deltat.info\/en\/produkte\/isolierbehaelter\/pharma-cases\/\">Pharma Cases<\/a><\/li><li class=\"elementor-sitemap-item elementor-sitemap-item-page page_item page-item-3890\"><a href=\"https:\/\/www.deltat.info\/en\/produkte\/isolierbehaelter\/einweg-vakuum-boxen\/\">DVB Vacuum Boxes<\/a><\/li><li class=\"elementor-sitemap-item elementor-sitemap-item-page page_item page-item-3892\"><a href=\"https:\/\/www.deltat.info\/en\/produkte\/isolierbehaelter\/vakuum-taschen\/\">Vacuum Bags<\/a><\/li><\/ul><\/li><li class=\"elementor-sitemap-item elementor-sitemap-item-page page_item page-item-3368\"><a href=\"https:\/\/www.deltat.info\/en\/produkte\/pallet-shipper\/\">Pallet Shipper<\/a><ul class='children'><li class=\"elementor-sitemap-item elementor-sitemap-item-page page_item page-item-1014\"><a href=\"https:\/\/www.deltat.info\/en\/produkte\/pallet-shipper\/eps-vip-pallet-shipper\/\">EPS VIP Pallet Shipper<\/a><\/li><li class=\"elementor-sitemap-item elementor-sitemap-item-page page_item page-item-3380\"><a href=\"https:\/\/www.deltat.info\/en\/produkte\/pallet-shipper\/multi-use-vip-pallet-shipper\/\">Multi Use VIP Pallet Shipper<\/a><\/li><li class=\"elementor-sitemap-item elementor-sitemap-item-page page_item page-item-3385\"><a href=\"https:\/\/www.deltat.info\/en\/produkte\/pallet-shipper\/eps-pallet-shipper\/\">EPS Pallet Shipper<\/a><\/li><li class=\"elementor-sitemap-item elementor-sitemap-item-page page_item page-item-3391\"><a href=\"https:\/\/www.deltat.info\/en\/produkte\/pallet-shipper\/pallet-shipper-akkuboards\/\">Pallet Shipper Accuboards<\/a><\/li><\/ul><\/li><li class=\"elementor-sitemap-item elementor-sitemap-item-page page_item page-item-453\"><a href=\"https:\/\/www.deltat.info\/en\/produkte\/fluid-elemente\/\">Fluid Elements<\/a><ul class='children'><li class=\"elementor-sitemap-item elementor-sitemap-item-page page_item page-item-2872\"><a href=\"https:\/\/www.deltat.info\/en\/produkte\/fluid-elemente\/18c-akkus\/\">18 C Accus<\/a><\/li><li class=\"elementor-sitemap-item elementor-sitemap-item-page page_item page-item-2878\"><a href=\"https:\/\/www.deltat.info\/en\/produkte\/fluid-elemente\/minus-50c-freeze-elemente\/\">-50 C Freeze Elements<\/a><\/li><li class=\"elementor-sitemap-item elementor-sitemap-item-page page_item page-item-4484\"><a href=\"https:\/\/www.deltat.info\/en\/produkte\/fluid-elemente\/minus-12-c-freeze-elemente\/\">-12 C Freeze Elemente<\/a><\/li><li class=\"elementor-sitemap-item elementor-sitemap-item-page page_item page-item-851\"><a href=\"https:\/\/www.deltat.info\/en\/produkte\/fluid-elemente\/minus-30c-freeze-elemente\/\">-30 C Freeze Elements<\/a><\/li><li class=\"elementor-sitemap-item elementor-sitemap-item-page page_item page-item-519\"><a href=\"https:\/\/www.deltat.info\/en\/produkte\/fluid-elemente\/4c-akkus\/\">4 C Accus<\/a><\/li><li class=\"elementor-sitemap-item elementor-sitemap-item-page page_item page-item-576\"><a href=\"https:\/\/www.deltat.info\/en\/produkte\/fluid-elemente\/22c-akkus\/\">22 C Accus<\/a><\/li><li class=\"elementor-sitemap-item elementor-sitemap-item-page page_item page-item-629\"><a href=\"https:\/\/www.deltat.info\/en\/produkte\/fluid-elemente\/37c-akkus\/\">37 C Accus<\/a><\/li><li class=\"elementor-sitemap-item elementor-sitemap-item-page page_item page-item-788\"><a href=\"https:\/\/www.deltat.info\/en\/produkte\/fluid-elemente\/ice-akkus\/\">ICE Accus<\/a><\/li><li class=\"elementor-sitemap-item elementor-sitemap-item-page page_item page-item-814\"><a href=\"https:\/\/www.deltat.info\/en\/produkte\/fluid-elemente\/minus-18c-freeze-elemente\/\">-18 C Freeze Elements<\/a><\/li><li class=\"elementor-sitemap-item elementor-sitemap-item-page page_item page-item-841\"><a href=\"https:\/\/www.deltat.info\/en\/produkte\/fluid-elemente\/minus-21c-freeze-elemente\/\">-21 C Freeze Elements<\/a><\/li><li class=\"elementor-sitemap-item elementor-sitemap-item-page page_item page-item-854\"><a href=\"https:\/\/www.deltat.info\/en\/produkte\/fluid-elemente\/gel-akkus\/\">Gel Accus<\/a><\/li><\/ul><\/li><li class=\"elementor-sitemap-item elementor-sitemap-item-page page_item page-item-606\"><a href=\"https:\/\/www.deltat.info\/en\/produkte\/datenlogger\/\">Data Logger<\/a><\/li><\/ul><\/li><li class=\"elementor-sitemap-item elementor-sitemap-item-page page_item page-item-399\"><a href=\"https:\/\/www.deltat.info\/en\/sitemap\/\">Sitemap<\/a><\/li><li class=\"elementor-sitemap-item elementor-sitemap-item-page page_item page-item-436\"><a href=\"https:\/\/www.deltat.info\/en\/fuer-haendler\/\">For Distributors<\/a><\/li><li class=\"elementor-sitemap-item elementor-sitemap-item-page page_item page-item-676\"><a href=\"https:\/\/www.deltat.info\/en\/fallstudien\/\">Case Studies<\/a><ul class='children'><li class=\"elementor-sitemap-item elementor-sitemap-item-page page_item page-item-1031\"><a href=\"https:\/\/www.deltat.info\/en\/fallstudien\/blueline-vip-16l\/\">TransPorter BlueLine VIP 16 L<\/a><\/li><li class=\"elementor-sitemap-item elementor-sitemap-item-page page_item page-item-1038\"><a href=\"https:\/\/www.deltat.info\/en\/fallstudien\/thermo-blanket-for-crt\/\">Thermo Blanket for CRT<\/a><\/li><li class=\"elementor-sitemap-item elementor-sitemap-item-page page_item page-item-692\"><a href=\"https:\/\/www.deltat.info\/en\/fallstudien\/einweg-isolierbox-50l-2-bis-8-grad\/\">Disposable Insulation Box 50L: 2(\u00b0C )to 8(\u00b0C) for 72 hours<\/a><\/li><li class=\"elementor-sitemap-item elementor-sitemap-item-page page_item page-item-751\"><a href=\"https:\/\/www.deltat.info\/en\/fallstudien\/mehrweg-isolierbox-fuer-2c-bis-8c-fuer-80-stunden\/\">Reusable Insulation Box: 2 (\u00b0C) to 8 (\u00b0C) for 80 hours.<\/a><\/li><li class=\"elementor-sitemap-item elementor-sitemap-item-page page_item page-item-762\"><a href=\"https:\/\/www.deltat.info\/en\/fallstudien\/isoliertasche-10l-2c-bis-8c-fuer-8-bis-12-stunden\/\">Insulation Bag 10L: 2 (\u00b0C) to 8 (\u00b0C) for 8 to 12 hours<\/a><\/li><li class=\"elementor-sitemap-item elementor-sitemap-item-page page_item page-item-771\"><a href=\"https:\/\/www.deltat.info\/en\/fallstudien\/eps-pallet-shipper-1200l-fuer-crt\/\">EPS Pallet Shipper 1200L for CRT<\/a><\/li><\/ul><\/li><\/ul><\/div><div class=\"elementor-sitemap-section\"><h2 class=\"elementor-sitemap-title elementor-sitemap-category-title\">Categories<\/h2><ul class=\"elementor-sitemap-list elementor-sitemap-category-list\">\t<li class=\"elementor-sitemap-item elementor-sitemap-item-category cat-item cat-item-1\"><a href=\"https:\/\/www.deltat.info\/en\/aktuelles\/\">Latest News<\/a>\n<\/li>\n<\/ul><\/div><\/div>\t\t\t\t<\/div>\n\t\t\t\t<\/div>\n\t\t\t\t\t<\/div>\n\t\t<\/div>\n\t\t\t\t\t<\/div>\n\t\t<\/section>\n\t\t\t\t<\/div>","protected":false},"excerpt":{"rendered":"","protected":false},"author":1,"featured_media":0,"parent":0,"menu_order":0,"comment_status":"closed","ping_status":"closed","template":"","meta":{"footnotes":""},"class_list":["post-399","page","type-page","status-publish"],"yoast_head":"<!-- This site is optimized with the Yoast SEO plugin v27.4 - https:\/\/yoast.com\/product\/yoast-seo-wordpress\/ -->\n<title>Sitemap - delta T<\/title>\n<meta name=\"description\" content=\"delta T Sitemap - Alle Seiten der delta T - Website in der \u00dcbersicht.\" \/>\n<meta name=\"robots\" content=\"index, follow, max-snippet:-1, max-image-preview:large, max-video-preview:-1\" \/>\n<link rel=\"canonical\" href=\"https:\/\/www.deltat.info\/en\/sitemap\/\" \/>\n<script type=\"application\/ld+json\" class=\"yoast-schema-graph\">{\"@context\":\"https:\\\/\\\/schema.org\",\"@graph\":[{\"@type\":\"WebPage\",\"@id\":\"https:\\\/\\\/www.deltat.info\\\/sitemap\\\/\",\"url\":\"https:\\\/\\\/www.deltat.info\\\/sitemap\\\/\",\"name\":\"Sitemap - delta T\",\"isPartOf\":{\"@id\":\"https:\\\/\\\/www.deltat.info\\\/#website\"},\"datePublished\":\"2020-01-24T12:06:49+00:00\",\"dateModified\":\"2020-04-30T12:14:32+00:00\",\"description\":\"delta T Sitemap - Alle Seiten der delta T - Website in der \u00dcbersicht.\",\"breadcrumb\":{\"@id\":\"https:\\\/\\\/www.deltat.info\\\/sitemap\\\/#breadcrumb\"},\"inLanguage\":\"en-GB\",\"potentialAction\":[{\"@type\":\"ReadAction\",\"target\":[\"https:\\\/\\\/www.deltat.info\\\/sitemap\\\/\"]}]},{\"@type\":\"BreadcrumbList\",\"@id\":\"https:\\\/\\\/www.deltat.info\\\/sitemap\\\/#breadcrumb\",\"itemListElement\":[{\"@type\":\"ListItem\",\"position\":1,\"name\":\"Startseite\",\"item\":\"https:\\\/\\\/www.deltat.info\\\/\"},{\"@type\":\"ListItem\",\"position\":2,\"name\":\"Sitemap\"}]},{\"@type\":\"WebSite\",\"@id\":\"https:\\\/\\\/www.deltat.info\\\/#website\",\"url\":\"https:\\\/\\\/www.deltat.info\\\/\",\"name\":\"delta T Gesellschaft f\u00fcr Medizintechnik mbH\",\"description\":\"Die delta T Gesellschaft f\u00fcr Medizintechnik mbH entwickelt und produziert Transportl\u00f6sungen f\u00fcr temperatursensible Produkte wie Arzneimittel, Blut, Organe oder andere K\u00fchlprodukte der Medizin.\",\"publisher\":{\"@id\":\"https:\\\/\\\/www.deltat.info\\\/#organization\"},\"potentialAction\":[{\"@type\":\"SearchAction\",\"target\":{\"@type\":\"EntryPoint\",\"urlTemplate\":\"https:\\\/\\\/www.deltat.info\\\/?s={search_term_string}\"},\"query-input\":{\"@type\":\"PropertyValueSpecification\",\"valueRequired\":true,\"valueName\":\"search_term_string\"}}],\"inLanguage\":\"en-GB\"},{\"@type\":\"Organization\",\"@id\":\"https:\\\/\\\/www.deltat.info\\\/#organization\",\"name\":\"delta T Gesellschaft f\u00fcr Medizintechnik mbH\",\"url\":\"https:\\\/\\\/www.deltat.info\\\/\",\"logo\":{\"@type\":\"ImageObject\",\"inLanguage\":\"en-GB\",\"@id\":\"https:\\\/\\\/www.deltat.info\\\/#\\\/schema\\\/logo\\\/image\\\/\",\"url\":\"https:\\\/\\\/www.deltat.info\\\/wp-content\\\/uploads\\\/2020\\\/02\\\/delta-t-logo-2020.png\",\"contentUrl\":\"https:\\\/\\\/www.deltat.info\\\/wp-content\\\/uploads\\\/2020\\\/02\\\/delta-t-logo-2020.png\",\"width\":202,\"height\":80,\"caption\":\"delta T Gesellschaft f\u00fcr Medizintechnik mbH\"},\"image\":{\"@id\":\"https:\\\/\\\/www.deltat.info\\\/#\\\/schema\\\/logo\\\/image\\\/\"},\"sameAs\":[\"https:\\\/\\\/www.facebook.com\\\/Delta-T-GmbH-1250957958263459\\\/\",\"https:\\\/\\\/x.com\\\/deltaT_global\",\"https:\\\/\\\/www.linkedin.com\\\/company\\\/delta-t-gmbh\",\"https:\\\/\\\/www.youtube.com\\\/channel\\\/UCu10jeTdpr6Mehzqe_QMK3Q\"]}]}<\/script>\n<!-- \/ Yoast SEO plugin. -->","yoast_head_json":{"title":"Sitemap - delta T","description":"delta T Sitemap - An overview of all pages on the delta T website.","robots":{"index":"index","follow":"follow","max-snippet":"max-snippet:-1","max-image-preview":"max-image-preview:large","max-video-preview":"max-video-preview:-1"},"canonical":"https:\/\/www.deltat.info\/en\/sitemap\/","schema":{"@context":"https:\/\/schema.org","@graph":[{"@type":"WebPage","@id":"https:\/\/www.deltat.info\/sitemap\/","url":"https:\/\/www.deltat.info\/sitemap\/","name":"Sitemap - delta T","isPartOf":{"@id":"https:\/\/www.deltat.info\/#website"},"datePublished":"2020-01-24T12:06:49+00:00","dateModified":"2020-04-30T12:14:32+00:00","description":"delta T Sitemap - An overview of all pages on the delta T website.","breadcrumb":{"@id":"https:\/\/www.deltat.info\/sitemap\/#breadcrumb"},"inLanguage":"en-GB","potentialAction":[{"@type":"ReadAction","target":["https:\/\/www.deltat.info\/sitemap\/"]}]},{"@type":"BreadcrumbList","@id":"https:\/\/www.deltat.info\/sitemap\/#breadcrumb","itemListElement":[{"@type":"ListItem","position":1,"name":"Startseite","item":"https:\/\/www.deltat.info\/"},{"@type":"ListItem","position":2,"name":"Sitemap"}]},{"@type":"WebSite","@id":"https:\/\/www.deltat.info\/#website","url":"https:\/\/www.deltat.info\/","name":"delta T Gesellschaft f\u00fcr Medizintechnik mbH","description":"Delta T Gesellschaft f\u00fcr Medizintechnik mbH develops and produces transport solutions for temperature-sensitive products such as drugs, blood, organs or other medical cooling products.","publisher":{"@id":"https:\/\/www.deltat.info\/#organization"},"potentialAction":[{"@type":"SearchAction","target":{"@type":"EntryPoint","urlTemplate":"https:\/\/www.deltat.info\/?s={search_term_string}"},"query-input":{"@type":"PropertyValueSpecification","valueRequired":true,"valueName":"search_term_string"}}],"inLanguage":"en-GB"},{"@type":"Organization","@id":"https:\/\/www.deltat.info\/#organization","name":"delta T Gesellschaft f\u00fcr Medizintechnik mbH","url":"https:\/\/www.deltat.info\/","logo":{"@type":"ImageObject","inLanguage":"en-GB","@id":"https:\/\/www.deltat.info\/#\/schema\/logo\/image\/","url":"https:\/\/www.deltat.info\/wp-content\/uploads\/2020\/02\/delta-t-logo-2020.png","contentUrl":"https:\/\/www.deltat.info\/wp-content\/uploads\/2020\/02\/delta-t-logo-2020.png","width":202,"height":80,"caption":"delta T Gesellschaft f\u00fcr Medizintechnik mbH"},"image":{"@id":"https:\/\/www.deltat.info\/#\/schema\/logo\/image\/"},"sameAs":["https:\/\/www.facebook.com\/Delta-T-GmbH-1250957958263459\/","https:\/\/x.com\/deltaT_global","https:\/\/www.linkedin.com\/company\/delta-t-gmbh","https:\/\/www.youtube.com\/channel\/UCu10jeTdpr6Mehzqe_QMK3Q"]}]}},"_links":{"self":[{"href":"https:\/\/www.deltat.info\/en\/wp-json\/wp\/v2\/pages\/399","targetHints":{"allow":["GET"]}}],"collection":[{"href":"https:\/\/www.deltat.info\/en\/wp-json\/wp\/v2\/pages"}],"about":[{"href":"https:\/\/www.deltat.info\/en\/wp-json\/wp\/v2\/types\/page"}],"author":[{"embeddable":true,"href":"https:\/\/www.deltat.info\/en\/wp-json\/wp\/v2\/users\/1"}],"replies":[{"embeddable":true,"href":"https:\/\/www.deltat.info\/en\/wp-json\/wp\/v2\/comments?post=399"}],"version-history":[{"count":4,"href":"https:\/\/www.deltat.info\/en\/wp-json\/wp\/v2\/pages\/399\/revisions"}],"predecessor-version":[{"id":1756,"href":"https:\/\/www.deltat.info\/en\/wp-json\/wp\/v2\/pages\/399\/revisions\/1756"}],"wp:attachment":[{"href":"https:\/\/www.deltat.info\/en\/wp-json\/wp\/v2\/media?parent=399"}],"curies":[{"name":"wp","href":"https:\/\/api.w.org\/{rel}","templated":true}]}}