{"id":771,"date":"2020-01-28T14:23:42","date_gmt":"2020-01-28T13:23:42","guid":{"rendered":"http:\/\/neuesweb.deltat.de\/?page_id=771"},"modified":"2021-12-15T09:03:00","modified_gmt":"2021-12-15T08:03:00","slug":"eps-pallet-shipper-1200l-for-crt","status":"publish","type":"page","link":"https:\/\/www.deltat.info\/en\/fallstudien\/eps-pallet-shipper-1200l-fuer-crt\/","title":{"rendered":"EPS Pallet Shipper 1200L for CRT"},"content":{"rendered":"<div data-elementor-type=\"wp-page\" data-elementor-id=\"771\" class=\"elementor elementor-771\" data-elementor-post-type=\"page\">\n\t\t\t\t\t\t<section class=\"elementor-section elementor-top-section elementor-element elementor-element-189e11d elementor-section-boxed elementor-section-height-default elementor-section-height-default\" data-id=\"189e11d\" data-element_type=\"section\" data-e-type=\"section\" data-settings=\"{&quot;background_background&quot;:&quot;classic&quot;}\">\n\t\t\t\t\t\t<div class=\"elementor-container elementor-column-gap-default\">\n\t\t\t\t\t<div class=\"elementor-column elementor-col-100 elementor-top-column elementor-element elementor-element-25548f0\" data-id=\"25548f0\" data-element_type=\"column\" data-e-type=\"column\">\n\t\t\t<div class=\"elementor-widget-wrap elementor-element-populated\">\n\t\t\t\t\t\t<div class=\"elementor-element elementor-element-ca638bb elementor-widget elementor-widget-global elementor-global-295 elementor-widget-heading\" data-id=\"ca638bb\" data-element_type=\"widget\" data-e-type=\"widget\" data-widget_type=\"heading.default\">\n\t\t\t\t<div class=\"elementor-widget-container\">\n\t\t\t\t\t<h1 class=\"elementor-heading-title elementor-size-default\">EPS Pallet Shipper 1200L for CRT<\/h1>\t\t\t\t<\/div>\n\t\t\t\t<\/div>\n\t\t\t\t<div class=\"elementor-element elementor-element-eee7c25 elementor-widget elementor-widget-text-editor\" data-id=\"eee7c25\" data-element_type=\"widget\" data-e-type=\"widget\" data-widget_type=\"text-editor.default\">\n\t\t\t\t<div class=\"elementor-widget-container\">\n\t\t\t\t\t\t\t\t\t<p class=\"translation-block\">A German pharmaceutical company would like to send its pharmaceuticals on Euro and GMA pallets with Controlled Room Temperature (CRT) of 15 to 25 \u00b0 C worldwide by air freight.<\/p>\t\t\t\t\t\t\t\t<\/div>\n\t\t\t\t<\/div>\n\t\t\t\t\t<\/div>\n\t\t<\/div>\n\t\t\t\t\t<\/div>\n\t\t<\/section>\n\t\t\t\t<section class=\"elementor-section elementor-top-section elementor-element elementor-element-7b33c8b elementor-section-boxed elementor-section-height-default elementor-section-height-default\" data-id=\"7b33c8b\" data-element_type=\"section\" data-e-type=\"section\">\n\t\t\t\t\t\t<div class=\"elementor-container elementor-column-gap-default\">\n\t\t\t\t\t<div class=\"elementor-column elementor-col-100 elementor-top-column elementor-element elementor-element-db80369\" data-id=\"db80369\" data-element_type=\"column\" data-e-type=\"column\">\n\t\t\t<div class=\"elementor-widget-wrap elementor-element-populated\">\n\t\t\t\t\t\t<div class=\"elementor-element elementor-element-a7c35e0 elementor-widget elementor-widget-heading\" data-id=\"a7c35e0\" data-element_type=\"widget\" data-e-type=\"widget\" data-widget_type=\"heading.default\">\n\t\t\t\t<div class=\"elementor-widget-container\">\n\t\t\t\t\t<h2 class=\"elementor-heading-title elementor-size-default\">Solution<\/h2>\t\t\t\t<\/div>\n\t\t\t\t<\/div>\n\t\t\t\t\t<\/div>\n\t\t<\/div>\n\t\t\t\t\t<\/div>\n\t\t<\/section>\n\t\t\t\t<section class=\"elementor-section elementor-top-section elementor-element elementor-element-f6415d1 elementor-section-boxed elementor-section-height-default elementor-section-height-default\" data-id=\"f6415d1\" data-element_type=\"section\" data-e-type=\"section\">\n\t\t\t\t\t\t<div class=\"elementor-container elementor-column-gap-default\">\n\t\t\t\t\t<div class=\"elementor-column elementor-col-50 elementor-top-column elementor-element elementor-element-59fbc21\" data-id=\"59fbc21\" data-element_type=\"column\" data-e-type=\"column\">\n\t\t\t<div class=\"elementor-widget-wrap elementor-element-populated\">\n\t\t\t\t\t\t<div class=\"elementor-element elementor-element-3eb1809 elementor-widget elementor-widget-image\" data-id=\"3eb1809\" data-element_type=\"widget\" data-e-type=\"widget\" data-widget_type=\"image.default\">\n\t\t\t\t<div class=\"elementor-widget-container\">\n\t\t\t\t\t\t\t\t\t\t\t\t\t\t\t<img decoding=\"async\" src=\"https:\/\/www.deltat.info\/wp-content\/uploads\/elementor\/thumbs\/fallstudie-pallet-shipper-okc2kinku7kjjs6nf1k214cnochtoaw58eyu073k84.jpg\" title=\"Case study - delta T Pallet Shipper\" alt=\"Case study - delta T Pallet Shipper\" loading=\"lazy\" \/>\t\t\t\t\t\t\t\t\t\t\t\t\t\t\t<\/div>\n\t\t\t\t<\/div>\n\t\t\t\t\t<\/div>\n\t\t<\/div>\n\t\t\t\t<div class=\"elementor-column elementor-col-50 elementor-top-column elementor-element elementor-element-28aba10\" data-id=\"28aba10\" data-element_type=\"column\" data-e-type=\"column\">\n\t\t\t<div class=\"elementor-widget-wrap elementor-element-populated\">\n\t\t\t\t\t\t<div class=\"elementor-element elementor-element-fd6184d elementor-widget elementor-widget-text-editor\" data-id=\"fd6184d\" data-element_type=\"widget\" data-e-type=\"widget\" data-widget_type=\"text-editor.default\">\n\t\t\t\t<div class=\"elementor-widget-container\">\n\t\t\t\t\t\t\t\t\t<p style=\"font-weight: 400;\">When transporting temperature-controlled drugs internationally, it need be ensured that the temperature is not too high or too low during loading, unloading or reloading. For example, under transportation conditions of 15(\u00b0C) to 25(\u00b0C), the temperature of the goods cannot be lower or higher than this range.<br \/>The pallet transportation solution provided by delta T can perfectly solve the problems in the transportation. The 18C Accu S1 L x 3 Boards can keep the temperature in the pallet within the specified range. The specific holding time required has a positive correlation with the quantity of 18 C Accu S 1 L x 3 boards.168 hours of transportation can be easily achieved.<\/p><p style=\"font-weight: 400;\">In this case study, an EU-Pallet of pharmaceuticals was transported at a constant temperature of 15(\u00b0C) to 25(\u00b0C) for 120 hours to the destination.<\/p><p style=\"font-weight: 400;\">The heights of the Pallet Shipper are optimally adapted to the height of the cargo hold, so that an optimal use of space is possible.<\/p><p style=\"font-weight: 400;\">In the picture you can see the dimensions of the goods in 120 cm x 80 cmx 120 cm with EU pallet. 18C Accu x 3Boards are around the products. Accus also can be added at the lid part of pallet for achieving constant temperature transportation longer time.<\/p><p style=\"font-weight: 400;\">The system can be completely prepacked without the goods, so that the payload or goods can be easily placed at the pick-up location.<\/p><p style=\"font-weight: 400;\">The advantage over conventional systems, in which the pallets are only placed in appropriate refrigerated containers at the airport, is the temperature safety from the drug store to the end user. No special measures are required during the transport chain.<\/p>\t\t\t\t\t\t\t\t<\/div>\n\t\t\t\t<\/div>\n\t\t\t\t\t<\/div>\n\t\t<\/div>\n\t\t\t\t\t<\/div>\n\t\t<\/section>\n\t\t\t\t<section class=\"elementor-section elementor-top-section elementor-element elementor-element-b099e01 elementor-section-boxed elementor-section-height-default elementor-section-height-default\" data-id=\"b099e01\" data-element_type=\"section\" data-e-type=\"section\" data-settings=\"{&quot;background_background&quot;:&quot;classic&quot;}\">\n\t\t\t\t\t\t<div class=\"elementor-container elementor-column-gap-default\">\n\t\t\t\t\t<div class=\"elementor-column elementor-col-50 elementor-top-column elementor-element elementor-element-fde2896\" data-id=\"fde2896\" data-element_type=\"column\" data-e-type=\"column\">\n\t\t\t<div class=\"elementor-widget-wrap elementor-element-populated\">\n\t\t\t\t\t\t<div class=\"elementor-element elementor-element-03ac98a elementor-widget elementor-widget-image\" data-id=\"03ac98a\" data-element_type=\"widget\" data-e-type=\"widget\" data-widget_type=\"image.default\">\n\t\t\t\t<div class=\"elementor-widget-container\">\n\t\t\t\t\t\t\t\t\t\t\t\t\t\t\t<img decoding=\"async\" src=\"https:\/\/www.deltat.info\/wp-content\/uploads\/elementor\/thumbs\/fallstudie-pallet-shipper-skizze-okc2p0bthppv0pnt6zfvxzjxumcyg8pz6n6cjsfu18.png\" title=\"Case study - delta T Pallet Shipper - sketch\" alt=\"Case study - delta T Pallet Shipper - sketch\" loading=\"lazy\" \/>\t\t\t\t\t\t\t\t\t\t\t\t\t\t\t<\/div>\n\t\t\t\t<\/div>\n\t\t\t\t\t<\/div>\n\t\t<\/div>\n\t\t\t\t<div class=\"elementor-column elementor-col-50 elementor-top-column elementor-element elementor-element-ad9c81c\" data-id=\"ad9c81c\" data-element_type=\"column\" data-e-type=\"column\">\n\t\t\t<div class=\"elementor-widget-wrap elementor-element-populated\">\n\t\t\t\t\t\t<div class=\"elementor-element elementor-element-bc159ed elementor-widget elementor-widget-text-editor\" data-id=\"bc159ed\" data-element_type=\"widget\" data-e-type=\"widget\" data-widget_type=\"text-editor.default\">\n\t\t\t\t<div class=\"elementor-widget-container\">\n\t\t\t\t\t\t\t\t\t<p style=\"font-weight: 400;\">The system consists of six parts. 1xBottom, 1x lid, 2x short sides and 2x long sides. EPS parts are equipped with holders for the Accus. US pallets (122 cm x 102 cm ) and EURO pallets (120 cm x 80 cm ) both available.<\/p><p style=\"font-weight: 400;\">The technology adopted by delta T allows the drug to directly contact the elements during cold chain transportation, thereby ensuring temperature stability to the greatest extent. Packing instructions and verification reports can be provided.<\/p><p style=\"font-weight: 400;\">The exact configuration of the different sizes with batteries can be found on the product page.<\/p>\t\t\t\t\t\t\t\t<\/div>\n\t\t\t\t<\/div>\n\t\t\t\t\t<\/div>\n\t\t<\/div>\n\t\t\t\t\t<\/div>\n\t\t<\/section>\n\t\t\t\t<\/div>","protected":false},"excerpt":{"rendered":"<p>Ein deutscher Pharmakonzern m\u00f6chte seine Arzneimittel auf Euro und GMA Palette bei Controlled Room Temperature\u00a0(CRT) von 15 bis 25\u00b0C weltweit per Luftfracht versenden.\u00a0 Die angebotene L\u00f6sung Bei internationalen Versand von temperaturgef\u00fchrten Arzneimittel z. B. bei 15 bis 25\u00b0C Transporten muss gew\u00e4hrleistet werden, dass auch beim Aus- oder Umladen keinerlei Temperatur\u00fcberschreitung auftritt.Die delta T Pallet Shipper &#8230; <a title=\"EPS Pallet Shipper 1200L for CRT\" class=\"read-more\" href=\"https:\/\/www.deltat.info\/en\/fallstudien\/eps-pallet-shipper-1200l-fuer-crt\/\" aria-label=\"Read more about EPS Pallet Shipper 1200L f\u00fcr CRT\">Read more<\/a><\/p>","protected":false},"author":1,"featured_media":0,"parent":676,"menu_order":0,"comment_status":"closed","ping_status":"closed","template":"","meta":{"footnotes":""},"class_list":["post-771","page","type-page","status-publish"],"yoast_head":"<!-- This site is optimized with the Yoast SEO plugin v27.4 - https:\/\/yoast.com\/product\/yoast-seo-wordpress\/ -->\n<title>EPS Pallet Shipper 1200L f\u00fcr CRT - delta T<\/title>\n<meta name=\"description\" content=\"Ein deutscher Pharmakonzern verwendet den EPS Pallet Shipper 1200L f\u00fcr CRT zum Transport seine Arzneimittel auf Euro und GMA Palette per Luftfracht.\" \/>\n<meta name=\"robots\" content=\"index, follow, max-snippet:-1, max-image-preview:large, max-video-preview:-1\" \/>\n<link rel=\"canonical\" href=\"https:\/\/www.deltat.info\/en\/case-studies\/eps-pallet-shipper-1200l-for-crt\/\" \/>\n<meta name=\"twitter:label1\" content=\"Estimated reading time\" \/>\n\t<meta name=\"twitter:data1\" content=\"2 minutes\" \/>\n<script type=\"application\/ld+json\" class=\"yoast-schema-graph\">{\"@context\":\"https:\\\/\\\/schema.org\",\"@graph\":[{\"@type\":\"WebPage\",\"@id\":\"https:\\\/\\\/www.deltat.info\\\/fallstudien\\\/eps-pallet-shipper-1200l-fuer-crt\\\/\",\"url\":\"https:\\\/\\\/www.deltat.info\\\/fallstudien\\\/eps-pallet-shipper-1200l-fuer-crt\\\/\",\"name\":\"EPS Pallet Shipper 1200L f\u00fcr CRT - delta T\",\"isPartOf\":{\"@id\":\"https:\\\/\\\/www.deltat.info\\\/#website\"},\"primaryImageOfPage\":{\"@id\":\"https:\\\/\\\/www.deltat.info\\\/fallstudien\\\/eps-pallet-shipper-1200l-fuer-crt\\\/#primaryimage\"},\"image\":{\"@id\":\"https:\\\/\\\/www.deltat.info\\\/fallstudien\\\/eps-pallet-shipper-1200l-fuer-crt\\\/#primaryimage\"},\"thumbnailUrl\":\"https:\\\/\\\/www.deltat.info\\\/wp-content\\\/uploads\\\/elementor\\\/thumbs\\\/fallstudie-pallet-shipper-okc2kinku7kjjs6nf1k214cnochtoaw58eyu073k8e.jpg\",\"datePublished\":\"2020-01-28T13:23:42+00:00\",\"dateModified\":\"2021-12-15T08:03:00+00:00\",\"description\":\"Ein deutscher Pharmakonzern verwendet den EPS Pallet Shipper 1200L f\u00fcr CRT zum Transport seine Arzneimittel auf Euro und GMA Palette per Luftfracht.\",\"breadcrumb\":{\"@id\":\"https:\\\/\\\/www.deltat.info\\\/fallstudien\\\/eps-pallet-shipper-1200l-fuer-crt\\\/#breadcrumb\"},\"inLanguage\":\"en-GB\",\"potentialAction\":[{\"@type\":\"ReadAction\",\"target\":[\"https:\\\/\\\/www.deltat.info\\\/fallstudien\\\/eps-pallet-shipper-1200l-fuer-crt\\\/\"]}]},{\"@type\":\"ImageObject\",\"inLanguage\":\"en-GB\",\"@id\":\"https:\\\/\\\/www.deltat.info\\\/fallstudien\\\/eps-pallet-shipper-1200l-fuer-crt\\\/#primaryimage\",\"url\":\"https:\\\/\\\/www.deltat.info\\\/wp-content\\\/uploads\\\/elementor\\\/thumbs\\\/fallstudie-pallet-shipper-okc2kinku7kjjs6nf1k214cnochtoaw58eyu073k8e.jpg\",\"contentUrl\":\"https:\\\/\\\/www.deltat.info\\\/wp-content\\\/uploads\\\/elementor\\\/thumbs\\\/fallstudie-pallet-shipper-okc2kinku7kjjs6nf1k214cnochtoaw58eyu073k8e.jpg\"},{\"@type\":\"BreadcrumbList\",\"@id\":\"https:\\\/\\\/www.deltat.info\\\/fallstudien\\\/eps-pallet-shipper-1200l-fuer-crt\\\/#breadcrumb\",\"itemListElement\":[{\"@type\":\"ListItem\",\"position\":1,\"name\":\"Startseite\",\"item\":\"https:\\\/\\\/www.deltat.info\\\/\"},{\"@type\":\"ListItem\",\"position\":2,\"name\":\"Fallstudien\",\"item\":\"https:\\\/\\\/www.deltat.info\\\/fallstudien\\\/\"},{\"@type\":\"ListItem\",\"position\":3,\"name\":\"EPS Pallet Shipper 1200L f\u00fcr CRT\"}]},{\"@type\":\"WebSite\",\"@id\":\"https:\\\/\\\/www.deltat.info\\\/#website\",\"url\":\"https:\\\/\\\/www.deltat.info\\\/\",\"name\":\"delta T Gesellschaft f\u00fcr Medizintechnik mbH\",\"description\":\"Die delta T Gesellschaft f\u00fcr Medizintechnik mbH entwickelt und produziert Transportl\u00f6sungen f\u00fcr temperatursensible Produkte wie Arzneimittel, Blut, Organe oder andere K\u00fchlprodukte der Medizin.\",\"publisher\":{\"@id\":\"https:\\\/\\\/www.deltat.info\\\/#organization\"},\"potentialAction\":[{\"@type\":\"SearchAction\",\"target\":{\"@type\":\"EntryPoint\",\"urlTemplate\":\"https:\\\/\\\/www.deltat.info\\\/?s={search_term_string}\"},\"query-input\":{\"@type\":\"PropertyValueSpecification\",\"valueRequired\":true,\"valueName\":\"search_term_string\"}}],\"inLanguage\":\"en-GB\"},{\"@type\":\"Organization\",\"@id\":\"https:\\\/\\\/www.deltat.info\\\/#organization\",\"name\":\"delta T Gesellschaft f\u00fcr Medizintechnik mbH\",\"url\":\"https:\\\/\\\/www.deltat.info\\\/\",\"logo\":{\"@type\":\"ImageObject\",\"inLanguage\":\"en-GB\",\"@id\":\"https:\\\/\\\/www.deltat.info\\\/#\\\/schema\\\/logo\\\/image\\\/\",\"url\":\"https:\\\/\\\/www.deltat.info\\\/wp-content\\\/uploads\\\/2020\\\/02\\\/delta-t-logo-2020.png\",\"contentUrl\":\"https:\\\/\\\/www.deltat.info\\\/wp-content\\\/uploads\\\/2020\\\/02\\\/delta-t-logo-2020.png\",\"width\":202,\"height\":80,\"caption\":\"delta T Gesellschaft f\u00fcr Medizintechnik mbH\"},\"image\":{\"@id\":\"https:\\\/\\\/www.deltat.info\\\/#\\\/schema\\\/logo\\\/image\\\/\"},\"sameAs\":[\"https:\\\/\\\/www.facebook.com\\\/Delta-T-GmbH-1250957958263459\\\/\",\"https:\\\/\\\/x.com\\\/deltaT_global\",\"https:\\\/\\\/www.linkedin.com\\\/company\\\/delta-t-gmbh\",\"https:\\\/\\\/www.youtube.com\\\/channel\\\/UCu10jeTdpr6Mehzqe_QMK3Q\"]}]}<\/script>\n<!-- \/ Yoast SEO plugin. -->","yoast_head_json":{"title":"EPS Pallet Shipper 1200L for CRT - delta T","description":"A German pharmaceutical company uses the EPS Pallet Shipper 1200L for CRT to transport its pharmaceuticals on Euro and GMA pallets by air freight.","robots":{"index":"index","follow":"follow","max-snippet":"max-snippet:-1","max-image-preview":"max-image-preview:large","max-video-preview":"max-video-preview:-1"},"canonical":"https:\/\/www.deltat.info\/en\/case-studies\/eps-pallet-shipper-1200l-for-crt\/","twitter_misc":{"Estimated reading time":"2 minutes"},"schema":{"@context":"https:\/\/schema.org","@graph":[{"@type":"WebPage","@id":"https:\/\/www.deltat.info\/fallstudien\/eps-pallet-shipper-1200l-fuer-crt\/","url":"https:\/\/www.deltat.info\/fallstudien\/eps-pallet-shipper-1200l-fuer-crt\/","name":"EPS Pallet Shipper 1200L for CRT - delta T","isPartOf":{"@id":"https:\/\/www.deltat.info\/#website"},"primaryImageOfPage":{"@id":"https:\/\/www.deltat.info\/fallstudien\/eps-pallet-shipper-1200l-fuer-crt\/#primaryimage"},"image":{"@id":"https:\/\/www.deltat.info\/fallstudien\/eps-pallet-shipper-1200l-fuer-crt\/#primaryimage"},"thumbnailUrl":"https:\/\/www.deltat.info\/wp-content\/uploads\/elementor\/thumbs\/fallstudie-pallet-shipper-okc2kinku7kjjs6nf1k214cnochtoaw58eyu073k8e.jpg","datePublished":"2020-01-28T13:23:42+00:00","dateModified":"2021-12-15T08:03:00+00:00","description":"A German pharmaceutical company uses the EPS Pallet Shipper 1200L for CRT to transport its pharmaceuticals on Euro and GMA pallets by air freight.","breadcrumb":{"@id":"https:\/\/www.deltat.info\/fallstudien\/eps-pallet-shipper-1200l-fuer-crt\/#breadcrumb"},"inLanguage":"en-GB","potentialAction":[{"@type":"ReadAction","target":["https:\/\/www.deltat.info\/fallstudien\/eps-pallet-shipper-1200l-fuer-crt\/"]}]},{"@type":"ImageObject","inLanguage":"en-GB","@id":"https:\/\/www.deltat.info\/fallstudien\/eps-pallet-shipper-1200l-fuer-crt\/#primaryimage","url":"https:\/\/www.deltat.info\/wp-content\/uploads\/elementor\/thumbs\/fallstudie-pallet-shipper-okc2kinku7kjjs6nf1k214cnochtoaw58eyu073k8e.jpg","contentUrl":"https:\/\/www.deltat.info\/wp-content\/uploads\/elementor\/thumbs\/fallstudie-pallet-shipper-okc2kinku7kjjs6nf1k214cnochtoaw58eyu073k8e.jpg"},{"@type":"BreadcrumbList","@id":"https:\/\/www.deltat.info\/fallstudien\/eps-pallet-shipper-1200l-fuer-crt\/#breadcrumb","itemListElement":[{"@type":"ListItem","position":1,"name":"Startseite","item":"https:\/\/www.deltat.info\/"},{"@type":"ListItem","position":2,"name":"Fallstudien","item":"https:\/\/www.deltat.info\/fallstudien\/"},{"@type":"ListItem","position":3,"name":"EPS Pallet Shipper 1200L f\u00fcr CRT"}]},{"@type":"WebSite","@id":"https:\/\/www.deltat.info\/#website","url":"https:\/\/www.deltat.info\/","name":"delta T Gesellschaft f\u00fcr Medizintechnik mbH","description":"Delta T Gesellschaft f\u00fcr Medizintechnik mbH develops and produces transport solutions for temperature-sensitive products such as drugs, blood, organs or other medical cooling products.","publisher":{"@id":"https:\/\/www.deltat.info\/#organization"},"potentialAction":[{"@type":"SearchAction","target":{"@type":"EntryPoint","urlTemplate":"https:\/\/www.deltat.info\/?s={search_term_string}"},"query-input":{"@type":"PropertyValueSpecification","valueRequired":true,"valueName":"search_term_string"}}],"inLanguage":"en-GB"},{"@type":"Organization","@id":"https:\/\/www.deltat.info\/#organization","name":"delta T Gesellschaft f\u00fcr Medizintechnik mbH","url":"https:\/\/www.deltat.info\/","logo":{"@type":"ImageObject","inLanguage":"en-GB","@id":"https:\/\/www.deltat.info\/#\/schema\/logo\/image\/","url":"https:\/\/www.deltat.info\/wp-content\/uploads\/2020\/02\/delta-t-logo-2020.png","contentUrl":"https:\/\/www.deltat.info\/wp-content\/uploads\/2020\/02\/delta-t-logo-2020.png","width":202,"height":80,"caption":"delta T Gesellschaft f\u00fcr Medizintechnik mbH"},"image":{"@id":"https:\/\/www.deltat.info\/#\/schema\/logo\/image\/"},"sameAs":["https:\/\/www.facebook.com\/Delta-T-GmbH-1250957958263459\/","https:\/\/x.com\/deltaT_global","https:\/\/www.linkedin.com\/company\/delta-t-gmbh","https:\/\/www.youtube.com\/channel\/UCu10jeTdpr6Mehzqe_QMK3Q"]}]}},"_links":{"self":[{"href":"https:\/\/www.deltat.info\/en\/wp-json\/wp\/v2\/pages\/771","targetHints":{"allow":["GET"]}}],"collection":[{"href":"https:\/\/www.deltat.info\/en\/wp-json\/wp\/v2\/pages"}],"about":[{"href":"https:\/\/www.deltat.info\/en\/wp-json\/wp\/v2\/types\/page"}],"author":[{"embeddable":true,"href":"https:\/\/www.deltat.info\/en\/wp-json\/wp\/v2\/users\/1"}],"replies":[{"embeddable":true,"href":"https:\/\/www.deltat.info\/en\/wp-json\/wp\/v2\/comments?post=771"}],"version-history":[{"count":14,"href":"https:\/\/www.deltat.info\/en\/wp-json\/wp\/v2\/pages\/771\/revisions"}],"predecessor-version":[{"id":3333,"href":"https:\/\/www.deltat.info\/en\/wp-json\/wp\/v2\/pages\/771\/revisions\/3333"}],"up":[{"embeddable":true,"href":"https:\/\/www.deltat.info\/en\/wp-json\/wp\/v2\/pages\/676"}],"wp:attachment":[{"href":"https:\/\/www.deltat.info\/en\/wp-json\/wp\/v2\/media?parent=771"}],"curies":[{"name":"wp","href":"https:\/\/api.w.org\/{rel}","templated":true}]}}