{"id":1613,"date":"2020-02-24T16:41:32","date_gmt":"2020-02-24T15:41:32","guid":{"rendered":"http:\/\/neuesweb.deltat.de\/?page_id=1613"},"modified":"2020-05-14T20:52:54","modified_gmt":"2020-05-14T18:52:54","slug":"herstellung","status":"publish","type":"page","link":"https:\/\/www.deltat.info\/es\/services\/herstellung\/","title":{"rendered":"Fabricaci\u00f3n"},"content":{"rendered":"<div data-elementor-type=\"wp-page\" data-elementor-id=\"1613\" class=\"elementor elementor-1613\" data-elementor-post-type=\"page\">\n\t\t\t\t\t\t<section class=\"elementor-section elementor-top-section elementor-element elementor-element-5356aa5 elementor-section-boxed elementor-section-height-default elementor-section-height-default\" data-id=\"5356aa5\" data-element_type=\"section\" data-e-type=\"section\">\n\t\t\t\t\t\t<div class=\"elementor-container elementor-column-gap-default\">\n\t\t\t\t\t<div class=\"elementor-column elementor-col-100 elementor-top-column elementor-element elementor-element-eb9672e\" data-id=\"eb9672e\" data-element_type=\"column\" data-e-type=\"column\">\n\t\t\t<div class=\"elementor-widget-wrap elementor-element-populated\">\n\t\t\t\t\t\t<div class=\"elementor-element elementor-element-2a4b212 elementor-widget elementor-widget-heading\" data-id=\"2a4b212\" data-element_type=\"widget\" data-e-type=\"widget\" data-widget_type=\"heading.default\">\n\t\t\t\t<div class=\"elementor-widget-container\">\n\t\t\t\t\t<h1 class=\"elementor-heading-title elementor-size-default\">Konzeption &amp; Herstellung von K\u00fchl-Akkus<\/h1>\t\t\t\t<\/div>\n\t\t\t\t<\/div>\n\t\t\t\t\t<\/div>\n\t\t<\/div>\n\t\t\t\t\t<\/div>\n\t\t<\/section>\n\t\t\t\t<section class=\"elementor-section elementor-top-section elementor-element elementor-element-5f66e73 elementor-section-boxed elementor-section-height-default elementor-section-height-default\" data-id=\"5f66e73\" data-element_type=\"section\" data-e-type=\"section\">\n\t\t\t\t\t\t<div class=\"elementor-container elementor-column-gap-default\">\n\t\t\t\t\t<div class=\"elementor-column elementor-col-50 elementor-top-column elementor-element elementor-element-8d7877f\" data-id=\"8d7877f\" data-element_type=\"column\" data-e-type=\"column\">\n\t\t\t<div class=\"elementor-widget-wrap elementor-element-populated\">\n\t\t\t\t\t\t<div class=\"elementor-element elementor-element-d061f90 elementor-widget elementor-widget-text-editor\" data-id=\"d061f90\" data-element_type=\"widget\" data-e-type=\"widget\" data-widget_type=\"text-editor.default\">\n\t\t\t\t<div class=\"elementor-widget-container\">\n\t\t\t\t\t\t\t\t\t<p>Bei der Herstellung von K\u00fchlakkus muss man zwei Gruppen unterscheiden: Einfache Wasserakkus und solche, die mit Spezialfluiden gef\u00fcllt sind. Generell wird in beiden F\u00e4llen eine H\u00fclle aus Kunststoff geblasen, die dann mit der ad\u00e4quaten Fl\u00fcssigkeit bef\u00fcllt wird. Die Bef\u00fcllung kann per Hand geschehen oder durch eine Maschine. Maschinen-Bef\u00fcllung nutzt man f\u00fcr gro\u00dfe Auflagen, mit der Hand bef\u00fcllt man kleinere Serien.<\/p><p>Bei delta T haben wir mittlerweile Fluide f\u00fcr Temperaturbereiche von -50\u00b0C bis +37\u00b0C im Angebot. Die Fluide werden bei delta T zusammengestellt und sind f\u00fcr alle unsere Akkuh\u00fcllen lieferbar.<\/p><p>Die Designs der H\u00fcllen sind delta T Eigentum.<\/p>\t\t\t\t\t\t\t\t<\/div>\n\t\t\t\t<\/div>\n\t\t\t\t\t<\/div>\n\t\t<\/div>\n\t\t\t\t<div class=\"elementor-column elementor-col-50 elementor-top-column elementor-element elementor-element-dcf8901\" data-id=\"dcf8901\" data-element_type=\"column\" data-e-type=\"column\">\n\t\t\t<div class=\"elementor-widget-wrap elementor-element-populated\">\n\t\t\t\t\t\t<div class=\"elementor-element elementor-element-093cd60 elementor-widget elementor-widget-image\" data-id=\"093cd60\" data-element_type=\"widget\" data-e-type=\"widget\" data-widget_type=\"image.default\">\n\t\t\t\t<div class=\"elementor-widget-container\">\n\t\t\t\t\t\t\t\t\t\t\t\t\t\t\t<img fetchpriority=\"high\" decoding=\"async\" width=\"494\" height=\"494\" src=\"https:\/\/www.deltat.info\/wp-content\/uploads\/2020\/02\/leistungen-herstellung.jpg\" class=\"attachment-large size-large wp-image-1615\" alt=\"Konzeption &amp; Herstellung von delta T K\u00fchl-Akkus\" srcset=\"https:\/\/www.deltat.info\/wp-content\/uploads\/2020\/02\/leistungen-herstellung.jpg 494w, https:\/\/www.deltat.info\/wp-content\/uploads\/2020\/02\/leistungen-herstellung-300x300.jpg 300w, https:\/\/www.deltat.info\/wp-content\/uploads\/2020\/02\/leistungen-herstellung-150x150.jpg 150w\" sizes=\"(max-width: 494px) 100vw, 494px\" \/>\t\t\t\t\t\t\t\t\t\t\t\t\t\t\t<\/div>\n\t\t\t\t<\/div>\n\t\t\t\t\t<\/div>\n\t\t<\/div>\n\t\t\t\t\t<\/div>\n\t\t<\/section>\n\t\t\t\t<\/div>","protected":false},"excerpt":{"rendered":"<p>Konzeption &#038; Herstellung von K\u00fchl-Akkus Bei der Herstellung von K\u00fchlakkus muss man zwei Gruppen unterscheiden: Einfache Wasserakkus und solche, die mit Spezialfluiden gef\u00fcllt sind. Generell wird in beiden F\u00e4llen eine H\u00fclle aus Kunststoff geblasen, die dann mit der ad\u00e4quaten Fl\u00fcssigkeit bef\u00fcllt wird. Die Bef\u00fcllung kann per Hand geschehen oder durch eine Maschine. Maschinen-Bef\u00fcllung nutzt man &#8230; <a title=\"Fabricaci\u00f3n\" class=\"read-more\" href=\"https:\/\/www.deltat.info\/es\/services\/herstellung\/\" aria-label=\"Leer m\u00e1s sobre Herstellung\">Leer m\u00e1s<\/a><\/p>","protected":false},"author":1,"featured_media":0,"parent":1598,"menu_order":1,"comment_status":"closed","ping_status":"closed","template":"","meta":{"footnotes":""},"class_list":["post-1613","page","type-page","status-publish"],"yoast_head":"<!-- This site is optimized with the Yoast SEO plugin v27.4 - https:\/\/yoast.com\/product\/yoast-seo-wordpress\/ -->\n<title>Konzeption &amp; Herstellung von K\u00fchl-Akkus - delta T<\/title>\n<meta name=\"description\" content=\"Bei der Herstellung von K\u00fchlakkus muss man zwei Gruppen unterscheiden: Einfache Wasserakkus und solche, die mit Spezialfluiden gef\u00fcllt sind.\" \/>\n<meta name=\"robots\" content=\"index, follow, max-snippet:-1, max-image-preview:large, max-video-preview:-1\" \/>\n<link rel=\"canonical\" href=\"https:\/\/www.deltat.info\/es\/services\/herstellung\/\" \/>\n<meta name=\"twitter:label1\" content=\"Tiempo de lectura\" \/>\n\t<meta name=\"twitter:data1\" content=\"1 minuto\" \/>\n<script type=\"application\/ld+json\" class=\"yoast-schema-graph\">{\"@context\":\"https:\\\/\\\/schema.org\",\"@graph\":[{\"@type\":\"WebPage\",\"@id\":\"https:\\\/\\\/www.deltat.info\\\/services\\\/herstellung\\\/\",\"url\":\"https:\\\/\\\/www.deltat.info\\\/services\\\/herstellung\\\/\",\"name\":\"Konzeption & Herstellung von K\u00fchl-Akkus - delta T\",\"isPartOf\":{\"@id\":\"https:\\\/\\\/www.deltat.info\\\/#website\"},\"primaryImageOfPage\":{\"@id\":\"https:\\\/\\\/www.deltat.info\\\/services\\\/herstellung\\\/#primaryimage\"},\"image\":{\"@id\":\"https:\\\/\\\/www.deltat.info\\\/services\\\/herstellung\\\/#primaryimage\"},\"thumbnailUrl\":\"https:\\\/\\\/www.deltat.info\\\/wp-content\\\/uploads\\\/2020\\\/02\\\/leistungen-herstellung.jpg\",\"datePublished\":\"2020-02-24T15:41:32+00:00\",\"dateModified\":\"2020-05-14T18:52:54+00:00\",\"description\":\"Bei der Herstellung von K\u00fchlakkus muss man zwei Gruppen unterscheiden: Einfache Wasserakkus und solche, die mit Spezialfluiden gef\u00fcllt sind.\",\"breadcrumb\":{\"@id\":\"https:\\\/\\\/www.deltat.info\\\/services\\\/herstellung\\\/#breadcrumb\"},\"inLanguage\":\"es\",\"potentialAction\":[{\"@type\":\"ReadAction\",\"target\":[\"https:\\\/\\\/www.deltat.info\\\/services\\\/herstellung\\\/\"]}]},{\"@type\":\"ImageObject\",\"inLanguage\":\"es\",\"@id\":\"https:\\\/\\\/www.deltat.info\\\/services\\\/herstellung\\\/#primaryimage\",\"url\":\"https:\\\/\\\/www.deltat.info\\\/wp-content\\\/uploads\\\/2020\\\/02\\\/leistungen-herstellung.jpg\",\"contentUrl\":\"https:\\\/\\\/www.deltat.info\\\/wp-content\\\/uploads\\\/2020\\\/02\\\/leistungen-herstellung.jpg\"},{\"@type\":\"BreadcrumbList\",\"@id\":\"https:\\\/\\\/www.deltat.info\\\/services\\\/herstellung\\\/#breadcrumb\",\"itemListElement\":[{\"@type\":\"ListItem\",\"position\":1,\"name\":\"Startseite\",\"item\":\"https:\\\/\\\/www.deltat.info\\\/\"},{\"@type\":\"ListItem\",\"position\":2,\"name\":\"Services\",\"item\":\"https:\\\/\\\/www.deltat.info\\\/services\\\/\"},{\"@type\":\"ListItem\",\"position\":3,\"name\":\"Herstellung\"}]},{\"@type\":\"WebSite\",\"@id\":\"https:\\\/\\\/www.deltat.info\\\/#website\",\"url\":\"https:\\\/\\\/www.deltat.info\\\/\",\"name\":\"delta T Gesellschaft f\u00fcr Medizintechnik mbH\",\"description\":\"Die delta T Gesellschaft f\u00fcr Medizintechnik mbH entwickelt und produziert Transportl\u00f6sungen f\u00fcr temperatursensible Produkte wie Arzneimittel, Blut, Organe oder andere K\u00fchlprodukte der Medizin.\",\"publisher\":{\"@id\":\"https:\\\/\\\/www.deltat.info\\\/#organization\"},\"potentialAction\":[{\"@type\":\"SearchAction\",\"target\":{\"@type\":\"EntryPoint\",\"urlTemplate\":\"https:\\\/\\\/www.deltat.info\\\/?s={search_term_string}\"},\"query-input\":{\"@type\":\"PropertyValueSpecification\",\"valueRequired\":true,\"valueName\":\"search_term_string\"}}],\"inLanguage\":\"es\"},{\"@type\":\"Organization\",\"@id\":\"https:\\\/\\\/www.deltat.info\\\/#organization\",\"name\":\"delta T Gesellschaft f\u00fcr Medizintechnik mbH\",\"url\":\"https:\\\/\\\/www.deltat.info\\\/\",\"logo\":{\"@type\":\"ImageObject\",\"inLanguage\":\"es\",\"@id\":\"https:\\\/\\\/www.deltat.info\\\/#\\\/schema\\\/logo\\\/image\\\/\",\"url\":\"https:\\\/\\\/www.deltat.info\\\/wp-content\\\/uploads\\\/2020\\\/02\\\/delta-t-logo-2020.png\",\"contentUrl\":\"https:\\\/\\\/www.deltat.info\\\/wp-content\\\/uploads\\\/2020\\\/02\\\/delta-t-logo-2020.png\",\"width\":202,\"height\":80,\"caption\":\"delta T Gesellschaft f\u00fcr Medizintechnik mbH\"},\"image\":{\"@id\":\"https:\\\/\\\/www.deltat.info\\\/#\\\/schema\\\/logo\\\/image\\\/\"},\"sameAs\":[\"https:\\\/\\\/www.facebook.com\\\/Delta-T-GmbH-1250957958263459\\\/\",\"https:\\\/\\\/x.com\\\/deltaT_global\",\"https:\\\/\\\/www.linkedin.com\\\/company\\\/delta-t-gmbh\",\"https:\\\/\\\/www.youtube.com\\\/channel\\\/UCu10jeTdpr6Mehzqe_QMK3Q\"]}]}<\/script>\n<!-- \/ Yoast SEO plugin. -->","yoast_head_json":{"title":"Konzeption & Herstellung von K\u00fchl-Akkus - delta T","description":"Bei der Herstellung von K\u00fchlakkus muss man zwei Gruppen unterscheiden: Einfache Wasserakkus und solche, die mit Spezialfluiden gef\u00fcllt sind.","robots":{"index":"index","follow":"follow","max-snippet":"max-snippet:-1","max-image-preview":"max-image-preview:large","max-video-preview":"max-video-preview:-1"},"canonical":"https:\/\/www.deltat.info\/es\/services\/herstellung\/","twitter_misc":{"Tiempo de lectura":"1 minuto"},"schema":{"@context":"https:\/\/schema.org","@graph":[{"@type":"WebPage","@id":"https:\/\/www.deltat.info\/services\/herstellung\/","url":"https:\/\/www.deltat.info\/services\/herstellung\/","name":"Konzeption & Herstellung von K\u00fchl-Akkus - delta T","isPartOf":{"@id":"https:\/\/www.deltat.info\/#website"},"primaryImageOfPage":{"@id":"https:\/\/www.deltat.info\/services\/herstellung\/#primaryimage"},"image":{"@id":"https:\/\/www.deltat.info\/services\/herstellung\/#primaryimage"},"thumbnailUrl":"https:\/\/www.deltat.info\/wp-content\/uploads\/2020\/02\/leistungen-herstellung.jpg","datePublished":"2020-02-24T15:41:32+00:00","dateModified":"2020-05-14T18:52:54+00:00","description":"Bei der Herstellung von K\u00fchlakkus muss man zwei Gruppen unterscheiden: Einfache Wasserakkus und solche, die mit Spezialfluiden gef\u00fcllt sind.","breadcrumb":{"@id":"https:\/\/www.deltat.info\/services\/herstellung\/#breadcrumb"},"inLanguage":"es","potentialAction":[{"@type":"ReadAction","target":["https:\/\/www.deltat.info\/services\/herstellung\/"]}]},{"@type":"ImageObject","inLanguage":"es","@id":"https:\/\/www.deltat.info\/services\/herstellung\/#primaryimage","url":"https:\/\/www.deltat.info\/wp-content\/uploads\/2020\/02\/leistungen-herstellung.jpg","contentUrl":"https:\/\/www.deltat.info\/wp-content\/uploads\/2020\/02\/leistungen-herstellung.jpg"},{"@type":"BreadcrumbList","@id":"https:\/\/www.deltat.info\/services\/herstellung\/#breadcrumb","itemListElement":[{"@type":"ListItem","position":1,"name":"Startseite","item":"https:\/\/www.deltat.info\/"},{"@type":"ListItem","position":2,"name":"Services","item":"https:\/\/www.deltat.info\/services\/"},{"@type":"ListItem","position":3,"name":"Herstellung"}]},{"@type":"WebSite","@id":"https:\/\/www.deltat.info\/#website","url":"https:\/\/www.deltat.info\/","name":"delta T Gesellschaft f\u00fcr Medizintechnik mbH","description":"Die delta T Gesellschaft f\u00fcr Medizintechnik mbH entwickelt und produziert Transportl\u00f6sungen f\u00fcr temperatursensible Produkte wie Arzneimittel, Blut, Organe oder andere K\u00fchlprodukte der Medizin.","publisher":{"@id":"https:\/\/www.deltat.info\/#organization"},"potentialAction":[{"@type":"SearchAction","target":{"@type":"EntryPoint","urlTemplate":"https:\/\/www.deltat.info\/?s={search_term_string}"},"query-input":{"@type":"PropertyValueSpecification","valueRequired":true,"valueName":"search_term_string"}}],"inLanguage":"es"},{"@type":"Organization","@id":"https:\/\/www.deltat.info\/#organization","name":"delta T Gesellschaft f\u00fcr Medizintechnik mbH","url":"https:\/\/www.deltat.info\/","logo":{"@type":"ImageObject","inLanguage":"es","@id":"https:\/\/www.deltat.info\/#\/schema\/logo\/image\/","url":"https:\/\/www.deltat.info\/wp-content\/uploads\/2020\/02\/delta-t-logo-2020.png","contentUrl":"https:\/\/www.deltat.info\/wp-content\/uploads\/2020\/02\/delta-t-logo-2020.png","width":202,"height":80,"caption":"delta T Gesellschaft f\u00fcr Medizintechnik mbH"},"image":{"@id":"https:\/\/www.deltat.info\/#\/schema\/logo\/image\/"},"sameAs":["https:\/\/www.facebook.com\/Delta-T-GmbH-1250957958263459\/","https:\/\/x.com\/deltaT_global","https:\/\/www.linkedin.com\/company\/delta-t-gmbh","https:\/\/www.youtube.com\/channel\/UCu10jeTdpr6Mehzqe_QMK3Q"]}]}},"_links":{"self":[{"href":"https:\/\/www.deltat.info\/es\/wp-json\/wp\/v2\/pages\/1613","targetHints":{"allow":["GET"]}}],"collection":[{"href":"https:\/\/www.deltat.info\/es\/wp-json\/wp\/v2\/pages"}],"about":[{"href":"https:\/\/www.deltat.info\/es\/wp-json\/wp\/v2\/types\/page"}],"author":[{"embeddable":true,"href":"https:\/\/www.deltat.info\/es\/wp-json\/wp\/v2\/users\/1"}],"replies":[{"embeddable":true,"href":"https:\/\/www.deltat.info\/es\/wp-json\/wp\/v2\/comments?post=1613"}],"version-history":[{"count":4,"href":"https:\/\/www.deltat.info\/es\/wp-json\/wp\/v2\/pages\/1613\/revisions"}],"predecessor-version":[{"id":1921,"href":"https:\/\/www.deltat.info\/es\/wp-json\/wp\/v2\/pages\/1613\/revisions\/1921"}],"up":[{"embeddable":true,"href":"https:\/\/www.deltat.info\/es\/wp-json\/wp\/v2\/pages\/1598"}],"wp:attachment":[{"href":"https:\/\/www.deltat.info\/es\/wp-json\/wp\/v2\/media?parent=1613"}],"curies":[{"name":"wp","href":"https:\/\/api.w.org\/{rel}","templated":true}]}}