{"id":1617,"date":"2020-02-24T16:45:58","date_gmt":"2020-02-24T15:45:58","guid":{"rendered":"http:\/\/neuesweb.deltat.de\/?page_id=1617"},"modified":"2020-06-08T14:49:07","modified_gmt":"2020-06-08T12:49:07","slug":"validierung-messung","status":"publish","type":"page","link":"https:\/\/www.deltat.info\/es\/services\/validierung-messung\/","title":{"rendered":"Validaci\u00f3n y medici\u00f3n"},"content":{"rendered":"<div data-elementor-type=\"wp-page\" data-elementor-id=\"1617\" class=\"elementor elementor-1617\" data-elementor-post-type=\"page\">\n\t\t\t\t\t\t<section class=\"elementor-section elementor-top-section elementor-element elementor-element-923e515 elementor-section-boxed elementor-section-height-default elementor-section-height-default\" data-id=\"923e515\" data-element_type=\"section\" data-e-type=\"section\">\n\t\t\t\t\t\t<div class=\"elementor-container elementor-column-gap-default\">\n\t\t\t\t\t<div class=\"elementor-column elementor-col-100 elementor-top-column elementor-element elementor-element-7a09c57\" data-id=\"7a09c57\" data-element_type=\"column\" data-e-type=\"column\">\n\t\t\t<div class=\"elementor-widget-wrap elementor-element-populated\">\n\t\t\t\t\t\t<div class=\"elementor-element elementor-element-4f5e3d4 elementor-widget elementor-widget-global elementor-global-295 elementor-widget-heading\" data-id=\"4f5e3d4\" data-element_type=\"widget\" data-e-type=\"widget\" data-widget_type=\"heading.default\">\n\t\t\t\t<div class=\"elementor-widget-container\">\n\t\t\t\t\t<h1 class=\"elementor-heading-title elementor-size-default\">Validaci\u00f3n y medici\u00f3n<\/h1>\t\t\t\t<\/div>\n\t\t\t\t<\/div>\n\t\t\t\t\t<\/div>\n\t\t<\/div>\n\t\t\t\t\t<\/div>\n\t\t<\/section>\n\t\t\t\t<section class=\"elementor-section elementor-top-section elementor-element elementor-element-3c353e1 elementor-section-boxed elementor-section-height-default elementor-section-height-default\" data-id=\"3c353e1\" data-element_type=\"section\" data-e-type=\"section\">\n\t\t\t\t\t\t<div class=\"elementor-container elementor-column-gap-default\">\n\t\t\t\t\t<div class=\"elementor-column elementor-col-50 elementor-top-column elementor-element elementor-element-cd25657\" data-id=\"cd25657\" data-element_type=\"column\" data-e-type=\"column\">\n\t\t\t<div class=\"elementor-widget-wrap elementor-element-populated\">\n\t\t\t\t\t\t<div class=\"elementor-element elementor-element-d81e16f elementor-widget elementor-widget-text-editor\" data-id=\"d81e16f\" data-element_type=\"widget\" data-e-type=\"widget\" data-widget_type=\"text-editor.default\">\n\t\t\t\t<div class=\"elementor-widget-container\">\n\t\t\t\t\t\t\t\t\t<p>Die Messung ist ein Prozess, der t\u00e4glich bei delta T vorkommt. Messungen werden f\u00fcr alle Temperaturbereiche, f\u00fcr die delta T Spezialfluide anbietet, durchgef\u00fchrt, f\u00fcr Konstellationen, die Kunden vorgeben sowie f\u00fcr Extremf\u00e4lle von zu erwartenden Au\u00dfentemperaturen.<\/p><p>Diese Messvorg\u00e4nge gleichen einem erarbeiteten wissenschaftlichen Standard, der in Ablauf und Dokumentation gleich ist. Bei delta T wird in Klimakammern gemessen oder &#8211;\u00a0wenn relevant &#8211; sogar bei echten Bedingungen im Versand, beim\u00a0Transport oder bei der\u00a0Lagerung.<\/p><p>F\u00fcr die Messungen verwenden wir unser eigenes System ThermoScan &#8211; das sind\u00a0kalibrierte Sonden, die an verschiedenen Stellen eines Systems angebracht, sehr genaue Daten liefern. Zust\u00e4ndig f\u00fcr Messungen ist bei delta T die Entwicklungsabteilung, der Dipl.-Ing. Bienert vorsteht.<\/p><p>Wenn man von Validierung redet, so spricht man von Rahmenbedingungen, die der Gesetzgeber vorgibt und die es unter realen Bedingungen zu erf\u00fcllen gilt.<\/p><p>Am besten macht man deshalb eine Validierung, die wesentlich aufwendiger ist, als eine einfache Messung, im Hause des Kunden, der auch die Transporte verpackt und abschickt. Delta T kann die Durchf\u00fchrung einer Validierung als Dienstleistung anbieten.<\/p><p>Der Gesetzgeber schreibt vor (z.B. in der GDP), welche Messl\u00e4ufe und Rahmenbedingungen einzuhalten sind.<\/p><p>Eine Validierung gilt, solange keinerlei Ver\u00e4nderung am Transportsystem (Isolierbeh\u00e4lter und Akkus) stattfindet und die Rahmenbedingungen (Au\u00dfentemperaturen am Verpackungsort, Au\u00dfentemperaturen w\u00e4hrend des Transportes etc.) relativ gleichbleiben.<\/p><p>Die Bedingungen zur Durchf\u00fchrung einer Validierung und deren Dokumentation bekommen Sie von Ihrem regionalen Gesetzgeber.<\/p>\t\t\t\t\t\t\t\t<\/div>\n\t\t\t\t<\/div>\n\t\t\t\t\t<\/div>\n\t\t<\/div>\n\t\t\t\t<div class=\"elementor-column elementor-col-50 elementor-top-column elementor-element elementor-element-681f793\" data-id=\"681f793\" data-element_type=\"column\" data-e-type=\"column\">\n\t\t\t<div class=\"elementor-widget-wrap elementor-element-populated\">\n\t\t\t\t\t\t<div class=\"elementor-element elementor-element-93f5c84 elementor-widget elementor-widget-image\" data-id=\"93f5c84\" data-element_type=\"widget\" data-e-type=\"widget\" data-widget_type=\"image.default\">\n\t\t\t\t<div class=\"elementor-widget-container\">\n\t\t\t\t\t\t\t\t\t\t\t\t\t\t\t<img fetchpriority=\"high\" decoding=\"async\" width=\"494\" height=\"388\" src=\"https:\/\/www.deltat.info\/wp-content\/uploads\/2020\/02\/leistungen-validierung-messung.jpg\" class=\"attachment-large size-large wp-image-1619\" alt=\"delta T Validierung &amp; Messung mit delta T ThermoScan\" srcset=\"https:\/\/www.deltat.info\/wp-content\/uploads\/2020\/02\/leistungen-validierung-messung.jpg 494w, https:\/\/www.deltat.info\/wp-content\/uploads\/2020\/02\/leistungen-validierung-messung-300x236.jpg 300w\" sizes=\"(max-width: 494px) 100vw, 494px\" \/>\t\t\t\t\t\t\t\t\t\t\t\t\t\t\t<\/div>\n\t\t\t\t<\/div>\n\t\t\t\t\t<\/div>\n\t\t<\/div>\n\t\t\t\t\t<\/div>\n\t\t<\/section>\n\t\t\t\t<section class=\"elementor-section elementor-top-section elementor-element elementor-element-613b1c2 elementor-section-boxed elementor-section-height-default elementor-section-height-default\" data-id=\"613b1c2\" data-element_type=\"section\" data-e-type=\"section\">\n\t\t\t\t\t\t<div class=\"elementor-container elementor-column-gap-default\">\n\t\t\t\t\t<div class=\"elementor-column elementor-col-100 elementor-top-column elementor-element elementor-element-8bf9140\" data-id=\"8bf9140\" data-element_type=\"column\" data-e-type=\"column\">\n\t\t\t<div class=\"elementor-widget-wrap elementor-element-populated\">\n\t\t\t\t\t\t<div class=\"elementor-element elementor-element-5743417 elementor-widget elementor-widget-spacer\" data-id=\"5743417\" data-element_type=\"widget\" data-e-type=\"widget\" data-widget_type=\"spacer.default\">\n\t\t\t\t<div class=\"elementor-widget-container\">\n\t\t\t\t\t\t\t<div class=\"elementor-spacer\">\n\t\t\t<div class=\"elementor-spacer-inner\"><\/div>\n\t\t<\/div>\n\t\t\t\t\t\t<\/div>\n\t\t\t\t<\/div>\n\t\t\t\t\t<\/div>\n\t\t<\/div>\n\t\t\t\t\t<\/div>\n\t\t<\/section>\n\t\t\t\t<\/div>","protected":false},"excerpt":{"rendered":"<p>Die Messung ist ein Prozess, der t\u00e4glich bei delta T vorkommt. Messungen werden f\u00fcr alle Temperaturbereiche, f\u00fcr die delta T Spezialfluide anbietet, durchgef\u00fchrt, f\u00fcr Konstellationen, die Kunden vorgeben sowie f\u00fcr Extremf\u00e4lle von zu erwartenden Au\u00dfentemperaturen. Diese Messvorg\u00e4nge gleichen einem erarbeiteten wissenschaftlichen Standard, der in Ablauf und Dokumentation gleich ist. Bei delta T wird in Klimakammern &#8230; <a title=\"Validierung &#038; Messung\" class=\"read-more\" href=\"https:\/\/www.deltat.info\/es\/services\/validierung-messung\/\" aria-label=\"Leer m\u00e1s sobre Validierung &#038; Messung\">Leer m\u00e1s<\/a><\/p>","protected":false},"author":1,"featured_media":0,"parent":1598,"menu_order":2,"comment_status":"closed","ping_status":"closed","template":"","meta":{"footnotes":""},"class_list":["post-1617","page","type-page","status-publish"],"yoast_head":"<!-- This site is optimized with the Yoast SEO plugin v27.4 - https:\/\/yoast.com\/product\/yoast-seo-wordpress\/ -->\n<title>Validierung &amp; Messung - delta T<\/title>\n<meta name=\"description\" content=\"Messungen werden f\u00fcr alle Temperaturbereiche, f\u00fcr die delta T Spezialfluide in seinen K\u00fchl-Akkus anbietet, durchgef\u00fchrt.\" \/>\n<meta name=\"robots\" content=\"index, follow, max-snippet:-1, max-image-preview:large, max-video-preview:-1\" \/>\n<link rel=\"canonical\" href=\"https:\/\/www.deltat.info\/es\/services\/validierung-messung\/\" \/>\n<meta name=\"twitter:label1\" content=\"Tiempo de lectura\" \/>\n\t<meta name=\"twitter:data1\" content=\"1 minuto\" \/>\n<script type=\"application\/ld+json\" class=\"yoast-schema-graph\">{\"@context\":\"https:\\\/\\\/schema.org\",\"@graph\":[{\"@type\":\"WebPage\",\"@id\":\"https:\\\/\\\/www.deltat.info\\\/services\\\/validierung-messung\\\/\",\"url\":\"https:\\\/\\\/www.deltat.info\\\/services\\\/validierung-messung\\\/\",\"name\":\"Validierung & Messung - delta T\",\"isPartOf\":{\"@id\":\"https:\\\/\\\/www.deltat.info\\\/#website\"},\"primaryImageOfPage\":{\"@id\":\"https:\\\/\\\/www.deltat.info\\\/services\\\/validierung-messung\\\/#primaryimage\"},\"image\":{\"@id\":\"https:\\\/\\\/www.deltat.info\\\/services\\\/validierung-messung\\\/#primaryimage\"},\"thumbnailUrl\":\"https:\\\/\\\/www.deltat.info\\\/wp-content\\\/uploads\\\/2020\\\/02\\\/leistungen-validierung-messung.jpg\",\"datePublished\":\"2020-02-24T15:45:58+00:00\",\"dateModified\":\"2020-06-08T12:49:07+00:00\",\"description\":\"Messungen werden f\u00fcr alle Temperaturbereiche, f\u00fcr die delta T Spezialfluide in seinen K\u00fchl-Akkus anbietet, durchgef\u00fchrt.\",\"breadcrumb\":{\"@id\":\"https:\\\/\\\/www.deltat.info\\\/services\\\/validierung-messung\\\/#breadcrumb\"},\"inLanguage\":\"es\",\"potentialAction\":[{\"@type\":\"ReadAction\",\"target\":[\"https:\\\/\\\/www.deltat.info\\\/services\\\/validierung-messung\\\/\"]}]},{\"@type\":\"ImageObject\",\"inLanguage\":\"es\",\"@id\":\"https:\\\/\\\/www.deltat.info\\\/services\\\/validierung-messung\\\/#primaryimage\",\"url\":\"https:\\\/\\\/www.deltat.info\\\/wp-content\\\/uploads\\\/2020\\\/02\\\/leistungen-validierung-messung.jpg\",\"contentUrl\":\"https:\\\/\\\/www.deltat.info\\\/wp-content\\\/uploads\\\/2020\\\/02\\\/leistungen-validierung-messung.jpg\"},{\"@type\":\"BreadcrumbList\",\"@id\":\"https:\\\/\\\/www.deltat.info\\\/services\\\/validierung-messung\\\/#breadcrumb\",\"itemListElement\":[{\"@type\":\"ListItem\",\"position\":1,\"name\":\"Startseite\",\"item\":\"https:\\\/\\\/www.deltat.info\\\/\"},{\"@type\":\"ListItem\",\"position\":2,\"name\":\"Services\",\"item\":\"https:\\\/\\\/www.deltat.info\\\/services\\\/\"},{\"@type\":\"ListItem\",\"position\":3,\"name\":\"Validierung &#038; Messung\"}]},{\"@type\":\"WebSite\",\"@id\":\"https:\\\/\\\/www.deltat.info\\\/#website\",\"url\":\"https:\\\/\\\/www.deltat.info\\\/\",\"name\":\"delta T Gesellschaft f\u00fcr Medizintechnik mbH\",\"description\":\"Die delta T Gesellschaft f\u00fcr Medizintechnik mbH entwickelt und produziert Transportl\u00f6sungen f\u00fcr temperatursensible Produkte wie Arzneimittel, Blut, Organe oder andere K\u00fchlprodukte der Medizin.\",\"publisher\":{\"@id\":\"https:\\\/\\\/www.deltat.info\\\/#organization\"},\"potentialAction\":[{\"@type\":\"SearchAction\",\"target\":{\"@type\":\"EntryPoint\",\"urlTemplate\":\"https:\\\/\\\/www.deltat.info\\\/?s={search_term_string}\"},\"query-input\":{\"@type\":\"PropertyValueSpecification\",\"valueRequired\":true,\"valueName\":\"search_term_string\"}}],\"inLanguage\":\"es\"},{\"@type\":\"Organization\",\"@id\":\"https:\\\/\\\/www.deltat.info\\\/#organization\",\"name\":\"delta T Gesellschaft f\u00fcr Medizintechnik mbH\",\"url\":\"https:\\\/\\\/www.deltat.info\\\/\",\"logo\":{\"@type\":\"ImageObject\",\"inLanguage\":\"es\",\"@id\":\"https:\\\/\\\/www.deltat.info\\\/#\\\/schema\\\/logo\\\/image\\\/\",\"url\":\"https:\\\/\\\/www.deltat.info\\\/wp-content\\\/uploads\\\/2020\\\/02\\\/delta-t-logo-2020.png\",\"contentUrl\":\"https:\\\/\\\/www.deltat.info\\\/wp-content\\\/uploads\\\/2020\\\/02\\\/delta-t-logo-2020.png\",\"width\":202,\"height\":80,\"caption\":\"delta T Gesellschaft f\u00fcr Medizintechnik mbH\"},\"image\":{\"@id\":\"https:\\\/\\\/www.deltat.info\\\/#\\\/schema\\\/logo\\\/image\\\/\"},\"sameAs\":[\"https:\\\/\\\/www.facebook.com\\\/Delta-T-GmbH-1250957958263459\\\/\",\"https:\\\/\\\/x.com\\\/deltaT_global\",\"https:\\\/\\\/www.linkedin.com\\\/company\\\/delta-t-gmbh\",\"https:\\\/\\\/www.youtube.com\\\/channel\\\/UCu10jeTdpr6Mehzqe_QMK3Q\"]}]}<\/script>\n<!-- \/ Yoast SEO plugin. -->","yoast_head_json":{"title":"Validierung & Messung - delta T","description":"Messungen werden f\u00fcr alle Temperaturbereiche, f\u00fcr die delta T Spezialfluide in seinen K\u00fchl-Akkus anbietet, durchgef\u00fchrt.","robots":{"index":"index","follow":"follow","max-snippet":"max-snippet:-1","max-image-preview":"max-image-preview:large","max-video-preview":"max-video-preview:-1"},"canonical":"https:\/\/www.deltat.info\/es\/services\/validierung-messung\/","twitter_misc":{"Tiempo de lectura":"1 minuto"},"schema":{"@context":"https:\/\/schema.org","@graph":[{"@type":"WebPage","@id":"https:\/\/www.deltat.info\/services\/validierung-messung\/","url":"https:\/\/www.deltat.info\/services\/validierung-messung\/","name":"Validierung & Messung - delta T","isPartOf":{"@id":"https:\/\/www.deltat.info\/#website"},"primaryImageOfPage":{"@id":"https:\/\/www.deltat.info\/services\/validierung-messung\/#primaryimage"},"image":{"@id":"https:\/\/www.deltat.info\/services\/validierung-messung\/#primaryimage"},"thumbnailUrl":"https:\/\/www.deltat.info\/wp-content\/uploads\/2020\/02\/leistungen-validierung-messung.jpg","datePublished":"2020-02-24T15:45:58+00:00","dateModified":"2020-06-08T12:49:07+00:00","description":"Messungen werden f\u00fcr alle Temperaturbereiche, f\u00fcr die delta T Spezialfluide in seinen K\u00fchl-Akkus anbietet, durchgef\u00fchrt.","breadcrumb":{"@id":"https:\/\/www.deltat.info\/services\/validierung-messung\/#breadcrumb"},"inLanguage":"es","potentialAction":[{"@type":"ReadAction","target":["https:\/\/www.deltat.info\/services\/validierung-messung\/"]}]},{"@type":"ImageObject","inLanguage":"es","@id":"https:\/\/www.deltat.info\/services\/validierung-messung\/#primaryimage","url":"https:\/\/www.deltat.info\/wp-content\/uploads\/2020\/02\/leistungen-validierung-messung.jpg","contentUrl":"https:\/\/www.deltat.info\/wp-content\/uploads\/2020\/02\/leistungen-validierung-messung.jpg"},{"@type":"BreadcrumbList","@id":"https:\/\/www.deltat.info\/services\/validierung-messung\/#breadcrumb","itemListElement":[{"@type":"ListItem","position":1,"name":"Startseite","item":"https:\/\/www.deltat.info\/"},{"@type":"ListItem","position":2,"name":"Services","item":"https:\/\/www.deltat.info\/services\/"},{"@type":"ListItem","position":3,"name":"Validierung &#038; Messung"}]},{"@type":"WebSite","@id":"https:\/\/www.deltat.info\/#website","url":"https:\/\/www.deltat.info\/","name":"delta T Gesellschaft f\u00fcr Medizintechnik mbH","description":"Die delta T Gesellschaft f\u00fcr Medizintechnik mbH entwickelt und produziert Transportl\u00f6sungen f\u00fcr temperatursensible Produkte wie Arzneimittel, Blut, Organe oder andere K\u00fchlprodukte der Medizin.","publisher":{"@id":"https:\/\/www.deltat.info\/#organization"},"potentialAction":[{"@type":"SearchAction","target":{"@type":"EntryPoint","urlTemplate":"https:\/\/www.deltat.info\/?s={search_term_string}"},"query-input":{"@type":"PropertyValueSpecification","valueRequired":true,"valueName":"search_term_string"}}],"inLanguage":"es"},{"@type":"Organization","@id":"https:\/\/www.deltat.info\/#organization","name":"delta T Gesellschaft f\u00fcr Medizintechnik mbH","url":"https:\/\/www.deltat.info\/","logo":{"@type":"ImageObject","inLanguage":"es","@id":"https:\/\/www.deltat.info\/#\/schema\/logo\/image\/","url":"https:\/\/www.deltat.info\/wp-content\/uploads\/2020\/02\/delta-t-logo-2020.png","contentUrl":"https:\/\/www.deltat.info\/wp-content\/uploads\/2020\/02\/delta-t-logo-2020.png","width":202,"height":80,"caption":"delta T Gesellschaft f\u00fcr Medizintechnik mbH"},"image":{"@id":"https:\/\/www.deltat.info\/#\/schema\/logo\/image\/"},"sameAs":["https:\/\/www.facebook.com\/Delta-T-GmbH-1250957958263459\/","https:\/\/x.com\/deltaT_global","https:\/\/www.linkedin.com\/company\/delta-t-gmbh","https:\/\/www.youtube.com\/channel\/UCu10jeTdpr6Mehzqe_QMK3Q"]}]}},"_links":{"self":[{"href":"https:\/\/www.deltat.info\/es\/wp-json\/wp\/v2\/pages\/1617","targetHints":{"allow":["GET"]}}],"collection":[{"href":"https:\/\/www.deltat.info\/es\/wp-json\/wp\/v2\/pages"}],"about":[{"href":"https:\/\/www.deltat.info\/es\/wp-json\/wp\/v2\/types\/page"}],"author":[{"embeddable":true,"href":"https:\/\/www.deltat.info\/es\/wp-json\/wp\/v2\/users\/1"}],"replies":[{"embeddable":true,"href":"https:\/\/www.deltat.info\/es\/wp-json\/wp\/v2\/comments?post=1617"}],"version-history":[{"count":4,"href":"https:\/\/www.deltat.info\/es\/wp-json\/wp\/v2\/pages\/1617\/revisions"}],"predecessor-version":[{"id":1973,"href":"https:\/\/www.deltat.info\/es\/wp-json\/wp\/v2\/pages\/1617\/revisions\/1973"}],"up":[{"embeddable":true,"href":"https:\/\/www.deltat.info\/es\/wp-json\/wp\/v2\/pages\/1598"}],"wp:attachment":[{"href":"https:\/\/www.deltat.info\/es\/wp-json\/wp\/v2\/media?parent=1617"}],"curies":[{"name":"wp","href":"https:\/\/api.w.org\/{rel}","templated":true}]}}