{"id":341,"date":"2020-01-23T16:38:13","date_gmt":"2020-01-23T15:38:13","guid":{"rendered":"http:\/\/neuesweb.deltat.de\/?page_id=341"},"modified":"2020-04-30T16:17:57","modified_gmt":"2020-04-30T14:17:57","slug":"philosophie","status":"publish","type":"page","link":"https:\/\/www.deltat.info\/es\/ueber-delta-t\/philosophie\/","title":{"rendered":"Filosof\u00eda"},"content":{"rendered":"<div data-elementor-type=\"wp-page\" data-elementor-id=\"341\" class=\"elementor elementor-341\" data-elementor-post-type=\"page\">\n\t\t\t\t\t\t<section class=\"elementor-section elementor-top-section elementor-element elementor-element-e116118 elementor-section-boxed elementor-section-height-default elementor-section-height-default\" data-id=\"e116118\" data-element_type=\"section\" data-e-type=\"section\">\n\t\t\t\t\t\t<div class=\"elementor-container elementor-column-gap-default\">\n\t\t\t\t\t<div class=\"elementor-column elementor-col-100 elementor-top-column elementor-element elementor-element-8943332\" data-id=\"8943332\" data-element_type=\"column\" data-e-type=\"column\">\n\t\t\t<div class=\"elementor-widget-wrap elementor-element-populated\">\n\t\t\t\t\t\t<div class=\"elementor-element elementor-element-8249dbd elementor-widget elementor-widget-global elementor-global-295 elementor-widget-heading\" data-id=\"8249dbd\" data-element_type=\"widget\" data-e-type=\"widget\" data-widget_type=\"heading.default\">\n\t\t\t\t<div class=\"elementor-widget-container\">\n\t\t\t\t\t<h1 class=\"elementor-heading-title elementor-size-default\">Filosof\u00eda<\/h1>\t\t\t\t<\/div>\n\t\t\t\t<\/div>\n\t\t\t\t\t<\/div>\n\t\t<\/div>\n\t\t\t\t\t<\/div>\n\t\t<\/section>\n\t\t\t\t<section class=\"elementor-section elementor-top-section elementor-element elementor-element-6505da7e elementor-section-height-min-height elementor-section-boxed elementor-section-height-default elementor-section-items-middle\" data-id=\"6505da7e\" data-element_type=\"section\" data-e-type=\"section\">\n\t\t\t\t\t\t\t<div class=\"elementor-background-overlay\"><\/div>\n\t\t\t\t\t\t\t<div class=\"elementor-container elementor-column-gap-default\">\n\t\t\t\t\t<div class=\"elementor-column elementor-col-50 elementor-top-column elementor-element elementor-element-30e18ffd\" data-id=\"30e18ffd\" data-element_type=\"column\" data-e-type=\"column\">\n\t\t\t<div class=\"elementor-widget-wrap elementor-element-populated\">\n\t\t\t\t\t\t<div class=\"elementor-element elementor-element-40d5163a elementor-widget elementor-widget-text-editor\" data-id=\"40d5163a\" data-element_type=\"widget\" data-e-type=\"widget\" data-widget_type=\"text-editor.default\">\n\t\t\t\t<div class=\"elementor-widget-container\">\n\t\t\t\t\t\t\t\t\t<p style=\"font-weight: 400;\">Unternehmensziel der delta T Gesellschaft f\u00fcr Medizintechnik mbH ist die konsequente Bestandssicherung durch Pflege der langj\u00e4hrig erarbeiteten Kundenbeziehungen und Betreuung der Neukunden. Basis hierf\u00fcr ist die ausgepr\u00e4gte, zielgerichtete Kundenorientierung in allen Gesch\u00e4ftsabl\u00e4ufen. Durch konsequente Kundenorientierung, verbunden mit den daraus entstehenden Erfolgen, wird f\u00fcr jeden einzelnen Mitarbeiter sein pers\u00f6nliches Wertgef\u00fchl gesteigert, seine Identifikation mit den Firmenzielen gef\u00f6rdert und die Stabilit\u00e4t des Unternehmens langfristig gesichert. Oberste Leitlinie f\u00fcr unsere gesch\u00e4ftlichen Aktivit\u00e4ten sind die Unternehmensgrunds\u00e4tze, die im Vordergrund der Beziehungen zu Mitarbeitern, Kunden und Lieferanten stehen.<\/p><p><strong>Das Leitbild wird durch die Unternehmensziele<\/strong><\/p><ul><li>Kundenzufriedenheit,<\/li><li>Zukunftssicherung durch Ausbau der Marktanteile sowie<\/li><li>Sicherung der Arbeitspl\u00e4tze durch geplantes Wachstum<\/li><\/ul><p><strong>bestimmt.<\/strong><\/p>\t\t\t\t\t\t\t\t<\/div>\n\t\t\t\t<\/div>\n\t\t\t\t\t<\/div>\n\t\t<\/div>\n\t\t\t\t<div class=\"elementor-column elementor-col-50 elementor-top-column elementor-element elementor-element-5938b379\" data-id=\"5938b379\" data-element_type=\"column\" data-e-type=\"column\">\n\t\t\t<div class=\"elementor-widget-wrap\">\n\t\t\t\t\t\t\t<\/div>\n\t\t<\/div>\n\t\t\t\t\t<\/div>\n\t\t<\/section>\n\t\t\t\t<section class=\"elementor-section elementor-top-section elementor-element elementor-element-e9e167c elementor-section-boxed elementor-section-height-default elementor-section-height-default\" data-id=\"e9e167c\" data-element_type=\"section\" data-e-type=\"section\">\n\t\t\t\t\t\t<div class=\"elementor-container elementor-column-gap-default\">\n\t\t\t\t\t<div class=\"elementor-column elementor-col-50 elementor-top-column elementor-element elementor-element-e4959d1\" data-id=\"e4959d1\" data-element_type=\"column\" data-e-type=\"column\">\n\t\t\t<div class=\"elementor-widget-wrap elementor-element-populated\">\n\t\t\t\t\t\t<div class=\"elementor-element elementor-element-85442b6 elementor-widget elementor-widget-text-editor\" data-id=\"85442b6\" data-element_type=\"widget\" data-e-type=\"widget\" data-widget_type=\"text-editor.default\">\n\t\t\t\t<div class=\"elementor-widget-container\">\n\t\t\t\t\t\t\t\t\t<p>Um den Kundenerwartungen gerecht zu werden und den Unternehmenserfolg auf Dauer zu sichern, ergeben sich f\u00fcr die delta T Gesellschaft f\u00fcr Medizintechnik mbH folgende Leits\u00e4tze:<\/p><ul><li>der Ma\u00dfstab f\u00fcr die Qualit\u00e4t unserer Leistung wird vom Kunden bestimmt. Sein Urteil ist entscheidend<\/li><li>Qualit\u00e4t kann nur durch beherrschte Prozesse sichergestellt werden<\/li><li>unsere Arbeit muss gewinnbringend sein, um unser Unternehmen\u00a0weiter zu entwickeln und unsere Arbeitspl\u00e4tze langfristig zu sichern<\/li><li>Qualit\u00e4t durch stetige Mitarbeiterschulung innerhalb des Unternehmens<\/li><li>Qualit\u00e4t durch Kundenn\u00e4he<\/li><\/ul>\t\t\t\t\t\t\t\t<\/div>\n\t\t\t\t<\/div>\n\t\t\t\t\t<\/div>\n\t\t<\/div>\n\t\t\t\t<div class=\"elementor-column elementor-col-50 elementor-top-column elementor-element elementor-element-d257c7b\" data-id=\"d257c7b\" data-element_type=\"column\" data-e-type=\"column\">\n\t\t\t<div class=\"elementor-widget-wrap elementor-element-populated\">\n\t\t\t\t\t\t<div class=\"elementor-element elementor-element-dc87cf1 elementor-widget elementor-widget-text-editor\" data-id=\"dc87cf1\" data-element_type=\"widget\" data-e-type=\"widget\" data-widget_type=\"text-editor.default\">\n\t\t\t\t<div class=\"elementor-widget-container\">\n\t\t\t\t\t\t\t\t\t<p>Laufende Verbesserungen zur Erreichung der Qualit\u00e4ts- und Unternehmensziele sind uns eine besondere Verpflichtung:<\/p><ul><li>Kunden nur mit fehlerfreien Produkten und Dienstleistungen beliefern<\/li><li>st\u00e4ndige Verbesserung der Unternehmensprozesse zur Sicherung von Qualit\u00e4t und Produktivit\u00e4t<\/li><li>F\u00f6rderung des Qualit\u00e4tsbewusstseins auf allen Ebenen durch das Management<\/li><li>Kostenoptimierung durch Fehlervermeidung<\/li><li>unser Managementsystem kontinuierlich weiterentwickeln<\/li><\/ul><p><strong>Diese Ziele und Grunds\u00e4tze sind der Ma\u00dfstab f\u00fcr alle Gesch\u00e4ftsprozesse.<\/strong><\/p>\t\t\t\t\t\t\t\t<\/div>\n\t\t\t\t<\/div>\n\t\t\t\t\t<\/div>\n\t\t<\/div>\n\t\t\t\t\t<\/div>\n\t\t<\/section>\n\t\t\t\t<\/div>","protected":false},"excerpt":{"rendered":"<p>Unternehmensziel der delta T Gesellschaft f\u00fcr Medizintechnik mbH ist die konsequente Bestandssicherung durch Pflege der langj\u00e4hrig erarbeiteten Kundenbeziehungen und Betreuung der Neukunden. Basis hierf\u00fcr ist die ausgepr\u00e4gte, zielgerichtete Kundenorientierung in allen Gesch\u00e4ftsabl\u00e4ufen. Durch konsequente Kundenorientierung, verbunden mit den daraus entstehenden Erfolgen, wird f\u00fcr jeden einzelnen Mitarbeiter sein pers\u00f6nliches Wertgef\u00fchl gesteigert, seine Identifikation mit den Firmenzielen &#8230; <a title=\"Filosof\u00eda\" class=\"read-more\" href=\"https:\/\/www.deltat.info\/es\/ueber-delta-t\/philosophie\/\" aria-label=\"Leer m\u00e1s sobre Philosophie\">Leer m\u00e1s<\/a><\/p>","protected":false},"author":1,"featured_media":0,"parent":8,"menu_order":0,"comment_status":"closed","ping_status":"closed","template":"","meta":{"footnotes":""},"class_list":["post-341","page","type-page","status-publish"],"yoast_head":"<!-- This site is optimized with the Yoast SEO plugin v27.4 - https:\/\/yoast.com\/product\/yoast-seo-wordpress\/ -->\n<title>Philosophie Gesellschaft f\u00fcr Medizintechnik mb - delta T<\/title>\n<meta name=\"description\" content=\"Philosophie - Unternehmensziel der delta T Gesellschaft f\u00fcr Medizintechnik mbH ist die konsequente Kundenbetreuung sowie zielgerichtete Kundenorientierung.\" \/>\n<meta name=\"robots\" content=\"index, follow, max-snippet:-1, max-image-preview:large, max-video-preview:-1\" \/>\n<link rel=\"canonical\" href=\"https:\/\/www.deltat.info\/es\/ueber-delta-t\/philosophie\/\" \/>\n<meta name=\"twitter:label1\" content=\"Tiempo de lectura\" \/>\n\t<meta name=\"twitter:data1\" content=\"1 minuto\" \/>\n<script type=\"application\/ld+json\" class=\"yoast-schema-graph\">{\"@context\":\"https:\\\/\\\/schema.org\",\"@graph\":[{\"@type\":\"WebPage\",\"@id\":\"https:\\\/\\\/www.deltat.info\\\/ueber-delta-t\\\/philosophie\\\/\",\"url\":\"https:\\\/\\\/www.deltat.info\\\/ueber-delta-t\\\/philosophie\\\/\",\"name\":\"Philosophie Gesellschaft f\u00fcr Medizintechnik mb - delta T\",\"isPartOf\":{\"@id\":\"https:\\\/\\\/www.deltat.info\\\/#website\"},\"datePublished\":\"2020-01-23T15:38:13+00:00\",\"dateModified\":\"2020-04-30T14:17:57+00:00\",\"description\":\"Philosophie - Unternehmensziel der delta T Gesellschaft f\u00fcr Medizintechnik mbH ist die konsequente Kundenbetreuung sowie zielgerichtete Kundenorientierung.\",\"breadcrumb\":{\"@id\":\"https:\\\/\\\/www.deltat.info\\\/ueber-delta-t\\\/philosophie\\\/#breadcrumb\"},\"inLanguage\":\"es\",\"potentialAction\":[{\"@type\":\"ReadAction\",\"target\":[\"https:\\\/\\\/www.deltat.info\\\/ueber-delta-t\\\/philosophie\\\/\"]}]},{\"@type\":\"BreadcrumbList\",\"@id\":\"https:\\\/\\\/www.deltat.info\\\/ueber-delta-t\\\/philosophie\\\/#breadcrumb\",\"itemListElement\":[{\"@type\":\"ListItem\",\"position\":1,\"name\":\"Startseite\",\"item\":\"https:\\\/\\\/www.deltat.info\\\/\"},{\"@type\":\"ListItem\",\"position\":2,\"name\":\"\u00dcber delta T\",\"item\":\"https:\\\/\\\/www.deltat.info\\\/ueber-delta-t\\\/\"},{\"@type\":\"ListItem\",\"position\":3,\"name\":\"Philosophie\"}]},{\"@type\":\"WebSite\",\"@id\":\"https:\\\/\\\/www.deltat.info\\\/#website\",\"url\":\"https:\\\/\\\/www.deltat.info\\\/\",\"name\":\"delta T Gesellschaft f\u00fcr Medizintechnik mbH\",\"description\":\"Die delta T Gesellschaft f\u00fcr Medizintechnik mbH entwickelt und produziert Transportl\u00f6sungen f\u00fcr temperatursensible Produkte wie Arzneimittel, Blut, Organe oder andere K\u00fchlprodukte der Medizin.\",\"publisher\":{\"@id\":\"https:\\\/\\\/www.deltat.info\\\/#organization\"},\"potentialAction\":[{\"@type\":\"SearchAction\",\"target\":{\"@type\":\"EntryPoint\",\"urlTemplate\":\"https:\\\/\\\/www.deltat.info\\\/?s={search_term_string}\"},\"query-input\":{\"@type\":\"PropertyValueSpecification\",\"valueRequired\":true,\"valueName\":\"search_term_string\"}}],\"inLanguage\":\"es\"},{\"@type\":\"Organization\",\"@id\":\"https:\\\/\\\/www.deltat.info\\\/#organization\",\"name\":\"delta T Gesellschaft f\u00fcr Medizintechnik mbH\",\"url\":\"https:\\\/\\\/www.deltat.info\\\/\",\"logo\":{\"@type\":\"ImageObject\",\"inLanguage\":\"es\",\"@id\":\"https:\\\/\\\/www.deltat.info\\\/#\\\/schema\\\/logo\\\/image\\\/\",\"url\":\"https:\\\/\\\/www.deltat.info\\\/wp-content\\\/uploads\\\/2020\\\/02\\\/delta-t-logo-2020.png\",\"contentUrl\":\"https:\\\/\\\/www.deltat.info\\\/wp-content\\\/uploads\\\/2020\\\/02\\\/delta-t-logo-2020.png\",\"width\":202,\"height\":80,\"caption\":\"delta T Gesellschaft f\u00fcr Medizintechnik mbH\"},\"image\":{\"@id\":\"https:\\\/\\\/www.deltat.info\\\/#\\\/schema\\\/logo\\\/image\\\/\"},\"sameAs\":[\"https:\\\/\\\/www.facebook.com\\\/Delta-T-GmbH-1250957958263459\\\/\",\"https:\\\/\\\/x.com\\\/deltaT_global\",\"https:\\\/\\\/www.linkedin.com\\\/company\\\/delta-t-gmbh\",\"https:\\\/\\\/www.youtube.com\\\/channel\\\/UCu10jeTdpr6Mehzqe_QMK3Q\"]}]}<\/script>\n<!-- \/ Yoast SEO plugin. -->","yoast_head_json":{"title":"Philosophie Gesellschaft f\u00fcr Medizintechnik mb - delta T","description":"Philosophie - Unternehmensziel der delta T Gesellschaft f\u00fcr Medizintechnik mbH ist die konsequente Kundenbetreuung sowie zielgerichtete Kundenorientierung.","robots":{"index":"index","follow":"follow","max-snippet":"max-snippet:-1","max-image-preview":"max-image-preview:large","max-video-preview":"max-video-preview:-1"},"canonical":"https:\/\/www.deltat.info\/es\/ueber-delta-t\/philosophie\/","twitter_misc":{"Tiempo de lectura":"1 minuto"},"schema":{"@context":"https:\/\/schema.org","@graph":[{"@type":"WebPage","@id":"https:\/\/www.deltat.info\/ueber-delta-t\/philosophie\/","url":"https:\/\/www.deltat.info\/ueber-delta-t\/philosophie\/","name":"Philosophie Gesellschaft f\u00fcr Medizintechnik mb - delta T","isPartOf":{"@id":"https:\/\/www.deltat.info\/#website"},"datePublished":"2020-01-23T15:38:13+00:00","dateModified":"2020-04-30T14:17:57+00:00","description":"Philosophie - Unternehmensziel der delta T Gesellschaft f\u00fcr Medizintechnik mbH ist die konsequente Kundenbetreuung sowie zielgerichtete Kundenorientierung.","breadcrumb":{"@id":"https:\/\/www.deltat.info\/ueber-delta-t\/philosophie\/#breadcrumb"},"inLanguage":"es","potentialAction":[{"@type":"ReadAction","target":["https:\/\/www.deltat.info\/ueber-delta-t\/philosophie\/"]}]},{"@type":"BreadcrumbList","@id":"https:\/\/www.deltat.info\/ueber-delta-t\/philosophie\/#breadcrumb","itemListElement":[{"@type":"ListItem","position":1,"name":"Startseite","item":"https:\/\/www.deltat.info\/"},{"@type":"ListItem","position":2,"name":"\u00dcber delta T","item":"https:\/\/www.deltat.info\/ueber-delta-t\/"},{"@type":"ListItem","position":3,"name":"Philosophie"}]},{"@type":"WebSite","@id":"https:\/\/www.deltat.info\/#website","url":"https:\/\/www.deltat.info\/","name":"delta T Gesellschaft f\u00fcr Medizintechnik mbH","description":"Die delta T Gesellschaft f\u00fcr Medizintechnik mbH entwickelt und produziert Transportl\u00f6sungen f\u00fcr temperatursensible Produkte wie Arzneimittel, Blut, Organe oder andere K\u00fchlprodukte der Medizin.","publisher":{"@id":"https:\/\/www.deltat.info\/#organization"},"potentialAction":[{"@type":"SearchAction","target":{"@type":"EntryPoint","urlTemplate":"https:\/\/www.deltat.info\/?s={search_term_string}"},"query-input":{"@type":"PropertyValueSpecification","valueRequired":true,"valueName":"search_term_string"}}],"inLanguage":"es"},{"@type":"Organization","@id":"https:\/\/www.deltat.info\/#organization","name":"delta T Gesellschaft f\u00fcr Medizintechnik mbH","url":"https:\/\/www.deltat.info\/","logo":{"@type":"ImageObject","inLanguage":"es","@id":"https:\/\/www.deltat.info\/#\/schema\/logo\/image\/","url":"https:\/\/www.deltat.info\/wp-content\/uploads\/2020\/02\/delta-t-logo-2020.png","contentUrl":"https:\/\/www.deltat.info\/wp-content\/uploads\/2020\/02\/delta-t-logo-2020.png","width":202,"height":80,"caption":"delta T Gesellschaft f\u00fcr Medizintechnik mbH"},"image":{"@id":"https:\/\/www.deltat.info\/#\/schema\/logo\/image\/"},"sameAs":["https:\/\/www.facebook.com\/Delta-T-GmbH-1250957958263459\/","https:\/\/x.com\/deltaT_global","https:\/\/www.linkedin.com\/company\/delta-t-gmbh","https:\/\/www.youtube.com\/channel\/UCu10jeTdpr6Mehzqe_QMK3Q"]}]}},"_links":{"self":[{"href":"https:\/\/www.deltat.info\/es\/wp-json\/wp\/v2\/pages\/341","targetHints":{"allow":["GET"]}}],"collection":[{"href":"https:\/\/www.deltat.info\/es\/wp-json\/wp\/v2\/pages"}],"about":[{"href":"https:\/\/www.deltat.info\/es\/wp-json\/wp\/v2\/types\/page"}],"author":[{"embeddable":true,"href":"https:\/\/www.deltat.info\/es\/wp-json\/wp\/v2\/users\/1"}],"replies":[{"embeddable":true,"href":"https:\/\/www.deltat.info\/es\/wp-json\/wp\/v2\/comments?post=341"}],"version-history":[{"count":7,"href":"https:\/\/www.deltat.info\/es\/wp-json\/wp\/v2\/pages\/341\/revisions"}],"predecessor-version":[{"id":1828,"href":"https:\/\/www.deltat.info\/es\/wp-json\/wp\/v2\/pages\/341\/revisions\/1828"}],"up":[{"embeddable":true,"href":"https:\/\/www.deltat.info\/es\/wp-json\/wp\/v2\/pages\/8"}],"wp:attachment":[{"href":"https:\/\/www.deltat.info\/es\/wp-json\/wp\/v2\/media?parent=341"}],"curies":[{"name":"wp","href":"https:\/\/api.w.org\/{rel}","templated":true}]}}