{"id":347,"date":"2020-01-23T16:50:32","date_gmt":"2020-01-23T15:50:32","guid":{"rendered":"http:\/\/neuesweb.deltat.de\/?page_id=347"},"modified":"2020-04-30T16:17:03","modified_gmt":"2020-04-30T14:17:03","slug":"historie","status":"publish","type":"page","link":"https:\/\/www.deltat.info\/es\/ueber-delta-t\/historie\/","title":{"rendered":"Trayectoria"},"content":{"rendered":"<div data-elementor-type=\"wp-page\" data-elementor-id=\"347\" class=\"elementor elementor-347\" data-elementor-post-type=\"page\">\n\t\t\t\t\t\t<section class=\"elementor-section elementor-top-section elementor-element elementor-element-0051d63 elementor-section-boxed elementor-section-height-default elementor-section-height-default\" data-id=\"0051d63\" data-element_type=\"section\" data-e-type=\"section\">\n\t\t\t\t\t\t<div class=\"elementor-container elementor-column-gap-default\">\n\t\t\t\t\t<div class=\"elementor-column elementor-col-100 elementor-top-column elementor-element elementor-element-aee6b07\" data-id=\"aee6b07\" data-element_type=\"column\" data-e-type=\"column\">\n\t\t\t<div class=\"elementor-widget-wrap elementor-element-populated\">\n\t\t\t\t\t\t<div class=\"elementor-element elementor-element-8acab84 elementor-widget elementor-widget-global elementor-global-295 elementor-widget-heading\" data-id=\"8acab84\" data-element_type=\"widget\" data-e-type=\"widget\" data-widget_type=\"heading.default\">\n\t\t\t\t<div class=\"elementor-widget-container\">\n\t\t\t\t\t<h1 class=\"elementor-heading-title elementor-size-default\">Trayectoria<\/h1>\t\t\t\t<\/div>\n\t\t\t\t<\/div>\n\t\t\t\t\t<\/div>\n\t\t<\/div>\n\t\t\t\t\t<\/div>\n\t\t<\/section>\n\t\t\t\t<section class=\"elementor-section elementor-top-section elementor-element elementor-element-55e0f1d0 elementor-section-height-min-height elementor-section-boxed elementor-section-height-default elementor-section-items-middle\" data-id=\"55e0f1d0\" data-element_type=\"section\" data-e-type=\"section\">\n\t\t\t\t\t\t\t<div class=\"elementor-background-overlay\"><\/div>\n\t\t\t\t\t\t\t<div class=\"elementor-container elementor-column-gap-default\">\n\t\t\t\t\t<div class=\"elementor-column elementor-col-50 elementor-top-column elementor-element elementor-element-3fcd921\" data-id=\"3fcd921\" data-element_type=\"column\" data-e-type=\"column\">\n\t\t\t<div class=\"elementor-widget-wrap elementor-element-populated\">\n\t\t\t\t\t\t<div class=\"elementor-element elementor-element-5fcf5c8c elementor-widget elementor-widget-text-editor\" data-id=\"5fcf5c8c\" data-element_type=\"widget\" data-e-type=\"widget\" data-widget_type=\"text-editor.default\">\n\t\t\t\t<div class=\"elementor-widget-container\">\n\t\t\t\t\t\t\t\t\t<p>Die delta T Gesellschaft f\u00fcr Medizintechnik mbH hat Ihren Sitz in Fernwald bei Gie\u00dfen und wurde im Jahr 2000 gegr\u00fcndet. Seitdem produzieren wir Isolierbeh\u00e4lter und Temperierelemente, um \u201eLife Science\u201c Produkte bei konstanten Temperaturen transportieren zu k\u00f6nnen. Unsere Produkte sichern lebensrettende Eigenschaften der Transportprodukte und werden zum Transport vom Blutprodukten, Organen und Arzneimitteln verwendet.<\/p><p>In letzten Jahren ist delta T stetig gewachsen und betreibt seit 2010 am Standort Fernwald auf 2.000 qm Fl\u00e4che eine K\u00fchlakku- und Isolierboxen Produktion mit 15 Mitarbeitern.<\/p><p>Angefangen hat delta T mit modularen Isolierbeh\u00e4ltern und Temperierelementen, die es m\u00f6glich machen, jedes Blutprodukt unter Lagerbedingungen zu transportieren:\u00a0Ob gefrorenes Frischplasma, Vollblut, Thrombozytenkonzentrate oder Erythrozytenkonzentrate &#8211;\u00a0unsere passiven Transportl\u00f6sungen decken die gesamte Transportlogistik ab und sind einfach zu handhaben. Unsere praktikablen L\u00f6sungen sind sowohl f\u00fcr Blutbanken, Kliniken als auch Blutspendedienste ausgelegt.<\/p>\t\t\t\t\t\t\t\t<\/div>\n\t\t\t\t<\/div>\n\t\t\t\t\t<\/div>\n\t\t<\/div>\n\t\t\t\t<div class=\"elementor-column elementor-col-50 elementor-top-column elementor-element elementor-element-4623dd7c\" data-id=\"4623dd7c\" data-element_type=\"column\" data-e-type=\"column\">\n\t\t\t<div class=\"elementor-widget-wrap\">\n\t\t\t\t\t\t\t<\/div>\n\t\t<\/div>\n\t\t\t\t\t<\/div>\n\t\t<\/section>\n\t\t\t\t<section class=\"elementor-section elementor-top-section elementor-element elementor-element-3ff68c3 elementor-section-boxed elementor-section-height-default elementor-section-height-default\" data-id=\"3ff68c3\" data-element_type=\"section\" data-e-type=\"section\">\n\t\t\t\t\t\t<div class=\"elementor-container elementor-column-gap-default\">\n\t\t\t\t\t<div class=\"elementor-column elementor-col-50 elementor-top-column elementor-element elementor-element-88cc723\" data-id=\"88cc723\" data-element_type=\"column\" data-e-type=\"column\">\n\t\t\t<div class=\"elementor-widget-wrap elementor-element-populated\">\n\t\t\t\t\t\t<div class=\"elementor-element elementor-element-7a12c96 elementor-widget elementor-widget-text-editor\" data-id=\"7a12c96\" data-element_type=\"widget\" data-e-type=\"widget\" data-widget_type=\"text-editor.default\">\n\t\t\t\t<div class=\"elementor-widget-container\">\n\t\t\t\t\t\t\t\t\t<p>Um Temperaturstabilit\u00e4t zu dokumentieren und zu pr\u00fcfen, eignen sich die ThermoScan Datenlogger. Mit ihnen kann man Temperaturprofile von Transporten und Lagereinrichtungen aufzeichnen, darstellen und validieren. Die programmierbaren Logger k\u00f6nnen mit Kalibrierzertifikat geliefert werden und besitzen eine Aufl\u00f6sung von bis zu 0,1 \u00b0C. Bei einer Abtastrate von z.B.\u00a010 Minuten\u00a0k\u00f6nnen Daten \u00fcber einen Zeitraum von drei Monaten aufgezeichnet werden.<\/p>\t\t\t\t\t\t\t\t<\/div>\n\t\t\t\t<\/div>\n\t\t\t\t\t<\/div>\n\t\t<\/div>\n\t\t\t\t<div class=\"elementor-column elementor-col-50 elementor-top-column elementor-element elementor-element-403a15e\" data-id=\"403a15e\" data-element_type=\"column\" data-e-type=\"column\">\n\t\t\t<div class=\"elementor-widget-wrap elementor-element-populated\">\n\t\t\t\t\t\t<div class=\"elementor-element elementor-element-0ef2826 elementor-widget elementor-widget-text-editor\" data-id=\"0ef2826\" data-element_type=\"widget\" data-e-type=\"widget\" data-widget_type=\"text-editor.default\">\n\t\t\t\t<div class=\"elementor-widget-container\">\n\t\t\t\t\t\t\t\t\t<p>F\u00fcr den Transport von k\u00fchlkettenpflichtigen Arzneimitteln vom Hersteller \u00fcber Gro\u00dfh\u00e4ndlern bis hin zu den Apotheken bietet delta T Einweg- und Mehrwegl\u00f6sungen, die bis zu 120 Stunden Temperaturstabilit\u00e4t gew\u00e4hrleisten. Unsere Temperaturspeichertechnologie erm\u00f6glicht den sicheren, weltweiten Transport von s\u00e4mtlichen temperatursensiblen Produkten wie z.B. Gewebeimplantate, Zellkulturen, Impfstoffe, Antik\u00f6rper und anderen proteinbasierten Arzneimitteln.<\/p>\t\t\t\t\t\t\t\t<\/div>\n\t\t\t\t<\/div>\n\t\t\t\t\t<\/div>\n\t\t<\/div>\n\t\t\t\t\t<\/div>\n\t\t<\/section>\n\t\t\t\t<\/div>","protected":false},"excerpt":{"rendered":"<p>Die delta T Gesellschaft f\u00fcr Medizintechnik mbH hat Ihren Sitz in Fernwald bei Gie\u00dfen und wurde im Jahr 2000 gegr\u00fcndet. Seitdem produzieren wir Isolierbeh\u00e4lter und Temperierelemente, um \u201eLife Science\u201c Produkte bei konstanten Temperaturen transportieren zu k\u00f6nnen. Unsere Produkte sichern lebensrettende Eigenschaften der Transportprodukte und werden zum Transport vom Blutprodukten, Organen und Arzneimitteln verwendet. In letzten &#8230; <a title=\"Trayectoria\" class=\"read-more\" href=\"https:\/\/www.deltat.info\/es\/ueber-delta-t\/historie\/\" aria-label=\"Leer m\u00e1s sobre Historie\">Leer m\u00e1s<\/a><\/p>","protected":false},"author":1,"featured_media":0,"parent":8,"menu_order":0,"comment_status":"closed","ping_status":"closed","template":"","meta":{"footnotes":""},"class_list":["post-347","page","type-page","status-publish"],"yoast_head":"<!-- This site is optimized with the Yoast SEO plugin v27.4 - https:\/\/yoast.com\/product\/yoast-seo-wordpress\/ -->\n<title>Historie - Gesellschaft f\u00fcr Medizintechnik mbH - delta T<\/title>\n<meta name=\"description\" content=\"delta T History - wir produzieren Isolierbeh\u00e4lter und Temperierelemente, um Life Science Produkte bei konstanten Temperaturen transportieren zu k\u00f6nnen.\" \/>\n<meta name=\"robots\" content=\"index, follow, max-snippet:-1, max-image-preview:large, max-video-preview:-1\" \/>\n<link rel=\"canonical\" href=\"https:\/\/www.deltat.info\/es\/ueber-delta-t\/historie\/\" \/>\n<meta name=\"twitter:label1\" content=\"Tiempo de lectura\" \/>\n\t<meta name=\"twitter:data1\" content=\"1 minuto\" \/>\n<script type=\"application\/ld+json\" class=\"yoast-schema-graph\">{\"@context\":\"https:\\\/\\\/schema.org\",\"@graph\":[{\"@type\":\"WebPage\",\"@id\":\"https:\\\/\\\/www.deltat.info\\\/ueber-delta-t\\\/historie\\\/\",\"url\":\"https:\\\/\\\/www.deltat.info\\\/ueber-delta-t\\\/historie\\\/\",\"name\":\"Historie - Gesellschaft f\u00fcr Medizintechnik mbH - delta T\",\"isPartOf\":{\"@id\":\"https:\\\/\\\/www.deltat.info\\\/#website\"},\"datePublished\":\"2020-01-23T15:50:32+00:00\",\"dateModified\":\"2020-04-30T14:17:03+00:00\",\"description\":\"delta T History - wir produzieren Isolierbeh\u00e4lter und Temperierelemente, um Life Science Produkte bei konstanten Temperaturen transportieren zu k\u00f6nnen.\",\"breadcrumb\":{\"@id\":\"https:\\\/\\\/www.deltat.info\\\/ueber-delta-t\\\/historie\\\/#breadcrumb\"},\"inLanguage\":\"es\",\"potentialAction\":[{\"@type\":\"ReadAction\",\"target\":[\"https:\\\/\\\/www.deltat.info\\\/ueber-delta-t\\\/historie\\\/\"]}]},{\"@type\":\"BreadcrumbList\",\"@id\":\"https:\\\/\\\/www.deltat.info\\\/ueber-delta-t\\\/historie\\\/#breadcrumb\",\"itemListElement\":[{\"@type\":\"ListItem\",\"position\":1,\"name\":\"Startseite\",\"item\":\"https:\\\/\\\/www.deltat.info\\\/\"},{\"@type\":\"ListItem\",\"position\":2,\"name\":\"\u00dcber delta T\",\"item\":\"https:\\\/\\\/www.deltat.info\\\/ueber-delta-t\\\/\"},{\"@type\":\"ListItem\",\"position\":3,\"name\":\"Historie\"}]},{\"@type\":\"WebSite\",\"@id\":\"https:\\\/\\\/www.deltat.info\\\/#website\",\"url\":\"https:\\\/\\\/www.deltat.info\\\/\",\"name\":\"delta T Gesellschaft f\u00fcr Medizintechnik mbH\",\"description\":\"Die delta T Gesellschaft f\u00fcr Medizintechnik mbH entwickelt und produziert Transportl\u00f6sungen f\u00fcr temperatursensible Produkte wie Arzneimittel, Blut, Organe oder andere K\u00fchlprodukte der Medizin.\",\"publisher\":{\"@id\":\"https:\\\/\\\/www.deltat.info\\\/#organization\"},\"potentialAction\":[{\"@type\":\"SearchAction\",\"target\":{\"@type\":\"EntryPoint\",\"urlTemplate\":\"https:\\\/\\\/www.deltat.info\\\/?s={search_term_string}\"},\"query-input\":{\"@type\":\"PropertyValueSpecification\",\"valueRequired\":true,\"valueName\":\"search_term_string\"}}],\"inLanguage\":\"es\"},{\"@type\":\"Organization\",\"@id\":\"https:\\\/\\\/www.deltat.info\\\/#organization\",\"name\":\"delta T Gesellschaft f\u00fcr Medizintechnik mbH\",\"url\":\"https:\\\/\\\/www.deltat.info\\\/\",\"logo\":{\"@type\":\"ImageObject\",\"inLanguage\":\"es\",\"@id\":\"https:\\\/\\\/www.deltat.info\\\/#\\\/schema\\\/logo\\\/image\\\/\",\"url\":\"https:\\\/\\\/www.deltat.info\\\/wp-content\\\/uploads\\\/2020\\\/02\\\/delta-t-logo-2020.png\",\"contentUrl\":\"https:\\\/\\\/www.deltat.info\\\/wp-content\\\/uploads\\\/2020\\\/02\\\/delta-t-logo-2020.png\",\"width\":202,\"height\":80,\"caption\":\"delta T Gesellschaft f\u00fcr Medizintechnik mbH\"},\"image\":{\"@id\":\"https:\\\/\\\/www.deltat.info\\\/#\\\/schema\\\/logo\\\/image\\\/\"},\"sameAs\":[\"https:\\\/\\\/www.facebook.com\\\/Delta-T-GmbH-1250957958263459\\\/\",\"https:\\\/\\\/x.com\\\/deltaT_global\",\"https:\\\/\\\/www.linkedin.com\\\/company\\\/delta-t-gmbh\",\"https:\\\/\\\/www.youtube.com\\\/channel\\\/UCu10jeTdpr6Mehzqe_QMK3Q\"]}]}<\/script>\n<!-- \/ Yoast SEO plugin. -->","yoast_head_json":{"title":"Historie - Gesellschaft f\u00fcr Medizintechnik mbH - delta T","description":"delta T History - wir produzieren Isolierbeh\u00e4lter und Temperierelemente, um Life Science Produkte bei konstanten Temperaturen transportieren zu k\u00f6nnen.","robots":{"index":"index","follow":"follow","max-snippet":"max-snippet:-1","max-image-preview":"max-image-preview:large","max-video-preview":"max-video-preview:-1"},"canonical":"https:\/\/www.deltat.info\/es\/ueber-delta-t\/historie\/","twitter_misc":{"Tiempo de lectura":"1 minuto"},"schema":{"@context":"https:\/\/schema.org","@graph":[{"@type":"WebPage","@id":"https:\/\/www.deltat.info\/ueber-delta-t\/historie\/","url":"https:\/\/www.deltat.info\/ueber-delta-t\/historie\/","name":"Historie - Gesellschaft f\u00fcr Medizintechnik mbH - delta T","isPartOf":{"@id":"https:\/\/www.deltat.info\/#website"},"datePublished":"2020-01-23T15:50:32+00:00","dateModified":"2020-04-30T14:17:03+00:00","description":"delta T History - wir produzieren Isolierbeh\u00e4lter und Temperierelemente, um Life Science Produkte bei konstanten Temperaturen transportieren zu k\u00f6nnen.","breadcrumb":{"@id":"https:\/\/www.deltat.info\/ueber-delta-t\/historie\/#breadcrumb"},"inLanguage":"es","potentialAction":[{"@type":"ReadAction","target":["https:\/\/www.deltat.info\/ueber-delta-t\/historie\/"]}]},{"@type":"BreadcrumbList","@id":"https:\/\/www.deltat.info\/ueber-delta-t\/historie\/#breadcrumb","itemListElement":[{"@type":"ListItem","position":1,"name":"Startseite","item":"https:\/\/www.deltat.info\/"},{"@type":"ListItem","position":2,"name":"\u00dcber delta T","item":"https:\/\/www.deltat.info\/ueber-delta-t\/"},{"@type":"ListItem","position":3,"name":"Historie"}]},{"@type":"WebSite","@id":"https:\/\/www.deltat.info\/#website","url":"https:\/\/www.deltat.info\/","name":"delta T Gesellschaft f\u00fcr Medizintechnik mbH","description":"Die delta T Gesellschaft f\u00fcr Medizintechnik mbH entwickelt und produziert Transportl\u00f6sungen f\u00fcr temperatursensible Produkte wie Arzneimittel, Blut, Organe oder andere K\u00fchlprodukte der Medizin.","publisher":{"@id":"https:\/\/www.deltat.info\/#organization"},"potentialAction":[{"@type":"SearchAction","target":{"@type":"EntryPoint","urlTemplate":"https:\/\/www.deltat.info\/?s={search_term_string}"},"query-input":{"@type":"PropertyValueSpecification","valueRequired":true,"valueName":"search_term_string"}}],"inLanguage":"es"},{"@type":"Organization","@id":"https:\/\/www.deltat.info\/#organization","name":"delta T Gesellschaft f\u00fcr Medizintechnik mbH","url":"https:\/\/www.deltat.info\/","logo":{"@type":"ImageObject","inLanguage":"es","@id":"https:\/\/www.deltat.info\/#\/schema\/logo\/image\/","url":"https:\/\/www.deltat.info\/wp-content\/uploads\/2020\/02\/delta-t-logo-2020.png","contentUrl":"https:\/\/www.deltat.info\/wp-content\/uploads\/2020\/02\/delta-t-logo-2020.png","width":202,"height":80,"caption":"delta T Gesellschaft f\u00fcr Medizintechnik mbH"},"image":{"@id":"https:\/\/www.deltat.info\/#\/schema\/logo\/image\/"},"sameAs":["https:\/\/www.facebook.com\/Delta-T-GmbH-1250957958263459\/","https:\/\/x.com\/deltaT_global","https:\/\/www.linkedin.com\/company\/delta-t-gmbh","https:\/\/www.youtube.com\/channel\/UCu10jeTdpr6Mehzqe_QMK3Q"]}]}},"_links":{"self":[{"href":"https:\/\/www.deltat.info\/es\/wp-json\/wp\/v2\/pages\/347","targetHints":{"allow":["GET"]}}],"collection":[{"href":"https:\/\/www.deltat.info\/es\/wp-json\/wp\/v2\/pages"}],"about":[{"href":"https:\/\/www.deltat.info\/es\/wp-json\/wp\/v2\/types\/page"}],"author":[{"embeddable":true,"href":"https:\/\/www.deltat.info\/es\/wp-json\/wp\/v2\/users\/1"}],"replies":[{"embeddable":true,"href":"https:\/\/www.deltat.info\/es\/wp-json\/wp\/v2\/comments?post=347"}],"version-history":[{"count":6,"href":"https:\/\/www.deltat.info\/es\/wp-json\/wp\/v2\/pages\/347\/revisions"}],"predecessor-version":[{"id":1827,"href":"https:\/\/www.deltat.info\/es\/wp-json\/wp\/v2\/pages\/347\/revisions\/1827"}],"up":[{"embeddable":true,"href":"https:\/\/www.deltat.info\/es\/wp-json\/wp\/v2\/pages\/8"}],"wp:attachment":[{"href":"https:\/\/www.deltat.info\/es\/wp-json\/wp\/v2\/media?parent=347"}],"curies":[{"name":"wp","href":"https:\/\/api.w.org\/{rel}","templated":true}]}}