{"id":3892,"date":"2022-05-13T12:34:01","date_gmt":"2022-05-13T10:34:01","guid":{"rendered":"https:\/\/www.deltat.info\/?page_id=3892"},"modified":"2024-06-18T12:38:36","modified_gmt":"2024-06-18T10:38:36","slug":"vakuum-taschen","status":"publish","type":"page","link":"https:\/\/www.deltat.info\/es\/produkte\/isolierbehaelter\/vakuum-taschen\/","title":{"rendered":"Vakuum-Taschen"},"content":{"rendered":"<div data-elementor-type=\"wp-page\" data-elementor-id=\"3892\" class=\"elementor elementor-3892\" data-elementor-post-type=\"page\">\n\t\t\t\t\t\t<section class=\"elementor-section elementor-top-section elementor-element elementor-element-45797668 elementor-section-boxed elementor-section-height-default elementor-section-height-default\" data-id=\"45797668\" data-element_type=\"section\" data-e-type=\"section\">\n\t\t\t\t\t\t<div class=\"elementor-container elementor-column-gap-default\">\n\t\t\t\t\t<div class=\"elementor-column elementor-col-100 elementor-top-column elementor-element elementor-element-5e9cdf51\" data-id=\"5e9cdf51\" data-element_type=\"column\" data-e-type=\"column\">\n\t\t\t<div class=\"elementor-widget-wrap elementor-element-populated\">\n\t\t\t\t\t\t<div class=\"elementor-element elementor-element-3373583a elementor-widget elementor-widget-global elementor-global-295 elementor-widget-heading\" data-id=\"3373583a\" data-element_type=\"widget\" data-e-type=\"widget\" data-widget_type=\"heading.default\">\n\t\t\t\t<div class=\"elementor-widget-container\">\n\t\t\t\t\t<h1 class=\"elementor-heading-title elementor-size-default\">Vakuum-Taschen<\/h1>\t\t\t\t<\/div>\n\t\t\t\t<\/div>\n\t\t\t\t\t<\/div>\n\t\t<\/div>\n\t\t\t\t\t<\/div>\n\t\t<\/section>\n\t\t\t\t<section class=\"elementor-section elementor-top-section elementor-element elementor-element-ab04e6b elementor-section-boxed elementor-section-height-default elementor-section-height-default\" data-id=\"ab04e6b\" data-element_type=\"section\" data-e-type=\"section\">\n\t\t\t\t\t\t<div class=\"elementor-container elementor-column-gap-default\">\n\t\t\t\t\t<div class=\"elementor-column elementor-col-100 elementor-top-column elementor-element elementor-element-84592d2\" data-id=\"84592d2\" data-element_type=\"column\" data-e-type=\"column\">\n\t\t\t<div class=\"elementor-widget-wrap elementor-element-populated\">\n\t\t\t\t\t\t<div class=\"elementor-element elementor-element-ecedcb8 elementor-widget elementor-widget-text-editor\" data-id=\"ecedcb8\" data-element_type=\"widget\" data-e-type=\"widget\" data-widget_type=\"text-editor.default\">\n\t\t\t\t<div class=\"elementor-widget-container\">\n\t\t\t\t\t\t\t\t\t<p>Die delta T Vakuum-Taschen erm\u00f6glichen einen temperierten Transport Ihrer Produkte bei konstanter Temperatur je nach K\u00fchl-Akku-Typ. Geeignet sind diese speziellen K\u00fchltaschen f\u00fcr den Transport von Blutproben sowie auch f\u00fcr Impfstoffe, die w\u00e4hrend des Transportes auf einer bestimmten Temperatur gehalten werden m\u00fcssen. Achten Sie bitte auf die Verwendung des richtigen <a href=\"https:\/\/www.deltat.info\/es\/produkte\/fluid-elemente\/\">K\u00fchl-Akku-Typs<\/a> entsprechend des Verwendungszwecks.<\/p><p>F\u00fcr weitere Informationen besuchen Sie unsere speziellen Webseiten <a href=\"http:\/\/blood-transport.systems\" target=\"_blank\" rel=\"noopener\">blood-transport.systems<\/a> und <a href=\"http:\/\/cold-chain.systems\/\" target=\"_blank\" rel=\"noopener\">cold-chain.systems\/<\/a>Taschen<\/p>\t\t\t\t\t\t\t\t<\/div>\n\t\t\t\t<\/div>\n\t\t\t\t\t<\/div>\n\t\t<\/div>\n\t\t\t\t\t<\/div>\n\t\t<\/section>\n\t\t\t\t<section class=\"elementor-section elementor-top-section elementor-element elementor-element-6f6cfffa elementor-section-boxed elementor-section-height-default elementor-section-height-default\" data-id=\"6f6cfffa\" data-element_type=\"section\" data-e-type=\"section\">\n\t\t\t\t\t\t<div class=\"elementor-container elementor-column-gap-default\">\n\t\t\t\t\t<div class=\"elementor-column elementor-col-100 elementor-top-column elementor-element elementor-element-5294f58e\" data-id=\"5294f58e\" data-element_type=\"column\" data-e-type=\"column\">\n\t\t\t<div class=\"elementor-widget-wrap elementor-element-populated\">\n\t\t\t\t\t\t<div class=\"elementor-element elementor-element-3a674ba elementor-widget-divider--view-line elementor-widget elementor-widget-global elementor-global-719 elementor-widget-divider\" data-id=\"3a674ba\" data-element_type=\"widget\" data-e-type=\"widget\" data-widget_type=\"divider.default\">\n\t\t\t\t<div class=\"elementor-widget-container\">\n\t\t\t\t\t\t\t<div class=\"elementor-divider\">\n\t\t\t<span class=\"elementor-divider-separator\">\n\t\t\t\t\t\t<\/span>\n\t\t<\/div>\n\t\t\t\t\t\t<\/div>\n\t\t\t\t<\/div>\n\t\t\t\t\t<\/div>\n\t\t<\/div>\n\t\t\t\t\t<\/div>\n\t\t<\/section>\n\t\t\t\t<section class=\"elementor-section elementor-top-section elementor-element elementor-element-69231ad0 elementor-section-boxed elementor-section-height-default elementor-section-height-default\" data-id=\"69231ad0\" data-element_type=\"section\" data-e-type=\"section\">\n\t\t\t\t\t\t<div class=\"elementor-container elementor-column-gap-default\">\n\t\t\t\t\t<div class=\"elementor-column elementor-col-100 elementor-top-column elementor-element elementor-element-2dac1a02\" data-id=\"2dac1a02\" data-element_type=\"column\" data-e-type=\"column\">\n\t\t\t<div class=\"elementor-widget-wrap elementor-element-populated\">\n\t\t\t\t\t\t<div class=\"elementor-element elementor-element-29161cf9 elementor-widget elementor-widget-heading\" data-id=\"29161cf9\" data-element_type=\"widget\" data-e-type=\"widget\" data-widget_type=\"heading.default\">\n\t\t\t\t<div class=\"elementor-widget-container\">\n\t\t\t\t\t<h2 class=\"elementor-heading-title elementor-size-default\">MiniVacuumBox 16L blau<\/h2>\t\t\t\t<\/div>\n\t\t\t\t<\/div>\n\t\t\t\t\t<\/div>\n\t\t<\/div>\n\t\t\t\t\t<\/div>\n\t\t<\/section>\n\t\t\t\t<section class=\"elementor-section elementor-top-section elementor-element elementor-element-8e59ea elementor-section-boxed elementor-section-height-default elementor-section-height-default\" data-id=\"8e59ea\" data-element_type=\"section\" data-e-type=\"section\">\n\t\t\t\t\t\t<div class=\"elementor-container elementor-column-gap-default\">\n\t\t\t\t\t<div class=\"elementor-column elementor-col-33 elementor-top-column elementor-element elementor-element-1cb78adf\" data-id=\"1cb78adf\" data-element_type=\"column\" data-e-type=\"column\">\n\t\t\t<div class=\"elementor-widget-wrap elementor-element-populated\">\n\t\t\t\t\t\t<div class=\"elementor-element elementor-element-602ed634 elementor-widget elementor-widget-image\" data-id=\"602ed634\" data-element_type=\"widget\" data-e-type=\"widget\" data-widget_type=\"image.default\">\n\t\t\t\t<div class=\"elementor-widget-container\">\n\t\t\t\t\t\t\t\t\t\t\t\t\t\t\t\t<a href=\"https:\/\/www.deltat.info\/wp-content\/uploads\/2021\/09\/B100116_MiniVacuumBox16L_300px.jpg\" data-elementor-open-lightbox=\"yes\" data-elementor-lightbox-title=\"B100116_MiniVacuumBox16L_300px\" data-e-action-hash=\"#elementor-action%3Aaction%3Dlightbox%26settings%3DeyJpZCI6Mjk2NywidXJsIjoiaHR0cHM6XC9cL3d3dy5kZWx0YXQuaW5mb1wvd3AtY29udGVudFwvdXBsb2Fkc1wvMjAyMVwvMDlcL0IxMDAxMTZfTWluaVZhY3V1bUJveDE2TF8zMDBweC5qcGcifQ%3D%3D\">\n\t\t\t\t\t\t\t<img fetchpriority=\"high\" decoding=\"async\" width=\"300\" height=\"300\" src=\"https:\/\/www.deltat.info\/wp-content\/uploads\/2021\/09\/B100116_MiniVacuumBox16L_300px.jpg\" class=\"attachment-medium size-medium wp-image-2967\" alt=\"\" srcset=\"https:\/\/www.deltat.info\/wp-content\/uploads\/2021\/09\/B100116_MiniVacuumBox16L_300px.jpg 300w, https:\/\/www.deltat.info\/wp-content\/uploads\/2021\/09\/B100116_MiniVacuumBox16L_300px-150x150.jpg 150w, https:\/\/www.deltat.info\/wp-content\/uploads\/2021\/09\/B100116_MiniVacuumBox16L_300px-12x12.jpg 12w\" sizes=\"(max-width: 300px) 100vw, 300px\" \/>\t\t\t\t\t\t\t\t<\/a>\n\t\t\t\t\t\t\t\t\t\t\t\t\t\t\t<\/div>\n\t\t\t\t<\/div>\n\t\t\t\t\t<\/div>\n\t\t<\/div>\n\t\t\t\t<div class=\"elementor-column elementor-col-33 elementor-top-column elementor-element elementor-element-49d2a7e2\" data-id=\"49d2a7e2\" data-element_type=\"column\" data-e-type=\"column\">\n\t\t\t<div class=\"elementor-widget-wrap elementor-element-populated\">\n\t\t\t\t\t\t<div class=\"elementor-element elementor-element-5a4d5e19 elementor-widget elementor-widget-text-editor\" data-id=\"5a4d5e19\" data-element_type=\"widget\" data-e-type=\"widget\" data-widget_type=\"text-editor.default\">\n\t\t\t\t<div class=\"elementor-widget-container\">\n\t\t\t\t\t\t\t\t\t<p><br \/>Bestellnummer:\u00a0<strong>B 1001 16<\/strong><\/p><p><strong>Abmessungen:<\/strong><br \/><strong>Ma\u00dfe:<\/strong>\u00a0410 x 240 x 350\u00a0mm<br \/><strong>Farbe:<\/strong>\u00a0blau\/schwarz<br \/><strong>Volumen:<\/strong>\u00a016L\u00a0<br \/><strong>Gewicht:<\/strong>\u00a04,04\u00a0kg<\/p>\t\t\t\t\t\t\t\t<\/div>\n\t\t\t\t<\/div>\n\t\t\t\t\t<\/div>\n\t\t<\/div>\n\t\t\t\t<div class=\"elementor-column elementor-col-33 elementor-top-column elementor-element elementor-element-1f06712c\" data-id=\"1f06712c\" data-element_type=\"column\" data-e-type=\"column\">\n\t\t\t<div class=\"elementor-widget-wrap elementor-element-populated\">\n\t\t\t\t\t\t<div class=\"elementor-element elementor-element-28f83c39 elementor-widget elementor-widget-text-editor\" data-id=\"28f83c39\" data-element_type=\"widget\" data-e-type=\"widget\" data-widget_type=\"text-editor.default\">\n\t\t\t\t<div class=\"elementor-widget-container\">\n\t\t\t\t\t\t\t\t\t<p><br \/>Geeignet f\u00fcr 5 Doppelelemente oder Doppelelemente mit TempShell-Rahmen, versiegelbar mit Doppelrei\u00dfverschlu\u00df, Kunststoff-Innenteil, Tragegurt, Dokumententasche, ausgestattet mit Vakuumisolation.<\/p>\t\t\t\t\t\t\t\t<\/div>\n\t\t\t\t<\/div>\n\t\t\t\t\t<\/div>\n\t\t<\/div>\n\t\t\t\t\t<\/div>\n\t\t<\/section>\n\t\t\t\t<\/div>","protected":false},"excerpt":{"rendered":"<p>Die delta T Vakuum-Taschen erm\u00f6glichen einen temperierten Transport Ihrer Produkte bei konstanter Temperatur je nach K\u00fchl-Akku-Typ. Geeignet sind diese speziellen K\u00fchltaschen f\u00fcr den Transport von Blutproben sowie auch f\u00fcr Impfstoffe, die w\u00e4hrend des Transportes auf einer bestimmten Temperatur gehalten werden m\u00fcssen. Achten Sie bitte auf die Verwendung des richtigen K\u00fchl-Akku-Typs entsprechend des Verwendungszwecks. F\u00fcr weitere &#8230; <a title=\"Vakuum-Taschen\" class=\"read-more\" href=\"https:\/\/www.deltat.info\/es\/produkte\/isolierbehaelter\/vakuum-taschen\/\" aria-label=\"Leer m\u00e1s sobre Vakuum-Taschen\">Leer m\u00e1s<\/a><\/p>","protected":false},"author":2,"featured_media":0,"parent":913,"menu_order":0,"comment_status":"closed","ping_status":"closed","template":"","meta":{"footnotes":""},"class_list":["post-3892","page","type-page","status-publish"],"yoast_head":"<!-- This site is optimized with the Yoast SEO plugin v27.4 - https:\/\/yoast.com\/product\/yoast-seo-wordpress\/ -->\n<title>Vakuum-Taschen halten k\u00fchl - delta T<\/title>\n<meta name=\"description\" content=\"Unsere leichten delta T Vakuum-Taschen sind optimiert f\u00fcr den sicheren Transport temperatursensibler medizinischer Produkte.\" \/>\n<meta name=\"robots\" content=\"index, follow, max-snippet:-1, max-image-preview:large, max-video-preview:-1\" \/>\n<link rel=\"canonical\" href=\"https:\/\/www.deltat.info\/es\/produkte\/isolierbehaelter\/vakuum-taschen\/\" \/>\n<meta name=\"twitter:label1\" content=\"Tiempo de lectura\" \/>\n\t<meta name=\"twitter:data1\" content=\"1 minuto\" \/>\n<script type=\"application\/ld+json\" class=\"yoast-schema-graph\">{\"@context\":\"https:\\\/\\\/schema.org\",\"@graph\":[{\"@type\":\"WebPage\",\"@id\":\"https:\\\/\\\/www.deltat.info\\\/produkte\\\/isolierbehaelter\\\/vakuum-taschen\\\/\",\"url\":\"https:\\\/\\\/www.deltat.info\\\/produkte\\\/isolierbehaelter\\\/vakuum-taschen\\\/\",\"name\":\"Vakuum-Taschen halten k\u00fchl - delta T\",\"isPartOf\":{\"@id\":\"https:\\\/\\\/www.deltat.info\\\/#website\"},\"primaryImageOfPage\":{\"@id\":\"https:\\\/\\\/www.deltat.info\\\/produkte\\\/isolierbehaelter\\\/vakuum-taschen\\\/#primaryimage\"},\"image\":{\"@id\":\"https:\\\/\\\/www.deltat.info\\\/produkte\\\/isolierbehaelter\\\/vakuum-taschen\\\/#primaryimage\"},\"thumbnailUrl\":\"https:\\\/\\\/www.deltat.info\\\/wp-content\\\/uploads\\\/2021\\\/09\\\/B100116_MiniVacuumBox16L_300px.jpg\",\"datePublished\":\"2022-05-13T10:34:01+00:00\",\"dateModified\":\"2024-06-18T10:38:36+00:00\",\"description\":\"Unsere leichten delta T Vakuum-Taschen sind optimiert f\u00fcr den sicheren Transport temperatursensibler medizinischer Produkte.\",\"breadcrumb\":{\"@id\":\"https:\\\/\\\/www.deltat.info\\\/produkte\\\/isolierbehaelter\\\/vakuum-taschen\\\/#breadcrumb\"},\"inLanguage\":\"es\",\"potentialAction\":[{\"@type\":\"ReadAction\",\"target\":[\"https:\\\/\\\/www.deltat.info\\\/produkte\\\/isolierbehaelter\\\/vakuum-taschen\\\/\"]}]},{\"@type\":\"ImageObject\",\"inLanguage\":\"es\",\"@id\":\"https:\\\/\\\/www.deltat.info\\\/produkte\\\/isolierbehaelter\\\/vakuum-taschen\\\/#primaryimage\",\"url\":\"https:\\\/\\\/www.deltat.info\\\/wp-content\\\/uploads\\\/2021\\\/09\\\/B100116_MiniVacuumBox16L_300px.jpg\",\"contentUrl\":\"https:\\\/\\\/www.deltat.info\\\/wp-content\\\/uploads\\\/2021\\\/09\\\/B100116_MiniVacuumBox16L_300px.jpg\"},{\"@type\":\"BreadcrumbList\",\"@id\":\"https:\\\/\\\/www.deltat.info\\\/produkte\\\/isolierbehaelter\\\/vakuum-taschen\\\/#breadcrumb\",\"itemListElement\":[{\"@type\":\"ListItem\",\"position\":1,\"name\":\"Startseite\",\"item\":\"https:\\\/\\\/www.deltat.info\\\/\"},{\"@type\":\"ListItem\",\"position\":2,\"name\":\"Produkte\",\"item\":\"https:\\\/\\\/www.deltat.info\\\/produkte\\\/\"},{\"@type\":\"ListItem\",\"position\":3,\"name\":\"Isolierbeh\u00e4lter\",\"item\":\"https:\\\/\\\/www.deltat.info\\\/produkte\\\/isolierbehaelter\\\/\"},{\"@type\":\"ListItem\",\"position\":4,\"name\":\"Vakuum-Taschen\"}]},{\"@type\":\"WebSite\",\"@id\":\"https:\\\/\\\/www.deltat.info\\\/#website\",\"url\":\"https:\\\/\\\/www.deltat.info\\\/\",\"name\":\"delta T Gesellschaft f\u00fcr Medizintechnik mbH\",\"description\":\"Die delta T Gesellschaft f\u00fcr Medizintechnik mbH entwickelt und produziert Transportl\u00f6sungen f\u00fcr temperatursensible Produkte wie Arzneimittel, Blut, Organe oder andere K\u00fchlprodukte der Medizin.\",\"publisher\":{\"@id\":\"https:\\\/\\\/www.deltat.info\\\/#organization\"},\"potentialAction\":[{\"@type\":\"SearchAction\",\"target\":{\"@type\":\"EntryPoint\",\"urlTemplate\":\"https:\\\/\\\/www.deltat.info\\\/?s={search_term_string}\"},\"query-input\":{\"@type\":\"PropertyValueSpecification\",\"valueRequired\":true,\"valueName\":\"search_term_string\"}}],\"inLanguage\":\"es\"},{\"@type\":\"Organization\",\"@id\":\"https:\\\/\\\/www.deltat.info\\\/#organization\",\"name\":\"delta T Gesellschaft f\u00fcr Medizintechnik mbH\",\"url\":\"https:\\\/\\\/www.deltat.info\\\/\",\"logo\":{\"@type\":\"ImageObject\",\"inLanguage\":\"es\",\"@id\":\"https:\\\/\\\/www.deltat.info\\\/#\\\/schema\\\/logo\\\/image\\\/\",\"url\":\"https:\\\/\\\/www.deltat.info\\\/wp-content\\\/uploads\\\/2020\\\/02\\\/delta-t-logo-2020.png\",\"contentUrl\":\"https:\\\/\\\/www.deltat.info\\\/wp-content\\\/uploads\\\/2020\\\/02\\\/delta-t-logo-2020.png\",\"width\":202,\"height\":80,\"caption\":\"delta T Gesellschaft f\u00fcr Medizintechnik mbH\"},\"image\":{\"@id\":\"https:\\\/\\\/www.deltat.info\\\/#\\\/schema\\\/logo\\\/image\\\/\"},\"sameAs\":[\"https:\\\/\\\/www.facebook.com\\\/Delta-T-GmbH-1250957958263459\\\/\",\"https:\\\/\\\/x.com\\\/deltaT_global\",\"https:\\\/\\\/www.linkedin.com\\\/company\\\/delta-t-gmbh\",\"https:\\\/\\\/www.youtube.com\\\/channel\\\/UCu10jeTdpr6Mehzqe_QMK3Q\"]}]}<\/script>\n<!-- \/ Yoast SEO plugin. -->","yoast_head_json":{"title":"Vakuum-Taschen halten k\u00fchl - delta T","description":"Unsere leichten delta T Vakuum-Taschen sind optimiert f\u00fcr den sicheren Transport temperatursensibler medizinischer Produkte.","robots":{"index":"index","follow":"follow","max-snippet":"max-snippet:-1","max-image-preview":"max-image-preview:large","max-video-preview":"max-video-preview:-1"},"canonical":"https:\/\/www.deltat.info\/es\/produkte\/isolierbehaelter\/vakuum-taschen\/","twitter_misc":{"Tiempo de lectura":"1 minuto"},"schema":{"@context":"https:\/\/schema.org","@graph":[{"@type":"WebPage","@id":"https:\/\/www.deltat.info\/produkte\/isolierbehaelter\/vakuum-taschen\/","url":"https:\/\/www.deltat.info\/produkte\/isolierbehaelter\/vakuum-taschen\/","name":"Vakuum-Taschen halten k\u00fchl - delta T","isPartOf":{"@id":"https:\/\/www.deltat.info\/#website"},"primaryImageOfPage":{"@id":"https:\/\/www.deltat.info\/produkte\/isolierbehaelter\/vakuum-taschen\/#primaryimage"},"image":{"@id":"https:\/\/www.deltat.info\/produkte\/isolierbehaelter\/vakuum-taschen\/#primaryimage"},"thumbnailUrl":"https:\/\/www.deltat.info\/wp-content\/uploads\/2021\/09\/B100116_MiniVacuumBox16L_300px.jpg","datePublished":"2022-05-13T10:34:01+00:00","dateModified":"2024-06-18T10:38:36+00:00","description":"Unsere leichten delta T Vakuum-Taschen sind optimiert f\u00fcr den sicheren Transport temperatursensibler medizinischer Produkte.","breadcrumb":{"@id":"https:\/\/www.deltat.info\/produkte\/isolierbehaelter\/vakuum-taschen\/#breadcrumb"},"inLanguage":"es","potentialAction":[{"@type":"ReadAction","target":["https:\/\/www.deltat.info\/produkte\/isolierbehaelter\/vakuum-taschen\/"]}]},{"@type":"ImageObject","inLanguage":"es","@id":"https:\/\/www.deltat.info\/produkte\/isolierbehaelter\/vakuum-taschen\/#primaryimage","url":"https:\/\/www.deltat.info\/wp-content\/uploads\/2021\/09\/B100116_MiniVacuumBox16L_300px.jpg","contentUrl":"https:\/\/www.deltat.info\/wp-content\/uploads\/2021\/09\/B100116_MiniVacuumBox16L_300px.jpg"},{"@type":"BreadcrumbList","@id":"https:\/\/www.deltat.info\/produkte\/isolierbehaelter\/vakuum-taschen\/#breadcrumb","itemListElement":[{"@type":"ListItem","position":1,"name":"Startseite","item":"https:\/\/www.deltat.info\/"},{"@type":"ListItem","position":2,"name":"Produkte","item":"https:\/\/www.deltat.info\/produkte\/"},{"@type":"ListItem","position":3,"name":"Isolierbeh\u00e4lter","item":"https:\/\/www.deltat.info\/produkte\/isolierbehaelter\/"},{"@type":"ListItem","position":4,"name":"Vakuum-Taschen"}]},{"@type":"WebSite","@id":"https:\/\/www.deltat.info\/#website","url":"https:\/\/www.deltat.info\/","name":"delta T Gesellschaft f\u00fcr Medizintechnik mbH","description":"Die delta T Gesellschaft f\u00fcr Medizintechnik mbH entwickelt und produziert Transportl\u00f6sungen f\u00fcr temperatursensible Produkte wie Arzneimittel, Blut, Organe oder andere K\u00fchlprodukte der Medizin.","publisher":{"@id":"https:\/\/www.deltat.info\/#organization"},"potentialAction":[{"@type":"SearchAction","target":{"@type":"EntryPoint","urlTemplate":"https:\/\/www.deltat.info\/?s={search_term_string}"},"query-input":{"@type":"PropertyValueSpecification","valueRequired":true,"valueName":"search_term_string"}}],"inLanguage":"es"},{"@type":"Organization","@id":"https:\/\/www.deltat.info\/#organization","name":"delta T Gesellschaft f\u00fcr Medizintechnik mbH","url":"https:\/\/www.deltat.info\/","logo":{"@type":"ImageObject","inLanguage":"es","@id":"https:\/\/www.deltat.info\/#\/schema\/logo\/image\/","url":"https:\/\/www.deltat.info\/wp-content\/uploads\/2020\/02\/delta-t-logo-2020.png","contentUrl":"https:\/\/www.deltat.info\/wp-content\/uploads\/2020\/02\/delta-t-logo-2020.png","width":202,"height":80,"caption":"delta T Gesellschaft f\u00fcr Medizintechnik mbH"},"image":{"@id":"https:\/\/www.deltat.info\/#\/schema\/logo\/image\/"},"sameAs":["https:\/\/www.facebook.com\/Delta-T-GmbH-1250957958263459\/","https:\/\/x.com\/deltaT_global","https:\/\/www.linkedin.com\/company\/delta-t-gmbh","https:\/\/www.youtube.com\/channel\/UCu10jeTdpr6Mehzqe_QMK3Q"]}]}},"_links":{"self":[{"href":"https:\/\/www.deltat.info\/es\/wp-json\/wp\/v2\/pages\/3892","targetHints":{"allow":["GET"]}}],"collection":[{"href":"https:\/\/www.deltat.info\/es\/wp-json\/wp\/v2\/pages"}],"about":[{"href":"https:\/\/www.deltat.info\/es\/wp-json\/wp\/v2\/types\/page"}],"author":[{"embeddable":true,"href":"https:\/\/www.deltat.info\/es\/wp-json\/wp\/v2\/users\/2"}],"replies":[{"embeddable":true,"href":"https:\/\/www.deltat.info\/es\/wp-json\/wp\/v2\/comments?post=3892"}],"version-history":[{"count":14,"href":"https:\/\/www.deltat.info\/es\/wp-json\/wp\/v2\/pages\/3892\/revisions"}],"predecessor-version":[{"id":5046,"href":"https:\/\/www.deltat.info\/es\/wp-json\/wp\/v2\/pages\/3892\/revisions\/5046"}],"up":[{"embeddable":true,"href":"https:\/\/www.deltat.info\/es\/wp-json\/wp\/v2\/pages\/913"}],"wp:attachment":[{"href":"https:\/\/www.deltat.info\/es\/wp-json\/wp\/v2\/media?parent=3892"}],"curies":[{"name":"wp","href":"https:\/\/api.w.org\/{rel}","templated":true}]}}