{"id":692,"date":"2020-01-27T17:16:37","date_gmt":"2020-01-27T16:16:37","guid":{"rendered":"http:\/\/neuesweb.deltat.de\/?page_id=692"},"modified":"2020-05-14T20:46:40","modified_gmt":"2020-05-14T18:46:40","slug":"einweg-isolierbox-50l-2-bis-8-grad","status":"publish","type":"page","link":"https:\/\/www.deltat.info\/fr\/fallstudien\/einweg-isolierbox-50l-2-bis-8-grad\/","title":{"rendered":"Einweg Isolierbox f\u00fcr 50L 2\u00b0C bis 8\u00b0C f\u00fcr 72 Stunden"},"content":{"rendered":"<div data-elementor-type=\"wp-page\" data-elementor-id=\"692\" class=\"elementor elementor-692\" data-elementor-post-type=\"page\">\n\t\t\t\t\t\t<section class=\"elementor-section elementor-top-section elementor-element elementor-element-90bdcd3 elementor-section-boxed elementor-section-height-default elementor-section-height-default\" data-id=\"90bdcd3\" data-element_type=\"section\" data-e-type=\"section\">\n\t\t\t\t\t\t<div class=\"elementor-container elementor-column-gap-default\">\n\t\t\t\t\t<div class=\"elementor-column elementor-col-100 elementor-top-column elementor-element elementor-element-12eaf71\" data-id=\"12eaf71\" data-element_type=\"column\" data-e-type=\"column\">\n\t\t\t<div class=\"elementor-widget-wrap elementor-element-populated\">\n\t\t\t\t\t\t<div class=\"elementor-element elementor-element-93d3d62 elementor-widget elementor-widget-global elementor-global-295 elementor-widget-heading\" data-id=\"93d3d62\" data-element_type=\"widget\" data-e-type=\"widget\" data-widget_type=\"heading.default\">\n\t\t\t\t<div class=\"elementor-widget-container\">\n\t\t\t\t\t<h1 class=\"elementor-heading-title elementor-size-default\">Einweg Isolierbox f\u00fcr 50L 2\u00b0C bis 8\u00b0C f\u00fcr 72 Stunden<\/h1>\t\t\t\t<\/div>\n\t\t\t\t<\/div>\n\t\t\t\t<div class=\"elementor-element elementor-element-9e2d948 elementor-widget-divider--view-line elementor-widget elementor-widget-divider\" data-id=\"9e2d948\" data-element_type=\"widget\" data-e-type=\"widget\" data-widget_type=\"divider.default\">\n\t\t\t\t<div class=\"elementor-widget-container\">\n\t\t\t\t\t\t\t<div class=\"elementor-divider\">\n\t\t\t<span class=\"elementor-divider-separator\">\n\t\t\t\t\t\t<\/span>\n\t\t<\/div>\n\t\t\t\t\t\t<\/div>\n\t\t\t\t<\/div>\n\t\t\t\t\t<\/div>\n\t\t<\/div>\n\t\t\t\t\t<\/div>\n\t\t<\/section>\n\t\t\t\t<section class=\"elementor-section elementor-top-section elementor-element elementor-element-e39982c elementor-section-boxed elementor-section-height-default elementor-section-height-default\" data-id=\"e39982c\" data-element_type=\"section\" data-e-type=\"section\">\n\t\t\t\t\t\t<div class=\"elementor-container elementor-column-gap-default\">\n\t\t\t\t\t<div class=\"elementor-column elementor-col-50 elementor-top-column elementor-element elementor-element-63a7ac2\" data-id=\"63a7ac2\" data-element_type=\"column\" data-e-type=\"column\">\n\t\t\t<div class=\"elementor-widget-wrap elementor-element-populated\">\n\t\t\t\t\t\t<div class=\"elementor-element elementor-element-6701d2a elementor-widget elementor-widget-heading\" data-id=\"6701d2a\" data-element_type=\"widget\" data-e-type=\"widget\" data-widget_type=\"heading.default\">\n\t\t\t\t<div class=\"elementor-widget-container\">\n\t\t\t\t\t<h2 class=\"elementor-heading-title elementor-size-default\">Kunde<\/h2>\t\t\t\t<\/div>\n\t\t\t\t<\/div>\n\t\t\t\t<div class=\"elementor-element elementor-element-3100260 elementor-widget elementor-widget-text-editor\" data-id=\"3100260\" data-element_type=\"widget\" data-e-type=\"widget\" data-widget_type=\"text-editor.default\">\n\t\t\t\t<div class=\"elementor-widget-container\">\n\t\t\t\t\t\t\t\t\t<p>Pharmazeutischer Hersteller<\/p>\t\t\t\t\t\t\t\t<\/div>\n\t\t\t\t<\/div>\n\t\t\t\t<div class=\"elementor-element elementor-element-e770396 elementor-widget elementor-widget-heading\" data-id=\"e770396\" data-element_type=\"widget\" data-e-type=\"widget\" data-widget_type=\"heading.default\">\n\t\t\t\t<div class=\"elementor-widget-container\">\n\t\t\t\t\t<h2 class=\"elementor-heading-title elementor-size-default\">Maximale Transportzeit<\/h2>\t\t\t\t<\/div>\n\t\t\t\t<\/div>\n\t\t\t\t<div class=\"elementor-element elementor-element-bc9260d elementor-widget elementor-widget-text-editor\" data-id=\"bc9260d\" data-element_type=\"widget\" data-e-type=\"widget\" data-widget_type=\"text-editor.default\">\n\t\t\t\t<div class=\"elementor-widget-container\">\n\t\t\t\t\t\t\t\t\t<p>72-80 Stunden<\/p>\t\t\t\t\t\t\t\t<\/div>\n\t\t\t\t<\/div>\n\t\t\t\t<div class=\"elementor-element elementor-element-7e20104 elementor-widget elementor-widget-heading\" data-id=\"7e20104\" data-element_type=\"widget\" data-e-type=\"widget\" data-widget_type=\"heading.default\">\n\t\t\t\t<div class=\"elementor-widget-container\">\n\t\t\t\t\t<h2 class=\"elementor-heading-title elementor-size-default\">Produkt-Temperatur<\/h2>\t\t\t\t<\/div>\n\t\t\t\t<\/div>\n\t\t\t\t<div class=\"elementor-element elementor-element-7d9f957 elementor-widget elementor-widget-text-editor\" data-id=\"7d9f957\" data-element_type=\"widget\" data-e-type=\"widget\" data-widget_type=\"text-editor.default\">\n\t\t\t\t<div class=\"elementor-widget-container\">\n\t\t\t\t\t\t\t\t\t<p>+2\u00b0C ~ +8\u00b0C<\/p>\t\t\t\t\t\t\t\t<\/div>\n\t\t\t\t<\/div>\n\t\t\t\t<div class=\"elementor-element elementor-element-c3bfab8 elementor-widget elementor-widget-heading\" data-id=\"c3bfab8\" data-element_type=\"widget\" data-e-type=\"widget\" data-widget_type=\"heading.default\">\n\t\t\t\t<div class=\"elementor-widget-container\">\n\t\t\t\t\t<h2 class=\"elementor-heading-title elementor-size-default\">Umgebungstemperatur<\/h2>\t\t\t\t<\/div>\n\t\t\t\t<\/div>\n\t\t\t\t<div class=\"elementor-element elementor-element-d01888d elementor-widget elementor-widget-text-editor\" data-id=\"d01888d\" data-element_type=\"widget\" data-e-type=\"widget\" data-widget_type=\"text-editor.default\">\n\t\t\t\t<div class=\"elementor-widget-container\">\n\t\t\t\t\t\t\t\t\t<ul><li>Interkontinentaler Verkehr<\/li><li>Luftfracht<\/li><li>Kleine Flugzeuge<\/li><li>Einweg-Versand<\/li><li>Globale Gesundheitsversorgung<\/li><\/ul>\t\t\t\t\t\t\t\t<\/div>\n\t\t\t\t<\/div>\n\t\t\t\t<div class=\"elementor-element elementor-element-8408d32 elementor-widget elementor-widget-heading\" data-id=\"8408d32\" data-element_type=\"widget\" data-e-type=\"widget\" data-widget_type=\"heading.default\">\n\t\t\t\t<div class=\"elementor-widget-container\">\n\t\t\t\t\t<h2 class=\"elementor-heading-title elementor-size-default\">Aufgabenstellung<\/h2>\t\t\t\t<\/div>\n\t\t\t\t<\/div>\n\t\t\t\t<div class=\"elementor-element elementor-element-82548da elementor-widget elementor-widget-text-editor\" data-id=\"82548da\" data-element_type=\"widget\" data-e-type=\"widget\" data-widget_type=\"text-editor.default\">\n\t\t\t\t<div class=\"elementor-widget-container\">\n\t\t\t\t\t\t\t\t\t<p>Ein renommiertes Unternehmen, das pharmazeutische K\u00fchlkettendienstleistungen anbietet, sucht eine kleine, passiv gek\u00fchlte Thermobox f\u00fcr den weltweiten Versand von Produkten mit einer Temperatur von +2 bis +8 \u00b0 C.<\/p>\t\t\t\t\t\t\t\t<\/div>\n\t\t\t\t<\/div>\n\t\t\t\t<div class=\"elementor-element elementor-element-5895e73 elementor-widget elementor-widget-heading\" data-id=\"5895e73\" data-element_type=\"widget\" data-e-type=\"widget\" data-widget_type=\"heading.default\">\n\t\t\t\t<div class=\"elementor-widget-container\">\n\t\t\t\t\t<h2 class=\"elementor-heading-title elementor-size-default\">L\u00f6sung<\/h2>\t\t\t\t<\/div>\n\t\t\t\t<\/div>\n\t\t\t\t<div class=\"elementor-element elementor-element-cde083a elementor-widget elementor-widget-text-editor\" data-id=\"cde083a\" data-element_type=\"widget\" data-e-type=\"widget\" data-widget_type=\"text-editor.default\">\n\t\t\t\t<div class=\"elementor-widget-container\">\n\t\t\t\t\t\t\t\t\t<p>Expanded Polystyrene (EPS) Box 50L Long Range kann mit Vakuumpaneelen kombiniert werden.<\/p>\t\t\t\t\t\t\t\t<\/div>\n\t\t\t\t<\/div>\n\t\t\t\t<div class=\"elementor-element elementor-element-c288d8a elementor-widget elementor-widget-image\" data-id=\"c288d8a\" data-element_type=\"widget\" data-e-type=\"widget\" data-widget_type=\"image.default\">\n\t\t\t\t<div class=\"elementor-widget-container\">\n\t\t\t\t\t\t\t\t\t\t\t\t\t\t\t\t<a href=\"https:\/\/www.deltat.info\/wp-content\/uploads\/2020\/01\/fallstudie-eps-line-50l_boxes.jpg\" data-elementor-open-lightbox=\"yes\" data-elementor-lightbox-title=\"fallstudie - delta T eps-line-50l_boxes\" data-e-action-hash=\"#elementor-action%3Aaction%3Dlightbox%26settings%3DeyJpZCI6NjgyLCJ1cmwiOiJodHRwczpcL1wvd3d3LmRlbHRhdC5pbmZvXC93cC1jb250ZW50XC91cGxvYWRzXC8yMDIwXC8wMVwvZmFsbHN0dWRpZS1lcHMtbGluZS01MGxfYm94ZXMuanBnIn0%3D\">\n\t\t\t\t\t\t\t<img fetchpriority=\"high\" decoding=\"async\" width=\"768\" height=\"317\" src=\"https:\/\/www.deltat.info\/wp-content\/uploads\/2020\/01\/fallstudie-eps-line-50l_boxes-768x317.jpg\" class=\"attachment-medium_large size-medium_large wp-image-682\" alt=\"fallstudie - delta T eps-line-50l_boxes\" srcset=\"https:\/\/www.deltat.info\/wp-content\/uploads\/2020\/01\/fallstudie-eps-line-50l_boxes-768x317.jpg 768w, https:\/\/www.deltat.info\/wp-content\/uploads\/2020\/01\/fallstudie-eps-line-50l_boxes-300x124.jpg 300w, https:\/\/www.deltat.info\/wp-content\/uploads\/2020\/01\/fallstudie-eps-line-50l_boxes.jpg 868w\" sizes=\"(max-width: 768px) 100vw, 768px\" \/>\t\t\t\t\t\t\t\t<\/a>\n\t\t\t\t\t\t\t\t\t\t\t\t\t\t\t<\/div>\n\t\t\t\t<\/div>\n\t\t\t\t<div class=\"elementor-element elementor-element-e23f01e elementor-widget elementor-widget-text-editor\" data-id=\"e23f01e\" data-element_type=\"widget\" data-e-type=\"widget\" data-widget_type=\"text-editor.default\">\n\t\t\t\t<div class=\"elementor-widget-container\">\n\t\t\t\t\t\t\t\t\t<p>Delta T bot eine Isolations-EPS-Linie 50L mit gro\u00dfer Reichweite an, die f\u00fcr l\u00e4ngere Transportzeiten mit Vakuumpaneelen kombiniert werden kann. Dies wurde unter Ber\u00fccksichtigung der spezifischen Kundenanforderungen qualifiziert.<\/p><p>EPS 50L Long Range ist eine leichte, einfach zu handhabende Isolierbox. Ergonomische Griffe, um die Kraft des Aufpralls beim Herunterfallen der Box zu absorbieren. Dank der F\u00fc\u00dfe an der Unterseite lassen sich die Beh\u00e4lter mit einem Gabelstapler einfach transportieren. Das Design wurde entwickelt, um einen einfachen und sicheren Transport zu gew\u00e4hrleisten.<\/p>\t\t\t\t\t\t\t\t<\/div>\n\t\t\t\t<\/div>\n\t\t\t\t\t<\/div>\n\t\t<\/div>\n\t\t\t\t<div class=\"elementor-column elementor-col-50 elementor-top-column elementor-element elementor-element-53cb01a\" data-id=\"53cb01a\" data-element_type=\"column\" data-e-type=\"column\">\n\t\t\t<div class=\"elementor-widget-wrap elementor-element-populated\">\n\t\t\t\t\t\t<div class=\"elementor-element elementor-element-035d03c elementor-widget elementor-widget-heading\" data-id=\"035d03c\" data-element_type=\"widget\" data-e-type=\"widget\" data-widget_type=\"heading.default\">\n\t\t\t\t<div class=\"elementor-widget-container\">\n\t\t\t\t\t<h2 class=\"elementor-heading-title elementor-size-default\">Temperatur-Test<\/h2>\t\t\t\t<\/div>\n\t\t\t\t<\/div>\n\t\t\t\t<div class=\"elementor-element elementor-element-8e05566 elementor-widget elementor-widget-image\" data-id=\"8e05566\" data-element_type=\"widget\" data-e-type=\"widget\" data-widget_type=\"image.default\">\n\t\t\t\t<div class=\"elementor-widget-container\">\n\t\t\t\t\t\t\t\t\t\t\t\t<figure class=\"wp-caption\">\n\t\t\t\t\t\t\t\t\t\t\t<a href=\"https:\/\/www.deltat.info\/wp-content\/uploads\/2020\/01\/fallstudie-eps-line-50l_diagramm_cold.jpg\" data-elementor-open-lightbox=\"yes\" data-elementor-lightbox-title=\"fallstudie - delta T eps-line-50l_diagramm_cold\" data-e-action-hash=\"#elementor-action%3Aaction%3Dlightbox%26settings%3DeyJpZCI6Njk4LCJ1cmwiOiJodHRwczpcL1wvd3d3LmRlbHRhdC5pbmZvXC93cC1jb250ZW50XC91cGxvYWRzXC8yMDIwXC8wMVwvZmFsbHN0dWRpZS1lcHMtbGluZS01MGxfZGlhZ3JhbW1fY29sZC5qcGcifQ%3D%3D\">\n\t\t\t\t\t\t\t<img decoding=\"async\" src=\"https:\/\/www.deltat.info\/wp-content\/uploads\/elementor\/thumbs\/fallstudie-eps-line-50l_diagramm_cold-okajv8w7ecxfn08emsvapc92pmtciuw048sl8npykw.jpg\" title=\"fallstudie &#8211; delta T eps-line-50l_diagramm_cold\" alt=\"fallstudie - delta T eps-line-50l_diagramm_cold\" loading=\"lazy\" \/>\t\t\t\t\t\t\t\t<\/a>\n\t\t\t\t\t\t\t\t\t\t\t<figcaption class=\"widget-image-caption wp-caption-text\">K\u00fchlere Umgebung<\/figcaption>\n\t\t\t\t\t\t\t\t\t\t<\/figure>\n\t\t\t\t\t\t\t\t\t<\/div>\n\t\t\t\t<\/div>\n\t\t\t\t<div class=\"elementor-element elementor-element-6c3f707 elementor-widget elementor-widget-image\" data-id=\"6c3f707\" data-element_type=\"widget\" data-e-type=\"widget\" data-widget_type=\"image.default\">\n\t\t\t\t<div class=\"elementor-widget-container\">\n\t\t\t\t\t\t\t\t\t\t\t\t<figure class=\"wp-caption\">\n\t\t\t\t\t\t\t\t\t\t\t<a href=\"https:\/\/www.deltat.info\/wp-content\/uploads\/2020\/01\/fallstudie-eps-line-50l_diagramm_summer.jpg\" data-elementor-open-lightbox=\"yes\" data-elementor-lightbox-title=\"fallstudie -  delta T eps-line-50l_diagramm_summer\" data-e-action-hash=\"#elementor-action%3Aaction%3Dlightbox%26settings%3DeyJpZCI6Njk5LCJ1cmwiOiJodHRwczpcL1wvd3d3LmRlbHRhdC5pbmZvXC93cC1jb250ZW50XC91cGxvYWRzXC8yMDIwXC8wMVwvZmFsbHN0dWRpZS1lcHMtbGluZS01MGxfZGlhZ3JhbW1fc3VtbWVyLmpwZyJ9\">\n\t\t\t\t\t\t\t<img decoding=\"async\" src=\"https:\/\/www.deltat.info\/wp-content\/uploads\/elementor\/thumbs\/fallstudie-eps-line-50l_diagramm_summer-okajxuw2dsi3w0fvdxhzmoj645y1wl95t6158bulko.jpg\" title=\"fallstudie &#8211;  delta T eps-line-50l_diagramm_summer\" alt=\"Fallstudie - delta T eps-line-50l_diagramm_summer\" loading=\"lazy\" \/>\t\t\t\t\t\t\t\t<\/a>\n\t\t\t\t\t\t\t\t\t\t\t<figcaption class=\"widget-image-caption wp-caption-text\">Sommerliche Umgebung<\/figcaption>\n\t\t\t\t\t\t\t\t\t\t<\/figure>\n\t\t\t\t\t\t\t\t\t<\/div>\n\t\t\t\t<\/div>\n\t\t\t\t\t<\/div>\n\t\t<\/div>\n\t\t\t\t\t<\/div>\n\t\t<\/section>\n\t\t\t\t<\/div>","protected":false},"excerpt":{"rendered":"<p>Kunde Pharmazeutischer Hersteller Maximale Transportzeit 72-80 Stunden Produkt-Temperatur +2\u00b0C ~ +8\u00b0C Umgebungstemperatur Interkontinentaler Verkehr Luftfracht Kleine Flugzeuge Einweg-Versand Globale Gesundheitsversorgung Aufgabenstellung Ein renommiertes Unternehmen, das pharmazeutische K\u00fchlkettendienstleistungen anbietet, sucht eine kleine, passiv gek\u00fchlte Thermobox f\u00fcr den weltweiten Versand von Produkten mit einer Temperatur von +2 bis +8 \u00b0 C. L\u00f6sung Expanded Polystyrene (EPS) Box 50L &#8230; <a title=\"Einweg Isolierbox f\u00fcr 50L 2\u00b0C bis 8\u00b0C f\u00fcr 72 Stunden\" class=\"read-more\" href=\"https:\/\/www.deltat.info\/fr\/fallstudien\/einweg-isolierbox-50l-2-bis-8-grad\/\" aria-label=\"En savoir plus sur Einweg Isolierbox f\u00fcr 50L 2\u00b0C bis 8\u00b0C f\u00fcr 72 Stunden\">Lire la suite<\/a><\/p>","protected":false},"author":1,"featured_media":0,"parent":676,"menu_order":0,"comment_status":"closed","ping_status":"closed","template":"","meta":{"footnotes":""},"class_list":["post-692","page","type-page","status-publish"],"yoast_head":"<!-- This site is optimized with the Yoast SEO plugin v27.4 - https:\/\/yoast.com\/product\/yoast-seo-wordpress\/ -->\n<title>Einweg Isolierbox f\u00fcr 50L 2\u00b0C bis 8\u00b0C f\u00fcr 72 Stunden - delta T<\/title>\n<meta name=\"description\" content=\"Die delta T Einweg Isolierbox 50L h\u00e4lt eine Temperatur von 2\u00b0C bis 8\u00b0C f\u00fcr 72 Stunden und ist somit ideal f\u00fcr Interkontinentaler Verkehr.\" \/>\n<meta name=\"robots\" content=\"index, follow, max-snippet:-1, max-image-preview:large, max-video-preview:-1\" \/>\n<link rel=\"canonical\" href=\"https:\/\/www.deltat.info\/fr\/fallstudien\/einweg-isolierbox-50l-2-bis-8-grad\/\" \/>\n<meta name=\"twitter:label1\" content=\"Dur\u00e9e de lecture estim\u00e9e\" \/>\n\t<meta name=\"twitter:data1\" content=\"1 minute\" \/>\n<script type=\"application\/ld+json\" class=\"yoast-schema-graph\">{\"@context\":\"https:\\\/\\\/schema.org\",\"@graph\":[{\"@type\":\"WebPage\",\"@id\":\"https:\\\/\\\/www.deltat.info\\\/fallstudien\\\/einweg-isolierbox-50l-2-bis-8-grad\\\/\",\"url\":\"https:\\\/\\\/www.deltat.info\\\/fallstudien\\\/einweg-isolierbox-50l-2-bis-8-grad\\\/\",\"name\":\"Einweg Isolierbox f\u00fcr 50L 2\u00b0C bis 8\u00b0C f\u00fcr 72 Stunden - delta T\",\"isPartOf\":{\"@id\":\"https:\\\/\\\/www.deltat.info\\\/#website\"},\"primaryImageOfPage\":{\"@id\":\"https:\\\/\\\/www.deltat.info\\\/fallstudien\\\/einweg-isolierbox-50l-2-bis-8-grad\\\/#primaryimage\"},\"image\":{\"@id\":\"https:\\\/\\\/www.deltat.info\\\/fallstudien\\\/einweg-isolierbox-50l-2-bis-8-grad\\\/#primaryimage\"},\"thumbnailUrl\":\"https:\\\/\\\/www.deltat.info\\\/wp-content\\\/uploads\\\/2020\\\/01\\\/fallstudie-eps-line-50l_boxes-768x317.jpg\",\"datePublished\":\"2020-01-27T16:16:37+00:00\",\"dateModified\":\"2020-05-14T18:46:40+00:00\",\"description\":\"Die delta T Einweg Isolierbox 50L h\u00e4lt eine Temperatur von 2\u00b0C bis 8\u00b0C f\u00fcr 72 Stunden und ist somit ideal f\u00fcr Interkontinentaler Verkehr.\",\"breadcrumb\":{\"@id\":\"https:\\\/\\\/www.deltat.info\\\/fallstudien\\\/einweg-isolierbox-50l-2-bis-8-grad\\\/#breadcrumb\"},\"inLanguage\":\"fr-FR\",\"potentialAction\":[{\"@type\":\"ReadAction\",\"target\":[\"https:\\\/\\\/www.deltat.info\\\/fallstudien\\\/einweg-isolierbox-50l-2-bis-8-grad\\\/\"]}]},{\"@type\":\"ImageObject\",\"inLanguage\":\"fr-FR\",\"@id\":\"https:\\\/\\\/www.deltat.info\\\/fallstudien\\\/einweg-isolierbox-50l-2-bis-8-grad\\\/#primaryimage\",\"url\":\"https:\\\/\\\/www.deltat.info\\\/wp-content\\\/uploads\\\/2020\\\/01\\\/fallstudie-eps-line-50l_boxes-768x317.jpg\",\"contentUrl\":\"https:\\\/\\\/www.deltat.info\\\/wp-content\\\/uploads\\\/2020\\\/01\\\/fallstudie-eps-line-50l_boxes-768x317.jpg\"},{\"@type\":\"BreadcrumbList\",\"@id\":\"https:\\\/\\\/www.deltat.info\\\/fallstudien\\\/einweg-isolierbox-50l-2-bis-8-grad\\\/#breadcrumb\",\"itemListElement\":[{\"@type\":\"ListItem\",\"position\":1,\"name\":\"Startseite\",\"item\":\"https:\\\/\\\/www.deltat.info\\\/\"},{\"@type\":\"ListItem\",\"position\":2,\"name\":\"Fallstudien\",\"item\":\"https:\\\/\\\/www.deltat.info\\\/fallstudien\\\/\"},{\"@type\":\"ListItem\",\"position\":3,\"name\":\"Einweg Isolierbox f\u00fcr 50L 2\u00b0C bis 8\u00b0C f\u00fcr 72 Stunden\"}]},{\"@type\":\"WebSite\",\"@id\":\"https:\\\/\\\/www.deltat.info\\\/#website\",\"url\":\"https:\\\/\\\/www.deltat.info\\\/\",\"name\":\"delta T Gesellschaft f\u00fcr Medizintechnik mbH\",\"description\":\"Die delta T Gesellschaft f\u00fcr Medizintechnik mbH entwickelt und produziert Transportl\u00f6sungen f\u00fcr temperatursensible Produkte wie Arzneimittel, Blut, Organe oder andere K\u00fchlprodukte der Medizin.\",\"publisher\":{\"@id\":\"https:\\\/\\\/www.deltat.info\\\/#organization\"},\"potentialAction\":[{\"@type\":\"SearchAction\",\"target\":{\"@type\":\"EntryPoint\",\"urlTemplate\":\"https:\\\/\\\/www.deltat.info\\\/?s={search_term_string}\"},\"query-input\":{\"@type\":\"PropertyValueSpecification\",\"valueRequired\":true,\"valueName\":\"search_term_string\"}}],\"inLanguage\":\"fr-FR\"},{\"@type\":\"Organization\",\"@id\":\"https:\\\/\\\/www.deltat.info\\\/#organization\",\"name\":\"delta T Gesellschaft f\u00fcr Medizintechnik mbH\",\"url\":\"https:\\\/\\\/www.deltat.info\\\/\",\"logo\":{\"@type\":\"ImageObject\",\"inLanguage\":\"fr-FR\",\"@id\":\"https:\\\/\\\/www.deltat.info\\\/#\\\/schema\\\/logo\\\/image\\\/\",\"url\":\"https:\\\/\\\/www.deltat.info\\\/wp-content\\\/uploads\\\/2020\\\/02\\\/delta-t-logo-2020.png\",\"contentUrl\":\"https:\\\/\\\/www.deltat.info\\\/wp-content\\\/uploads\\\/2020\\\/02\\\/delta-t-logo-2020.png\",\"width\":202,\"height\":80,\"caption\":\"delta T Gesellschaft f\u00fcr Medizintechnik mbH\"},\"image\":{\"@id\":\"https:\\\/\\\/www.deltat.info\\\/#\\\/schema\\\/logo\\\/image\\\/\"},\"sameAs\":[\"https:\\\/\\\/www.facebook.com\\\/Delta-T-GmbH-1250957958263459\\\/\",\"https:\\\/\\\/x.com\\\/deltaT_global\",\"https:\\\/\\\/www.linkedin.com\\\/company\\\/delta-t-gmbh\",\"https:\\\/\\\/www.youtube.com\\\/channel\\\/UCu10jeTdpr6Mehzqe_QMK3Q\"]}]}<\/script>\n<!-- \/ Yoast SEO plugin. -->","yoast_head_json":{"title":"Einweg Isolierbox f\u00fcr 50L 2\u00b0C bis 8\u00b0C f\u00fcr 72 Stunden - delta T","description":"Die delta T Einweg Isolierbox 50L h\u00e4lt eine Temperatur von 2\u00b0C bis 8\u00b0C f\u00fcr 72 Stunden und ist somit ideal f\u00fcr Interkontinentaler Verkehr.","robots":{"index":"index","follow":"follow","max-snippet":"max-snippet:-1","max-image-preview":"max-image-preview:large","max-video-preview":"max-video-preview:-1"},"canonical":"https:\/\/www.deltat.info\/fr\/fallstudien\/einweg-isolierbox-50l-2-bis-8-grad\/","twitter_misc":{"Dur\u00e9e de lecture estim\u00e9e":"1 minute"},"schema":{"@context":"https:\/\/schema.org","@graph":[{"@type":"WebPage","@id":"https:\/\/www.deltat.info\/fallstudien\/einweg-isolierbox-50l-2-bis-8-grad\/","url":"https:\/\/www.deltat.info\/fallstudien\/einweg-isolierbox-50l-2-bis-8-grad\/","name":"Einweg Isolierbox f\u00fcr 50L 2\u00b0C bis 8\u00b0C f\u00fcr 72 Stunden - delta T","isPartOf":{"@id":"https:\/\/www.deltat.info\/#website"},"primaryImageOfPage":{"@id":"https:\/\/www.deltat.info\/fallstudien\/einweg-isolierbox-50l-2-bis-8-grad\/#primaryimage"},"image":{"@id":"https:\/\/www.deltat.info\/fallstudien\/einweg-isolierbox-50l-2-bis-8-grad\/#primaryimage"},"thumbnailUrl":"https:\/\/www.deltat.info\/wp-content\/uploads\/2020\/01\/fallstudie-eps-line-50l_boxes-768x317.jpg","datePublished":"2020-01-27T16:16:37+00:00","dateModified":"2020-05-14T18:46:40+00:00","description":"Die delta T Einweg Isolierbox 50L h\u00e4lt eine Temperatur von 2\u00b0C bis 8\u00b0C f\u00fcr 72 Stunden und ist somit ideal f\u00fcr Interkontinentaler Verkehr.","breadcrumb":{"@id":"https:\/\/www.deltat.info\/fallstudien\/einweg-isolierbox-50l-2-bis-8-grad\/#breadcrumb"},"inLanguage":"fr-FR","potentialAction":[{"@type":"ReadAction","target":["https:\/\/www.deltat.info\/fallstudien\/einweg-isolierbox-50l-2-bis-8-grad\/"]}]},{"@type":"ImageObject","inLanguage":"fr-FR","@id":"https:\/\/www.deltat.info\/fallstudien\/einweg-isolierbox-50l-2-bis-8-grad\/#primaryimage","url":"https:\/\/www.deltat.info\/wp-content\/uploads\/2020\/01\/fallstudie-eps-line-50l_boxes-768x317.jpg","contentUrl":"https:\/\/www.deltat.info\/wp-content\/uploads\/2020\/01\/fallstudie-eps-line-50l_boxes-768x317.jpg"},{"@type":"BreadcrumbList","@id":"https:\/\/www.deltat.info\/fallstudien\/einweg-isolierbox-50l-2-bis-8-grad\/#breadcrumb","itemListElement":[{"@type":"ListItem","position":1,"name":"Startseite","item":"https:\/\/www.deltat.info\/"},{"@type":"ListItem","position":2,"name":"Fallstudien","item":"https:\/\/www.deltat.info\/fallstudien\/"},{"@type":"ListItem","position":3,"name":"Einweg Isolierbox f\u00fcr 50L 2\u00b0C bis 8\u00b0C f\u00fcr 72 Stunden"}]},{"@type":"WebSite","@id":"https:\/\/www.deltat.info\/#website","url":"https:\/\/www.deltat.info\/","name":"delta T Gesellschaft f\u00fcr Medizintechnik mbH","description":"Die delta T Gesellschaft f\u00fcr Medizintechnik mbH entwickelt und produziert Transportl\u00f6sungen f\u00fcr temperatursensible Produkte wie Arzneimittel, Blut, Organe oder andere K\u00fchlprodukte der Medizin.","publisher":{"@id":"https:\/\/www.deltat.info\/#organization"},"potentialAction":[{"@type":"SearchAction","target":{"@type":"EntryPoint","urlTemplate":"https:\/\/www.deltat.info\/?s={search_term_string}"},"query-input":{"@type":"PropertyValueSpecification","valueRequired":true,"valueName":"search_term_string"}}],"inLanguage":"fr-FR"},{"@type":"Organization","@id":"https:\/\/www.deltat.info\/#organization","name":"delta T Gesellschaft f\u00fcr Medizintechnik mbH","url":"https:\/\/www.deltat.info\/","logo":{"@type":"ImageObject","inLanguage":"fr-FR","@id":"https:\/\/www.deltat.info\/#\/schema\/logo\/image\/","url":"https:\/\/www.deltat.info\/wp-content\/uploads\/2020\/02\/delta-t-logo-2020.png","contentUrl":"https:\/\/www.deltat.info\/wp-content\/uploads\/2020\/02\/delta-t-logo-2020.png","width":202,"height":80,"caption":"delta T Gesellschaft f\u00fcr Medizintechnik mbH"},"image":{"@id":"https:\/\/www.deltat.info\/#\/schema\/logo\/image\/"},"sameAs":["https:\/\/www.facebook.com\/Delta-T-GmbH-1250957958263459\/","https:\/\/x.com\/deltaT_global","https:\/\/www.linkedin.com\/company\/delta-t-gmbh","https:\/\/www.youtube.com\/channel\/UCu10jeTdpr6Mehzqe_QMK3Q"]}]}},"_links":{"self":[{"href":"https:\/\/www.deltat.info\/fr\/wp-json\/wp\/v2\/pages\/692","targetHints":{"allow":["GET"]}}],"collection":[{"href":"https:\/\/www.deltat.info\/fr\/wp-json\/wp\/v2\/pages"}],"about":[{"href":"https:\/\/www.deltat.info\/fr\/wp-json\/wp\/v2\/types\/page"}],"author":[{"embeddable":true,"href":"https:\/\/www.deltat.info\/fr\/wp-json\/wp\/v2\/users\/1"}],"replies":[{"embeddable":true,"href":"https:\/\/www.deltat.info\/fr\/wp-json\/wp\/v2\/comments?post=692"}],"version-history":[{"count":15,"href":"https:\/\/www.deltat.info\/fr\/wp-json\/wp\/v2\/pages\/692\/revisions"}],"predecessor-version":[{"id":1912,"href":"https:\/\/www.deltat.info\/fr\/wp-json\/wp\/v2\/pages\/692\/revisions\/1912"}],"up":[{"embeddable":true,"href":"https:\/\/www.deltat.info\/fr\/wp-json\/wp\/v2\/pages\/676"}],"wp:attachment":[{"href":"https:\/\/www.deltat.info\/fr\/wp-json\/wp\/v2\/media?parent=692"}],"curies":[{"name":"wp","href":"https:\/\/api.w.org\/{rel}","templated":true}]}}