{"id":751,"date":"2020-01-28T12:59:49","date_gmt":"2020-01-28T11:59:49","guid":{"rendered":"http:\/\/neuesweb.deltat.de\/?page_id=751"},"modified":"2020-05-14T20:47:37","modified_gmt":"2020-05-14T18:47:37","slug":"mehrweg-isolierbox-fuer-2c-bis-8c-fuer-80-stunden","status":"publish","type":"page","link":"https:\/\/www.deltat.info\/fr\/fallstudien\/mehrweg-isolierbox-fuer-2c-bis-8c-fuer-80-stunden\/","title":{"rendered":"Mehrweg Isolierbox f\u00fcr 2\u00b0C bis 8\u00b0C f\u00fcr 80 Stunden"},"content":{"rendered":"<div data-elementor-type=\"wp-page\" data-elementor-id=\"751\" class=\"elementor elementor-751\" data-elementor-post-type=\"page\">\n\t\t\t\t\t\t<section class=\"elementor-section elementor-top-section elementor-element elementor-element-71517922 elementor-section-boxed elementor-section-height-default elementor-section-height-default\" data-id=\"71517922\" data-element_type=\"section\" data-e-type=\"section\">\n\t\t\t\t\t\t<div class=\"elementor-container elementor-column-gap-default\">\n\t\t\t\t\t<div class=\"elementor-column elementor-col-100 elementor-top-column elementor-element elementor-element-6ecea00d\" data-id=\"6ecea00d\" data-element_type=\"column\" data-e-type=\"column\">\n\t\t\t<div class=\"elementor-widget-wrap elementor-element-populated\">\n\t\t\t\t\t\t<div class=\"elementor-element elementor-element-440c151c elementor-widget elementor-widget-global elementor-global-295 elementor-widget-heading\" data-id=\"440c151c\" data-element_type=\"widget\" data-e-type=\"widget\" data-widget_type=\"heading.default\">\n\t\t\t\t<div class=\"elementor-widget-container\">\n\t\t\t\t\t<h1 class=\"elementor-heading-title elementor-size-default\">Mehrweg Isolierbox f\u00fcr 2\u00b0C bis 8\u00b0C f\u00fcr 80 Stunden<\/h1>\t\t\t\t<\/div>\n\t\t\t\t<\/div>\n\t\t\t\t<div class=\"elementor-element elementor-element-83e8f1e elementor-widget-divider--view-line elementor-widget elementor-widget-divider\" data-id=\"83e8f1e\" data-element_type=\"widget\" data-e-type=\"widget\" data-widget_type=\"divider.default\">\n\t\t\t\t<div class=\"elementor-widget-container\">\n\t\t\t\t\t\t\t<div class=\"elementor-divider\">\n\t\t\t<span class=\"elementor-divider-separator\">\n\t\t\t\t\t\t<\/span>\n\t\t<\/div>\n\t\t\t\t\t\t<\/div>\n\t\t\t\t<\/div>\n\t\t\t\t\t<\/div>\n\t\t<\/div>\n\t\t\t\t\t<\/div>\n\t\t<\/section>\n\t\t\t\t<section class=\"elementor-section elementor-top-section elementor-element elementor-element-d4469fb elementor-section-boxed elementor-section-height-default elementor-section-height-default\" data-id=\"d4469fb\" data-element_type=\"section\" data-e-type=\"section\">\n\t\t\t\t\t\t<div class=\"elementor-container elementor-column-gap-default\">\n\t\t\t\t\t<div class=\"elementor-column elementor-col-50 elementor-top-column elementor-element elementor-element-22beb7b9\" data-id=\"22beb7b9\" data-element_type=\"column\" data-e-type=\"column\">\n\t\t\t<div class=\"elementor-widget-wrap elementor-element-populated\">\n\t\t\t\t\t\t<div class=\"elementor-element elementor-element-11e253f2 elementor-widget elementor-widget-heading\" data-id=\"11e253f2\" data-element_type=\"widget\" data-e-type=\"widget\" data-widget_type=\"heading.default\">\n\t\t\t\t<div class=\"elementor-widget-container\">\n\t\t\t\t\t<h2 class=\"elementor-heading-title elementor-size-default\">Kunde<\/h2>\t\t\t\t<\/div>\n\t\t\t\t<\/div>\n\t\t\t\t<div class=\"elementor-element elementor-element-26c1a0f9 elementor-widget elementor-widget-text-editor\" data-id=\"26c1a0f9\" data-element_type=\"widget\" data-e-type=\"widget\" data-widget_type=\"text-editor.default\">\n\t\t\t\t<div class=\"elementor-widget-container\">\n\t\t\t\t\t\t\t\t\t<p>Pharmazeutischer Gro\u00dfh\u00e4ndler<\/p>\t\t\t\t\t\t\t\t<\/div>\n\t\t\t\t<\/div>\n\t\t\t\t<div class=\"elementor-element elementor-element-193a771a elementor-widget elementor-widget-heading\" data-id=\"193a771a\" data-element_type=\"widget\" data-e-type=\"widget\" data-widget_type=\"heading.default\">\n\t\t\t\t<div class=\"elementor-widget-container\">\n\t\t\t\t\t<h2 class=\"elementor-heading-title elementor-size-default\">Maximale Transportzeit<\/h2>\t\t\t\t<\/div>\n\t\t\t\t<\/div>\n\t\t\t\t<div class=\"elementor-element elementor-element-142ad08d elementor-widget elementor-widget-text-editor\" data-id=\"142ad08d\" data-element_type=\"widget\" data-e-type=\"widget\" data-widget_type=\"text-editor.default\">\n\t\t\t\t<div class=\"elementor-widget-container\">\n\t\t\t\t\t\t\t\t\t<p>72-80 Stunden<\/p>\t\t\t\t\t\t\t\t<\/div>\n\t\t\t\t<\/div>\n\t\t\t\t<div class=\"elementor-element elementor-element-10ec494e elementor-widget elementor-widget-heading\" data-id=\"10ec494e\" data-element_type=\"widget\" data-e-type=\"widget\" data-widget_type=\"heading.default\">\n\t\t\t\t<div class=\"elementor-widget-container\">\n\t\t\t\t\t<h2 class=\"elementor-heading-title elementor-size-default\">Produkt-Temperatur<\/h2>\t\t\t\t<\/div>\n\t\t\t\t<\/div>\n\t\t\t\t<div class=\"elementor-element elementor-element-19337e48 elementor-widget elementor-widget-text-editor\" data-id=\"19337e48\" data-element_type=\"widget\" data-e-type=\"widget\" data-widget_type=\"text-editor.default\">\n\t\t\t\t<div class=\"elementor-widget-container\">\n\t\t\t\t\t\t\t\t\t<p>+2\u00b0C ~ +8\u00b0C<\/p>\t\t\t\t\t\t\t\t<\/div>\n\t\t\t\t<\/div>\n\t\t\t\t<div class=\"elementor-element elementor-element-58fcf2fd elementor-widget elementor-widget-heading\" data-id=\"58fcf2fd\" data-element_type=\"widget\" data-e-type=\"widget\" data-widget_type=\"heading.default\">\n\t\t\t\t<div class=\"elementor-widget-container\">\n\t\t\t\t\t<h2 class=\"elementor-heading-title elementor-size-default\">Umgebungstemperatur<\/h2>\t\t\t\t<\/div>\n\t\t\t\t<\/div>\n\t\t\t\t<div class=\"elementor-element elementor-element-7d74554f elementor-widget elementor-widget-text-editor\" data-id=\"7d74554f\" data-element_type=\"widget\" data-e-type=\"widget\" data-widget_type=\"text-editor.default\">\n\t\t\t\t<div class=\"elementor-widget-container\">\n\t\t\t\t\t\t\t\t\t<p>Stra\u00dfentransport innerhalb Europas, ganzj\u00e4hrig<\/p>\t\t\t\t\t\t\t\t<\/div>\n\t\t\t\t<\/div>\n\t\t\t\t<div class=\"elementor-element elementor-element-475f0d37 elementor-widget elementor-widget-heading\" data-id=\"475f0d37\" data-element_type=\"widget\" data-e-type=\"widget\" data-widget_type=\"heading.default\">\n\t\t\t\t<div class=\"elementor-widget-container\">\n\t\t\t\t\t<h2 class=\"elementor-heading-title elementor-size-default\">Aufgabenstellung<\/h2>\t\t\t\t<\/div>\n\t\t\t\t<\/div>\n\t\t\t\t<div class=\"elementor-element elementor-element-56ffb32f elementor-widget elementor-widget-text-editor\" data-id=\"56ffb32f\" data-element_type=\"widget\" data-e-type=\"widget\" data-widget_type=\"text-editor.default\">\n\t\t\t\t<div class=\"elementor-widget-container\">\n\t\t\t\t\t\t\t\t\t<p>Auf Wunsch unseres Kunden muss das Verpackungsdesign in der Lage sein, die K\u00fchlkette im Winter und Sommer in Europa aufrechtzuerhalten.<\/p>\t\t\t\t\t\t\t\t<\/div>\n\t\t\t\t<\/div>\n\t\t\t\t<div class=\"elementor-element elementor-element-3eb6e844 elementor-widget elementor-widget-heading\" data-id=\"3eb6e844\" data-element_type=\"widget\" data-e-type=\"widget\" data-widget_type=\"heading.default\">\n\t\t\t\t<div class=\"elementor-widget-container\">\n\t\t\t\t\t<h2 class=\"elementor-heading-title elementor-size-default\">L\u00f6sung<\/h2>\t\t\t\t<\/div>\n\t\t\t\t<\/div>\n\t\t\t\t<div class=\"elementor-element elementor-element-6e5f9ede elementor-widget elementor-widget-text-editor\" data-id=\"6e5f9ede\" data-element_type=\"widget\" data-e-type=\"widget\" data-widget_type=\"text-editor.default\">\n\t\t\t\t<div class=\"elementor-widget-container\">\n\t\t\t\t\t\t\t\t\t<p>TVB 11L\u00a0<\/p><p>Ein einsetzbarer Beh\u00e4lter, der mit Vakuumisolationsplatten (VIP) und NEOPOR mit einem transparenten Inliner isoliert ist. Ein VIP-isolierter EPP-Deckel mit einer transparenten Dispobox f\u00fcr den Dokumentenhalter mit Vakuum-Inliner.<\/p><p>Zus\u00e4tzlich mit 3 St\u00fcck 4\u00b0C-Akkus S 1L.<\/p>\t\t\t\t\t\t\t\t<\/div>\n\t\t\t\t<\/div>\n\t\t\t\t<div class=\"elementor-element elementor-element-1bca28bd elementor-widget elementor-widget-image\" data-id=\"1bca28bd\" data-element_type=\"widget\" data-e-type=\"widget\" data-widget_type=\"image.default\">\n\t\t\t\t<div class=\"elementor-widget-container\">\n\t\t\t\t\t\t\t\t\t\t\t\t\t\t\t\t<a href=\"https:\/\/www.deltat.info\/wp-content\/uploads\/2020\/01\/fallstudie-voigt-dispoboxes-1.jpg\" data-elementor-open-lightbox=\"yes\" data-elementor-lightbox-title=\"Fallstudie - Voigt delta T Dispoboxes\" data-e-action-hash=\"#elementor-action%3Aaction%3Dlightbox%26settings%3DeyJpZCI6NzUzLCJ1cmwiOiJodHRwczpcL1wvd3d3LmRlbHRhdC5pbmZvXC93cC1jb250ZW50XC91cGxvYWRzXC8yMDIwXC8wMVwvZmFsbHN0dWRpZS12b2lndC1kaXNwb2JveGVzLTEuanBnIn0%3D\">\n\t\t\t\t\t\t\t<img decoding=\"async\" src=\"https:\/\/www.deltat.info\/wp-content\/uploads\/elementor\/thumbs\/fallstudie-voigt-dispoboxes-1-okbyo1nv4dn558zdngzlbvk9kb4v4xuvlngcv06ugq.jpg\" title=\"Fallstudie &#8211; Voigt delta T Dispoboxes\" alt=\"Fallstudie - Voigt delta T Dispoboxes\" loading=\"lazy\" \/>\t\t\t\t\t\t\t\t<\/a>\n\t\t\t\t\t\t\t\t\t\t\t\t\t\t\t<\/div>\n\t\t\t\t<\/div>\n\t\t\t\t<div class=\"elementor-element elementor-element-4fe1a71f elementor-widget elementor-widget-text-editor\" data-id=\"4fe1a71f\" data-element_type=\"widget\" data-e-type=\"widget\" data-widget_type=\"text-editor.default\">\n\t\t\t\t<div class=\"elementor-widget-container\">\n\t\t\t\t\t\t\t\t\t<p>delta T hat ein ma\u00dfgeschneidertes Verpackungssystem entwickelt, das das ganze Jahr \u00fcber eingesetzt werden kann.<\/p><p>In der Regel ist das System f\u00fcr den Einsatz in Lieferfahrzeugen ausgelegt. Durch das hochwirksame Isolationssystem sind die K\u00fchlelemente und die darin enthaltenen Produkte sehr sicher. Das Ergebnis ist eine ganzj\u00e4hrig einsetzbare L\u00f6sung.<\/p>\t\t\t\t\t\t\t\t<\/div>\n\t\t\t\t<\/div>\n\t\t\t\t\t<\/div>\n\t\t<\/div>\n\t\t\t\t<div class=\"elementor-column elementor-col-50 elementor-top-column elementor-element elementor-element-5eb3b17b\" data-id=\"5eb3b17b\" data-element_type=\"column\" data-e-type=\"column\">\n\t\t\t<div class=\"elementor-widget-wrap elementor-element-populated\">\n\t\t\t\t\t\t<div class=\"elementor-element elementor-element-85ecbda elementor-widget elementor-widget-heading\" data-id=\"85ecbda\" data-element_type=\"widget\" data-e-type=\"widget\" data-widget_type=\"heading.default\">\n\t\t\t\t<div class=\"elementor-widget-container\">\n\t\t\t\t\t<h2 class=\"elementor-heading-title elementor-size-default\">Temperatur-Test<\/h2>\t\t\t\t<\/div>\n\t\t\t\t<\/div>\n\t\t\t\t<div class=\"elementor-element elementor-element-4a92723e elementor-widget elementor-widget-image\" data-id=\"4a92723e\" data-element_type=\"widget\" data-e-type=\"widget\" data-widget_type=\"image.default\">\n\t\t\t\t<div class=\"elementor-widget-container\">\n\t\t\t\t\t\t\t\t\t\t\t\t<figure class=\"wp-caption\">\n\t\t\t\t\t\t\t\t\t\t\t<a href=\"https:\/\/www.deltat.info\/wp-content\/uploads\/2020\/01\/fallstudie-voigt-winter.jpg\" data-elementor-open-lightbox=\"yes\" data-elementor-lightbox-title=\"Fallstudie - Voigt-Winter\" data-e-action-hash=\"#elementor-action%3Aaction%3Dlightbox%26settings%3DeyJpZCI6NzU0LCJ1cmwiOiJodHRwczpcL1wvd3d3LmRlbHRhdC5pbmZvXC93cC1jb250ZW50XC91cGxvYWRzXC8yMDIwXC8wMVwvZmFsbHN0dWRpZS12b2lndC13aW50ZXIuanBnIn0%3D\">\n\t\t\t\t\t\t\t<img decoding=\"async\" src=\"https:\/\/www.deltat.info\/wp-content\/uploads\/elementor\/thumbs\/fallstudie-voigt-winter-okbytkxol3zsnzrdepb7lgac5hm3un2ibcumq3xnxg.jpg\" title=\"Fallstudie &#8211; Voigt-Winter\" alt=\"Fallstudie - Voigt-Winter\" loading=\"lazy\" \/>\t\t\t\t\t\t\t\t<\/a>\n\t\t\t\t\t\t\t\t\t\t\t<figcaption class=\"widget-image-caption wp-caption-text\">Winter-Szenario<\/figcaption>\n\t\t\t\t\t\t\t\t\t\t<\/figure>\n\t\t\t\t\t\t\t\t\t<\/div>\n\t\t\t\t<\/div>\n\t\t\t\t<div class=\"elementor-element elementor-element-2f548f06 elementor-widget elementor-widget-image\" data-id=\"2f548f06\" data-element_type=\"widget\" data-e-type=\"widget\" data-widget_type=\"image.default\">\n\t\t\t\t<div class=\"elementor-widget-container\">\n\t\t\t\t\t\t\t\t\t\t\t\t<figure class=\"wp-caption\">\n\t\t\t\t\t\t\t\t\t\t\t<a href=\"https:\/\/www.deltat.info\/wp-content\/uploads\/2020\/01\/fallstudie-voigt-summer.jpg\" data-elementor-open-lightbox=\"yes\" data-elementor-lightbox-title=\"Fallstudie - Voigt-Summer\" data-e-action-hash=\"#elementor-action%3Aaction%3Dlightbox%26settings%3DeyJpZCI6NzU1LCJ1cmwiOiJodHRwczpcL1wvd3d3LmRlbHRhdC5pbmZvXC93cC1jb250ZW50XC91cGxvYWRzXC8yMDIwXC8wMVwvZmFsbHN0dWRpZS12b2lndC1zdW1tZXIuanBnIn0%3D\">\n\t\t\t\t\t\t\t<img decoding=\"async\" src=\"https:\/\/www.deltat.info\/wp-content\/uploads\/elementor\/thumbs\/fallstudie-voigt-summer-okbyumj86hf9ke8rb5kad6srwwgsej7rsiy1x6dx4q.jpg\" title=\"Fallstudie &#8211; Voigt-Summer\" alt=\"Fallstudie - Voigt-Summer\" loading=\"lazy\" \/>\t\t\t\t\t\t\t\t<\/a>\n\t\t\t\t\t\t\t\t\t\t\t<figcaption class=\"widget-image-caption wp-caption-text\">Sommer-Szenario<\/figcaption>\n\t\t\t\t\t\t\t\t\t\t<\/figure>\n\t\t\t\t\t\t\t\t\t<\/div>\n\t\t\t\t<\/div>\n\t\t\t\t\t<\/div>\n\t\t<\/div>\n\t\t\t\t\t<\/div>\n\t\t<\/section>\n\t\t\t\t<\/div>","protected":false},"excerpt":{"rendered":"<p>Kunde Pharmazeutischer Gro\u00dfh\u00e4ndler Maximale Transportzeit 72-80 Stunden Produkt-Temperatur +2\u00b0C ~ +8\u00b0C Umgebungstemperatur Stra\u00dfentransport innerhalb Europas, ganzj\u00e4hrig Aufgabenstellung Auf Wunsch unseres Kunden muss das Verpackungsdesign in der Lage sein, die K\u00fchlkette im Winter und Sommer in Europa aufrechtzuerhalten. L\u00f6sung TVB 11L\u00a0 Ein einsetzbarer Beh\u00e4lter, der mit Vakuumisolationsplatten (VIP) und NEOPOR mit einem transparenten Inliner isoliert ist. &#8230; <a title=\"Mehrweg Isolierbox f\u00fcr 2\u00b0C bis 8\u00b0C f\u00fcr 80 Stunden\" class=\"read-more\" href=\"https:\/\/www.deltat.info\/fr\/fallstudien\/mehrweg-isolierbox-fuer-2c-bis-8c-fuer-80-stunden\/\" aria-label=\"En savoir plus sur Mehrweg Isolierbox f\u00fcr 2\u00b0C bis 8\u00b0C f\u00fcr 80 Stunden\">Lire la suite<\/a><\/p>","protected":false},"author":1,"featured_media":0,"parent":676,"menu_order":0,"comment_status":"closed","ping_status":"closed","template":"","meta":{"footnotes":""},"class_list":["post-751","page","type-page","status-publish"],"yoast_head":"<!-- This site is optimized with the Yoast SEO plugin v27.4 - https:\/\/yoast.com\/product\/yoast-seo-wordpress\/ -->\n<title>Mehrweg Isolierbox f\u00fcr 2\u00b0C bis 8\u00b0C f\u00fcr 80 Stunden - delta T<\/title>\n<meta name=\"description\" content=\"Auf Wunsch unseres Kunden muss das Verpackungsdesign in der Lage sein, die K\u00fchlkette im Winter und Sommer in Europa aufrechtzuerhalten: Mehrweg-Isolierbox.\" \/>\n<meta name=\"robots\" content=\"index, follow, max-snippet:-1, max-image-preview:large, max-video-preview:-1\" \/>\n<link rel=\"canonical\" href=\"https:\/\/www.deltat.info\/fr\/fallstudien\/mehrweg-isolierbox-fuer-2c-bis-8c-fuer-80-stunden\/\" \/>\n<meta name=\"twitter:label1\" content=\"Dur\u00e9e de lecture estim\u00e9e\" \/>\n\t<meta name=\"twitter:data1\" content=\"1 minute\" \/>\n<script type=\"application\/ld+json\" class=\"yoast-schema-graph\">{\"@context\":\"https:\\\/\\\/schema.org\",\"@graph\":[{\"@type\":\"WebPage\",\"@id\":\"https:\\\/\\\/www.deltat.info\\\/fallstudien\\\/mehrweg-isolierbox-fuer-2c-bis-8c-fuer-80-stunden\\\/\",\"url\":\"https:\\\/\\\/www.deltat.info\\\/fallstudien\\\/mehrweg-isolierbox-fuer-2c-bis-8c-fuer-80-stunden\\\/\",\"name\":\"Mehrweg Isolierbox f\u00fcr 2\u00b0C bis 8\u00b0C f\u00fcr 80 Stunden - delta T\",\"isPartOf\":{\"@id\":\"https:\\\/\\\/www.deltat.info\\\/#website\"},\"primaryImageOfPage\":{\"@id\":\"https:\\\/\\\/www.deltat.info\\\/fallstudien\\\/mehrweg-isolierbox-fuer-2c-bis-8c-fuer-80-stunden\\\/#primaryimage\"},\"image\":{\"@id\":\"https:\\\/\\\/www.deltat.info\\\/fallstudien\\\/mehrweg-isolierbox-fuer-2c-bis-8c-fuer-80-stunden\\\/#primaryimage\"},\"thumbnailUrl\":\"https:\\\/\\\/www.deltat.info\\\/wp-content\\\/uploads\\\/elementor\\\/thumbs\\\/fallstudie-voigt-dispoboxes-1-okbyo1nv4dn558zdngzlbvk9kb4v4xuvlngcv06uh0.jpg\",\"datePublished\":\"2020-01-28T11:59:49+00:00\",\"dateModified\":\"2020-05-14T18:47:37+00:00\",\"description\":\"Auf Wunsch unseres Kunden muss das Verpackungsdesign in der Lage sein, die K\u00fchlkette im Winter und Sommer in Europa aufrechtzuerhalten: Mehrweg-Isolierbox.\",\"breadcrumb\":{\"@id\":\"https:\\\/\\\/www.deltat.info\\\/fallstudien\\\/mehrweg-isolierbox-fuer-2c-bis-8c-fuer-80-stunden\\\/#breadcrumb\"},\"inLanguage\":\"fr-FR\",\"potentialAction\":[{\"@type\":\"ReadAction\",\"target\":[\"https:\\\/\\\/www.deltat.info\\\/fallstudien\\\/mehrweg-isolierbox-fuer-2c-bis-8c-fuer-80-stunden\\\/\"]}]},{\"@type\":\"ImageObject\",\"inLanguage\":\"fr-FR\",\"@id\":\"https:\\\/\\\/www.deltat.info\\\/fallstudien\\\/mehrweg-isolierbox-fuer-2c-bis-8c-fuer-80-stunden\\\/#primaryimage\",\"url\":\"https:\\\/\\\/www.deltat.info\\\/wp-content\\\/uploads\\\/elementor\\\/thumbs\\\/fallstudie-voigt-dispoboxes-1-okbyo1nv4dn558zdngzlbvk9kb4v4xuvlngcv06uh0.jpg\",\"contentUrl\":\"https:\\\/\\\/www.deltat.info\\\/wp-content\\\/uploads\\\/elementor\\\/thumbs\\\/fallstudie-voigt-dispoboxes-1-okbyo1nv4dn558zdngzlbvk9kb4v4xuvlngcv06uh0.jpg\"},{\"@type\":\"BreadcrumbList\",\"@id\":\"https:\\\/\\\/www.deltat.info\\\/fallstudien\\\/mehrweg-isolierbox-fuer-2c-bis-8c-fuer-80-stunden\\\/#breadcrumb\",\"itemListElement\":[{\"@type\":\"ListItem\",\"position\":1,\"name\":\"Startseite\",\"item\":\"https:\\\/\\\/www.deltat.info\\\/\"},{\"@type\":\"ListItem\",\"position\":2,\"name\":\"Fallstudien\",\"item\":\"https:\\\/\\\/www.deltat.info\\\/fallstudien\\\/\"},{\"@type\":\"ListItem\",\"position\":3,\"name\":\"Mehrweg Isolierbox f\u00fcr 2\u00b0C bis 8\u00b0C f\u00fcr 80 Stunden\"}]},{\"@type\":\"WebSite\",\"@id\":\"https:\\\/\\\/www.deltat.info\\\/#website\",\"url\":\"https:\\\/\\\/www.deltat.info\\\/\",\"name\":\"delta T Gesellschaft f\u00fcr Medizintechnik mbH\",\"description\":\"Die delta T Gesellschaft f\u00fcr Medizintechnik mbH entwickelt und produziert Transportl\u00f6sungen f\u00fcr temperatursensible Produkte wie Arzneimittel, Blut, Organe oder andere K\u00fchlprodukte der Medizin.\",\"publisher\":{\"@id\":\"https:\\\/\\\/www.deltat.info\\\/#organization\"},\"potentialAction\":[{\"@type\":\"SearchAction\",\"target\":{\"@type\":\"EntryPoint\",\"urlTemplate\":\"https:\\\/\\\/www.deltat.info\\\/?s={search_term_string}\"},\"query-input\":{\"@type\":\"PropertyValueSpecification\",\"valueRequired\":true,\"valueName\":\"search_term_string\"}}],\"inLanguage\":\"fr-FR\"},{\"@type\":\"Organization\",\"@id\":\"https:\\\/\\\/www.deltat.info\\\/#organization\",\"name\":\"delta T Gesellschaft f\u00fcr Medizintechnik mbH\",\"url\":\"https:\\\/\\\/www.deltat.info\\\/\",\"logo\":{\"@type\":\"ImageObject\",\"inLanguage\":\"fr-FR\",\"@id\":\"https:\\\/\\\/www.deltat.info\\\/#\\\/schema\\\/logo\\\/image\\\/\",\"url\":\"https:\\\/\\\/www.deltat.info\\\/wp-content\\\/uploads\\\/2020\\\/02\\\/delta-t-logo-2020.png\",\"contentUrl\":\"https:\\\/\\\/www.deltat.info\\\/wp-content\\\/uploads\\\/2020\\\/02\\\/delta-t-logo-2020.png\",\"width\":202,\"height\":80,\"caption\":\"delta T Gesellschaft f\u00fcr Medizintechnik mbH\"},\"image\":{\"@id\":\"https:\\\/\\\/www.deltat.info\\\/#\\\/schema\\\/logo\\\/image\\\/\"},\"sameAs\":[\"https:\\\/\\\/www.facebook.com\\\/Delta-T-GmbH-1250957958263459\\\/\",\"https:\\\/\\\/x.com\\\/deltaT_global\",\"https:\\\/\\\/www.linkedin.com\\\/company\\\/delta-t-gmbh\",\"https:\\\/\\\/www.youtube.com\\\/channel\\\/UCu10jeTdpr6Mehzqe_QMK3Q\"]}]}<\/script>\n<!-- \/ Yoast SEO plugin. -->","yoast_head_json":{"title":"Mehrweg Isolierbox f\u00fcr 2\u00b0C bis 8\u00b0C f\u00fcr 80 Stunden - delta T","description":"Auf Wunsch unseres Kunden muss das Verpackungsdesign in der Lage sein, die K\u00fchlkette im Winter und Sommer in Europa aufrechtzuerhalten: Mehrweg-Isolierbox.","robots":{"index":"index","follow":"follow","max-snippet":"max-snippet:-1","max-image-preview":"max-image-preview:large","max-video-preview":"max-video-preview:-1"},"canonical":"https:\/\/www.deltat.info\/fr\/fallstudien\/mehrweg-isolierbox-fuer-2c-bis-8c-fuer-80-stunden\/","twitter_misc":{"Dur\u00e9e de lecture estim\u00e9e":"1 minute"},"schema":{"@context":"https:\/\/schema.org","@graph":[{"@type":"WebPage","@id":"https:\/\/www.deltat.info\/fallstudien\/mehrweg-isolierbox-fuer-2c-bis-8c-fuer-80-stunden\/","url":"https:\/\/www.deltat.info\/fallstudien\/mehrweg-isolierbox-fuer-2c-bis-8c-fuer-80-stunden\/","name":"Mehrweg Isolierbox f\u00fcr 2\u00b0C bis 8\u00b0C f\u00fcr 80 Stunden - delta T","isPartOf":{"@id":"https:\/\/www.deltat.info\/#website"},"primaryImageOfPage":{"@id":"https:\/\/www.deltat.info\/fallstudien\/mehrweg-isolierbox-fuer-2c-bis-8c-fuer-80-stunden\/#primaryimage"},"image":{"@id":"https:\/\/www.deltat.info\/fallstudien\/mehrweg-isolierbox-fuer-2c-bis-8c-fuer-80-stunden\/#primaryimage"},"thumbnailUrl":"https:\/\/www.deltat.info\/wp-content\/uploads\/elementor\/thumbs\/fallstudie-voigt-dispoboxes-1-okbyo1nv4dn558zdngzlbvk9kb4v4xuvlngcv06uh0.jpg","datePublished":"2020-01-28T11:59:49+00:00","dateModified":"2020-05-14T18:47:37+00:00","description":"Auf Wunsch unseres Kunden muss das Verpackungsdesign in der Lage sein, die K\u00fchlkette im Winter und Sommer in Europa aufrechtzuerhalten: Mehrweg-Isolierbox.","breadcrumb":{"@id":"https:\/\/www.deltat.info\/fallstudien\/mehrweg-isolierbox-fuer-2c-bis-8c-fuer-80-stunden\/#breadcrumb"},"inLanguage":"fr-FR","potentialAction":[{"@type":"ReadAction","target":["https:\/\/www.deltat.info\/fallstudien\/mehrweg-isolierbox-fuer-2c-bis-8c-fuer-80-stunden\/"]}]},{"@type":"ImageObject","inLanguage":"fr-FR","@id":"https:\/\/www.deltat.info\/fallstudien\/mehrweg-isolierbox-fuer-2c-bis-8c-fuer-80-stunden\/#primaryimage","url":"https:\/\/www.deltat.info\/wp-content\/uploads\/elementor\/thumbs\/fallstudie-voigt-dispoboxes-1-okbyo1nv4dn558zdngzlbvk9kb4v4xuvlngcv06uh0.jpg","contentUrl":"https:\/\/www.deltat.info\/wp-content\/uploads\/elementor\/thumbs\/fallstudie-voigt-dispoboxes-1-okbyo1nv4dn558zdngzlbvk9kb4v4xuvlngcv06uh0.jpg"},{"@type":"BreadcrumbList","@id":"https:\/\/www.deltat.info\/fallstudien\/mehrweg-isolierbox-fuer-2c-bis-8c-fuer-80-stunden\/#breadcrumb","itemListElement":[{"@type":"ListItem","position":1,"name":"Startseite","item":"https:\/\/www.deltat.info\/"},{"@type":"ListItem","position":2,"name":"Fallstudien","item":"https:\/\/www.deltat.info\/fallstudien\/"},{"@type":"ListItem","position":3,"name":"Mehrweg Isolierbox f\u00fcr 2\u00b0C bis 8\u00b0C f\u00fcr 80 Stunden"}]},{"@type":"WebSite","@id":"https:\/\/www.deltat.info\/#website","url":"https:\/\/www.deltat.info\/","name":"delta T Gesellschaft f\u00fcr Medizintechnik mbH","description":"Die delta T Gesellschaft f\u00fcr Medizintechnik mbH entwickelt und produziert Transportl\u00f6sungen f\u00fcr temperatursensible Produkte wie Arzneimittel, Blut, Organe oder andere K\u00fchlprodukte der Medizin.","publisher":{"@id":"https:\/\/www.deltat.info\/#organization"},"potentialAction":[{"@type":"SearchAction","target":{"@type":"EntryPoint","urlTemplate":"https:\/\/www.deltat.info\/?s={search_term_string}"},"query-input":{"@type":"PropertyValueSpecification","valueRequired":true,"valueName":"search_term_string"}}],"inLanguage":"fr-FR"},{"@type":"Organization","@id":"https:\/\/www.deltat.info\/#organization","name":"delta T Gesellschaft f\u00fcr Medizintechnik mbH","url":"https:\/\/www.deltat.info\/","logo":{"@type":"ImageObject","inLanguage":"fr-FR","@id":"https:\/\/www.deltat.info\/#\/schema\/logo\/image\/","url":"https:\/\/www.deltat.info\/wp-content\/uploads\/2020\/02\/delta-t-logo-2020.png","contentUrl":"https:\/\/www.deltat.info\/wp-content\/uploads\/2020\/02\/delta-t-logo-2020.png","width":202,"height":80,"caption":"delta T Gesellschaft f\u00fcr Medizintechnik mbH"},"image":{"@id":"https:\/\/www.deltat.info\/#\/schema\/logo\/image\/"},"sameAs":["https:\/\/www.facebook.com\/Delta-T-GmbH-1250957958263459\/","https:\/\/x.com\/deltaT_global","https:\/\/www.linkedin.com\/company\/delta-t-gmbh","https:\/\/www.youtube.com\/channel\/UCu10jeTdpr6Mehzqe_QMK3Q"]}]}},"_links":{"self":[{"href":"https:\/\/www.deltat.info\/fr\/wp-json\/wp\/v2\/pages\/751","targetHints":{"allow":["GET"]}}],"collection":[{"href":"https:\/\/www.deltat.info\/fr\/wp-json\/wp\/v2\/pages"}],"about":[{"href":"https:\/\/www.deltat.info\/fr\/wp-json\/wp\/v2\/types\/page"}],"author":[{"embeddable":true,"href":"https:\/\/www.deltat.info\/fr\/wp-json\/wp\/v2\/users\/1"}],"replies":[{"embeddable":true,"href":"https:\/\/www.deltat.info\/fr\/wp-json\/wp\/v2\/comments?post=751"}],"version-history":[{"count":5,"href":"https:\/\/www.deltat.info\/fr\/wp-json\/wp\/v2\/pages\/751\/revisions"}],"predecessor-version":[{"id":1913,"href":"https:\/\/www.deltat.info\/fr\/wp-json\/wp\/v2\/pages\/751\/revisions\/1913"}],"up":[{"embeddable":true,"href":"https:\/\/www.deltat.info\/fr\/wp-json\/wp\/v2\/pages\/676"}],"wp:attachment":[{"href":"https:\/\/www.deltat.info\/fr\/wp-json\/wp\/v2\/media?parent=751"}],"curies":[{"name":"wp","href":"https:\/\/api.w.org\/{rel}","templated":true}]}}