{"id":771,"date":"2020-01-28T14:23:42","date_gmt":"2020-01-28T13:23:42","guid":{"rendered":"http:\/\/neuesweb.deltat.de\/?page_id=771"},"modified":"2021-12-15T09:03:00","modified_gmt":"2021-12-15T08:03:00","slug":"eps-pallet-shipper-1200l-fuer-crt","status":"publish","type":"page","link":"https:\/\/www.deltat.info\/fr\/fallstudien\/eps-pallet-shipper-1200l-fuer-crt\/","title":{"rendered":"EPS Pallet Shipper 1200L f\u00fcr CRT"},"content":{"rendered":"<div data-elementor-type=\"wp-page\" data-elementor-id=\"771\" class=\"elementor elementor-771\" data-elementor-post-type=\"page\">\n\t\t\t\t\t\t<section class=\"elementor-section elementor-top-section elementor-element elementor-element-189e11d elementor-section-boxed elementor-section-height-default elementor-section-height-default\" data-id=\"189e11d\" data-element_type=\"section\" data-e-type=\"section\" data-settings=\"{&quot;background_background&quot;:&quot;classic&quot;}\">\n\t\t\t\t\t\t<div class=\"elementor-container elementor-column-gap-default\">\n\t\t\t\t\t<div class=\"elementor-column elementor-col-100 elementor-top-column elementor-element elementor-element-25548f0\" data-id=\"25548f0\" data-element_type=\"column\" data-e-type=\"column\">\n\t\t\t<div class=\"elementor-widget-wrap elementor-element-populated\">\n\t\t\t\t\t\t<div class=\"elementor-element elementor-element-ca638bb elementor-widget elementor-widget-global elementor-global-295 elementor-widget-heading\" data-id=\"ca638bb\" data-element_type=\"widget\" data-e-type=\"widget\" data-widget_type=\"heading.default\">\n\t\t\t\t<div class=\"elementor-widget-container\">\n\t\t\t\t\t<h1 class=\"elementor-heading-title elementor-size-default\">EPS Pallet Shipper 1200L f\u00fcr CRT<\/h1>\t\t\t\t<\/div>\n\t\t\t\t<\/div>\n\t\t\t\t<div class=\"elementor-element elementor-element-eee7c25 elementor-widget elementor-widget-text-editor\" data-id=\"eee7c25\" data-element_type=\"widget\" data-e-type=\"widget\" data-widget_type=\"text-editor.default\">\n\t\t\t\t<div class=\"elementor-widget-container\">\n\t\t\t\t\t\t\t\t\t<p class=\"translation-block\">Ein deutscher Pharmakonzern m\u00f6chte seine Arzneimittel auf Euro und GMA Palette bei <i>Controlled Room Temperature<\/i>&nbsp;(CRT) von 15 bis 25\u00b0C weltweit per Luftfracht versenden.<\/p>\t\t\t\t\t\t\t\t<\/div>\n\t\t\t\t<\/div>\n\t\t\t\t\t<\/div>\n\t\t<\/div>\n\t\t\t\t\t<\/div>\n\t\t<\/section>\n\t\t\t\t<section class=\"elementor-section elementor-top-section elementor-element elementor-element-7b33c8b elementor-section-boxed elementor-section-height-default elementor-section-height-default\" data-id=\"7b33c8b\" data-element_type=\"section\" data-e-type=\"section\">\n\t\t\t\t\t\t<div class=\"elementor-container elementor-column-gap-default\">\n\t\t\t\t\t<div class=\"elementor-column elementor-col-100 elementor-top-column elementor-element elementor-element-db80369\" data-id=\"db80369\" data-element_type=\"column\" data-e-type=\"column\">\n\t\t\t<div class=\"elementor-widget-wrap elementor-element-populated\">\n\t\t\t\t\t\t<div class=\"elementor-element elementor-element-a7c35e0 elementor-widget elementor-widget-heading\" data-id=\"a7c35e0\" data-element_type=\"widget\" data-e-type=\"widget\" data-widget_type=\"heading.default\">\n\t\t\t\t<div class=\"elementor-widget-container\">\n\t\t\t\t\t<h2 class=\"elementor-heading-title elementor-size-default\">Die angebotene L\u00f6sung<\/h2>\t\t\t\t<\/div>\n\t\t\t\t<\/div>\n\t\t\t\t\t<\/div>\n\t\t<\/div>\n\t\t\t\t\t<\/div>\n\t\t<\/section>\n\t\t\t\t<section class=\"elementor-section elementor-top-section elementor-element elementor-element-f6415d1 elementor-section-boxed elementor-section-height-default elementor-section-height-default\" data-id=\"f6415d1\" data-element_type=\"section\" data-e-type=\"section\">\n\t\t\t\t\t\t<div class=\"elementor-container elementor-column-gap-default\">\n\t\t\t\t\t<div class=\"elementor-column elementor-col-50 elementor-top-column elementor-element elementor-element-59fbc21\" data-id=\"59fbc21\" data-element_type=\"column\" data-e-type=\"column\">\n\t\t\t<div class=\"elementor-widget-wrap elementor-element-populated\">\n\t\t\t\t\t\t<div class=\"elementor-element elementor-element-3eb1809 elementor-widget elementor-widget-image\" data-id=\"3eb1809\" data-element_type=\"widget\" data-e-type=\"widget\" data-widget_type=\"image.default\">\n\t\t\t\t<div class=\"elementor-widget-container\">\n\t\t\t\t\t\t\t\t\t\t\t\t\t\t\t<img decoding=\"async\" src=\"https:\/\/www.deltat.info\/wp-content\/uploads\/elementor\/thumbs\/fallstudie-pallet-shipper-okc2kinku7kjjs6nf1k214cnochtoaw58eyu073k84.jpg\" title=\"Fallstudie &#8211; delta T Pallet Shipper\" alt=\"Fallstudie - delta T Pallet Shipper\" loading=\"lazy\" \/>\t\t\t\t\t\t\t\t\t\t\t\t\t\t\t<\/div>\n\t\t\t\t<\/div>\n\t\t\t\t\t<\/div>\n\t\t<\/div>\n\t\t\t\t<div class=\"elementor-column elementor-col-50 elementor-top-column elementor-element elementor-element-28aba10\" data-id=\"28aba10\" data-element_type=\"column\" data-e-type=\"column\">\n\t\t\t<div class=\"elementor-widget-wrap elementor-element-populated\">\n\t\t\t\t\t\t<div class=\"elementor-element elementor-element-fd6184d elementor-widget elementor-widget-text-editor\" data-id=\"fd6184d\" data-element_type=\"widget\" data-e-type=\"widget\" data-widget_type=\"text-editor.default\">\n\t\t\t\t<div class=\"elementor-widget-container\">\n\t\t\t\t\t\t\t\t\t<p style=\"font-weight: 400;\">Bei internationalen Versand von temperaturgef\u00fchrten Arzneimittel z. B. bei 15 bis 25\u00b0C Transporten muss gew\u00e4hrleistet werden, dass auch beim Aus- oder Umladen keinerlei Temperatur\u00fcberschreitung auftritt.<br \/>Die delta T Pallet Shipper sind hierf\u00fcr die sicherste L\u00f6sung. Die delta T Fluid Elemente stabilisieren die Temperatur in der Verpackung im gew\u00fcnschten Bereich. Je nach Anzahl der 18C Akku S1L 3er Boards k\u00f6nnten Reichweiten von bis zu 168 Stunden erzielt werden.<\/p><p style=\"font-weight: 400;\">In dieser Fallstudie wird einen Euro Palette mit Arzneimitteln f\u00fcr 120 Stunden Standardtransportbedingungen ausgesetzt und optimal im Bereich von 15 bis 25\u00b0C gehalten.<\/p><p style=\"font-weight: 400;\">Die H\u00f6hen der Pallet Shipper sind optimal an die Frachtraumh\u00f6hen angepasst, so dass eine optimale Platzausnutzung m\u00f6glich wird.<\/p><p style=\"font-weight: 400;\">Im Bild ist in der Mitte die EPAL bzw. Euro Palette mit dem Produkt mit Abmessungen von 120 x 80 x 120 cm zu erkennen. Rundherum sind 18C Akku 3er Boards platziert. Mit einem Akkudeckel besteht die M\u00f6glichkeit noch zus\u00e4tzliche Reichweite zu erzielen.<\/p><p style=\"font-weight: 400;\">Das System kann bereits ohne die Ware komplett vorgepackt werden, so dass ein einfaches Platzieren des Payloads bzw. der Ware am Abholort m\u00f6glich ist.<\/p><p style=\"font-weight: 400;\">Vorteil gegen\u00fcber herk\u00f6mmlichen Systemen, bei denen die Paletten erst am Flughafen in entsprechenden K\u00fchlcontainer eingebracht werden, ist die Temperatursicherheit von Arzneimittelager bis zum Endabnehmer. W\u00e4rend der Transportkette sind keine besonderen Ma\u00dfnahmen erforderlich.<\/p>\t\t\t\t\t\t\t\t<\/div>\n\t\t\t\t<\/div>\n\t\t\t\t\t<\/div>\n\t\t<\/div>\n\t\t\t\t\t<\/div>\n\t\t<\/section>\n\t\t\t\t<section class=\"elementor-section elementor-top-section elementor-element elementor-element-b099e01 elementor-section-boxed elementor-section-height-default elementor-section-height-default\" data-id=\"b099e01\" data-element_type=\"section\" data-e-type=\"section\" data-settings=\"{&quot;background_background&quot;:&quot;classic&quot;}\">\n\t\t\t\t\t\t<div class=\"elementor-container elementor-column-gap-default\">\n\t\t\t\t\t<div class=\"elementor-column elementor-col-50 elementor-top-column elementor-element elementor-element-fde2896\" data-id=\"fde2896\" data-element_type=\"column\" data-e-type=\"column\">\n\t\t\t<div class=\"elementor-widget-wrap elementor-element-populated\">\n\t\t\t\t\t\t<div class=\"elementor-element elementor-element-03ac98a elementor-widget elementor-widget-image\" data-id=\"03ac98a\" data-element_type=\"widget\" data-e-type=\"widget\" data-widget_type=\"image.default\">\n\t\t\t\t<div class=\"elementor-widget-container\">\n\t\t\t\t\t\t\t\t\t\t\t\t\t\t\t<img decoding=\"async\" src=\"https:\/\/www.deltat.info\/wp-content\/uploads\/elementor\/thumbs\/fallstudie-pallet-shipper-skizze-okc2p0bthppv0pnt6zfvxzjxumcyg8pz6n6cjsfu18.png\" title=\"Fallstudie &#8211; delta T Pallet Shipper &#8211; Skizze\" alt=\"Fallstudie - delta T Pallet Shipper - Skizze\" loading=\"lazy\" \/>\t\t\t\t\t\t\t\t\t\t\t\t\t\t\t<\/div>\n\t\t\t\t<\/div>\n\t\t\t\t\t<\/div>\n\t\t<\/div>\n\t\t\t\t<div class=\"elementor-column elementor-col-50 elementor-top-column elementor-element elementor-element-ad9c81c\" data-id=\"ad9c81c\" data-element_type=\"column\" data-e-type=\"column\">\n\t\t\t<div class=\"elementor-widget-wrap elementor-element-populated\">\n\t\t\t\t\t\t<div class=\"elementor-element elementor-element-bc159ed elementor-widget elementor-widget-text-editor\" data-id=\"bc159ed\" data-element_type=\"widget\" data-e-type=\"widget\" data-widget_type=\"text-editor.default\">\n\t\t\t\t<div class=\"elementor-widget-container\">\n\t\t\t\t\t\t\t\t\t<p style=\"font-weight: 400;\">Das System besteht aus sechs Teilen. Boden, Deckel sowie kurzes und langes Seitenteil sind EPS Teile, die mit Aufnahmen f\u00fcr die Akku Boards ausgestattet sind. Die Ausf\u00fchrung gibt es f\u00fcr US Palette und EURO Palette in verschiedenen H\u00f6hen von 80 cm, 120 cm und 160 cm Au\u00dfenma\u00df.<\/p><p style=\"font-weight: 400;\">Die delta T Fluid Technologie erm\u00f6glicht es, das Medikament direkt den Fluid Elementen auf die Cold Chain Transport in Kontakt zu bringen und damit h\u00f6chste Temperaturstabilit\u00e4t zu garantieren. Verpackungsanweisungen und Validierungsreports sind vorhanden.<\/p><p style=\"font-weight: 400;\">Die genaue Konfiguration der verschiedenen Gr\u00f6\u00dfen mit Akkus k\u00f6nnen Sie der Produktseite entnehmen.<\/p>\t\t\t\t\t\t\t\t<\/div>\n\t\t\t\t<\/div>\n\t\t\t\t\t<\/div>\n\t\t<\/div>\n\t\t\t\t\t<\/div>\n\t\t<\/section>\n\t\t\t\t<\/div>","protected":false},"excerpt":{"rendered":"<p>Ein deutscher Pharmakonzern m\u00f6chte seine Arzneimittel auf Euro und GMA Palette bei Controlled Room Temperature\u00a0(CRT) von 15 bis 25\u00b0C weltweit per Luftfracht versenden.\u00a0 Die angebotene L\u00f6sung Bei internationalen Versand von temperaturgef\u00fchrten Arzneimittel z. B. bei 15 bis 25\u00b0C Transporten muss gew\u00e4hrleistet werden, dass auch beim Aus- oder Umladen keinerlei Temperatur\u00fcberschreitung auftritt.Die delta T Pallet Shipper &#8230; <a title=\"EPS Pallet Shipper 1200L f\u00fcr CRT\" class=\"read-more\" href=\"https:\/\/www.deltat.info\/fr\/fallstudien\/eps-pallet-shipper-1200l-fuer-crt\/\" aria-label=\"En savoir plus sur EPS Pallet Shipper 1200L f\u00fcr CRT\">Lire la suite<\/a><\/p>","protected":false},"author":1,"featured_media":0,"parent":676,"menu_order":0,"comment_status":"closed","ping_status":"closed","template":"","meta":{"footnotes":""},"class_list":["post-771","page","type-page","status-publish"],"yoast_head":"<!-- This site is optimized with the Yoast SEO plugin v27.4 - https:\/\/yoast.com\/product\/yoast-seo-wordpress\/ -->\n<title>EPS Pallet Shipper 1200L f\u00fcr CRT - delta T<\/title>\n<meta name=\"description\" content=\"Ein deutscher Pharmakonzern verwendet den EPS Pallet Shipper 1200L f\u00fcr CRT zum Transport seine Arzneimittel auf Euro und GMA Palette per Luftfracht.\" \/>\n<meta name=\"robots\" content=\"index, follow, max-snippet:-1, max-image-preview:large, max-video-preview:-1\" \/>\n<link rel=\"canonical\" href=\"https:\/\/www.deltat.info\/fr\/fallstudien\/eps-pallet-shipper-1200l-fuer-crt\/\" \/>\n<meta name=\"twitter:label1\" content=\"Dur\u00e9e de lecture estim\u00e9e\" \/>\n\t<meta name=\"twitter:data1\" content=\"2 minutes\" \/>\n<script type=\"application\/ld+json\" class=\"yoast-schema-graph\">{\"@context\":\"https:\\\/\\\/schema.org\",\"@graph\":[{\"@type\":\"WebPage\",\"@id\":\"https:\\\/\\\/www.deltat.info\\\/fallstudien\\\/eps-pallet-shipper-1200l-fuer-crt\\\/\",\"url\":\"https:\\\/\\\/www.deltat.info\\\/fallstudien\\\/eps-pallet-shipper-1200l-fuer-crt\\\/\",\"name\":\"EPS Pallet Shipper 1200L f\u00fcr CRT - delta T\",\"isPartOf\":{\"@id\":\"https:\\\/\\\/www.deltat.info\\\/#website\"},\"primaryImageOfPage\":{\"@id\":\"https:\\\/\\\/www.deltat.info\\\/fallstudien\\\/eps-pallet-shipper-1200l-fuer-crt\\\/#primaryimage\"},\"image\":{\"@id\":\"https:\\\/\\\/www.deltat.info\\\/fallstudien\\\/eps-pallet-shipper-1200l-fuer-crt\\\/#primaryimage\"},\"thumbnailUrl\":\"https:\\\/\\\/www.deltat.info\\\/wp-content\\\/uploads\\\/elementor\\\/thumbs\\\/fallstudie-pallet-shipper-okc2kinku7kjjs6nf1k214cnochtoaw58eyu073k8e.jpg\",\"datePublished\":\"2020-01-28T13:23:42+00:00\",\"dateModified\":\"2021-12-15T08:03:00+00:00\",\"description\":\"Ein deutscher Pharmakonzern verwendet den EPS Pallet Shipper 1200L f\u00fcr CRT zum Transport seine Arzneimittel auf Euro und GMA Palette per Luftfracht.\",\"breadcrumb\":{\"@id\":\"https:\\\/\\\/www.deltat.info\\\/fallstudien\\\/eps-pallet-shipper-1200l-fuer-crt\\\/#breadcrumb\"},\"inLanguage\":\"fr-FR\",\"potentialAction\":[{\"@type\":\"ReadAction\",\"target\":[\"https:\\\/\\\/www.deltat.info\\\/fallstudien\\\/eps-pallet-shipper-1200l-fuer-crt\\\/\"]}]},{\"@type\":\"ImageObject\",\"inLanguage\":\"fr-FR\",\"@id\":\"https:\\\/\\\/www.deltat.info\\\/fallstudien\\\/eps-pallet-shipper-1200l-fuer-crt\\\/#primaryimage\",\"url\":\"https:\\\/\\\/www.deltat.info\\\/wp-content\\\/uploads\\\/elementor\\\/thumbs\\\/fallstudie-pallet-shipper-okc2kinku7kjjs6nf1k214cnochtoaw58eyu073k8e.jpg\",\"contentUrl\":\"https:\\\/\\\/www.deltat.info\\\/wp-content\\\/uploads\\\/elementor\\\/thumbs\\\/fallstudie-pallet-shipper-okc2kinku7kjjs6nf1k214cnochtoaw58eyu073k8e.jpg\"},{\"@type\":\"BreadcrumbList\",\"@id\":\"https:\\\/\\\/www.deltat.info\\\/fallstudien\\\/eps-pallet-shipper-1200l-fuer-crt\\\/#breadcrumb\",\"itemListElement\":[{\"@type\":\"ListItem\",\"position\":1,\"name\":\"Startseite\",\"item\":\"https:\\\/\\\/www.deltat.info\\\/\"},{\"@type\":\"ListItem\",\"position\":2,\"name\":\"Fallstudien\",\"item\":\"https:\\\/\\\/www.deltat.info\\\/fallstudien\\\/\"},{\"@type\":\"ListItem\",\"position\":3,\"name\":\"EPS Pallet Shipper 1200L f\u00fcr CRT\"}]},{\"@type\":\"WebSite\",\"@id\":\"https:\\\/\\\/www.deltat.info\\\/#website\",\"url\":\"https:\\\/\\\/www.deltat.info\\\/\",\"name\":\"delta T Gesellschaft f\u00fcr Medizintechnik mbH\",\"description\":\"Die delta T Gesellschaft f\u00fcr Medizintechnik mbH entwickelt und produziert Transportl\u00f6sungen f\u00fcr temperatursensible Produkte wie Arzneimittel, Blut, Organe oder andere K\u00fchlprodukte der Medizin.\",\"publisher\":{\"@id\":\"https:\\\/\\\/www.deltat.info\\\/#organization\"},\"potentialAction\":[{\"@type\":\"SearchAction\",\"target\":{\"@type\":\"EntryPoint\",\"urlTemplate\":\"https:\\\/\\\/www.deltat.info\\\/?s={search_term_string}\"},\"query-input\":{\"@type\":\"PropertyValueSpecification\",\"valueRequired\":true,\"valueName\":\"search_term_string\"}}],\"inLanguage\":\"fr-FR\"},{\"@type\":\"Organization\",\"@id\":\"https:\\\/\\\/www.deltat.info\\\/#organization\",\"name\":\"delta T Gesellschaft f\u00fcr Medizintechnik mbH\",\"url\":\"https:\\\/\\\/www.deltat.info\\\/\",\"logo\":{\"@type\":\"ImageObject\",\"inLanguage\":\"fr-FR\",\"@id\":\"https:\\\/\\\/www.deltat.info\\\/#\\\/schema\\\/logo\\\/image\\\/\",\"url\":\"https:\\\/\\\/www.deltat.info\\\/wp-content\\\/uploads\\\/2020\\\/02\\\/delta-t-logo-2020.png\",\"contentUrl\":\"https:\\\/\\\/www.deltat.info\\\/wp-content\\\/uploads\\\/2020\\\/02\\\/delta-t-logo-2020.png\",\"width\":202,\"height\":80,\"caption\":\"delta T Gesellschaft f\u00fcr Medizintechnik mbH\"},\"image\":{\"@id\":\"https:\\\/\\\/www.deltat.info\\\/#\\\/schema\\\/logo\\\/image\\\/\"},\"sameAs\":[\"https:\\\/\\\/www.facebook.com\\\/Delta-T-GmbH-1250957958263459\\\/\",\"https:\\\/\\\/x.com\\\/deltaT_global\",\"https:\\\/\\\/www.linkedin.com\\\/company\\\/delta-t-gmbh\",\"https:\\\/\\\/www.youtube.com\\\/channel\\\/UCu10jeTdpr6Mehzqe_QMK3Q\"]}]}<\/script>\n<!-- \/ Yoast SEO plugin. -->","yoast_head_json":{"title":"EPS Pallet Shipper 1200L f\u00fcr CRT - delta T","description":"Ein deutscher Pharmakonzern verwendet den EPS Pallet Shipper 1200L f\u00fcr CRT zum Transport seine Arzneimittel auf Euro und GMA Palette per Luftfracht.","robots":{"index":"index","follow":"follow","max-snippet":"max-snippet:-1","max-image-preview":"max-image-preview:large","max-video-preview":"max-video-preview:-1"},"canonical":"https:\/\/www.deltat.info\/fr\/fallstudien\/eps-pallet-shipper-1200l-fuer-crt\/","twitter_misc":{"Dur\u00e9e de lecture estim\u00e9e":"2 minutes"},"schema":{"@context":"https:\/\/schema.org","@graph":[{"@type":"WebPage","@id":"https:\/\/www.deltat.info\/fallstudien\/eps-pallet-shipper-1200l-fuer-crt\/","url":"https:\/\/www.deltat.info\/fallstudien\/eps-pallet-shipper-1200l-fuer-crt\/","name":"EPS Pallet Shipper 1200L f\u00fcr CRT - delta T","isPartOf":{"@id":"https:\/\/www.deltat.info\/#website"},"primaryImageOfPage":{"@id":"https:\/\/www.deltat.info\/fallstudien\/eps-pallet-shipper-1200l-fuer-crt\/#primaryimage"},"image":{"@id":"https:\/\/www.deltat.info\/fallstudien\/eps-pallet-shipper-1200l-fuer-crt\/#primaryimage"},"thumbnailUrl":"https:\/\/www.deltat.info\/wp-content\/uploads\/elementor\/thumbs\/fallstudie-pallet-shipper-okc2kinku7kjjs6nf1k214cnochtoaw58eyu073k8e.jpg","datePublished":"2020-01-28T13:23:42+00:00","dateModified":"2021-12-15T08:03:00+00:00","description":"Ein deutscher Pharmakonzern verwendet den EPS Pallet Shipper 1200L f\u00fcr CRT zum Transport seine Arzneimittel auf Euro und GMA Palette per Luftfracht.","breadcrumb":{"@id":"https:\/\/www.deltat.info\/fallstudien\/eps-pallet-shipper-1200l-fuer-crt\/#breadcrumb"},"inLanguage":"fr-FR","potentialAction":[{"@type":"ReadAction","target":["https:\/\/www.deltat.info\/fallstudien\/eps-pallet-shipper-1200l-fuer-crt\/"]}]},{"@type":"ImageObject","inLanguage":"fr-FR","@id":"https:\/\/www.deltat.info\/fallstudien\/eps-pallet-shipper-1200l-fuer-crt\/#primaryimage","url":"https:\/\/www.deltat.info\/wp-content\/uploads\/elementor\/thumbs\/fallstudie-pallet-shipper-okc2kinku7kjjs6nf1k214cnochtoaw58eyu073k8e.jpg","contentUrl":"https:\/\/www.deltat.info\/wp-content\/uploads\/elementor\/thumbs\/fallstudie-pallet-shipper-okc2kinku7kjjs6nf1k214cnochtoaw58eyu073k8e.jpg"},{"@type":"BreadcrumbList","@id":"https:\/\/www.deltat.info\/fallstudien\/eps-pallet-shipper-1200l-fuer-crt\/#breadcrumb","itemListElement":[{"@type":"ListItem","position":1,"name":"Startseite","item":"https:\/\/www.deltat.info\/"},{"@type":"ListItem","position":2,"name":"Fallstudien","item":"https:\/\/www.deltat.info\/fallstudien\/"},{"@type":"ListItem","position":3,"name":"EPS Pallet Shipper 1200L f\u00fcr CRT"}]},{"@type":"WebSite","@id":"https:\/\/www.deltat.info\/#website","url":"https:\/\/www.deltat.info\/","name":"delta T Gesellschaft f\u00fcr Medizintechnik mbH","description":"Die delta T Gesellschaft f\u00fcr Medizintechnik mbH entwickelt und produziert Transportl\u00f6sungen f\u00fcr temperatursensible Produkte wie Arzneimittel, Blut, Organe oder andere K\u00fchlprodukte der Medizin.","publisher":{"@id":"https:\/\/www.deltat.info\/#organization"},"potentialAction":[{"@type":"SearchAction","target":{"@type":"EntryPoint","urlTemplate":"https:\/\/www.deltat.info\/?s={search_term_string}"},"query-input":{"@type":"PropertyValueSpecification","valueRequired":true,"valueName":"search_term_string"}}],"inLanguage":"fr-FR"},{"@type":"Organization","@id":"https:\/\/www.deltat.info\/#organization","name":"delta T Gesellschaft f\u00fcr Medizintechnik mbH","url":"https:\/\/www.deltat.info\/","logo":{"@type":"ImageObject","inLanguage":"fr-FR","@id":"https:\/\/www.deltat.info\/#\/schema\/logo\/image\/","url":"https:\/\/www.deltat.info\/wp-content\/uploads\/2020\/02\/delta-t-logo-2020.png","contentUrl":"https:\/\/www.deltat.info\/wp-content\/uploads\/2020\/02\/delta-t-logo-2020.png","width":202,"height":80,"caption":"delta T Gesellschaft f\u00fcr Medizintechnik mbH"},"image":{"@id":"https:\/\/www.deltat.info\/#\/schema\/logo\/image\/"},"sameAs":["https:\/\/www.facebook.com\/Delta-T-GmbH-1250957958263459\/","https:\/\/x.com\/deltaT_global","https:\/\/www.linkedin.com\/company\/delta-t-gmbh","https:\/\/www.youtube.com\/channel\/UCu10jeTdpr6Mehzqe_QMK3Q"]}]}},"_links":{"self":[{"href":"https:\/\/www.deltat.info\/fr\/wp-json\/wp\/v2\/pages\/771","targetHints":{"allow":["GET"]}}],"collection":[{"href":"https:\/\/www.deltat.info\/fr\/wp-json\/wp\/v2\/pages"}],"about":[{"href":"https:\/\/www.deltat.info\/fr\/wp-json\/wp\/v2\/types\/page"}],"author":[{"embeddable":true,"href":"https:\/\/www.deltat.info\/fr\/wp-json\/wp\/v2\/users\/1"}],"replies":[{"embeddable":true,"href":"https:\/\/www.deltat.info\/fr\/wp-json\/wp\/v2\/comments?post=771"}],"version-history":[{"count":14,"href":"https:\/\/www.deltat.info\/fr\/wp-json\/wp\/v2\/pages\/771\/revisions"}],"predecessor-version":[{"id":3333,"href":"https:\/\/www.deltat.info\/fr\/wp-json\/wp\/v2\/pages\/771\/revisions\/3333"}],"up":[{"embeddable":true,"href":"https:\/\/www.deltat.info\/fr\/wp-json\/wp\/v2\/pages\/676"}],"wp:attachment":[{"href":"https:\/\/www.deltat.info\/fr\/wp-json\/wp\/v2\/media?parent=771"}],"curies":[{"name":"wp","href":"https:\/\/api.w.org\/{rel}","templated":true}]}}